{"id":9966,"date":"2024-06-05T13:23:54","date_gmt":"2024-06-05T11:23:54","guid":{"rendered":"https:\/\/tihani.eu\/product\/staleks-pro-plastmasas-pedikira-disks-lietussargs-pododisc-staleks-pro-m-un-mainamio-failu-komplekts-180-griti-5-gab\/"},"modified":"2024-06-05T13:23:54","modified_gmt":"2024-06-05T11:23:54","slug":"staleks-pro-plastmasas-pedikira-disks-lietussargs-pododisc-staleks-pro-m-un-mainamio-failu-komplekts-180-griti-5-gab","status":"publish","type":"product","link":"https:\/\/tihani.eu\/lv\/produkts\/staleks-pro-plastmasas-pedikira-disks-lietussargs-pododisc-staleks-pro-m-un-mainamio-failu-komplekts-180-griti-5-gab\/","title":{"rendered":"STALEKS PRO PLASTMASAS PEDIK\u012aRA DISKS &#8220;LIETUSSARGS&#8221; PODODISC STALEKS PRO M UN MAIN\u0100MIO FAILU KOMPLEKTS (180 GRITI, 5 GAB)"},"content":{"rendered":"<p>ARTIKULS: SPDset-20<\/p>\n<p>SPECIFIK\u0100CIJAS:<\/p>\n<table class=\"woocommerce-product-attributes shop_attributes\">\n<tbody>\n<tr class=\"woocommerce-product-attributes-item woocommerce-product-attributes-item--attribute_pa_seriya\">\n<th class=\"woocommerce-product-attributes-item__label\" style=\"text-align: left;\">S\u0112RIJA<\/th>\n<td class=\"woocommerce-product-attributes-item__value\">Expert<\/td>\n<\/tr>\n<tr class=\"woocommerce-product-attributes-item woocommerce-product-attributes-item--attribute_pa_brend\">\n<th class=\"woocommerce-product-attributes-item__label\" style=\"text-align: left;\">Z\u012aMOLS<\/th>\n<td class=\"woocommerce-product-attributes-item__value\">STALEKS PRO<\/td>\n<\/tr>\n<tr class=\"woocommerce-product-attributes-item woocommerce-product-attributes-item--attribute_pa_diametr\">\n<th class=\"woocommerce-product-attributes-item__label\" style=\"text-align: left;\">DIAMETRS<\/th>\n<td class=\"woocommerce-product-attributes-item__value\">20 mm<\/td>\n<\/tr>\n<tr class=\"woocommerce-product-attributes-item woocommerce-product-attributes-item--attribute_pa_dlina-instrumenta\">\n<th class=\"woocommerce-product-attributes-item__label\" style=\"text-align: left;\">INSTRUMENTA GARUMS<\/th>\n<td class=\"woocommerce-product-attributes-item__value\">28 mm<\/td>\n<\/tr>\n<tr class=\"woocommerce-product-attributes-item woocommerce-product-attributes-item--attribute_pa_material\">\n<th class=\"woocommerce-product-attributes-item__label\" style=\"text-align: left;\">MATERI\u0100LS<\/th>\n<td class=\"woocommerce-product-attributes-item__value\">Plastmasa<\/td>\n<\/tr>\n<tr class=\"woocommerce-product-attributes-item woocommerce-product-attributes-item--attribute_pa_naznachenie\">\n<th class=\"woocommerce-product-attributes-item__label\" style=\"text-align: left;\">M\u0112R\u0136IS<\/th>\n<td class=\"woocommerce-product-attributes-item__value\">Pedik\u012bram<\/td>\n<\/tr>\n<\/tbody>\n<\/table>\n","protected":false},"excerpt":{"rendered":"<p>GALVEN\u0100S \u012aPA\u0160\u012aBAS:<\/p>\n<ul>\n<li>Plastmasas pedikra disks PODODISC STALEKS PRO.<\/li>\n<li>Unik\u0101lais sl\u012bpuma le\u0146\u0137a dizains.<\/li>\n<li>Izm\u0113rs M \u2013 darba da\u013cas diametrs 20 mm.<\/li>\n<li>\u013bauj izmantot da\u017e\u0101dus gredzenveida failus.<\/li>\n<li>K\u0101ji\u0146as garums \u2013 27 mm.<\/li>\n<li>Nodro\u0161ina lab\u0101ku apstr\u0101di gr\u016bti sasniedz\u0101maj\u0101s viet\u0101s.<\/li>\n<li>Lab\u0101ka redzam\u012bba, str\u0101d\u0101jot ar k\u0101ju pirkstiem un gr\u016bti sasniedz\u0101maj\u0101m viet\u0101m.<\/li>\n<li>\u013boti viegls un viegli lietojams.<\/li>\n<li>Atvieglo higi\u0113nas prasbu nov\u0113ro\u0161anu, jo tiek izmantoti vienreizlietojamie faili.<\/li>\n<li>\u013bauj samazin\u0101t pedik\u012bra veik\u0161anas laiku.<\/li>\n<li>Var dezinfic\u0113t un steriliz\u0113t ar speci\u0101liem \u0161\u0137dumiem.<\/li>\n<li>Iztur\u012bgs pret mitrumu, bakt\u0113rij\u0101m un mikroorganismiem, ner\u016bs\u0113.<\/li>\n<li>SVAR\u012aGI! NEDR\u012aKST PAK\u013bAUT KARSTAI STERILIZ\u0100CIJAI.<\/li>\n<\/ul>\n","protected":false},"featured_media":9958,"comment_status":"closed","ping_status":"closed","template":"","meta":{"site-sidebar-layout":"default","site-content-layout":"","ast-site-content-layout":"default","site-content-style":"default","site-sidebar-style":"default","ast-global-header-display":"","ast-banner-title-visibility":"","ast-main-header-display":"","ast-hfb-above-header-display":"","ast-hfb-below-header-display":"","ast-hfb-mobile-header-display":"","site-post-title":"","ast-breadcrumbs-content":"","ast-featured-img":"","footer-sml-layout":"","theme-transparent-header-meta":"default","adv-header-id-meta":"","stick-header-meta":"","header-above-stick-meta":"","header-main-stick-meta":"","header-below-stick-meta":"","astra-migrate-meta-layouts":"default","ast-page-background-enabled":"default","ast-page-background-meta":{"desktop":{"background-color":"","background-image":"","background-repeat":"repeat","background-position":"center center","background-size":"auto","background-attachment":"scroll","background-type":"","background-media":"","overlay-type":"","overlay-color":"","overlay-opacity":"","overlay-gradient":""},"tablet":{"background-color":"","background-image":"","background-repeat":"repeat","background-position":"center center","background-size":"auto","background-attachment":"scroll","background-type":"","background-media":"","overlay-type":"","overlay-color":"","overlay-opacity":"","overlay-gradient":""},"mobile":{"background-color":"","background-image":"","background-repeat":"repeat","background-position":"center center","background-size":"auto","background-attachment":"scroll","background-type":"","background-media":"","overlay-type":"","overlay-color":"","overlay-opacity":"","overlay-gradient":""}},"ast-content-background-meta":{"desktop":{"background-color":"var(--ast-global-color-5)","background-image":"","background-repeat":"repeat","background-position":"center center","background-size":"auto","background-attachment":"scroll","background-type":"","background-media":"","overlay-type":"","overlay-color":"","overlay-opacity":"","overlay-gradient":""},"tablet":{"background-color":"var(--ast-global-color-5)","background-image":"","background-repeat":"repeat","background-position":"center center","background-size":"auto","background-attachment":"scroll","background-type":"","background-media":"","overlay-type":"","overlay-color":"","overlay-opacity":"","overlay-gradient":""},"mobile":{"background-color":"var(--ast-global-color-5)","background-image":"","background-repeat":"repeat","background-position":"center center","background-size":"auto","background-attachment":"scroll","background-type":"","background-media":"","overlay-type":"","overlay-color":"","overlay-opacity":"","overlay-gradient":""}}},"product_brand":[],"product_cat":[2301,2518],"product_tag":[2647,2675,2317],"class_list":{"0":"post-9966","1":"product","2":"type-product","3":"status-publish","4":"has-post-thumbnail","6":"product_cat-tools-lv","7":"product_cat-nagu-failu-pamatne","8":"product_tag-pododisc-lv","9":"product_tag-spdset-20-lv","10":"product_tag-staleks-pro-lv","11":"desktop-align-left","12":"tablet-align-left","13":"mobile-align-left","15":"first","16":"instock","17":"taxable","18":"shipping-taxable","19":"purchasable","20":"product-type-simple"},"jetpack_sharing_enabled":true,"_links":{"self":[{"href":"https:\/\/tihani.eu\/lv\/wp-json\/wp\/v2\/product\/9966","targetHints":{"allow":["GET"]}}],"collection":[{"href":"https:\/\/tihani.eu\/lv\/wp-json\/wp\/v2\/product"}],"about":[{"href":"https:\/\/tihani.eu\/lv\/wp-json\/wp\/v2\/types\/product"}],"replies":[{"embeddable":true,"href":"https:\/\/tihani.eu\/lv\/wp-json\/wp\/v2\/comments?post=9966"}],"wp:featuredmedia":[{"embeddable":true,"href":"https:\/\/tihani.eu\/lv\/wp-json\/wp\/v2\/media\/9958"}],"wp:attachment":[{"href":"https:\/\/tihani.eu\/lv\/wp-json\/wp\/v2\/media?parent=9966"}],"wp:term":[{"taxonomy":"product_brand","embeddable":true,"href":"https:\/\/tihani.eu\/lv\/wp-json\/wp\/v2\/product_brand?post=9966"},{"taxonomy":"product_cat","embeddable":true,"href":"https:\/\/tihani.eu\/lv\/wp-json\/wp\/v2\/product_cat?post=9966"},{"taxonomy":"product_tag","embeddable":true,"href":"https:\/\/tihani.eu\/lv\/wp-json\/wp\/v2\/product_tag?post=9966"}],"curies":[{"name":"wp","href":"https:\/\/api.w.org\/{rel}","templated":true}]}}