{"id":9903,"date":"2024-06-05T11:27:12","date_gmt":"2024-06-05T09:27:12","guid":{"rendered":"https:\/\/tihani.eu\/?post_type=product&#038;p=9903"},"modified":"2024-06-05T12:20:45","modified_gmt":"2024-06-05T10:20:45","slug":"staleks-pro-pagarinats-pedikira-disks-pododisc-m-expert-un-mainamo-failu-komplekts-180-griti-5-gab-copy","status":"publish","type":"product","link":"https:\/\/tihani.eu\/lv\/produkts\/staleks-pro-pagarinats-pedikira-disks-pododisc-m-expert-un-mainamo-failu-komplekts-180-griti-5-gab-copy\/","title":{"rendered":"STALEKS PRO PEDIK\u012aRA DISKS PODODISC M EXPERT UN MAIN\u0100MO FAILU KOMPLEKTS (180 GRITI, 5 GAB)"},"content":{"rendered":"<p>ARTIKULS: PDset-20<\/p>\n<p>PAREDZ\u0112TS PRIEK\u0160 MAINAMIEM FAILIEM: PDFS-20-320W, PDF-20-80W, PDF-20-320W, PDF-20-180W, PDF-20-100W, PDF-20-320, PDF-20-240, PDFS-20-320, PDFS-20-240, PDFR-20-320, PDFR-20-80\/a, PDF-20-80, PDFB-20, PDFS-20-100W, PDF-20-240W, PDFS-20-80, PDFS-20-180, PDFS-20-100, PDFR-20-180, PDFR-20-240, PDFR-20-100, PDF-20-180, PDF-20-100. &gt;<\/p>\n<p>APRAKSTS:<\/p>\n<p>Staleks PRO Pododisc pedik\u012bra disks-pamatne ir paredz\u0113ts pedik\u012bra apar\u0101tiem. 27 mm k\u0101ji\u0146a.<\/p>\n<p>Pododisks padara \u0101das un k\u0101ju nagu kop\u0161anas proced\u016bru maz\u0101k nogurdino\u0161u gan meistaram, gan klientam. Lieliski piem\u0113rots visas p\u0113du virsmas apstr\u0101dei, lok\u0101lam tulzn\u0101m uz pap\u0113\u017eiem, tiek gal\u0101 ar raupju \u0101du uz pirkstiem.<\/p>\n<p>T\u0101 k\u0101 tiek izmantoti nomain\u0101mi vienreizlietojamie abraz\u012bvie materi\u0101li, proced\u016bra ir dro\u0161a un higi\u0113niska.<\/p>\n<p>&nbsp;<\/p>\n","protected":false},"excerpt":{"rendered":"<p>GALVEN\u0100S \u012aPA\u0160\u012aBAS:<\/p>\n<ul>\n<li>k\u0101ji\u0146as garums 27 mm;<\/li>\n<li>unik\u0101ls dizains ar caurumiem nenolau\u017e pododiska k\u0101ji\u0146u;<\/li>\n<li>samazin\u0101ts p\u0113du siltuma efekts darb\u012bbas laik\u0101, pateicoties piliena formas caurumiem;<\/li>\n<li>var dezinfic\u0113t ar speci\u0101liem dezinfekcijas l\u012bdzek\u013ciem;<\/li>\n<li>var steriliz\u0113t saus\u0101 kr\u0101sn\u012b un autokl\u0101v\u0101;<\/li>\n<li>palielina proced\u016bras higi\u0113nu un dro\u0161\u012bbu;<\/li>\n<li>\u013cauj palielin\u0101t pedik\u012bra \u0101trumu;<\/li>\n<li>izgatavots no augstas kvalit\u0101tes ner\u016bs\u0113jo\u0161\u0101 t\u0113rauda.<\/li>\n<\/ul>\n","protected":false},"featured_media":9906,"comment_status":"closed","ping_status":"closed","template":"","meta":{"site-sidebar-layout":"default","site-content-layout":"","ast-site-content-layout":"default","site-content-style":"default","site-sidebar-style":"default","ast-global-header-display":"","ast-banner-title-visibility":"","ast-main-header-display":"","ast-hfb-above-header-display":"","ast-hfb-below-header-display":"","ast-hfb-mobile-header-display":"","site-post-title":"","ast-breadcrumbs-content":"","ast-featured-img":"","footer-sml-layout":"","theme-transparent-header-meta":"default","adv-header-id-meta":"","stick-header-meta":"","header-above-stick-meta":"","header-main-stick-meta":"","header-below-stick-meta":"","astra-migrate-meta-layouts":"set","ast-page-background-enabled":"default","ast-page-background-meta":{"desktop":{"background-color":"","background-image":"","background-repeat":"repeat","background-position":"center center","background-size":"auto","background-attachment":"scroll","background-type":"","background-media":"","overlay-type":"","overlay-color":"","overlay-opacity":"","overlay-gradient":""},"tablet":{"background-color":"","background-image":"","background-repeat":"repeat","background-position":"center center","background-size":"auto","background-attachment":"scroll","background-type":"","background-media":"","overlay-type":"","overlay-color":"","overlay-opacity":"","overlay-gradient":""},"mobile":{"background-color":"","background-image":"","background-repeat":"repeat","background-position":"center center","background-size":"auto","background-attachment":"scroll","background-type":"","background-media":"","overlay-type":"","overlay-color":"","overlay-opacity":"","overlay-gradient":""}},"ast-content-background-meta":{"desktop":{"background-color":"var(--ast-global-color-5)","background-image":"","background-repeat":"repeat","background-position":"center center","background-size":"auto","background-attachment":"scroll","background-type":"","background-media":"","overlay-type":"","overlay-color":"","overlay-opacity":"","overlay-gradient":""},"tablet":{"background-color":"var(--ast-global-color-5)","background-image":"","background-repeat":"repeat","background-position":"center center","background-size":"auto","background-attachment":"scroll","background-type":"","background-media":"","overlay-type":"","overlay-color":"","overlay-opacity":"","overlay-gradient":""},"mobile":{"background-color":"var(--ast-global-color-5)","background-image":"","background-repeat":"repeat","background-position":"center center","background-size":"auto","background-attachment":"scroll","background-type":"","background-media":"","overlay-type":"","overlay-color":"","overlay-opacity":"","overlay-gradient":""}}},"product_brand":[],"product_cat":[2301,2518],"product_tag":[2663,2647,2317],"class_list":{"0":"post-9903","1":"product","2":"type-product","3":"status-publish","4":"has-post-thumbnail","6":"product_cat-tools-lv","7":"product_cat-nagu-failu-pamatne","8":"product_tag-pdset-20-lv","9":"product_tag-pododisc-lv","10":"product_tag-staleks-pro-lv","11":"desktop-align-left","12":"tablet-align-left","13":"mobile-align-left","15":"first","16":"instock","17":"taxable","18":"shipping-taxable","19":"purchasable","20":"product-type-simple"},"jetpack_sharing_enabled":true,"_links":{"self":[{"href":"https:\/\/tihani.eu\/lv\/wp-json\/wp\/v2\/product\/9903","targetHints":{"allow":["GET"]}}],"collection":[{"href":"https:\/\/tihani.eu\/lv\/wp-json\/wp\/v2\/product"}],"about":[{"href":"https:\/\/tihani.eu\/lv\/wp-json\/wp\/v2\/types\/product"}],"replies":[{"embeddable":true,"href":"https:\/\/tihani.eu\/lv\/wp-json\/wp\/v2\/comments?post=9903"}],"wp:featuredmedia":[{"embeddable":true,"href":"https:\/\/tihani.eu\/lv\/wp-json\/wp\/v2\/media\/9906"}],"wp:attachment":[{"href":"https:\/\/tihani.eu\/lv\/wp-json\/wp\/v2\/media?parent=9903"}],"wp:term":[{"taxonomy":"product_brand","embeddable":true,"href":"https:\/\/tihani.eu\/lv\/wp-json\/wp\/v2\/product_brand?post=9903"},{"taxonomy":"product_cat","embeddable":true,"href":"https:\/\/tihani.eu\/lv\/wp-json\/wp\/v2\/product_cat?post=9903"},{"taxonomy":"product_tag","embeddable":true,"href":"https:\/\/tihani.eu\/lv\/wp-json\/wp\/v2\/product_tag?post=9903"}],"curies":[{"name":"wp","href":"https:\/\/api.w.org\/{rel}","templated":true}]}}