{"id":9845,"date":"2024-06-04T14:39:53","date_gmt":"2024-06-04T12:39:53","guid":{"rendered":"https:\/\/tihani.eu\/?post_type=product&#038;p=9845"},"modified":"2024-06-04T14:53:46","modified_gmt":"2024-06-04T12:53:46","slug":"staleks-pro-mainami-balti-faili-uz-mikstas-pamatnes-pododisc-m-expert-320-griti-50-gab-copy","status":"publish","type":"product","link":"https:\/\/tihani.eu\/lv\/produkts\/staleks-pro-mainami-balti-faili-uz-mikstas-pamatnes-pododisc-m-expert-320-griti-50-gab-copy\/","title":{"rendered":"STALEKS PRO MAIN\u0100MIE FAILI-SPON\u017dI PODODISC M EXPERT (25 PCS)"},"content":{"rendered":"<p>ARTIKULS: PDFB-20<\/p>\n<p>SPECIFIK\u0100CIJAS:<\/p>\n<table class=\"woocommerce-product-attributes shop_attributes\">\n<tbody>\n<tr class=\"woocommerce-product-attributes-item woocommerce-product-attributes-item--attribute_pa_seriya\">\n<th class=\"woocommerce-product-attributes-item__label\" style=\"text-align: left;\">S\u0112RIJA<\/th>\n<td class=\"woocommerce-product-attributes-item__value\">Expert<\/td>\n<\/tr>\n<tr class=\"woocommerce-product-attributes-item woocommerce-product-attributes-item--attribute_pa_brend\">\n<th class=\"woocommerce-product-attributes-item__label\" style=\"text-align: left;\">Z\u012aMOLS<\/th>\n<td class=\"woocommerce-product-attributes-item__value\">STALEKS PRO<\/td>\n<\/tr>\n<tr class=\"woocommerce-product-attributes-item woocommerce-product-attributes-item--attribute_pa_diametr\">\n<th class=\"woocommerce-product-attributes-item__label\" style=\"text-align: left;\">DIAMETRS<\/th>\n<td class=\"woocommerce-product-attributes-item__value\">20 mm<\/td>\n<\/tr>\n<tr class=\"woocommerce-product-attributes-item woocommerce-product-attributes-item--attribute_pa_naznachenie\">\n<th class=\"woocommerce-product-attributes-item__label\" style=\"text-align: left;\">M\u0112R\u0136IS<\/th>\n<td class=\"woocommerce-product-attributes-item__value\">Pedik\u012bram<\/td>\n<\/tr>\n<tr class=\"woocommerce-product-attributes-item woocommerce-product-attributes-item--attribute_pa_kolichestvo\">\n<th class=\"woocommerce-product-attributes-item__label\" style=\"text-align: left;\">DAUDZUMS<\/th>\n<td class=\"woocommerce-product-attributes-item__value\">25 gab<\/td>\n<\/tr>\n<\/tbody>\n<\/table>\n","protected":false},"excerpt":{"rendered":"<p>GALVEN\u0100S \u012aPA\u0160\u012aBAS:<\/p>\n<ul>\n<li>Spon\u017es pedik\u012bra diskam.<\/li>\n<li>Darbojas k\u0101 bafs.<\/li>\n<li>Izmanto pedik\u012bra proced\u016bras nobeiguma posm\u0101. Pateicoties abraz\u012bv\u0101 materi\u0101la strukt\u016brai, tas lieliski pul\u0113 p\u0113das virsmu un nosl\u012bp\u0113 nelielas plaisi\u0146as, kas \u013cauj daudz ilg\u0101k saglab\u0101t gludas p\u0113das efektu.<\/li>\n<li>Izm\u0113rs M \u2013 20 mm.<\/li>\n<li>Dro\u0161a l\u012bmes b\u0101ze &#8211; nodro\u0161ina proced\u016bras efektivit\u0101ti.<\/li>\n<li>Augstas kvalit\u0101tes abraz\u012bvam ir bl\u012bva, m\u012bksta, bet taj\u0101 pa\u0161\u0101 laik\u0101 \u013coti stipra strukt\u016bra, lai sasniegtu vislab\u0101ko rezult\u0101tu pul\u0113jot p\u0113du.<\/li>\n<li>Failu putuplasta sl\u0101nis \u013cauj pan\u0101kt cie\u0161\u0101ku abraz\u012bv\u0101 materi\u0101la piegu\u013c\u0161anu apstr\u0101d\u0101tajai virsmai, nezaud\u0113jot precizit\u0101ti.<\/li>\n<li>Veido amortiz\u0113jo\u0161u efektu, nov\u0113r\u0161 apstr\u0101d\u0101t\u0101s \u0101das virsmas p\u0101rkar\u0161anu.<\/li>\n<li>P\u0113du iepriek\u0161\u0113ja apstr\u0101de ar keratol\u012btisk\u0101m\/ m\u012bkstino\u0161\u0101m e\u013c\u013c\u0101m vai citiem l\u012bdzek\u013ciem neietekm\u0113 faila \u012bpa\u0161\u012bbas.<\/li>\n<li>Iepakojum\u0101 &#8211; 25gab.<\/li>\n<\/ul>\n","protected":false},"featured_media":9848,"comment_status":"closed","ping_status":"closed","template":"","meta":{"site-sidebar-layout":"default","site-content-layout":"","ast-site-content-layout":"default","site-content-style":"default","site-sidebar-style":"default","ast-global-header-display":"","ast-banner-title-visibility":"","ast-main-header-display":"","ast-hfb-above-header-display":"","ast-hfb-below-header-display":"","ast-hfb-mobile-header-display":"","site-post-title":"","ast-breadcrumbs-content":"","ast-featured-img":"","footer-sml-layout":"","theme-transparent-header-meta":"default","adv-header-id-meta":"","stick-header-meta":"","header-above-stick-meta":"","header-main-stick-meta":"","header-below-stick-meta":"","astra-migrate-meta-layouts":"set","ast-page-background-enabled":"default","ast-page-background-meta":{"desktop":{"background-color":"","background-image":"","background-repeat":"repeat","background-position":"center center","background-size":"auto","background-attachment":"scroll","background-type":"","background-media":"","overlay-type":"","overlay-color":"","overlay-opacity":"","overlay-gradient":""},"tablet":{"background-color":"","background-image":"","background-repeat":"repeat","background-position":"center center","background-size":"auto","background-attachment":"scroll","background-type":"","background-media":"","overlay-type":"","overlay-color":"","overlay-opacity":"","overlay-gradient":""},"mobile":{"background-color":"","background-image":"","background-repeat":"repeat","background-position":"center center","background-size":"auto","background-attachment":"scroll","background-type":"","background-media":"","overlay-type":"","overlay-color":"","overlay-opacity":"","overlay-gradient":""}},"ast-content-background-meta":{"desktop":{"background-color":"var(--ast-global-color-5)","background-image":"","background-repeat":"repeat","background-position":"center center","background-size":"auto","background-attachment":"scroll","background-type":"","background-media":"","overlay-type":"","overlay-color":"","overlay-opacity":"","overlay-gradient":""},"tablet":{"background-color":"var(--ast-global-color-5)","background-image":"","background-repeat":"repeat","background-position":"center center","background-size":"auto","background-attachment":"scroll","background-type":"","background-media":"","overlay-type":"","overlay-color":"","overlay-opacity":"","overlay-gradient":""},"mobile":{"background-color":"var(--ast-global-color-5)","background-image":"","background-repeat":"repeat","background-position":"center center","background-size":"auto","background-attachment":"scroll","background-type":"","background-media":"","overlay-type":"","overlay-color":"","overlay-opacity":"","overlay-gradient":""}}},"product_brand":[],"product_cat":[2301,2566],"product_tag":[2648,2643,2647,2635,2317],"class_list":{"0":"post-9845","1":"product","2":"type-product","3":"status-publish","4":"has-post-thumbnail","6":"product_cat-tools-lv","7":"product_cat-vienreizlietojamie-faili","8":"product_tag-pdfb-20-lv","9":"product_tag-pdfs-20-320w-lv","10":"product_tag-pododisc-lv","11":"product_tag-pododosc-lv","12":"product_tag-staleks-pro-lv","13":"desktop-align-left","14":"tablet-align-left","15":"mobile-align-left","17":"first","18":"instock","19":"taxable","20":"shipping-taxable","21":"purchasable","22":"product-type-simple"},"jetpack_sharing_enabled":true,"_links":{"self":[{"href":"https:\/\/tihani.eu\/lv\/wp-json\/wp\/v2\/product\/9845","targetHints":{"allow":["GET"]}}],"collection":[{"href":"https:\/\/tihani.eu\/lv\/wp-json\/wp\/v2\/product"}],"about":[{"href":"https:\/\/tihani.eu\/lv\/wp-json\/wp\/v2\/types\/product"}],"replies":[{"embeddable":true,"href":"https:\/\/tihani.eu\/lv\/wp-json\/wp\/v2\/comments?post=9845"}],"wp:featuredmedia":[{"embeddable":true,"href":"https:\/\/tihani.eu\/lv\/wp-json\/wp\/v2\/media\/9848"}],"wp:attachment":[{"href":"https:\/\/tihani.eu\/lv\/wp-json\/wp\/v2\/media?parent=9845"}],"wp:term":[{"taxonomy":"product_brand","embeddable":true,"href":"https:\/\/tihani.eu\/lv\/wp-json\/wp\/v2\/product_brand?post=9845"},{"taxonomy":"product_cat","embeddable":true,"href":"https:\/\/tihani.eu\/lv\/wp-json\/wp\/v2\/product_cat?post=9845"},{"taxonomy":"product_tag","embeddable":true,"href":"https:\/\/tihani.eu\/lv\/wp-json\/wp\/v2\/product_tag?post=9845"}],"curies":[{"name":"wp","href":"https:\/\/api.w.org\/{rel}","templated":true}]}}