{"id":9827,"date":"2024-06-04T14:20:31","date_gmt":"2024-06-04T12:20:31","guid":{"rendered":"https:\/\/tihani.eu\/?post_type=product&#038;p=9827"},"modified":"2024-06-04T14:45:06","modified_gmt":"2024-06-04T12:45:06","slug":"staleks-pro-mainamie-balti-faili-uz-mikstas-pamatnes-pododisc-m-expert-180-griti-50-gab-copy","status":"publish","type":"product","link":"https:\/\/tihani.eu\/lv\/produkts\/staleks-pro-mainamie-balti-faili-uz-mikstas-pamatnes-pododisc-m-expert-180-griti-50-gab-copy\/","title":{"rendered":"STALEKS PRO MAIN\u0100MIE BALTI FAILI UZ M\u012aKSTAS PAMATNES PODODISC M EXPERT (240 GRITI, 50 GAB)"},"content":{"rendered":"<p>ARTIKULS: PDFS-20-240w<\/p>\n<p>SPECIFIK\u0100CIJAS:<\/p>\n<table class=\"woocommerce-product-attributes shop_attributes\">\n<tbody>\n<tr class=\"woocommerce-product-attributes-item woocommerce-product-attributes-item--attribute_pa_naznachenie\">\n<th class=\"woocommerce-product-attributes-item__label\" style=\"text-align: left;\">M\u0112R\u0136IS<\/th>\n<td class=\"woocommerce-product-attributes-item__value\">Pedik\u012bram<\/td>\n<\/tr>\n<tr class=\"woocommerce-product-attributes-item woocommerce-product-attributes-item--attribute_pa_brend\">\n<th class=\"woocommerce-product-attributes-item__label\" style=\"text-align: left;\">Z\u012aMOLS<\/th>\n<td class=\"woocommerce-product-attributes-item__value\">STALEKS PRO<\/td>\n<\/tr>\n<tr class=\"woocommerce-product-attributes-item woocommerce-product-attributes-item--attribute_pa_seriya\">\n<th class=\"woocommerce-product-attributes-item__label\" style=\"text-align: left;\">S\u0112RIJA<\/th>\n<td class=\"woocommerce-product-attributes-item__value\">Expert<\/td>\n<\/tr>\n<tr class=\"woocommerce-product-attributes-item woocommerce-product-attributes-item--attribute_pa_abraziv\">\n<th class=\"woocommerce-product-attributes-item__label\" style=\"text-align: left;\">ABRAZ\u012aVS<\/th>\n<td class=\"woocommerce-product-attributes-item__value\">240 griti<\/td>\n<\/tr>\n<tr class=\"woocommerce-product-attributes-item woocommerce-product-attributes-item--attribute_pa_diametr\">\n<th class=\"woocommerce-product-attributes-item__label\" style=\"text-align: left;\">DIAMETRS<\/th>\n<td class=\"woocommerce-product-attributes-item__value\">20 mm<\/td>\n<\/tr>\n<\/tbody>\n<\/table>\n","protected":false},"excerpt":{"rendered":"<p>GALVEN\u0100S \u012aPA\u0160\u012aBAS:<\/p>\n<ul>\n<li>Failu putuplasta sl\u0101nis \u013cauj ieg\u016bt stingr\u0101ku abraz\u012bv\u0101 materi\u0101la piegu\u013c\u0161anu apstr\u0101d\u0101tajai virsmai, nezaud\u0113jot precizit\u0101ti, tiek samazin\u0101ts spiediens uz p\u0113das \u0101du, uzlabota amortiz\u0101cija.<\/li>\n<li>Izm\u0113rs M \u2013 20 mm.<\/li>\n<li>Abrazivit\u0101te 240 grit.<\/li>\n<li>Abraz\u012bvs 180 griti piem\u0113rots p\u0113d\u0101m ar m\u0113reni raupju \u0101du.<\/li>\n<li>Augstas kvalit\u0101tes iztur\u012bgs Expert White abraz\u012bvs ar \u012bpa\u0161u aizsardz\u012bbu pret organiskajiem putek\u013ciem, lieto\u0161anas laik\u0101 nesadr\u016bp, nodro\u0161ina augstas kvalit\u0101tes p\u0113du apstr\u0101di.<\/li>\n<li>Dro\u0161a l\u012bmes b\u0101ze &#8211; nodro\u0161ina proced\u016bras efektivit\u0101ti.<\/li>\n<li>P\u0113du iepriek\u0161\u0113ja apstr\u0101de ar keratol\u012btisk\u0101m\/ m\u012bkstino\u0161\u0101m e\u013c\u013c\u0101m vai citiem l\u012bdzek\u013ciem neietekm\u0113 faila \u012bpa\u0161\u012bbas.<\/li>\n<li>Vienreiz\u0113jai lieto\u0161anai.<\/li>\n<li>50 gab. iepakojum\u0101.<\/li>\n<\/ul>\n","protected":false},"featured_media":9830,"comment_status":"closed","ping_status":"closed","template":"","meta":{"site-sidebar-layout":"default","site-content-layout":"","ast-site-content-layout":"default","site-content-style":"default","site-sidebar-style":"default","ast-global-header-display":"","ast-banner-title-visibility":"","ast-main-header-display":"","ast-hfb-above-header-display":"","ast-hfb-below-header-display":"","ast-hfb-mobile-header-display":"","site-post-title":"","ast-breadcrumbs-content":"","ast-featured-img":"","footer-sml-layout":"","theme-transparent-header-meta":"default","adv-header-id-meta":"","stick-header-meta":"","header-above-stick-meta":"","header-main-stick-meta":"","header-below-stick-meta":"","astra-migrate-meta-layouts":"set","ast-page-background-enabled":"default","ast-page-background-meta":{"desktop":{"background-color":"","background-image":"","background-repeat":"repeat","background-position":"center center","background-size":"auto","background-attachment":"scroll","background-type":"","background-media":"","overlay-type":"","overlay-color":"","overlay-opacity":"","overlay-gradient":""},"tablet":{"background-color":"","background-image":"","background-repeat":"repeat","background-position":"center center","background-size":"auto","background-attachment":"scroll","background-type":"","background-media":"","overlay-type":"","overlay-color":"","overlay-opacity":"","overlay-gradient":""},"mobile":{"background-color":"","background-image":"","background-repeat":"repeat","background-position":"center center","background-size":"auto","background-attachment":"scroll","background-type":"","background-media":"","overlay-type":"","overlay-color":"","overlay-opacity":"","overlay-gradient":""}},"ast-content-background-meta":{"desktop":{"background-color":"var(--ast-global-color-5)","background-image":"","background-repeat":"repeat","background-position":"center center","background-size":"auto","background-attachment":"scroll","background-type":"","background-media":"","overlay-type":"","overlay-color":"","overlay-opacity":"","overlay-gradient":""},"tablet":{"background-color":"var(--ast-global-color-5)","background-image":"","background-repeat":"repeat","background-position":"center center","background-size":"auto","background-attachment":"scroll","background-type":"","background-media":"","overlay-type":"","overlay-color":"","overlay-opacity":"","overlay-gradient":""},"mobile":{"background-color":"var(--ast-global-color-5)","background-image":"","background-repeat":"repeat","background-position":"center center","background-size":"auto","background-attachment":"scroll","background-type":"","background-media":"","overlay-type":"","overlay-color":"","overlay-opacity":"","overlay-gradient":""}}},"product_brand":[],"product_cat":[2301,2566],"product_tag":[2640,2635,2317],"class_list":{"0":"post-9827","1":"product","2":"type-product","3":"status-publish","4":"has-post-thumbnail","6":"product_cat-tools-lv","7":"product_cat-vienreizlietojamie-faili","8":"product_tag-pdfs-20-240w-lv","9":"product_tag-pododosc-lv","10":"product_tag-staleks-pro-lv","11":"desktop-align-left","12":"tablet-align-left","13":"mobile-align-left","15":"first","16":"instock","17":"taxable","18":"shipping-taxable","19":"purchasable","20":"product-type-simple"},"jetpack_sharing_enabled":true,"_links":{"self":[{"href":"https:\/\/tihani.eu\/lv\/wp-json\/wp\/v2\/product\/9827","targetHints":{"allow":["GET"]}}],"collection":[{"href":"https:\/\/tihani.eu\/lv\/wp-json\/wp\/v2\/product"}],"about":[{"href":"https:\/\/tihani.eu\/lv\/wp-json\/wp\/v2\/types\/product"}],"replies":[{"embeddable":true,"href":"https:\/\/tihani.eu\/lv\/wp-json\/wp\/v2\/comments?post=9827"}],"wp:featuredmedia":[{"embeddable":true,"href":"https:\/\/tihani.eu\/lv\/wp-json\/wp\/v2\/media\/9830"}],"wp:attachment":[{"href":"https:\/\/tihani.eu\/lv\/wp-json\/wp\/v2\/media?parent=9827"}],"wp:term":[{"taxonomy":"product_brand","embeddable":true,"href":"https:\/\/tihani.eu\/lv\/wp-json\/wp\/v2\/product_brand?post=9827"},{"taxonomy":"product_cat","embeddable":true,"href":"https:\/\/tihani.eu\/lv\/wp-json\/wp\/v2\/product_cat?post=9827"},{"taxonomy":"product_tag","embeddable":true,"href":"https:\/\/tihani.eu\/lv\/wp-json\/wp\/v2\/product_tag?post=9827"}],"curies":[{"name":"wp","href":"https:\/\/api.w.org\/{rel}","templated":true}]}}