{"id":9733,"date":"2024-06-04T11:00:48","date_gmt":"2024-06-04T09:00:48","guid":{"rendered":"https:\/\/tihani.eu\/?post_type=product&#038;p=9733"},"modified":"2024-06-26T10:54:25","modified_gmt":"2024-06-26T08:54:25","slug":"staleks-pro-mainamie-balti-faili-uz-koka-pamatnes-expert-22-150-griti-25-gab-copy","status":"publish","type":"product","link":"https:\/\/tihani.eu\/lv\/produkts\/staleks-pro-mainamie-balti-faili-uz-koka-pamatnes-expert-22-150-griti-25-gab-copy\/","title":{"rendered":"STALEKS PRO MAIN\u0100MIE BALTI M\u012aKSTI FAILI UZ KOKA PAMATNES EXPERT 22 (150 GRITI, 25 GAB) [DWCE-20-150\/25w]"},"content":{"rendered":"<p>ARTIKULS: DWCE-20-150\/25w<\/p>\n<p>SPECIFIK\u0100CIJAS:<\/p>\n<table class=\"woocommerce-product-attributes shop_attributes\">\n<tbody>\n<tr class=\"woocommerce-product-attributes-item woocommerce-product-attributes-item--attribute_pa_naznachenie\">\n<th class=\"woocommerce-product-attributes-item__label\" style=\"text-align: left;\">M\u0112R\u0136IS<\/th>\n<td class=\"woocommerce-product-attributes-item__value\">Manik\u012bram vai pedik\u012bram<\/td>\n<\/tr>\n<tr class=\"woocommerce-product-attributes-item woocommerce-product-attributes-item--attribute_pa_brend\">\n<th class=\"woocommerce-product-attributes-item__label\" style=\"text-align: left;\">Z\u012aMOLS<\/th>\n<td class=\"woocommerce-product-attributes-item__value\">STALEKS PRO<\/td>\n<\/tr>\n<tr class=\"woocommerce-product-attributes-item woocommerce-product-attributes-item--attribute_pa_seriya\">\n<th class=\"woocommerce-product-attributes-item__label\" style=\"text-align: left;\">S\u0112RIJA<\/th>\n<td class=\"woocommerce-product-attributes-item__value\">Expert<\/td>\n<\/tr>\n<tr class=\"woocommerce-product-attributes-item woocommerce-product-attributes-item--attribute_pa_abraziv\">\n<th class=\"woocommerce-product-attributes-item__label\" style=\"text-align: left;\">ABRAZ\u012aVS<\/th>\n<td class=\"woocommerce-product-attributes-item__value\">150 griti, m\u012bksti<\/td>\n<\/tr>\n<tr class=\"woocommerce-product-attributes-item woocommerce-product-attributes-item--attribute_pa_forma\">\n<th class=\"woocommerce-product-attributes-item__label\" style=\"text-align: left;\">FORMA<\/th>\n<td class=\"woocommerce-product-attributes-item__value\">Taisna<\/td>\n<\/tr>\n<tr class=\"woocommerce-product-attributes-item woocommerce-product-attributes-item--attribute_pa_material\">\n<th class=\"woocommerce-product-attributes-item__label\" style=\"text-align: left;\">MATERI\u0100LS<\/th>\n<td class=\"woocommerce-product-attributes-item__value\">Alum\u012bnija oks\u012bds, Koks (b\u0113rzs)<\/td>\n<\/tr>\n<tr class=\"woocommerce-product-attributes-item woocommerce-product-attributes-item--attribute_pa_kolichestvo\">\n<th class=\"woocommerce-product-attributes-item__label\" style=\"text-align: left;\">DAUDZUMS<\/th>\n<td class=\"woocommerce-product-attributes-item__value\">25 gab<\/td>\n<\/tr>\n<\/tbody>\n<\/table>\n","protected":false},"excerpt":{"rendered":"<p>GALVEN\u0100S \u012aPA\u0160\u012aBAS:<\/p>\n<ul>\n<li>PapmAm uz koka pamatnes &#8211; vienreizlietojamie abraz\u012bvie materi\u0101li main\u0101mu failu veid\u0101, kas ir uzvilkti uz koka pamatni.<\/li>\n<li>Taisnas formas.<\/li>\n<li>Ide\u0101li atbilst pamatnes izm\u0113ram, un t\u0101p\u0113c tie ir cie\u0161i piestiprin\u0101ti pie t\u0101s.<\/li>\n<li>PapmAm v\u012bles dro\u0161ie m\u012bkstie gali ir izgatavoti no videi draudz\u012bga kraft pap\u012bra &#8211; nov\u0113r\u0161 iesp\u0113ju sagriezt klientu ar v\u012bli darba laik\u0101.<\/li>\n<li>Balts augstas kvalit\u0101tes abraz\u012bvs EXPERT White ir est\u0113tisks darb\u0101.<\/li>\n<li>\u012apa\u0161s p\u0101rkl\u0101jums ne\u013cauj abraz\u012bvam lieto\u0161anas laik\u0101 aizsprostoties ar organiskajiem putek\u013ciem.<\/li>\n<li>Abrazivit\u0101te 150 griti ir paredz\u0113tas naga brbas m\u0101las noform\u0113\u0161anai un v\u012bl\u0113\u0161anai p\u0113c model\u0113\u0161anas.<\/li>\n<li>Vienreiz\u0113jai lieto\u0161anai.<\/li>\n<li>Manik\u012bram un pedik\u012bram.<\/li>\n<li>Faila izm\u0113rs 140*20 mm.<\/li>\n<li>25 pieces per set.<\/li>\n<\/ul>\n","protected":false},"featured_media":9736,"comment_status":"closed","ping_status":"closed","template":"","meta":{"site-sidebar-layout":"default","site-content-layout":"","ast-site-content-layout":"default","site-content-style":"default","site-sidebar-style":"default","ast-global-header-display":"","ast-banner-title-visibility":"","ast-main-header-display":"","ast-hfb-above-header-display":"","ast-hfb-below-header-display":"","ast-hfb-mobile-header-display":"","site-post-title":"","ast-breadcrumbs-content":"","ast-featured-img":"","footer-sml-layout":"","theme-transparent-header-meta":"default","adv-header-id-meta":"","stick-header-meta":"","header-above-stick-meta":"","header-main-stick-meta":"","header-below-stick-meta":"","astra-migrate-meta-layouts":"set","ast-page-background-enabled":"default","ast-page-background-meta":{"desktop":{"background-color":"","background-image":"","background-repeat":"repeat","background-position":"center center","background-size":"auto","background-attachment":"scroll","background-type":"","background-media":"","overlay-type":"","overlay-color":"","overlay-opacity":"","overlay-gradient":""},"tablet":{"background-color":"","background-image":"","background-repeat":"repeat","background-position":"center center","background-size":"auto","background-attachment":"scroll","background-type":"","background-media":"","overlay-type":"","overlay-color":"","overlay-opacity":"","overlay-gradient":""},"mobile":{"background-color":"","background-image":"","background-repeat":"repeat","background-position":"center center","background-size":"auto","background-attachment":"scroll","background-type":"","background-media":"","overlay-type":"","overlay-color":"","overlay-opacity":"","overlay-gradient":""}},"ast-content-background-meta":{"desktop":{"background-color":"var(--ast-global-color-5)","background-image":"","background-repeat":"repeat","background-position":"center center","background-size":"auto","background-attachment":"scroll","background-type":"","background-media":"","overlay-type":"","overlay-color":"","overlay-opacity":"","overlay-gradient":""},"tablet":{"background-color":"var(--ast-global-color-5)","background-image":"","background-repeat":"repeat","background-position":"center center","background-size":"auto","background-attachment":"scroll","background-type":"","background-media":"","overlay-type":"","overlay-color":"","overlay-opacity":"","overlay-gradient":""},"mobile":{"background-color":"var(--ast-global-color-5)","background-image":"","background-repeat":"repeat","background-position":"center center","background-size":"auto","background-attachment":"scroll","background-type":"","background-media":"","overlay-type":"","overlay-color":"","overlay-opacity":"","overlay-gradient":""}}},"product_brand":[],"product_cat":[2301,2566],"product_tag":[2597,2605,2606,2317],"class_list":{"0":"post-9733","1":"product","2":"type-product","3":"status-publish","4":"has-post-thumbnail","6":"product_cat-tools-lv","7":"product_cat-vienreizlietojamie-faili","8":"product_tag-disposable-nail-file-lv","9":"product_tag-dwce-20-150-lv","10":"product_tag-dwce-20-150-25w-lv","11":"product_tag-staleks-pro-lv","12":"desktop-align-left","13":"tablet-align-left","14":"mobile-align-left","16":"first","17":"instock","18":"taxable","19":"shipping-taxable","20":"purchasable","21":"product-type-simple"},"jetpack_sharing_enabled":true,"_links":{"self":[{"href":"https:\/\/tihani.eu\/lv\/wp-json\/wp\/v2\/product\/9733","targetHints":{"allow":["GET"]}}],"collection":[{"href":"https:\/\/tihani.eu\/lv\/wp-json\/wp\/v2\/product"}],"about":[{"href":"https:\/\/tihani.eu\/lv\/wp-json\/wp\/v2\/types\/product"}],"replies":[{"embeddable":true,"href":"https:\/\/tihani.eu\/lv\/wp-json\/wp\/v2\/comments?post=9733"}],"wp:featuredmedia":[{"embeddable":true,"href":"https:\/\/tihani.eu\/lv\/wp-json\/wp\/v2\/media\/9736"}],"wp:attachment":[{"href":"https:\/\/tihani.eu\/lv\/wp-json\/wp\/v2\/media?parent=9733"}],"wp:term":[{"taxonomy":"product_brand","embeddable":true,"href":"https:\/\/tihani.eu\/lv\/wp-json\/wp\/v2\/product_brand?post=9733"},{"taxonomy":"product_cat","embeddable":true,"href":"https:\/\/tihani.eu\/lv\/wp-json\/wp\/v2\/product_cat?post=9733"},{"taxonomy":"product_tag","embeddable":true,"href":"https:\/\/tihani.eu\/lv\/wp-json\/wp\/v2\/product_tag?post=9733"}],"curies":[{"name":"wp","href":"https:\/\/api.w.org\/{rel}","templated":true}]}}