{"id":9649,"date":"2024-06-03T13:20:46","date_gmt":"2024-06-03T11:20:46","guid":{"rendered":"https:\/\/tihani.eu\/product\/staleks-pro-vienreizejas-lietosanas-koka-pamatne-nagu-vilei-expert-20-50-pcs\/"},"modified":"2024-07-03T14:37:06","modified_gmt":"2024-07-03T12:37:06","slug":"staleks-pro-vienreizejas-lietosanas-koka-pamatne-nagu-vilei-expert-20-50-pcs","status":"publish","type":"product","link":"https:\/\/tihani.eu\/lv\/produkts\/staleks-pro-vienreizejas-lietosanas-koka-pamatne-nagu-vilei-expert-20-50-pcs\/","title":{"rendered":"STALEKS PRO VIENREIZ\u0112J\u0100S LIETO\u0160ANAS KOKA PAMATNE NAGU V\u012aLEI EXPERT 20 (50 GAB) [WBE-20]"},"content":{"rendered":"<p>ARTIKULS: WBE-20<\/p>\n<p>SPECIFIK\u0100CIJAS:<\/p>\n<table class=\"woocommerce-product-attributes shop_attributes\">\n<tbody>\n<tr class=\"woocommerce-product-attributes-item woocommerce-product-attributes-item--attribute_pa_seriya\">\n<th class=\"woocommerce-product-attributes-item__label\" style=\"text-align: left;\">S\u0112RIJA<\/th>\n<td class=\"woocommerce-product-attributes-item__value\">Expert<\/td>\n<\/tr>\n<tr class=\"woocommerce-product-attributes-item woocommerce-product-attributes-item--attribute_pa_brend\">\n<th class=\"woocommerce-product-attributes-item__label\" style=\"text-align: left;\">Z\u012aMOLS<\/th>\n<td class=\"woocommerce-product-attributes-item__value\">STALEKS PRO<\/td>\n<\/tr>\n<tr class=\"woocommerce-product-attributes-item woocommerce-product-attributes-item--attribute_pa_material\">\n<th class=\"woocommerce-product-attributes-item__label\" style=\"text-align: left;\">MATERI\u0100LS<\/th>\n<td class=\"woocommerce-product-attributes-item__value\">Koksne (b\u0113rzs)<\/td>\n<\/tr>\n<tr class=\"woocommerce-product-attributes-item woocommerce-product-attributes-item--attribute_pa_naznachenie\">\n<th class=\"woocommerce-product-attributes-item__label\" style=\"text-align: left;\">M\u0112R\u0136IS<\/th>\n<td class=\"woocommerce-product-attributes-item__value\">Manik\u012bram<\/td>\n<\/tr>\n<\/tbody>\n<\/table>\n","protected":false},"excerpt":{"rendered":"<p>GALVEN\u0100S \u012aPA\u0160\u012aBAS:<\/p>\n<ul>\n<li>Paredz\u0113ts lieto\u0161anai manik\u012br\u0101 k\u0101 stingra pamatne papmAm failiem.<\/li>\n<li>Nagu br\u012bv\u0101s malas veido\u0161anai.<\/li>\n<li>Taisna forma.<\/li>\n<li>Pamatnes izm\u0113rs 162*19 mm.<\/li>\n<li>Izgatavots no videi draudz\u012bga materi\u0101la &#8211; b\u0113rza koka<\/li>\n<li>Viegls (2,9 g), \u0113rts darbam.<\/li>\n<li>T\u0101 k\u0101 tiek izmantoti vienreizlietojamie faili, tas palielina proced\u016bras higi\u0113nu un dro\u0161\u012bbu.<\/li>\n<li>\u013bauj izmantot da\u017e\u0101dus abraz\u012bvus.<\/li>\n<li>Nevar pak\u013caut steriliz\u0101cijai un dezinfekcijai.<\/li>\n<li>Vienreiz\u0113jai lieto\u0161anai.<\/li>\n<li>50 gab. iepakojum\u0101.<\/li>\n<\/ul>\n","protected":false},"featured_media":9643,"comment_status":"closed","ping_status":"closed","template":"","meta":{"site-sidebar-layout":"default","site-content-layout":"","ast-site-content-layout":"default","site-content-style":"default","site-sidebar-style":"default","ast-global-header-display":"","ast-banner-title-visibility":"","ast-main-header-display":"","ast-hfb-above-header-display":"","ast-hfb-below-header-display":"","ast-hfb-mobile-header-display":"","site-post-title":"","ast-breadcrumbs-content":"","ast-featured-img":"","footer-sml-layout":"","theme-transparent-header-meta":"default","adv-header-id-meta":"","stick-header-meta":"","header-above-stick-meta":"","header-main-stick-meta":"","header-below-stick-meta":"","astra-migrate-meta-layouts":"default","ast-page-background-enabled":"default","ast-page-background-meta":{"desktop":{"background-color":"","background-image":"","background-repeat":"repeat","background-position":"center center","background-size":"auto","background-attachment":"scroll","background-type":"","background-media":"","overlay-type":"","overlay-color":"","overlay-opacity":"","overlay-gradient":""},"tablet":{"background-color":"","background-image":"","background-repeat":"repeat","background-position":"center center","background-size":"auto","background-attachment":"scroll","background-type":"","background-media":"","overlay-type":"","overlay-color":"","overlay-opacity":"","overlay-gradient":""},"mobile":{"background-color":"","background-image":"","background-repeat":"repeat","background-position":"center center","background-size":"auto","background-attachment":"scroll","background-type":"","background-media":"","overlay-type":"","overlay-color":"","overlay-opacity":"","overlay-gradient":""}},"ast-content-background-meta":{"desktop":{"background-color":"var(--ast-global-color-5)","background-image":"","background-repeat":"repeat","background-position":"center center","background-size":"auto","background-attachment":"scroll","background-type":"","background-media":"","overlay-type":"","overlay-color":"","overlay-opacity":"","overlay-gradient":""},"tablet":{"background-color":"var(--ast-global-color-5)","background-image":"","background-repeat":"repeat","background-position":"center center","background-size":"auto","background-attachment":"scroll","background-type":"","background-media":"","overlay-type":"","overlay-color":"","overlay-opacity":"","overlay-gradient":""},"mobile":{"background-color":"var(--ast-global-color-5)","background-image":"","background-repeat":"repeat","background-position":"center center","background-size":"auto","background-attachment":"scroll","background-type":"","background-media":"","overlay-type":"","overlay-color":"","overlay-opacity":"","overlay-gradient":""}}},"product_brand":[],"product_cat":[2301,2518],"product_tag":[2558,2559,2317,2556,2557],"class_list":{"0":"post-9649","1":"product","2":"type-product","3":"status-publish","4":"has-post-thumbnail","6":"product_cat-tools-lv","7":"product_cat-nagu-failu-pamatne","8":"product_tag-expert-20-lv","9":"product_tag-papmam-lv","10":"product_tag-staleks-pro-lv","11":"product_tag-wbe-20-lv","12":"product_tag-wooden-base-lv","13":"desktop-align-left","14":"tablet-align-left","15":"mobile-align-left","17":"first","18":"instock","19":"taxable","20":"shipping-taxable","21":"purchasable","22":"product-type-simple"},"jetpack_sharing_enabled":true,"_links":{"self":[{"href":"https:\/\/tihani.eu\/lv\/wp-json\/wp\/v2\/product\/9649","targetHints":{"allow":["GET"]}}],"collection":[{"href":"https:\/\/tihani.eu\/lv\/wp-json\/wp\/v2\/product"}],"about":[{"href":"https:\/\/tihani.eu\/lv\/wp-json\/wp\/v2\/types\/product"}],"replies":[{"embeddable":true,"href":"https:\/\/tihani.eu\/lv\/wp-json\/wp\/v2\/comments?post=9649"}],"wp:featuredmedia":[{"embeddable":true,"href":"https:\/\/tihani.eu\/lv\/wp-json\/wp\/v2\/media\/9643"}],"wp:attachment":[{"href":"https:\/\/tihani.eu\/lv\/wp-json\/wp\/v2\/media?parent=9649"}],"wp:term":[{"taxonomy":"product_brand","embeddable":true,"href":"https:\/\/tihani.eu\/lv\/wp-json\/wp\/v2\/product_brand?post=9649"},{"taxonomy":"product_cat","embeddable":true,"href":"https:\/\/tihani.eu\/lv\/wp-json\/wp\/v2\/product_cat?post=9649"},{"taxonomy":"product_tag","embeddable":true,"href":"https:\/\/tihani.eu\/lv\/wp-json\/wp\/v2\/product_tag?post=9649"}],"curies":[{"name":"wp","href":"https:\/\/api.w.org\/{rel}","templated":true}]}}