{"id":9603,"date":"2024-06-03T10:38:00","date_gmt":"2024-06-03T08:38:00","guid":{"rendered":"https:\/\/tihani.eu\/?post_type=product&#038;p=9603"},"modified":"2024-06-03T11:08:05","modified_gmt":"2024-06-03T09:08:05","slug":"staleks-pro-pusapala-metala-pamatne-nagu-vilem-expert-40-copy","status":"publish","type":"product","link":"https:\/\/tihani.eu\/lv\/produkts\/staleks-pro-pusapala-metala-pamatne-nagu-vilem-expert-40-copy\/","title":{"rendered":"STALEKS PRO MET\u0100LA V\u012aLES PAMATNE EXPERT 50"},"content":{"rendered":"<p>ARTIKULS: MBE-50<\/p>\n<p>PIEM\u0112ROTA MAIN\u0100MIEM FAILIEM: DFE-51<\/p>\n<p>SPECIFIK\u0100CIJAS:<\/p>\n<table class=\"woocommerce-product-attributes shop_attributes\">\n<tbody>\n<tr class=\"woocommerce-product-attributes-item woocommerce-product-attributes-item--attribute_pa_seriya\">\n<th class=\"woocommerce-product-attributes-item__label\" style=\"text-align: left;\">S\u0112RIJA<\/th>\n<td class=\"woocommerce-product-attributes-item__value\">Expert<\/td>\n<\/tr>\n<tr class=\"woocommerce-product-attributes-item woocommerce-product-attributes-item--attribute_pa_brend\">\n<th class=\"woocommerce-product-attributes-item__label\" style=\"text-align: left;\">Z\u012aMOLS<\/th>\n<td class=\"woocommerce-product-attributes-item__value\">STALEKS PRO<\/td>\n<\/tr>\n<tr class=\"woocommerce-product-attributes-item woocommerce-product-attributes-item--attribute_pa_material\">\n<th class=\"woocommerce-product-attributes-item__label\" style=\"text-align: left;\">MATERI\u0100LS<\/th>\n<td class=\"woocommerce-product-attributes-item__value\">Ner\u016bs\u0113jo\u0161ais t\u0113rauds<\/td>\n<\/tr>\n<tr class=\"woocommerce-product-attributes-item woocommerce-product-attributes-item--attribute_pa_naznachenie\">\n<th class=\"woocommerce-product-attributes-item__label\" style=\"text-align: left;\">M\u0112R\u0136IS<\/th>\n<td class=\"woocommerce-product-attributes-item__value\">Manik\u012bram un pedik\u012bram<\/td>\n<\/tr>\n<tr class=\"woocommerce-product-attributes-item woocommerce-product-attributes-item--attribute_%d1%80%d0%b0%d0%b7%d0%bc%d0%b5%d1%80\">\n<th class=\"woocommerce-product-attributes-item__label\" style=\"text-align: left;\">IZM\u0112RS<\/th>\n<td class=\"woocommerce-product-attributes-item__value\">19*76 mm<\/td>\n<\/tr>\n<tr class=\"woocommerce-product-attributes-item woocommerce-product-attributes-item--attribute_pa_forma\">\n<th class=\"woocommerce-product-attributes-item__label\" style=\"text-align: left;\">FORMA<\/th>\n<td class=\"woocommerce-product-attributes-item__value\">\u012asa (buff)<\/td>\n<\/tr>\n<tr class=\"woocommerce-product-attributes-item woocommerce-product-attributes-item--attribute_%d0%b2%d0%b5%d1%81\">\n<th class=\"woocommerce-product-attributes-item__label\" style=\"text-align: left;\">SVARS<\/th>\n<td class=\"woocommerce-product-attributes-item__value\">11 g<\/td>\n<\/tr>\n<tr class=\"woocommerce-product-attributes-item woocommerce-product-attributes-item--attribute_pa_dezinfekcziya\">\n<th class=\"woocommerce-product-attributes-item__label\" style=\"text-align: left;\">DEZINFEKCIJA<\/th>\n<td class=\"woocommerce-product-attributes-item__value\">J\u0101<\/td>\n<\/tr>\n<tr class=\"woocommerce-product-attributes-item woocommerce-product-attributes-item--attribute_pa_sterilizacziya\">\n<th class=\"woocommerce-product-attributes-item__label\" style=\"text-align: left;\">STERILIZ\u0100CIJA<\/th>\n<td class=\"woocommerce-product-attributes-item__value\">J\u0101<\/td>\n<\/tr>\n<\/tbody>\n<\/table>\n","protected":false},"excerpt":{"rendered":"<p>GALVEN\u0100S \u012aPA\u0160\u012aBAS:<\/p>\n<ul>\n<li>Met\u0101la nagu v\u012bles pamatne mainamiem failiem.<\/li>\n<li>Bafa forma.<\/li>\n<li>Pamatnes izm\u0113rs: 76*19 mm.<\/li>\n<li>Izmanto, str\u0101d\u0101jot ar failiem ar biezu putuplasta sl\u0101ni.<\/li>\n<li>Izmanto dab\u012bgo nagu apstr\u0101dei, lai izl\u012bdzin\u0101tu nel\u012bdzenumus un naga pl\u0101ksn\u012btes raupjumu.<\/li>\n<li>Izmanto m\u0101ksl\u012bgo nagu virsmas pul\u0113\u0161anai p\u0113c to v\u012bl\u0113\u0161anas ar ciet\u0101k\u0101m v\u012bl\u0113m, izl\u012bdzin\u0101\u0161anai, lai veidotu dizainu, vai p\u0101rkl\u0101\u0161anai ar fini\u0161a p\u0101rkl\u0101jumu.<\/li>\n<li>Uzgrie\u017e\u0146i gar mal\u0101m atvieglo v\u012bles no\u0146em\u0161anu p\u0113c lieto\u0161anas.<\/li>\n<li>\u013bauj izmantot da\u017e\u0101dus abraz\u012bvus.<\/li>\n<li>Augstas kvalit\u0101tes ner\u016bs\u0113jo\u0161ais t\u0113rauds.<\/li>\n<li>Var steriliz\u0113t saus\u0101 karstuma kr\u0101sn\u012b un autokl\u0101v\u0101.<\/li>\n<li>Var dezinfic\u0113t ar speci\u0101liem l\u012bdzek\u013ciem.<\/li>\n<li>Ilgs kalpo\u0161anas laiks.<\/li>\n<\/ul>\n","protected":false},"featured_media":9606,"comment_status":"closed","ping_status":"closed","template":"","meta":{"site-sidebar-layout":"default","site-content-layout":"","ast-site-content-layout":"default","site-content-style":"default","site-sidebar-style":"default","ast-global-header-display":"","ast-banner-title-visibility":"","ast-main-header-display":"","ast-hfb-above-header-display":"","ast-hfb-below-header-display":"","ast-hfb-mobile-header-display":"","site-post-title":"","ast-breadcrumbs-content":"","ast-featured-img":"","footer-sml-layout":"","theme-transparent-header-meta":"default","adv-header-id-meta":"","stick-header-meta":"","header-above-stick-meta":"","header-main-stick-meta":"","header-below-stick-meta":"","astra-migrate-meta-layouts":"set","ast-page-background-enabled":"default","ast-page-background-meta":{"desktop":{"background-color":"","background-image":"","background-repeat":"repeat","background-position":"center center","background-size":"auto","background-attachment":"scroll","background-type":"","background-media":"","overlay-type":"","overlay-color":"","overlay-opacity":"","overlay-gradient":""},"tablet":{"background-color":"","background-image":"","background-repeat":"repeat","background-position":"center center","background-size":"auto","background-attachment":"scroll","background-type":"","background-media":"","overlay-type":"","overlay-color":"","overlay-opacity":"","overlay-gradient":""},"mobile":{"background-color":"","background-image":"","background-repeat":"repeat","background-position":"center center","background-size":"auto","background-attachment":"scroll","background-type":"","background-media":"","overlay-type":"","overlay-color":"","overlay-opacity":"","overlay-gradient":""}},"ast-content-background-meta":{"desktop":{"background-color":"var(--ast-global-color-5)","background-image":"","background-repeat":"repeat","background-position":"center center","background-size":"auto","background-attachment":"scroll","background-type":"","background-media":"","overlay-type":"","overlay-color":"","overlay-opacity":"","overlay-gradient":""},"tablet":{"background-color":"var(--ast-global-color-5)","background-image":"","background-repeat":"repeat","background-position":"center center","background-size":"auto","background-attachment":"scroll","background-type":"","background-media":"","overlay-type":"","overlay-color":"","overlay-opacity":"","overlay-gradient":""},"mobile":{"background-color":"var(--ast-global-color-5)","background-image":"","background-repeat":"repeat","background-position":"center center","background-size":"auto","background-attachment":"scroll","background-type":"","background-media":"","overlay-type":"","overlay-color":"","overlay-opacity":"","overlay-gradient":""}}},"product_brand":[],"product_cat":[2301,2518],"product_tag":[2535,2520,2521,2317,2522],"class_list":{"0":"post-9603","1":"product","2":"type-product","3":"status-publish","4":"has-post-thumbnail","6":"product_cat-tools-lv","7":"product_cat-nagu-failu-pamatne","8":"product_tag-mbe-50-lv","9":"product_tag-nail-file-base-lv","10":"product_tag-pamatne-lv","11":"product_tag-staleks-pro-lv","12":"product_tag----lv","13":"desktop-align-left","14":"tablet-align-left","15":"mobile-align-left","17":"first","18":"instock","19":"taxable","20":"shipping-taxable","21":"purchasable","22":"product-type-simple"},"jetpack_sharing_enabled":true,"_links":{"self":[{"href":"https:\/\/tihani.eu\/lv\/wp-json\/wp\/v2\/product\/9603","targetHints":{"allow":["GET"]}}],"collection":[{"href":"https:\/\/tihani.eu\/lv\/wp-json\/wp\/v2\/product"}],"about":[{"href":"https:\/\/tihani.eu\/lv\/wp-json\/wp\/v2\/types\/product"}],"replies":[{"embeddable":true,"href":"https:\/\/tihani.eu\/lv\/wp-json\/wp\/v2\/comments?post=9603"}],"wp:featuredmedia":[{"embeddable":true,"href":"https:\/\/tihani.eu\/lv\/wp-json\/wp\/v2\/media\/9606"}],"wp:attachment":[{"href":"https:\/\/tihani.eu\/lv\/wp-json\/wp\/v2\/media?parent=9603"}],"wp:term":[{"taxonomy":"product_brand","embeddable":true,"href":"https:\/\/tihani.eu\/lv\/wp-json\/wp\/v2\/product_brand?post=9603"},{"taxonomy":"product_cat","embeddable":true,"href":"https:\/\/tihani.eu\/lv\/wp-json\/wp\/v2\/product_cat?post=9603"},{"taxonomy":"product_tag","embeddable":true,"href":"https:\/\/tihani.eu\/lv\/wp-json\/wp\/v2\/product_tag?post=9603"}],"curies":[{"name":"wp","href":"https:\/\/api.w.org\/{rel}","templated":true}]}}