{"id":9493,"date":"2024-05-29T13:09:38","date_gmt":"2024-05-29T11:09:38","guid":{"rendered":"https:\/\/tihani.eu\/?post_type=product&#038;p=9493"},"modified":"2024-05-29T13:12:55","modified_gmt":"2024-05-29T11:12:55","slug":"staleks-pro-profesionalas-kutikulas-knaibles-smart-30-4mm-copy","status":"publish","type":"product","link":"https:\/\/tihani.eu\/lv\/produkts\/staleks-pro-profesionalas-kutikulas-knaibles-smart-30-4mm-copy\/","title":{"rendered":"STALEKS PRO PROFESION\u0100LAS KUTIKULAS KNAIBLES SMART 30| 5mm"},"content":{"rendered":"<p>ARTIKULS: NS-30-5<\/p>\n<p>SPECIFIK\u0100CIJAS:<\/p>\n<table class=\"woocommerce-product-attributes shop_attributes\">\n<tbody>\n<tr class=\"woocommerce-product-attributes-item woocommerce-product-attributes-item--attribute_pa_seriya\">\n<th class=\"woocommerce-product-attributes-item__label\" style=\"text-align: left;\">S\u0112RIJA<\/th>\n<td class=\"woocommerce-product-attributes-item__value\">Smart<\/td>\n<\/tr>\n<tr class=\"woocommerce-product-attributes-item woocommerce-product-attributes-item--attribute_pa_brend\">\n<th class=\"woocommerce-product-attributes-item__label\" style=\"text-align: left;\">Z\u012aMOLS<\/th>\n<td class=\"woocommerce-product-attributes-item__value\">STALEKS PRO<\/td>\n<\/tr>\n<tr class=\"woocommerce-product-attributes-item woocommerce-product-attributes-item--attribute_pa_dlina-rabochej-chasti\">\n<th class=\"woocommerce-product-attributes-item__label\" style=\"text-align: left;\">ASME\u0145A GARUMS, MM<\/th>\n<td class=\"woocommerce-product-attributes-item__value\">5 mm<\/td>\n<\/tr>\n<tr class=\"woocommerce-product-attributes-item woocommerce-product-attributes-item--attribute_pa_material\">\n<th class=\"woocommerce-product-attributes-item__label\" style=\"text-align: left;\">MATERI\u0100LS<\/th>\n<td class=\"woocommerce-product-attributes-item__value\">Ner\u016bs\u0113jo\u0161ais t\u0113rauds<\/td>\n<\/tr>\n<tr class=\"woocommerce-product-attributes-item woocommerce-product-attributes-item--attribute_pa_dezinfekcziya\">\n<th class=\"woocommerce-product-attributes-item__label\" style=\"text-align: left;\">DEZINFEKCIJA<\/th>\n<td class=\"woocommerce-product-attributes-item__value\">J\u0101<\/td>\n<\/tr>\n<tr class=\"woocommerce-product-attributes-item woocommerce-product-attributes-item--attribute_pa_sterilizacziya\">\n<th class=\"woocommerce-product-attributes-item__label\" style=\"text-align: left;\">STERILIZ\u0100CIJA<\/th>\n<td class=\"woocommerce-product-attributes-item__value\">J\u0101<\/td>\n<\/tr>\n<tr class=\"woocommerce-product-attributes-item woocommerce-product-attributes-item--attribute_pa_ves-instrumenta-gramm\">\n<th class=\"woocommerce-product-attributes-item__label\" style=\"text-align: left;\">INSTRUMENTA SVARS, GRAMOS<\/th>\n<td class=\"woocommerce-product-attributes-item__value\">41<\/td>\n<\/tr>\n<tr class=\"woocommerce-product-attributes-item woocommerce-product-attributes-item--attribute_pa_naznachenie\">\n<th class=\"woocommerce-product-attributes-item__label\" style=\"text-align: left;\">M\u0112R\u0136IS<\/th>\n<td class=\"woocommerce-product-attributes-item__value\">Manik\u012bram<\/td>\n<\/tr>\n<tr class=\"woocommerce-product-attributes-item woocommerce-product-attributes-item--attribute_pa_dlina-ruchek-ot-sharnira-sm\">\n<th class=\"woocommerce-product-attributes-item__label\" style=\"text-align: left;\">ROKTURU GARUMS (NO E\u0145\u0122ES), CM<\/th>\n<td class=\"woocommerce-product-attributes-item__value\">6, 8<\/td>\n<\/tr>\n<tr class=\"woocommerce-product-attributes-item woocommerce-product-attributes-item--attribute_pa_tverdost-hrc-ediniczy\">\n<th class=\"woocommerce-product-attributes-item__label\" style=\"text-align: left;\">HRC CIET\u012aBA, M\u0112RVIEN\u012aBAS<\/th>\n<td class=\"woocommerce-product-attributes-item__value\">48-51<\/td>\n<\/tr>\n<tr class=\"woocommerce-product-attributes-item woocommerce-product-attributes-item--attribute_pa_rezhushhie-kromki\">\n<th class=\"woocommerce-product-attributes-item__label\" style=\"text-align: left;\">ASME\u0145I<\/th>\n<td class=\"woocommerce-product-attributes-item__value\">sl\u012bpi<\/td>\n<\/tr>\n<\/tbody>\n<\/table>\n","protected":false},"excerpt":{"rendered":"<p>GALVEN\u0100S \u012aPA\u0160\u012aBAS:<\/p>\n<ul>\n<li>Profesion\u0101li \u0101das knaibl\u012b\u0161i.<\/li>\n<li>Asme\u0146a garums 5 mm.<\/li>\n<li>Taisnas grie\u0161anas malas ar sl\u012bpumu.<\/li>\n<li>Grie\u0161anas da\u013ca ar izvirz\u012bjumu \u201cpap\u0113dis\u201d.<\/li>\n<li>\u012asie noapa\u013cotie rokturi.<\/li>\n<li>Instrumenta stil\u012bg\u0101 sat\u012bna virsma ir pat\u012bkama piesk\u0101rienam.<\/li>\n<li>Rokturu mat\u0113t\u0101 virsma neatspogu\u013co gaismu un neapgr\u016btina meistara acis.<\/li>\n<li>Profesion\u0101la asin\u0101\u0161ana ar rok\u0101m.<\/li>\n<li>No\u0146emama spir\u0101lveida atspere ir iztur\u012bga un nodro\u0161ina m\u012bkstu instrumenta g\u0101jienu.<\/li>\n<li>Gluds, vienm\u0113r\u012bgs atv\u0113r\u0161anas g\u0101jiens, pateicoties r\u016bp\u012bgai savienojuma pul\u0113\u0161anai.<\/li>\n<li>Instrumenta papildu iztur\u012bba pret koroziju, ko nodro\u0161ina pul\u0113\u0161ana ar GOI pastu.<\/li>\n<li>Augsti le\u0123\u0113ts ner\u016bs\u0113jo\u0161ais t\u0113rauds.<\/li>\n<li>Iztur\u012bgs pret steriliz\u0101ciju saus\u0101 karstuma kr\u0101sn\u012b un autokl\u0101v\u0101.<\/li>\n<li>Var dezinfic\u0113t.<\/li>\n<li>Manik\u012bra veik\u0161anai un k\u0101 pal\u012bginstruments apar\u0101ta manik\u012bra\/pedik\u012bra pabeig\u0161anai.<\/li>\n<\/ul>\n","protected":false},"featured_media":9496,"comment_status":"closed","ping_status":"closed","template":"","meta":{"site-sidebar-layout":"default","site-content-layout":"","ast-site-content-layout":"default","site-content-style":"default","site-sidebar-style":"default","ast-global-header-display":"","ast-banner-title-visibility":"","ast-main-header-display":"","ast-hfb-above-header-display":"","ast-hfb-below-header-display":"","ast-hfb-mobile-header-display":"","site-post-title":"","ast-breadcrumbs-content":"","ast-featured-img":"","footer-sml-layout":"","theme-transparent-header-meta":"default","adv-header-id-meta":"","stick-header-meta":"","header-above-stick-meta":"","header-main-stick-meta":"","header-below-stick-meta":"","astra-migrate-meta-layouts":"set","ast-page-background-enabled":"default","ast-page-background-meta":{"desktop":{"background-color":"","background-image":"","background-repeat":"repeat","background-position":"center center","background-size":"auto","background-attachment":"scroll","background-type":"","background-media":"","overlay-type":"","overlay-color":"","overlay-opacity":"","overlay-gradient":""},"tablet":{"background-color":"","background-image":"","background-repeat":"repeat","background-position":"center center","background-size":"auto","background-attachment":"scroll","background-type":"","background-media":"","overlay-type":"","overlay-color":"","overlay-opacity":"","overlay-gradient":""},"mobile":{"background-color":"","background-image":"","background-repeat":"repeat","background-position":"center center","background-size":"auto","background-attachment":"scroll","background-type":"","background-media":"","overlay-type":"","overlay-color":"","overlay-opacity":"","overlay-gradient":""}},"ast-content-background-meta":{"desktop":{"background-color":"var(--ast-global-color-5)","background-image":"","background-repeat":"repeat","background-position":"center center","background-size":"auto","background-attachment":"scroll","background-type":"","background-media":"","overlay-type":"","overlay-color":"","overlay-opacity":"","overlay-gradient":""},"tablet":{"background-color":"var(--ast-global-color-5)","background-image":"","background-repeat":"repeat","background-position":"center center","background-size":"auto","background-attachment":"scroll","background-type":"","background-media":"","overlay-type":"","overlay-color":"","overlay-opacity":"","overlay-gradient":""},"mobile":{"background-color":"var(--ast-global-color-5)","background-image":"","background-repeat":"repeat","background-position":"center center","background-size":"auto","background-attachment":"scroll","background-type":"","background-media":"","overlay-type":"","overlay-color":"","overlay-opacity":"","overlay-gradient":""}}},"product_brand":[],"product_cat":[2301,2472],"product_tag":[2396,2502,2317],"class_list":{"0":"post-9493","1":"product","2":"type-product","3":"status-publish","4":"has-post-thumbnail","6":"product_cat-tools-lv","7":"product_cat-kutikulas-knaibles","8":"product_tag-cuticle-nippers-lv","9":"product_tag-ns-30-5-lv","10":"product_tag-staleks-pro-lv","11":"desktop-align-left","12":"tablet-align-left","13":"mobile-align-left","15":"first","16":"instock","17":"taxable","18":"shipping-taxable","19":"purchasable","20":"product-type-simple"},"jetpack_sharing_enabled":true,"_links":{"self":[{"href":"https:\/\/tihani.eu\/lv\/wp-json\/wp\/v2\/product\/9493","targetHints":{"allow":["GET"]}}],"collection":[{"href":"https:\/\/tihani.eu\/lv\/wp-json\/wp\/v2\/product"}],"about":[{"href":"https:\/\/tihani.eu\/lv\/wp-json\/wp\/v2\/types\/product"}],"replies":[{"embeddable":true,"href":"https:\/\/tihani.eu\/lv\/wp-json\/wp\/v2\/comments?post=9493"}],"wp:featuredmedia":[{"embeddable":true,"href":"https:\/\/tihani.eu\/lv\/wp-json\/wp\/v2\/media\/9496"}],"wp:attachment":[{"href":"https:\/\/tihani.eu\/lv\/wp-json\/wp\/v2\/media?parent=9493"}],"wp:term":[{"taxonomy":"product_brand","embeddable":true,"href":"https:\/\/tihani.eu\/lv\/wp-json\/wp\/v2\/product_brand?post=9493"},{"taxonomy":"product_cat","embeddable":true,"href":"https:\/\/tihani.eu\/lv\/wp-json\/wp\/v2\/product_cat?post=9493"},{"taxonomy":"product_tag","embeddable":true,"href":"https:\/\/tihani.eu\/lv\/wp-json\/wp\/v2\/product_tag?post=9493"}],"curies":[{"name":"wp","href":"https:\/\/api.w.org\/{rel}","templated":true}]}}