{"id":9296,"date":"2024-05-28T12:45:04","date_gmt":"2024-05-28T10:45:04","guid":{"rendered":"https:\/\/tihani.eu\/?post_type=product&#038;p=9296"},"modified":"2024-05-28T12:53:39","modified_gmt":"2024-05-28T10:53:39","slug":"staleks-profesionalas-kutikulas-skeres-exclusive-211-magnolija-ar-aki-copy","status":"publish","type":"product","link":"https:\/\/tihani.eu\/lv\/produkts\/staleks-profesionalas-kutikulas-skeres-exclusive-211-magnolija-ar-aki-copy\/","title":{"rendered":"STALEKS PROFESION\u0100LAS KUTIKULAS \u0160\u0136\u0112RES EXCLUSIVE 22|1 MAGNOLIJA"},"content":{"rendered":"<p>ARTIKULS: SX-22\/1m<\/p>\n<p>SPECIFIK\u0100CIJAS:<\/p>\n<table class=\"woocommerce-product-attributes shop_attributes\">\n<tbody>\n<tr class=\"woocommerce-product-attributes-item woocommerce-product-attributes-item--attribute_pa_seriya\">\n<th class=\"woocommerce-product-attributes-item__label\" style=\"text-align: left;\">S\u0112RIJA<\/th>\n<td class=\"woocommerce-product-attributes-item__value\">Exclusive<\/td>\n<\/tr>\n<tr class=\"woocommerce-product-attributes-item woocommerce-product-attributes-item--attribute_pa_brend\">\n<th class=\"woocommerce-product-attributes-item__label\" style=\"text-align: left;\">Z\u012aMOLS<\/th>\n<td class=\"woocommerce-product-attributes-item__value\">STALEKS PRO<\/td>\n<\/tr>\n<tr class=\"woocommerce-product-attributes-item woocommerce-product-attributes-item--attribute_pa_uzor\">\n<th class=\"woocommerce-product-attributes-item__label\" style=\"text-align: left;\">RAKSTS<\/th>\n<td class=\"woocommerce-product-attributes-item__value\">Magnolija<\/td>\n<\/tr>\n<tr class=\"woocommerce-product-attributes-item woocommerce-product-attributes-item--attribute_pa_dlina-instrumenta\">\n<th class=\"woocommerce-product-attributes-item__label\" style=\"text-align: left;\">INSTRUMENTA GARUMS<\/th>\n<td class=\"woocommerce-product-attributes-item__value\">102\u00b11 mm<\/td>\n<\/tr>\n<tr class=\"woocommerce-product-attributes-item woocommerce-product-attributes-item--attribute_pa_material\">\n<th class=\"woocommerce-product-attributes-item__label\" style=\"text-align: left;\">MATERI\u0100LS<\/th>\n<td class=\"woocommerce-product-attributes-item__value\">Ner\u016bs\u0113jo\u0161ais t\u0113rauds<\/td>\n<\/tr>\n<tr class=\"woocommerce-product-attributes-item woocommerce-product-attributes-item--attribute_pa_dezinfekcziya\">\n<th class=\"woocommerce-product-attributes-item__label\" style=\"text-align: left;\">DEZINFEKCIJA<\/th>\n<td class=\"woocommerce-product-attributes-item__value\">J\u0101<\/td>\n<\/tr>\n<tr class=\"woocommerce-product-attributes-item woocommerce-product-attributes-item--attribute_pa_sterilizacziya\">\n<th class=\"woocommerce-product-attributes-item__label\" style=\"text-align: left;\">STERILIZ\u0100CIJA<\/th>\n<td class=\"woocommerce-product-attributes-item__value\">J\u0101<\/td>\n<\/tr>\n<tr class=\"woocommerce-product-attributes-item woocommerce-product-attributes-item--attribute_pa_naznachenie\">\n<th class=\"woocommerce-product-attributes-item__label\" style=\"text-align: left;\">M\u0112R\u0136IS<\/th>\n<td class=\"woocommerce-product-attributes-item__value\">Manik\u012bram<\/td>\n<\/tr>\n<\/tbody>\n<\/table>\n","protected":false},"excerpt":{"rendered":"<p>GALVEN\u0100S \u012aPA\u0160\u012aBAS:<\/p>\n<ul>\n<li>Ide\u0101ls l\u012bdzsvars starp grie\u0161anas plaknes biezumu un asumu.<\/li>\n<li>\u0160auri gali.<\/li>\n<li>Pagarin\u0101ti rokturi lab\u0101kai piek\u013cuvei kutikul\u0101m un lab\u0101kai p\u0101rskat\u0101m\u012bbai.<\/li>\n<li>Manu\u0101li asin\u0101ts, izmantojot mikroskopu.<\/li>\n<li>Pul\u0113ta grie\u0161anas mala \u0137irur\u0123iski prec\u012bzai kutikulu grie\u0161anai.<\/li>\n<li>Izcila materi\u0101la ciet\u012bba un vienm\u0113r\u012bgs g\u0101jiens.<\/li>\n<li>\u012apa\u0161i iztur\u012bgs materi\u0101ls.<\/li>\n<\/ul>\n","protected":false},"featured_media":9299,"comment_status":"closed","ping_status":"closed","template":"","meta":{"site-sidebar-layout":"default","site-content-layout":"","ast-site-content-layout":"default","site-content-style":"default","site-sidebar-style":"default","ast-global-header-display":"","ast-banner-title-visibility":"","ast-main-header-display":"","ast-hfb-above-header-display":"","ast-hfb-below-header-display":"","ast-hfb-mobile-header-display":"","site-post-title":"","ast-breadcrumbs-content":"","ast-featured-img":"","footer-sml-layout":"","theme-transparent-header-meta":"default","adv-header-id-meta":"","stick-header-meta":"","header-above-stick-meta":"","header-main-stick-meta":"","header-below-stick-meta":"","astra-migrate-meta-layouts":"set","ast-page-background-enabled":"default","ast-page-background-meta":{"desktop":{"background-color":"","background-image":"","background-repeat":"repeat","background-position":"center center","background-size":"auto","background-attachment":"scroll","background-type":"","background-media":"","overlay-type":"","overlay-color":"","overlay-opacity":"","overlay-gradient":""},"tablet":{"background-color":"","background-image":"","background-repeat":"repeat","background-position":"center center","background-size":"auto","background-attachment":"scroll","background-type":"","background-media":"","overlay-type":"","overlay-color":"","overlay-opacity":"","overlay-gradient":""},"mobile":{"background-color":"","background-image":"","background-repeat":"repeat","background-position":"center center","background-size":"auto","background-attachment":"scroll","background-type":"","background-media":"","overlay-type":"","overlay-color":"","overlay-opacity":"","overlay-gradient":""}},"ast-content-background-meta":{"desktop":{"background-color":"var(--ast-global-color-5)","background-image":"","background-repeat":"repeat","background-position":"center center","background-size":"auto","background-attachment":"scroll","background-type":"","background-media":"","overlay-type":"","overlay-color":"","overlay-opacity":"","overlay-gradient":""},"tablet":{"background-color":"var(--ast-global-color-5)","background-image":"","background-repeat":"repeat","background-position":"center center","background-size":"auto","background-attachment":"scroll","background-type":"","background-media":"","overlay-type":"","overlay-color":"","overlay-opacity":"","overlay-gradient":""},"mobile":{"background-color":"var(--ast-global-color-5)","background-image":"","background-repeat":"repeat","background-position":"center center","background-size":"auto","background-attachment":"scroll","background-type":"","background-media":"","overlay-type":"","overlay-color":"","overlay-opacity":"","overlay-gradient":""}}},"product_brand":[],"product_cat":[2301,2410],"product_tag":[2412,2411,2422],"class_list":{"0":"post-9296","1":"product","2":"type-product","3":"status-publish","4":"has-post-thumbnail","6":"product_cat-tools-lv","7":"product_cat-scissors-lv","8":"product_tag-exclusive-lv","9":"product_tag-scissors-lv","10":"product_tag-sx-22-1m-lv","11":"desktop-align-left","12":"tablet-align-left","13":"mobile-align-left","15":"first","16":"instock","17":"taxable","18":"shipping-taxable","19":"purchasable","20":"product-type-simple"},"jetpack_sharing_enabled":true,"_links":{"self":[{"href":"https:\/\/tihani.eu\/lv\/wp-json\/wp\/v2\/product\/9296","targetHints":{"allow":["GET"]}}],"collection":[{"href":"https:\/\/tihani.eu\/lv\/wp-json\/wp\/v2\/product"}],"about":[{"href":"https:\/\/tihani.eu\/lv\/wp-json\/wp\/v2\/types\/product"}],"replies":[{"embeddable":true,"href":"https:\/\/tihani.eu\/lv\/wp-json\/wp\/v2\/comments?post=9296"}],"wp:featuredmedia":[{"embeddable":true,"href":"https:\/\/tihani.eu\/lv\/wp-json\/wp\/v2\/media\/9299"}],"wp:attachment":[{"href":"https:\/\/tihani.eu\/lv\/wp-json\/wp\/v2\/media?parent=9296"}],"wp:term":[{"taxonomy":"product_brand","embeddable":true,"href":"https:\/\/tihani.eu\/lv\/wp-json\/wp\/v2\/product_brand?post=9296"},{"taxonomy":"product_cat","embeddable":true,"href":"https:\/\/tihani.eu\/lv\/wp-json\/wp\/v2\/product_cat?post=9296"},{"taxonomy":"product_tag","embeddable":true,"href":"https:\/\/tihani.eu\/lv\/wp-json\/wp\/v2\/product_tag?post=9296"}],"curies":[{"name":"wp","href":"https:\/\/api.w.org\/{rel}","templated":true}]}}