{"id":9091,"date":"2024-05-27T11:34:02","date_gmt":"2024-05-27T09:34:02","guid":{"rendered":"https:\/\/tihani.eu\/product\/staleks-pro-kirete-un-noapalots-puseris-podo-20\/"},"modified":"2024-05-27T11:34:02","modified_gmt":"2024-05-27T09:34:02","slug":"staleks-pro-kirete-un-noapalots-puseris-podo-20","status":"publish","type":"product","link":"https:\/\/tihani.eu\/lv\/produkts\/staleks-pro-kirete-un-noapalots-puseris-podo-20\/","title":{"rendered":"STALEKS PRO KIRETE UN NOAPA\u013bOTS PU\u0160ERIS PODO 20"},"content":{"rendered":"<p>ARTIKULS: PP-20\/1<\/p>\n<p>SPECIFIK\u0100CIJAS:<\/p>\n<table class=\"woocommerce-product-attributes shop_attributes\">\n<tbody>\n<tr class=\"woocommerce-product-attributes-item woocommerce-product-attributes-item--attribute_pa_naznachenie\">\n<th class=\"woocommerce-product-attributes-item__label\" style=\"text-align: left;\">M\u0112R\u0136IS<\/th>\n<td class=\"woocommerce-product-attributes-item__value\">Pedik\u012bram<\/td>\n<\/tr>\n<tr class=\"woocommerce-product-attributes-item woocommerce-product-attributes-item--attribute_pa_brend\">\n<th class=\"woocommerce-product-attributes-item__label\" style=\"text-align: left;\">Z\u012aMOLS<\/th>\n<td class=\"woocommerce-product-attributes-item__value\">STALEKS PRO<\/td>\n<\/tr>\n<tr class=\"woocommerce-product-attributes-item woocommerce-product-attributes-item--attribute_pa_seriya\">\n<th class=\"woocommerce-product-attributes-item__label\" style=\"text-align: left;\">S\u0112RIJA<\/th>\n<td class=\"woocommerce-product-attributes-item__value\">Podo<\/td>\n<\/tr>\n<tr class=\"woocommerce-product-attributes-item woocommerce-product-attributes-item--attribute_pa_material\">\n<th class=\"woocommerce-product-attributes-item__label\" style=\"text-align: left;\">MATERI\u0100LS<\/th>\n<td class=\"woocommerce-product-attributes-item__value\">Ner\u016bs\u0113jo\u0161ais t\u0113rauds<\/td>\n<\/tr>\n<tr class=\"woocommerce-product-attributes-item woocommerce-product-attributes-item--attribute_pa_rabochaya-chast\">\n<th class=\"woocommerce-product-attributes-item__label\" style=\"text-align: left;\">DARBA DA\u013bA<\/th>\n<td class=\"woocommerce-product-attributes-item__value\">Kirete, noapa\u013cots pu\u0161eris<\/td>\n<\/tr>\n<\/tbody>\n<\/table>\n","protected":false},"excerpt":{"rendered":"<p>GALVEN\u0100S \u012aPA\u0160\u012aBAS:<\/p>\n<ul>\n<li>Divpus\u0113js podolo\u0123ijas instruments.<\/li>\n<li>Darba da\u013ca \u201cnoapa\u013cotais pu\u0161eris\u201d ir paredz\u0113ta naga pl\u0101ksn\u012btes att\u012br\u012b\u0161anai no pterigija.<\/li>\n<li>Darba da\u013ca \u201ckirete\u201d \u013cauj no\u0146emt sausus tulznas un da\u013c\u0113ji apstr\u0101d\u0101t ieaugu\u0161us nagus.<\/li>\n<li>Kirete ir neaizst\u0101jama, lai no\u0146emtu pl\u0101nu pterija pl\u0113v\u012bti uz nagiem, k\u0101 ar\u012b izt\u012br\u012btu sinusu starp s\u0101nu naga krok\u0101m un naga pl\u0101ksn\u012bti.<\/li>\n<li>Kiretes izliekums atbilst naga pl\u0101ksn\u012btes formai, un instrumenta izliektais \u201cdeguns\u201d \u013cauj viegli no\u0146emt atmiru\u0161\u0101s epit\u0113lija \u0161\u016bnas zem naga starp naga pl\u0101ksn\u012bti un kutikulu.<\/li>\n<li>Gofr\u0113ts rokturis uzlabo instrumenta satv\u0113rienu plaukst\u0101.<\/li>\n<li>Iztur\u012bgs, pret r\u016bsu iztur\u012bgs ner\u016bs\u0113jo\u0161ais t\u0113rauds.<\/li>\n<li>Papildu iztur\u012bba pret koroziju, pateicoties pul\u0113\u0161anai ar GOI pastu.<\/li>\n<li>Var pak\u013caut visu veidu steriliz\u0101cijai un dezinfekcijai.<\/li>\n<li>Veikt \u0101rstniecisko pedik\u012bru.<\/li>\n<\/ul>\n","protected":false},"featured_media":9079,"comment_status":"closed","ping_status":"closed","template":"","meta":{"site-sidebar-layout":"default","site-content-layout":"","ast-site-content-layout":"default","site-content-style":"default","site-sidebar-style":"default","ast-global-header-display":"","ast-banner-title-visibility":"","ast-main-header-display":"","ast-hfb-above-header-display":"","ast-hfb-below-header-display":"","ast-hfb-mobile-header-display":"","site-post-title":"","ast-breadcrumbs-content":"","ast-featured-img":"","footer-sml-layout":"","theme-transparent-header-meta":"default","adv-header-id-meta":"","stick-header-meta":"","header-above-stick-meta":"","header-main-stick-meta":"","header-below-stick-meta":"","astra-migrate-meta-layouts":"default","ast-page-background-enabled":"default","ast-page-background-meta":{"desktop":{"background-color":"","background-image":"","background-repeat":"repeat","background-position":"center center","background-size":"auto","background-attachment":"scroll","background-type":"","background-media":"","overlay-type":"","overlay-color":"","overlay-opacity":"","overlay-gradient":""},"tablet":{"background-color":"","background-image":"","background-repeat":"repeat","background-position":"center center","background-size":"auto","background-attachment":"scroll","background-type":"","background-media":"","overlay-type":"","overlay-color":"","overlay-opacity":"","overlay-gradient":""},"mobile":{"background-color":"","background-image":"","background-repeat":"repeat","background-position":"center center","background-size":"auto","background-attachment":"scroll","background-type":"","background-media":"","overlay-type":"","overlay-color":"","overlay-opacity":"","overlay-gradient":""}},"ast-content-background-meta":{"desktop":{"background-color":"var(--ast-global-color-5)","background-image":"","background-repeat":"repeat","background-position":"center center","background-size":"auto","background-attachment":"scroll","background-type":"","background-media":"","overlay-type":"","overlay-color":"","overlay-opacity":"","overlay-gradient":""},"tablet":{"background-color":"var(--ast-global-color-5)","background-image":"","background-repeat":"repeat","background-position":"center center","background-size":"auto","background-attachment":"scroll","background-type":"","background-media":"","overlay-type":"","overlay-color":"","overlay-opacity":"","overlay-gradient":""},"mobile":{"background-color":"var(--ast-global-color-5)","background-image":"","background-repeat":"repeat","background-position":"center center","background-size":"auto","background-attachment":"scroll","background-type":"","background-media":"","overlay-type":"","overlay-color":"","overlay-opacity":"","overlay-gradient":""}}},"product_brand":[],"product_cat":[2301,2354],"product_tag":[2355,2361,2317],"class_list":{"0":"post-9091","1":"product","2":"type-product","3":"status-publish","4":"has-post-thumbnail","6":"product_cat-tools-lv","7":"product_cat-curette-lv","8":"product_tag-curette-lv","9":"product_tag-podo-20-lv","10":"product_tag-staleks-pro-lv","11":"desktop-align-left","12":"tablet-align-left","13":"mobile-align-left","15":"first","16":"instock","17":"taxable","18":"shipping-taxable","19":"purchasable","20":"product-type-simple"},"jetpack_sharing_enabled":true,"_links":{"self":[{"href":"https:\/\/tihani.eu\/lv\/wp-json\/wp\/v2\/product\/9091","targetHints":{"allow":["GET"]}}],"collection":[{"href":"https:\/\/tihani.eu\/lv\/wp-json\/wp\/v2\/product"}],"about":[{"href":"https:\/\/tihani.eu\/lv\/wp-json\/wp\/v2\/types\/product"}],"replies":[{"embeddable":true,"href":"https:\/\/tihani.eu\/lv\/wp-json\/wp\/v2\/comments?post=9091"}],"wp:featuredmedia":[{"embeddable":true,"href":"https:\/\/tihani.eu\/lv\/wp-json\/wp\/v2\/media\/9079"}],"wp:attachment":[{"href":"https:\/\/tihani.eu\/lv\/wp-json\/wp\/v2\/media?parent=9091"}],"wp:term":[{"taxonomy":"product_brand","embeddable":true,"href":"https:\/\/tihani.eu\/lv\/wp-json\/wp\/v2\/product_brand?post=9091"},{"taxonomy":"product_cat","embeddable":true,"href":"https:\/\/tihani.eu\/lv\/wp-json\/wp\/v2\/product_cat?post=9091"},{"taxonomy":"product_tag","embeddable":true,"href":"https:\/\/tihani.eu\/lv\/wp-json\/wp\/v2\/product_tag?post=9091"}],"curies":[{"name":"wp","href":"https:\/\/api.w.org\/{rel}","templated":true}]}}