{"id":9009,"date":"2024-05-22T11:48:24","date_gmt":"2024-05-22T09:48:24","guid":{"rendered":"https:\/\/tihani.eu\/product\/staleks-pro-expert-521-puseris\/"},"modified":"2024-05-22T12:28:25","modified_gmt":"2024-05-22T10:28:25","slug":"staleks-pro-expert-521-puseris","status":"publish","type":"product","link":"https:\/\/tihani.eu\/lv\/produkts\/staleks-pro-expert-521-puseris\/","title":{"rendered":"STALEKS PRO EXPERT 52|1 PU\u0160ERIS"},"content":{"rendered":"<p>ARTIKULS: PE-52\/1<\/p>\n<p>SPECIFIK\u0100CIJAS:<\/p>\n<table class=\"woocommerce-product-attributes shop_attributes\">\n<tbody>\n<tr class=\"woocommerce-product-attributes-item woocommerce-product-attributes-item--attribute_pa_brend\">\n<th class=\"woocommerce-product-attributes-item__label\" style=\"text-align: left;\">Z\u012aMOLS<\/th>\n<td class=\"woocommerce-product-attributes-item__value\">STALEKS PRO<\/td>\n<\/tr>\n<tr class=\"woocommerce-product-attributes-item woocommerce-product-attributes-item--attribute_pa_seriya\">\n<th class=\"woocommerce-product-attributes-item__label\" style=\"text-align: left;\">S\u0112RIJA<\/th>\n<td class=\"woocommerce-product-attributes-item__value\">Expert<\/td>\n<\/tr>\n<tr class=\"woocommerce-product-attributes-item woocommerce-product-attributes-item--attribute_pa_naznachenie\">\n<th class=\"woocommerce-product-attributes-item__label\" style=\"text-align: left;\">M\u0112R\u0136IS<\/th>\n<td class=\"woocommerce-product-attributes-item__value\">Manik\u012bram un pedik\u012bram<\/td>\n<\/tr>\n<tr class=\"woocommerce-product-attributes-item woocommerce-product-attributes-item--attribute_pa_material\">\n<th class=\"woocommerce-product-attributes-item__label\" style=\"text-align: left;\">MATERI\u0100LS<\/th>\n<td class=\"woocommerce-product-attributes-item__value\">Ner\u016bs\u0113jo\u0161ais t\u0113rauds<\/td>\n<\/tr>\n<tr class=\"woocommerce-product-attributes-item woocommerce-product-attributes-item--attribute_pa_diametr\">\n<th class=\"woocommerce-product-attributes-item__label\" style=\"text-align: left;\">DIAMETRS<\/th>\n<td class=\"woocommerce-product-attributes-item__value\">7 mm<\/td>\n<\/tr>\n<tr class=\"woocommerce-product-attributes-item woocommerce-product-attributes-item--attribute_pa_rabochaya-chast\">\n<th class=\"woocommerce-product-attributes-item__label\" style=\"text-align: left;\">DARBA DA\u013bA<\/th>\n<td class=\"woocommerce-product-attributes-item__value\">Plats pu\u0161eris, smalks pu\u0161eris<\/td>\n<\/tr>\n<tr class=\"woocommerce-product-attributes-item woocommerce-product-attributes-item--attribute_pa_dezinfekcziya\">\n<th class=\"woocommerce-product-attributes-item__label\" style=\"text-align: left;\">DEZINFEKCIJA<\/th>\n<td class=\"woocommerce-product-attributes-item__value\">J\u0101<\/td>\n<\/tr>\n<tr class=\"woocommerce-product-attributes-item woocommerce-product-attributes-item--attribute_pa_sterilizacziya\">\n<th class=\"woocommerce-product-attributes-item__label\" style=\"text-align: left;\">STERILIZ\u0100CIJA<\/th>\n<td class=\"woocommerce-product-attributes-item__value\">J\u0101<\/td>\n<\/tr>\n<\/tbody>\n<\/table>\n","protected":false},"excerpt":{"rendered":"<div class=\"woocommerce-product-details__short-description\">\n<div class=\"u-toggle-text-next-btn --short --expanded\">\n<p>GALVEN\u0100S \u012aPA\u0160\u012aBAS:<\/p>\n<ul>\n<li>Pu\u0161eris smalks, pu\u0161eris plats.<\/li>\n<li>2 pu\u0161eru izm\u0113ri da\u017e\u0101d\u0101m nagu form\u0101m.<\/li>\n<li>Noapa\u013cota pu\u0161era forma \u0113rtai sinusu apstr\u0101dei.<\/li>\n<li>Izliekta forma \u013cauj atb\u012bd\u012bt stipri pielipu\u0161\u0101s kutikulas, neboj\u0101jot naga pl\u0101ksn\u012bti, k\u0101 ar\u012b pal\u012bdz g\u0113la paliekas p\u0113c soak-off proced\u016bras.<\/li>\n<li>Plakans nesl\u012bdo\u0161s rokturis lieliskam satv\u0113rienam.<\/li>\n<li>Papildu iztur\u012bba pret koroziju, pateicoties pul\u0113\u0161anai ar GOI sl\u012bp\u0113\u0161anas pastu.<\/li>\n<li>AISI 420 ner\u016bs\u0113jo\u0161ais t\u0113rauds.<\/li>\n<\/ul>\n<\/div>\n<\/div>\n","protected":false},"featured_media":8997,"comment_status":"closed","ping_status":"closed","template":"","meta":{"site-sidebar-layout":"default","site-content-layout":"","ast-site-content-layout":"default","site-content-style":"default","site-sidebar-style":"default","ast-global-header-display":"","ast-banner-title-visibility":"","ast-main-header-display":"","ast-hfb-above-header-display":"","ast-hfb-below-header-display":"","ast-hfb-mobile-header-display":"","site-post-title":"","ast-breadcrumbs-content":"","ast-featured-img":"","footer-sml-layout":"","theme-transparent-header-meta":"default","adv-header-id-meta":"","stick-header-meta":"","header-above-stick-meta":"","header-main-stick-meta":"","header-below-stick-meta":"","astra-migrate-meta-layouts":"default","ast-page-background-enabled":"default","ast-page-background-meta":{"desktop":{"background-color":"","background-image":"","background-repeat":"repeat","background-position":"center center","background-size":"auto","background-attachment":"scroll","background-type":"","background-media":"","overlay-type":"","overlay-color":"","overlay-opacity":"","overlay-gradient":""},"tablet":{"background-color":"","background-image":"","background-repeat":"repeat","background-position":"center center","background-size":"auto","background-attachment":"scroll","background-type":"","background-media":"","overlay-type":"","overlay-color":"","overlay-opacity":"","overlay-gradient":""},"mobile":{"background-color":"","background-image":"","background-repeat":"repeat","background-position":"center center","background-size":"auto","background-attachment":"scroll","background-type":"","background-media":"","overlay-type":"","overlay-color":"","overlay-opacity":"","overlay-gradient":""}},"ast-content-background-meta":{"desktop":{"background-color":"var(--ast-global-color-5)","background-image":"","background-repeat":"repeat","background-position":"center center","background-size":"auto","background-attachment":"scroll","background-type":"","background-media":"","overlay-type":"","overlay-color":"","overlay-opacity":"","overlay-gradient":""},"tablet":{"background-color":"var(--ast-global-color-5)","background-image":"","background-repeat":"repeat","background-position":"center center","background-size":"auto","background-attachment":"scroll","background-type":"","background-media":"","overlay-type":"","overlay-color":"","overlay-opacity":"","overlay-gradient":""},"mobile":{"background-color":"var(--ast-global-color-5)","background-image":"","background-repeat":"repeat","background-position":"center center","background-size":"auto","background-attachment":"scroll","background-type":"","background-media":"","overlay-type":"","overlay-color":"","overlay-opacity":"","overlay-gradient":""}}},"product_brand":[],"product_cat":[2301,2322],"product_tag":[2337,2326,2317],"class_list":{"0":"post-9009","1":"product","2":"type-product","3":"status-publish","4":"has-post-thumbnail","6":"product_cat-tools-lv","7":"product_cat-pusher-lv","8":"product_tag-pe-52-1-lv","9":"product_tag-pusher-lv","10":"product_tag-staleks-pro-lv","11":"desktop-align-left","12":"tablet-align-left","13":"mobile-align-left","15":"first","16":"instock","17":"taxable","18":"shipping-taxable","19":"purchasable","20":"product-type-simple"},"jetpack_sharing_enabled":true,"_links":{"self":[{"href":"https:\/\/tihani.eu\/lv\/wp-json\/wp\/v2\/product\/9009","targetHints":{"allow":["GET"]}}],"collection":[{"href":"https:\/\/tihani.eu\/lv\/wp-json\/wp\/v2\/product"}],"about":[{"href":"https:\/\/tihani.eu\/lv\/wp-json\/wp\/v2\/types\/product"}],"replies":[{"embeddable":true,"href":"https:\/\/tihani.eu\/lv\/wp-json\/wp\/v2\/comments?post=9009"}],"wp:featuredmedia":[{"embeddable":true,"href":"https:\/\/tihani.eu\/lv\/wp-json\/wp\/v2\/media\/8997"}],"wp:attachment":[{"href":"https:\/\/tihani.eu\/lv\/wp-json\/wp\/v2\/media?parent=9009"}],"wp:term":[{"taxonomy":"product_brand","embeddable":true,"href":"https:\/\/tihani.eu\/lv\/wp-json\/wp\/v2\/product_brand?post=9009"},{"taxonomy":"product_cat","embeddable":true,"href":"https:\/\/tihani.eu\/lv\/wp-json\/wp\/v2\/product_cat?post=9009"},{"taxonomy":"product_tag","embeddable":true,"href":"https:\/\/tihani.eu\/lv\/wp-json\/wp\/v2\/product_tag?post=9009"}],"curies":[{"name":"wp","href":"https:\/\/api.w.org\/{rel}","templated":true}]}}