{"id":8976,"date":"2024-05-22T10:19:19","date_gmt":"2024-05-22T08:19:19","guid":{"rendered":"https:\/\/tihani.eu\/product\/staleks-pro-expert-304-2-puseris\/"},"modified":"2024-05-22T11:09:33","modified_gmt":"2024-05-22T09:09:33","slug":"staleks-pro-expert-304-2-puseris","status":"publish","type":"product","link":"https:\/\/tihani.eu\/lv\/produkts\/staleks-pro-expert-304-2-puseris\/","title":{"rendered":"STALEKS PRO EXPERT 30|4.2 PU\u0160ERIS"},"content":{"rendered":"<p>ARTIKULS: PE-30\/4.2<\/p>\n<p>SPECIFIK\u0100CIJAS:<\/p>\n<table class=\"woocommerce-product-attributes shop_attributes\">\n<tbody>\n<tr class=\"woocommerce-product-attributes-item woocommerce-product-attributes-item--attribute_pa_brend\">\n<th class=\"woocommerce-product-attributes-item__label\" style=\"text-align: left;\">Z\u012aMOLS<\/th>\n<td class=\"woocommerce-product-attributes-item__value\">STALEKS PRO<\/td>\n<\/tr>\n<tr class=\"woocommerce-product-attributes-item woocommerce-product-attributes-item--attribute_pa_seriya\">\n<th class=\"woocommerce-product-attributes-item__label\" style=\"text-align: left;\">S\u0112RIJA<\/th>\n<td class=\"woocommerce-product-attributes-item__value\">Expert<\/td>\n<\/tr>\n<tr class=\"woocommerce-product-attributes-item woocommerce-product-attributes-item--attribute_pa_naznachenie\">\n<th class=\"woocommerce-product-attributes-item__label\" style=\"text-align: left;\">M\u0112R\u0136IS<\/th>\n<td class=\"woocommerce-product-attributes-item__value\">Manik\u012bram un pedik\u012bram<\/td>\n<\/tr>\n<tr class=\"woocommerce-product-attributes-item woocommerce-product-attributes-item--attribute_pa_material\">\n<th class=\"woocommerce-product-attributes-item__label\" style=\"text-align: left;\">MATERI\u0100LS<\/th>\n<td class=\"woocommerce-product-attributes-item__value\">Ner\u016bs\u0113jo\u0161ais t\u0113rauds<\/td>\n<\/tr>\n<tr class=\"woocommerce-product-attributes-item woocommerce-product-attributes-item--attribute_pa_diametr\">\n<th class=\"woocommerce-product-attributes-item__label\" style=\"text-align: left;\">DIAMETRS<\/th>\n<td class=\"woocommerce-product-attributes-item__value\">7 mm<\/td>\n<\/tr>\n<tr class=\"woocommerce-product-attributes-item woocommerce-product-attributes-item--attribute_pa_rabochaya-chast\">\n<th class=\"woocommerce-product-attributes-item__label\" style=\"text-align: left;\">DARBA DA\u013bA<\/th>\n<td class=\"woocommerce-product-attributes-item__value\">Asmens, noapa\u013cots pu\u0161eris<\/td>\n<\/tr>\n<tr class=\"woocommerce-product-attributes-item woocommerce-product-attributes-item--attribute_pa_dezinfekcziya\">\n<th class=\"woocommerce-product-attributes-item__label\" style=\"text-align: left;\">DEZINFEKCIJA<\/th>\n<td class=\"woocommerce-product-attributes-item__value\">J\u0101<\/td>\n<\/tr>\n<tr class=\"woocommerce-product-attributes-item woocommerce-product-attributes-item--attribute_pa_sterilizacziya\">\n<th class=\"woocommerce-product-attributes-item__label\" style=\"text-align: left;\">STERILIZ\u0100CIJA<\/th>\n<td class=\"woocommerce-product-attributes-item__value\">J\u0101<\/td>\n<\/tr>\n<\/tbody>\n<\/table>\n","protected":false},"excerpt":{"rendered":"<div class=\"woocommerce-product-details__short-description\">\n<div class=\"u-toggle-text-next-btn --short --expanded\">\n<p>GALVEN\u0100S \u012aPA\u0160\u012aBAS<\/p>\n<ul>\n<li>Manik\u012bra pu\u0161eris (noapa\u013cots plats pu\u0161eris + liekts asmens).<\/li>\n<li>Darba da\u013ca \u201cst\u016bm\u0113js\u201d ir paredz\u0113ta kutikulas pacel\u0161anai un atgr\u016b\u0161anai atpaka\u013c, lai to t\u0101l\u0101k no\u0146emtu.<\/li>\n<li>Pateicoties nelielam izliekumam, kas atk\u0101rto naga formu, pu\u0161eris cie\u0161i piegu\u013c naga pl\u0101ksnei.<\/li>\n<li>Izliekt\u0101 asmens darba da\u013ca tiek izmantota, lai not\u012br\u012btu pterigiju no naga pl\u0101ksn\u012btes.<\/li>\n<li>\u0112rts asmens sl\u012bpums lab\u0101s rokas nagu meistariem.<\/li>\n<li>Profesion\u0101la asin\u0101\u0161ana ar rok\u0101m.<\/li>\n<li>Ieteicams manik\u012bra un pedik\u012bra veik\u0161anai.<\/li>\n<li>Rievots rokturis uzlabo instrumenta satver\u0161anu rok\u0101s<\/li>\n<li>Papildu instrumentu iztur\u012bba pret koroziju, ko nodro\u0161ina pul\u0113\u0161ana ar GOI pastu.<\/li>\n<li>Ner\u016bs\u0113jo\u0161ais t\u0113rauds 08X18H10 (AISI 304).<\/li>\n<\/ul>\n<\/div>\n<\/div>\n","protected":false},"featured_media":8974,"comment_status":"closed","ping_status":"closed","template":"","meta":{"site-sidebar-layout":"default","site-content-layout":"","ast-site-content-layout":"default","site-content-style":"default","site-sidebar-style":"default","ast-global-header-display":"","ast-banner-title-visibility":"","ast-main-header-display":"","ast-hfb-above-header-display":"","ast-hfb-below-header-display":"","ast-hfb-mobile-header-display":"","site-post-title":"","ast-breadcrumbs-content":"","ast-featured-img":"","footer-sml-layout":"","theme-transparent-header-meta":"default","adv-header-id-meta":"","stick-header-meta":"","header-above-stick-meta":"","header-main-stick-meta":"","header-below-stick-meta":"","astra-migrate-meta-layouts":"default","ast-page-background-enabled":"default","ast-page-background-meta":{"desktop":{"background-color":"","background-image":"","background-repeat":"repeat","background-position":"center center","background-size":"auto","background-attachment":"scroll","background-type":"","background-media":"","overlay-type":"","overlay-color":"","overlay-opacity":"","overlay-gradient":""},"tablet":{"background-color":"","background-image":"","background-repeat":"repeat","background-position":"center center","background-size":"auto","background-attachment":"scroll","background-type":"","background-media":"","overlay-type":"","overlay-color":"","overlay-opacity":"","overlay-gradient":""},"mobile":{"background-color":"","background-image":"","background-repeat":"repeat","background-position":"center center","background-size":"auto","background-attachment":"scroll","background-type":"","background-media":"","overlay-type":"","overlay-color":"","overlay-opacity":"","overlay-gradient":""}},"ast-content-background-meta":{"desktop":{"background-color":"var(--ast-global-color-5)","background-image":"","background-repeat":"repeat","background-position":"center center","background-size":"auto","background-attachment":"scroll","background-type":"","background-media":"","overlay-type":"","overlay-color":"","overlay-opacity":"","overlay-gradient":""},"tablet":{"background-color":"var(--ast-global-color-5)","background-image":"","background-repeat":"repeat","background-position":"center center","background-size":"auto","background-attachment":"scroll","background-type":"","background-media":"","overlay-type":"","overlay-color":"","overlay-opacity":"","overlay-gradient":""},"mobile":{"background-color":"var(--ast-global-color-5)","background-image":"","background-repeat":"repeat","background-position":"center center","background-size":"auto","background-attachment":"scroll","background-type":"","background-media":"","overlay-type":"","overlay-color":"","overlay-opacity":"","overlay-gradient":""}}},"product_brand":[],"product_cat":[2301,2322],"product_tag":[2331,2326,2304],"class_list":{"0":"post-8976","1":"product","2":"type-product","3":"status-publish","4":"has-post-thumbnail","6":"product_cat-tools-lv","7":"product_cat-pusher-lv","8":"product_tag-expert-304-2-lv","9":"product_tag-pusher-lv","10":"product_tag-staleks-lv","11":"desktop-align-left","12":"tablet-align-left","13":"mobile-align-left","15":"first","16":"instock","17":"taxable","18":"shipping-taxable","19":"purchasable","20":"product-type-simple"},"jetpack_sharing_enabled":true,"_links":{"self":[{"href":"https:\/\/tihani.eu\/lv\/wp-json\/wp\/v2\/product\/8976","targetHints":{"allow":["GET"]}}],"collection":[{"href":"https:\/\/tihani.eu\/lv\/wp-json\/wp\/v2\/product"}],"about":[{"href":"https:\/\/tihani.eu\/lv\/wp-json\/wp\/v2\/types\/product"}],"replies":[{"embeddable":true,"href":"https:\/\/tihani.eu\/lv\/wp-json\/wp\/v2\/comments?post=8976"}],"wp:featuredmedia":[{"embeddable":true,"href":"https:\/\/tihani.eu\/lv\/wp-json\/wp\/v2\/media\/8974"}],"wp:attachment":[{"href":"https:\/\/tihani.eu\/lv\/wp-json\/wp\/v2\/media?parent=8976"}],"wp:term":[{"taxonomy":"product_brand","embeddable":true,"href":"https:\/\/tihani.eu\/lv\/wp-json\/wp\/v2\/product_brand?post=8976"},{"taxonomy":"product_cat","embeddable":true,"href":"https:\/\/tihani.eu\/lv\/wp-json\/wp\/v2\/product_cat?post=8976"},{"taxonomy":"product_tag","embeddable":true,"href":"https:\/\/tihani.eu\/lv\/wp-json\/wp\/v2\/product_tag?post=8976"}],"curies":[{"name":"wp","href":"https:\/\/api.w.org\/{rel}","templated":true}]}}