{"id":8929,"date":"2024-05-21T12:51:23","date_gmt":"2024-05-21T10:51:23","guid":{"rendered":"https:\/\/tihani.eu\/product\/staleks-pro-expert-61-knaibles-ieaugusiem-nagiem-16mm\/"},"modified":"2024-05-21T13:42:02","modified_gmt":"2024-05-21T11:42:02","slug":"staleks-pro-expert-61-knaibles-ieaugusiem-nagiem-16mm","status":"publish","type":"product","link":"https:\/\/tihani.eu\/lv\/produkts\/staleks-pro-expert-61-knaibles-ieaugusiem-nagiem-16mm\/","title":{"rendered":"STALEKS PRO EXPERT 61 KNAIBLES IEAUGU\u0160IEM NAGIEM (16mm)"},"content":{"rendered":"<p>ARTIKULS: NE-61-16<\/p>\n<p>GALVEN\u0100S \u012aPA\u0160\u012aBAS<\/p>\n<ul>\n<li>Nagu knaibles ir mas\u012bv\u0101kas un sp\u0113c\u012bg\u0101kas nek\u0101 \u0101das knaibles. Liel\u0101s knaibles ir paredz\u0113tas cietiem, rupjiem nagiem, bet vid\u0113j\u0101s un maz\u0101s knaibles ir piem\u0113rotas pl\u0101n\u0101kiem un m\u012bkst\u0101kiem nagiem.<\/li>\n<li>vid\u0113ji cietiem un cietiem nagiem<\/li>\n<li>taisnas grie\u0161anas malas bez sl\u012bpuma<\/li>\n<li>grie\u0161anas da\u013ca bez izvirz\u012bjuma<\/li>\n<li>izstr\u0101d\u0101ts \u0113rtai un prec\u012bzai ieaugu\u0161u nagu no\u0146em\u0161anai, pateicoties \u012bpa\u0161i sa\u0161aurin\u0101tai un pl\u0101nai darba da\u013cai.<\/li>\n<li>\u201cdro\u0161ie\u201d noasin\u0101tie uzga\u013ci nov\u0113r\u0161 traumu risku.<\/li>\n<li>perfekts asums un piln\u012bga griez\u0113jmalu sasl\u0113g\u0161an\u0101s, pateicoties profesion\u0101lai daudzl\u012bme\u0146u asin\u0101\u0161anai, ko meistars veic ar rok\u0101m.<\/li>\n<li>\u0113rta instrumenta novieto\u0161ana un dro\u0161a tur\u0113\u0161ana rok\u0101, pateicoties nelieliem vi\u013c\u0146veida izci\u013c\u0146iem uz roktura.<\/li>\n<li>gluda un viegla instrumenta darb\u012bba, pateicoties ide\u0101lai e\u0146\u0123u savienojumu plak\u0146u mont\u0101\u017eai un sl\u012bp\u0113\u0161anai.<\/li>\n<li>viegla un vienk\u0101r\u0161a instrumenta apkope, pateicoties ori\u0123in\u0101lajai apgrieztai kniedei.<\/li>\n<li>papildu instrumentu iztur\u012bba pret koroziju, ko nodro\u0161ina pul\u0113\u0161ana ar \u0413\u041e\u0418 pastu.<\/li>\n<li>40X13 ner\u016bs\u0113jo\u0161ais t\u0113rauds<\/li>\n<\/ul>\n<p>\u012aPA\u0160\u012aBAS:<\/p>\n<table width=\"767\">\n<tbody>\n<tr>\n<th style=\"text-align: left;\">Z\u012aMOLS<\/th>\n<td>STALEKS PRO<\/td>\n<\/tr>\n<tr>\n<th style=\"text-align: left;\">ASME\u0145A GARUMS, MM<\/th>\n<td>16 mm<\/td>\n<\/tr>\n<tr>\n<th style=\"text-align: left;\">MATERI\u0100LS<\/th>\n<td>40X13 ner\u016bs\u0113jo\u0161ais t\u0113rauds<\/td>\n<\/tr>\n<tr>\n<th style=\"text-align: left;\">M\u0112R\u0136IS<\/th>\n<td>Pedik\u012bram<\/td>\n<\/tr>\n<tr>\n<th style=\"text-align: left;\">ASME\u0145I<\/th>\n<td>Bez sl\u012bpuma<\/td>\n<\/tr>\n<tr>\n<th style=\"text-align: left;\">S\u0112RIJA<\/th>\n<td>PODO<\/td>\n<\/tr>\n<tr>\n<th style=\"text-align: left;\">DEZINFEKCIJA<\/th>\n<td>J\u0101<\/td>\n<\/tr>\n<tr>\n<th style=\"text-align: left;\">STERILIZ\u0100CIJA<\/th>\n<td>J\u0101<\/td>\n<\/tr>\n<\/tbody>\n<\/table>\n","protected":false},"excerpt":{"rendered":"<p>Expert 61 profesion\u0101l\u0101s nagu grieznes ir izgatavotas no 40&#215;13 medic\u012bnisk\u0101 t\u0113rauda.<\/p>\n<p>Nagu knaibles ir mas\u012bv\u0101kas nek\u0101 nagu knaibles. Liel\u0101s nagu knaibles ir paredz\u0113tas stipriem un rupjiem nagiem, savuk\u0101rt vid\u0113ja izm\u0113ra knaibles ir piem\u0113rotas pl\u0101n\u0101kiem un m\u012bkst\u0101kiem nagiem.<\/p>\n<p>Priek\u0161roc\u012bbas:<\/p>\n<ul>\n<li>\u012apa\u0161i konusveida un pl\u0101na darba da\u013ca bez izvirz\u012bjuma (pap\u0113\u017ea).<\/li>\n<li>Nogludin\u0101tie uzga\u013ci nov\u0113r\u0161 ievainojumu risku.<\/li>\n<li>Taisnas grie\u0161anas malas bez sl\u012bpuma.<\/li>\n<li>Nevainojams asums un piln\u012bga griez\u0113jmalu sasl\u0113g\u0161an\u0101s (sasniegts ar profesion\u0101las daudzl\u012bme\u0146u asin\u0101\u0161anas ar rok\u0101m).<\/li>\n<li>Roktura vi\u013c\u0146otie izci\u013c\u0146i \u013cauj rokturi stingr\u0101k satvert ar pirkstiem.<\/li>\n<li>Atsperu meh\u0101nismam ir divas pl\u0101ksn\u012btes (nodro\u0161inot instrumentam m\u012bkstu g\u0101jienu).<\/li>\n<li>Ori\u0123in\u0101l\u0101 apgriezt\u0101 kniede atvieglo apkalpo\u0161anu.<\/li>\n<li>Papildu iztur\u012bba pret koroziju, pateicoties augstas kvalit\u0101tes medic\u012bnisk\u0101 t\u0113rauda izmanto\u0161anai un pul\u0113\u0161anai ar \u0413\u041e\u0418 pastu.<\/li>\n<li>Darbs ar jebkura biezuma nagiem ir vienk\u0101r\u0161\u0101ks, ja j\u016bsu r\u012bc\u012bb\u0101 ir profesion\u0101ls instruments.<\/li>\n<li>Expert 61 nagu knaibles pal\u012bdz\u0113s jums \u0101tr\u0101k un \u0113rt\u0101k veikt ierasto darbu.<\/li>\n<\/ul>\n","protected":false},"featured_media":8926,"comment_status":"closed","ping_status":"closed","template":"","meta":{"site-sidebar-layout":"default","site-content-layout":"","ast-site-content-layout":"default","site-content-style":"default","site-sidebar-style":"default","ast-global-header-display":"","ast-banner-title-visibility":"","ast-main-header-display":"","ast-hfb-above-header-display":"","ast-hfb-below-header-display":"","ast-hfb-mobile-header-display":"","site-post-title":"","ast-breadcrumbs-content":"","ast-featured-img":"","footer-sml-layout":"","theme-transparent-header-meta":"default","adv-header-id-meta":"","stick-header-meta":"","header-above-stick-meta":"","header-main-stick-meta":"","header-below-stick-meta":"","astra-migrate-meta-layouts":"default","ast-page-background-enabled":"default","ast-page-background-meta":{"desktop":{"background-color":"","background-image":"","background-repeat":"repeat","background-position":"center center","background-size":"auto","background-attachment":"scroll","background-type":"","background-media":"","overlay-type":"","overlay-color":"","overlay-opacity":"","overlay-gradient":""},"tablet":{"background-color":"","background-image":"","background-repeat":"repeat","background-position":"center center","background-size":"auto","background-attachment":"scroll","background-type":"","background-media":"","overlay-type":"","overlay-color":"","overlay-opacity":"","overlay-gradient":""},"mobile":{"background-color":"","background-image":"","background-repeat":"repeat","background-position":"center center","background-size":"auto","background-attachment":"scroll","background-type":"","background-media":"","overlay-type":"","overlay-color":"","overlay-opacity":"","overlay-gradient":""}},"ast-content-background-meta":{"desktop":{"background-color":"var(--ast-global-color-5)","background-image":"","background-repeat":"repeat","background-position":"center center","background-size":"auto","background-attachment":"scroll","background-type":"","background-media":"","overlay-type":"","overlay-color":"","overlay-opacity":"","overlay-gradient":""},"tablet":{"background-color":"var(--ast-global-color-5)","background-image":"","background-repeat":"repeat","background-position":"center center","background-size":"auto","background-attachment":"scroll","background-type":"","background-media":"","overlay-type":"","overlay-color":"","overlay-opacity":"","overlay-gradient":""},"mobile":{"background-color":"var(--ast-global-color-5)","background-image":"","background-repeat":"repeat","background-position":"center center","background-size":"auto","background-attachment":"scroll","background-type":"","background-media":"","overlay-type":"","overlay-color":"","overlay-opacity":"","overlay-gradient":""}}},"product_brand":[],"product_cat":[2301,2302],"product_tag":[2318,2317],"class_list":{"0":"post-8929","1":"product","2":"type-product","3":"status-publish","4":"has-post-thumbnail","6":"product_cat-tools-lv","7":"product_cat-pedicure-nippers-lv","8":"product_tag-ne-61-16-lv","9":"product_tag-staleks-pro-lv","10":"desktop-align-left","11":"tablet-align-left","12":"mobile-align-left","14":"first","15":"instock","16":"taxable","17":"shipping-taxable","18":"purchasable","19":"product-type-simple"},"jetpack_sharing_enabled":true,"_links":{"self":[{"href":"https:\/\/tihani.eu\/lv\/wp-json\/wp\/v2\/product\/8929","targetHints":{"allow":["GET"]}}],"collection":[{"href":"https:\/\/tihani.eu\/lv\/wp-json\/wp\/v2\/product"}],"about":[{"href":"https:\/\/tihani.eu\/lv\/wp-json\/wp\/v2\/types\/product"}],"replies":[{"embeddable":true,"href":"https:\/\/tihani.eu\/lv\/wp-json\/wp\/v2\/comments?post=8929"}],"wp:featuredmedia":[{"embeddable":true,"href":"https:\/\/tihani.eu\/lv\/wp-json\/wp\/v2\/media\/8926"}],"wp:attachment":[{"href":"https:\/\/tihani.eu\/lv\/wp-json\/wp\/v2\/media?parent=8929"}],"wp:term":[{"taxonomy":"product_brand","embeddable":true,"href":"https:\/\/tihani.eu\/lv\/wp-json\/wp\/v2\/product_brand?post=8929"},{"taxonomy":"product_cat","embeddable":true,"href":"https:\/\/tihani.eu\/lv\/wp-json\/wp\/v2\/product_cat?post=8929"},{"taxonomy":"product_tag","embeddable":true,"href":"https:\/\/tihani.eu\/lv\/wp-json\/wp\/v2\/product_tag?post=8929"}],"curies":[{"name":"wp","href":"https:\/\/api.w.org\/{rel}","templated":true}]}}