{"id":8909,"date":"2024-05-21T10:50:38","date_gmt":"2024-05-21T08:50:38","guid":{"rendered":"https:\/\/tihani.eu\/product\/staleks-knaibles-ieaugusiem-nagiem-podo-30-18mm\/"},"modified":"2024-05-21T10:50:38","modified_gmt":"2024-05-21T08:50:38","slug":"staleks-knaibles-ieaugusiem-nagiem-podo-30-18mm","status":"publish","type":"product","link":"https:\/\/tihani.eu\/lv\/produkts\/staleks-knaibles-ieaugusiem-nagiem-podo-30-18mm\/","title":{"rendered":"STALEKS KNAIBLES IEAUGU\u0160IEM NAGIEM PODO 30 (18mm)"},"content":{"rendered":"<p>ARTIKULS: NP-30-18<\/p>\n<p>GALVEN\u0100S \u012aPA\u0160\u012aBAS<\/p>\n<ul>\n<li>taisnas grie\u0161anas malas bez sl\u012bpuma;<\/li>\n<li>grie\u0161anas da\u013ca bez izvirz\u012bjumiem;<\/li>\n<li>\u012bpa\u0161a konusveida un pl\u0101na darba da\u013ca r\u016bp\u012bgai ieaugu\u0161u nagu no\u0146em\u0161anai;<\/li>\n<li>manu\u0101la daudzl\u012bme\u0146u asin\u0101\u0161ana, kas ilgsto\u0161i saglab\u0101 instrumenta asumu un praktisk\u0101s \u012bpa\u0161\u012bbas;<\/li>\n<li>\u0113rta novieto\u0161ana un dro\u0161a satv\u0113riena plaukst\u0101, pateicoties nelielaj\u0101m vi\u013c\u0146veida reljefa izci\u013c\u0146iem uz roktura.<\/li>\n<\/ul>\n<p>&nbsp;<\/p>\n<p>\u012aPA\u0160\u012aBAS:<\/p>\n<table width=\"767\">\n<tbody>\n<tr>\n<th style=\"text-align: left;\">Z\u012aMOLS<\/th>\n<td>STALEKS PRO<\/td>\n<\/tr>\n<tr>\n<th style=\"text-align: left;\">ASME\u0145A GARUMS, MM<\/th>\n<td>18 mm<\/td>\n<\/tr>\n<tr>\n<th style=\"text-align: left;\">MATERI\u0100LS<\/th>\n<td style=\"text-align: left;\">Ner\u016bs\u0113jo\u0161ais t\u0113rauds 30&#215;13<\/td>\n<\/tr>\n<tr>\n<th style=\"text-align: left;\">M\u0112R\u0136IS<\/th>\n<td>Pedik\u012bram<\/td>\n<\/tr>\n<tr>\n<th style=\"text-align: left;\">ASME\u0145I<\/th>\n<td>Bez sl\u012bpuma<\/td>\n<\/tr>\n<tr>\n<th style=\"text-align: left;\">S\u0112RIJA<\/th>\n<td>PODO<\/td>\n<\/tr>\n<tr>\n<th style=\"text-align: left;\">DEZINFEKCIJA<\/th>\n<td>J\u0101<\/td>\n<\/tr>\n<tr>\n<th style=\"text-align: left;\">STERILIZ\u0100CIJA<\/th>\n<td>J\u0101<\/td>\n<\/tr>\n<\/tbody>\n<\/table>\n","protected":false},"excerpt":{"rendered":"<p>Podo 30 knaibles ir paredz\u0113tas dro\u0161ai un vieglai ieaugu\u0161u nagu no\u0146em\u0161anai. Taisn\u0101s grie\u0161anas malas bez sl\u012bpuma ir 18 mm garas. Darba da\u013ca ir bez izvirz\u012bjumiem, sa\u0161aurin\u0101ta uz galiem.<\/p>\n<p>Priek\u0161roc\u012bbas:<\/p>\n<p>Iztur\u012bga griez\u0113jmeh\u0101nisma konstrukcija un pl\u0101nas darba malas.<br \/>\nPastiprin\u0101ti rokturi ar vi\u013c\u0146ot\u0101m izci\u013c\u0146iem &#8211; lieliski iek\u013caujas pirkstos, veicinot sp\u0113c\u012bg\u0101ku spiedienu.<br \/>\nManu\u0101la asme\u0146u asin\u0101\u0161ana vair\u0101kos l\u012bme\u0146os &#8211; nep\u0101rsp\u0113jams asums ilgu laiku.<br \/>\nGluda un viegla darb\u012bba, pateicoties e\u0146\u0123u plak\u0146u regul\u0113\u0161anai un sl\u012bp\u0113\u0161anai.<br \/>\nPul\u0113\u0161ana ar \u0413\u041e\u0418 pastu papildu aizsardz\u012bbai pret koroziju.<br \/>\nDarbs ar ieaugu\u0161o nagu ir saist\u012bts ar past\u0101v\u012bgu kontaktu ar atv\u0113rtu br\u016bci. STALEKS PRO izgatavo\u0161an\u0101 izmanto tikai augst\u0101k\u0101s kvalit\u0101tes ner\u016bs\u0113jo\u0161o t\u0113raudu. Materi\u0101ls ir iztur\u012bgs, nezaud\u0113 savas praktisk\u0101s \u012bpa\u0161\u012bbas. Un pats svar\u012bg\u0101kais &#8211; to var regul\u0101ri dezinfic\u0113t un steriliz\u0113t, kas ir b\u016btiski podologu un pedik\u012bra meistara darb\u0101.<\/p>\n","protected":false},"featured_media":8903,"comment_status":"closed","ping_status":"closed","template":"","meta":{"site-sidebar-layout":"default","site-content-layout":"","ast-site-content-layout":"default","site-content-style":"default","site-sidebar-style":"default","ast-global-header-display":"","ast-banner-title-visibility":"","ast-main-header-display":"","ast-hfb-above-header-display":"","ast-hfb-below-header-display":"","ast-hfb-mobile-header-display":"","site-post-title":"","ast-breadcrumbs-content":"","ast-featured-img":"","footer-sml-layout":"","theme-transparent-header-meta":"default","adv-header-id-meta":"","stick-header-meta":"","header-above-stick-meta":"","header-main-stick-meta":"","header-below-stick-meta":"","astra-migrate-meta-layouts":"default","ast-page-background-enabled":"default","ast-page-background-meta":{"desktop":{"background-color":"","background-image":"","background-repeat":"repeat","background-position":"center center","background-size":"auto","background-attachment":"scroll","background-type":"","background-media":"","overlay-type":"","overlay-color":"","overlay-opacity":"","overlay-gradient":""},"tablet":{"background-color":"","background-image":"","background-repeat":"repeat","background-position":"center center","background-size":"auto","background-attachment":"scroll","background-type":"","background-media":"","overlay-type":"","overlay-color":"","overlay-opacity":"","overlay-gradient":""},"mobile":{"background-color":"","background-image":"","background-repeat":"repeat","background-position":"center center","background-size":"auto","background-attachment":"scroll","background-type":"","background-media":"","overlay-type":"","overlay-color":"","overlay-opacity":"","overlay-gradient":""}},"ast-content-background-meta":{"desktop":{"background-color":"var(--ast-global-color-5)","background-image":"","background-repeat":"repeat","background-position":"center center","background-size":"auto","background-attachment":"scroll","background-type":"","background-media":"","overlay-type":"","overlay-color":"","overlay-opacity":"","overlay-gradient":""},"tablet":{"background-color":"var(--ast-global-color-5)","background-image":"","background-repeat":"repeat","background-position":"center center","background-size":"auto","background-attachment":"scroll","background-type":"","background-media":"","overlay-type":"","overlay-color":"","overlay-opacity":"","overlay-gradient":""},"mobile":{"background-color":"var(--ast-global-color-5)","background-image":"","background-repeat":"repeat","background-position":"center center","background-size":"auto","background-attachment":"scroll","background-type":"","background-media":"","overlay-type":"","overlay-color":"","overlay-opacity":"","overlay-gradient":""}}},"product_brand":[],"product_cat":[2301,2302],"product_tag":[2306,2303,2305,2304],"class_list":{"0":"post-8909","1":"product","2":"type-product","3":"status-publish","4":"has-post-thumbnail","6":"product_cat-tools-lv","7":"product_cat-pedicure-nippers-lv","8":"product_tag-nippers-lv","9":"product_tag-np-30-18-lv","10":"product_tag-podo-lv","11":"product_tag-staleks-lv","12":"desktop-align-left","13":"tablet-align-left","14":"mobile-align-left","16":"first","17":"instock","18":"taxable","19":"shipping-taxable","20":"purchasable","21":"product-type-simple"},"jetpack_sharing_enabled":true,"_links":{"self":[{"href":"https:\/\/tihani.eu\/lv\/wp-json\/wp\/v2\/product\/8909","targetHints":{"allow":["GET"]}}],"collection":[{"href":"https:\/\/tihani.eu\/lv\/wp-json\/wp\/v2\/product"}],"about":[{"href":"https:\/\/tihani.eu\/lv\/wp-json\/wp\/v2\/types\/product"}],"replies":[{"embeddable":true,"href":"https:\/\/tihani.eu\/lv\/wp-json\/wp\/v2\/comments?post=8909"}],"wp:featuredmedia":[{"embeddable":true,"href":"https:\/\/tihani.eu\/lv\/wp-json\/wp\/v2\/media\/8903"}],"wp:attachment":[{"href":"https:\/\/tihani.eu\/lv\/wp-json\/wp\/v2\/media?parent=8909"}],"wp:term":[{"taxonomy":"product_brand","embeddable":true,"href":"https:\/\/tihani.eu\/lv\/wp-json\/wp\/v2\/product_brand?post=8909"},{"taxonomy":"product_cat","embeddable":true,"href":"https:\/\/tihani.eu\/lv\/wp-json\/wp\/v2\/product_cat?post=8909"},{"taxonomy":"product_tag","embeddable":true,"href":"https:\/\/tihani.eu\/lv\/wp-json\/wp\/v2\/product_tag?post=8909"}],"curies":[{"name":"wp","href":"https:\/\/api.w.org\/{rel}","templated":true}]}}