{"id":8896,"date":"2024-05-21T10:30:04","date_gmt":"2024-05-21T08:30:04","guid":{"rendered":"https:\/\/tihani.eu\/product\/bacticid-1000ml\/"},"modified":"2024-05-21T10:30:04","modified_gmt":"2024-05-21T08:30:04","slug":"bacticid-1000ml","status":"publish","type":"product","link":"https:\/\/tihani.eu\/lv\/produkts\/bacticid-1000ml\/","title":{"rendered":"BACTICID 1000ml"},"content":{"rendered":"<p>Lieto\u0161ana: BACTICID izmanto koncentr\u0113t\u0101 veid\u0101 spirta iztur\u012bgu virsmu dezinfekcijai.<br \/>\nIedarb\u012bbas laiks 30 sekundes. Sekot, lai apstr\u0101d\u0101jam\u0101 virsma ir piln\u012bb\u0101 p\u0101rkl\u0101ta ar \u0161\u0137\u012bdumu.<\/p>\n","protected":false},"excerpt":{"rendered":"<p>DEZINFEKCIJAS L\u012aDZEKLIS \u0100TRAI VIRSMU DEZINFEKCIJAI<\/p>\n<p>BACTICID ir \u0161\u0137idrs dezinfekcijas l\u012bdzeklis ar pla\u0161u fungic\u012bdu, bakteric\u012bdu un viruc\u012bdu iedarb\u012bbu (izn\u012bcina TBC, HBV, HIV, Adeno, Rota, HCV, MRSA, Herpex simplex u.c.), kas piem\u0113rots lieto\u0161anai \u2013 visa veidu mitrumiztur\u012bgo virsmu dezinfekcijai atbilsto\u0161i direkt\u012bvai 93\/42 EEC Par medic\u012bnas ier\u012bc\u0113m, k\u0101 ar\u012b cit\u0101m mitrumiztur\u012bg\u0101m virsm\u0101m medic\u012bnas, vesel\u012bbas un soci\u0101l\u0101s apr\u016bpes iest\u0101d\u0113s, izgl\u012bt\u012bbas un pirmskolas izgl\u012bt\u012bbas iest\u0101d\u0113s, sabiedrisk\u0101s \u0113din\u0101\u0161anas un p\u0101rtikas p\u0101rstr\u0101des uz\u0146\u0113mumos, pirt\u012bs, baseinos, \u016bdens apg\u0101des uz\u0146\u0113mumos k\u0101 ar\u012b friz\u0113tav\u0101s un kosm\u0113tiskos salonos un cit\u0101s viet\u0101s, kur nepiecie\u0161ama dezinfekcija.<\/p>\n<p>&nbsp;<\/p>\n","protected":false},"featured_media":8894,"comment_status":"closed","ping_status":"closed","template":"","meta":{"site-sidebar-layout":"default","site-content-layout":"","ast-site-content-layout":"default","site-content-style":"default","site-sidebar-style":"default","ast-global-header-display":"","ast-banner-title-visibility":"","ast-main-header-display":"","ast-hfb-above-header-display":"","ast-hfb-below-header-display":"","ast-hfb-mobile-header-display":"","site-post-title":"","ast-breadcrumbs-content":"","ast-featured-img":"","footer-sml-layout":"","theme-transparent-header-meta":"default","adv-header-id-meta":"","stick-header-meta":"","header-above-stick-meta":"","header-main-stick-meta":"","header-below-stick-meta":"","astra-migrate-meta-layouts":"default","ast-page-background-enabled":"default","ast-page-background-meta":{"desktop":{"background-color":"","background-image":"","background-repeat":"repeat","background-position":"center center","background-size":"auto","background-attachment":"scroll","background-type":"","background-media":"","overlay-type":"","overlay-color":"","overlay-opacity":"","overlay-gradient":""},"tablet":{"background-color":"","background-image":"","background-repeat":"repeat","background-position":"center center","background-size":"auto","background-attachment":"scroll","background-type":"","background-media":"","overlay-type":"","overlay-color":"","overlay-opacity":"","overlay-gradient":""},"mobile":{"background-color":"","background-image":"","background-repeat":"repeat","background-position":"center center","background-size":"auto","background-attachment":"scroll","background-type":"","background-media":"","overlay-type":"","overlay-color":"","overlay-opacity":"","overlay-gradient":""}},"ast-content-background-meta":{"desktop":{"background-color":"var(--ast-global-color-5)","background-image":"","background-repeat":"repeat","background-position":"center center","background-size":"auto","background-attachment":"scroll","background-type":"","background-media":"","overlay-type":"","overlay-color":"","overlay-opacity":"","overlay-gradient":""},"tablet":{"background-color":"var(--ast-global-color-5)","background-image":"","background-repeat":"repeat","background-position":"center center","background-size":"auto","background-attachment":"scroll","background-type":"","background-media":"","overlay-type":"","overlay-color":"","overlay-opacity":"","overlay-gradient":""},"mobile":{"background-color":"var(--ast-global-color-5)","background-image":"","background-repeat":"repeat","background-position":"center center","background-size":"auto","background-attachment":"scroll","background-type":"","background-media":"","overlay-type":"","overlay-color":"","overlay-opacity":"","overlay-gradient":""}}},"product_brand":[],"product_cat":[2237,2238],"product_tag":[2294,2239],"class_list":{"0":"post-8896","1":"product","2":"type-product","3":"status-publish","4":"has-post-thumbnail","6":"product_cat-hygiene-lv","7":"product_cat-chemi-pharm-lv","8":"product_tag-bacticid-lv","9":"product_tag-chemi-pharm-lv","10":"desktop-align-left","11":"tablet-align-left","12":"mobile-align-left","14":"first","15":"instock","16":"taxable","17":"shipping-taxable","18":"purchasable","19":"product-type-simple"},"jetpack_sharing_enabled":true,"_links":{"self":[{"href":"https:\/\/tihani.eu\/lv\/wp-json\/wp\/v2\/product\/8896","targetHints":{"allow":["GET"]}}],"collection":[{"href":"https:\/\/tihani.eu\/lv\/wp-json\/wp\/v2\/product"}],"about":[{"href":"https:\/\/tihani.eu\/lv\/wp-json\/wp\/v2\/types\/product"}],"replies":[{"embeddable":true,"href":"https:\/\/tihani.eu\/lv\/wp-json\/wp\/v2\/comments?post=8896"}],"wp:featuredmedia":[{"embeddable":true,"href":"https:\/\/tihani.eu\/lv\/wp-json\/wp\/v2\/media\/8894"}],"wp:attachment":[{"href":"https:\/\/tihani.eu\/lv\/wp-json\/wp\/v2\/media?parent=8896"}],"wp:term":[{"taxonomy":"product_brand","embeddable":true,"href":"https:\/\/tihani.eu\/lv\/wp-json\/wp\/v2\/product_brand?post=8896"},{"taxonomy":"product_cat","embeddable":true,"href":"https:\/\/tihani.eu\/lv\/wp-json\/wp\/v2\/product_cat?post=8896"},{"taxonomy":"product_tag","embeddable":true,"href":"https:\/\/tihani.eu\/lv\/wp-json\/wp\/v2\/product_tag?post=8896"}],"curies":[{"name":"wp","href":"https:\/\/api.w.org\/{rel}","templated":true}]}}