{"id":8889,"date":"2024-05-20T12:45:04","date_gmt":"2024-05-20T10:45:04","guid":{"rendered":"https:\/\/tihani.eu\/product\/bacticid-wipes-150pcs\/"},"modified":"2024-05-20T12:45:04","modified_gmt":"2024-05-20T10:45:04","slug":"bacticid-wipes-150pcs","status":"publish","type":"product","link":"https:\/\/tihani.eu\/lv\/produkts\/bacticid-wipes-150pcs\/","title":{"rendered":"BACTICID WIPES 150pcs"},"content":{"rendered":"<p>Lieto\u0161ana<br \/>\nAtv\u0113rt v\u0101ku, izvilkt salveti l\u012bdz perfor\u0101cijas vietai un pieturot nopl\u0113st. P\u0113c lieto\u0161anas aizv\u0113rt v\u0101ku, lai dezinfekcijas l\u012bdzeklis neiz\u017e\u016bst. R\u016bp\u012bgi apstr\u0101d\u0101t dezinfic\u0113jamo virsmu ar mitro salveti. Iedarb\u012bbas laiks 30 sekundes.<\/p>\n<p>Akt\u012bv\u0101s vielas<br \/>\n1 salvete pies\u016bcin\u0101ta: 3-4 gr. Etanols 72%, 2 \u010detraizvietot\u0101 amonija savienojumi (benzil-C12-18-alkildimetil-, hlor\u012bdi \u2013 0.0125% un \u010detraizvietot\u0101 amonija savienojumi, C12-14-alkil[(etilfenil)metil]dimetil-, hlor\u012bdi 0.0125%) 0.025%.<\/p>\n","protected":false},"excerpt":{"rendered":"<p>BACTICID WIPES piem\u012bt pla\u0161as fungic\u012bdas, bakteric\u012bdas un viruc\u012bdas \u012bpa\u0161\u012bbas, izn\u012bcina Gram (+) un Gram (-) bakt\u0113rijas, v\u012brusus un s\u0113n\u012btes, tsk. TBC, HBV, MRSA, Vakzinia, Herpex simplex, BVDV, Adeno, Popova, Rota u.c. Tas ir efekt\u012bvs l\u012bdzeklis, lai steidzam\u0101 k\u0101rt\u0101 dezinfic\u0113tu apr\u012bkojumu un virsmas, attiec\u012bb\u0101 pret kur\u0101m izvirz\u012btas paaugstin\u0101tas higi\u0113niskas pras\u012bbas. BACTICID WIPES ir salvetes, kuras ir pies\u016bcin\u0101tas ar t\u012bru, mazgaisto\u0161u etilspirtu, lai nerad\u012btu respiratoro aler\u0123iju person\u0101lam. Nesatur izopropilspirtus, hloru, aldeh\u012bdus, protam\u012bnu un fenolus.<\/p>\n<p>Pamatlieto\u0161anas veids\/-i<br \/>\nBACTICID WIPES lieto \u0101trai virsmu un apr\u012bkojuma dezinfekcijai medic\u012bnas iest\u0101d\u0113s, tai skait\u0101 slimn\u012bc\u0101s, polikl\u012bnik\u0101s, \u0123imenes \u0101rstu centros, stomatolo\u0123ijas kabinetos un citur, kur sniedz medic\u012bnisko pal\u012bdz\u012bbu. Piem\u0113rots lieto\u0161anai uz vis\u0101m, iz\u0146emot akrila, mitrumiztur\u012bgaj\u0101m virsm\u0101m (medic\u012bnisko ier\u012b\u010du korpusiem, nestuv\u0113m, imobiliz\u0101cijas l\u012bdzek\u013ciem, kr\u0113slu p\u0101rvalkiem, sien\u0101m u.tml.).<\/p>\n<p>Papildus lieto\u0161anas veids\/-i<br \/>\nBACTICID WIPES lieto ar\u012b \u0101trai virsmu dezinfekcijai izgl\u012bt\u012bbas un pirmskolas izgl\u012bt\u012bbas iest\u0101d\u0113s, sabiedrisk\u0101s \u0113din\u0101\u0161anas un p\u0101rtikas (ga\u013cas, piena, zivju un augu izcelsmes) p\u0101rstr\u0101des uz\u0146\u0113mumos, friz\u0113tav\u0101s un kosm\u0113tiskajos salonos, viesn\u012bc\u0101s un SPA centros un cit\u0101s viet\u0101s ar augst\u0101m higi\u0113nas pras\u012bb\u0101m, tsk., p\u0101rtikas p\u0101rstr\u0101des uz\u0146\u0113mumos, veikalos, kafejn\u012bc\u0101s u.c. \u2013 virsmu, galdu, ledusskapju, vitr\u012bnu, svaru un iek\u0101rtu dezinfekcijai; pirmsskolas un visp\u0101r\u012bg\u0101s izgl\u012bt\u012bbas iest\u0101d\u0113s \u2013 visa veida virsmu un invent\u0101ra \u0101trai dezinfekcijai; friz\u0113tav\u0101s, kosm\u0113tiskajos salonos \u2013 kosm\u0113tisko kr\u0113slu, galdi\u0146u, kosm\u0113tisk\u0101 invent\u0101ra u.c. virsmu dezinfekcija; citur \u2013 visa veida virsmu un invent\u0101ra \u0101trai dezinfekcijai BACTICID WIPES var tikt lietots \u0101trai roku un \u0101das dezinfekcijai, gad\u012bjumos, kad nav pieejami \u0161\u0137idrie roku un \u0101das dezinfekcijas l\u012bdzek\u013ci.<\/p>\n","protected":false},"featured_media":8839,"comment_status":"closed","ping_status":"closed","template":"","meta":{"site-sidebar-layout":"default","site-content-layout":"","ast-site-content-layout":"default","site-content-style":"default","site-sidebar-style":"default","ast-global-header-display":"","ast-banner-title-visibility":"","ast-main-header-display":"","ast-hfb-above-header-display":"","ast-hfb-below-header-display":"","ast-hfb-mobile-header-display":"","site-post-title":"","ast-breadcrumbs-content":"","ast-featured-img":"","footer-sml-layout":"","theme-transparent-header-meta":"default","adv-header-id-meta":"","stick-header-meta":"","header-above-stick-meta":"","header-main-stick-meta":"","header-below-stick-meta":"","astra-migrate-meta-layouts":"default","ast-page-background-enabled":"default","ast-page-background-meta":{"desktop":{"background-color":"","background-image":"","background-repeat":"repeat","background-position":"center center","background-size":"auto","background-attachment":"scroll","background-type":"","background-media":"","overlay-type":"","overlay-color":"","overlay-opacity":"","overlay-gradient":""},"tablet":{"background-color":"","background-image":"","background-repeat":"repeat","background-position":"center center","background-size":"auto","background-attachment":"scroll","background-type":"","background-media":"","overlay-type":"","overlay-color":"","overlay-opacity":"","overlay-gradient":""},"mobile":{"background-color":"","background-image":"","background-repeat":"repeat","background-position":"center center","background-size":"auto","background-attachment":"scroll","background-type":"","background-media":"","overlay-type":"","overlay-color":"","overlay-opacity":"","overlay-gradient":""}},"ast-content-background-meta":{"desktop":{"background-color":"var(--ast-global-color-5)","background-image":"","background-repeat":"repeat","background-position":"center center","background-size":"auto","background-attachment":"scroll","background-type":"","background-media":"","overlay-type":"","overlay-color":"","overlay-opacity":"","overlay-gradient":""},"tablet":{"background-color":"var(--ast-global-color-5)","background-image":"","background-repeat":"repeat","background-position":"center center","background-size":"auto","background-attachment":"scroll","background-type":"","background-media":"","overlay-type":"","overlay-color":"","overlay-opacity":"","overlay-gradient":""},"mobile":{"background-color":"var(--ast-global-color-5)","background-image":"","background-repeat":"repeat","background-position":"center center","background-size":"auto","background-attachment":"scroll","background-type":"","background-media":"","overlay-type":"","overlay-color":"","overlay-opacity":"","overlay-gradient":""}}},"product_brand":[],"product_cat":[2237,2238],"product_tag":[2291,2239],"class_list":{"0":"post-8889","1":"product","2":"type-product","3":"status-publish","4":"has-post-thumbnail","6":"product_cat-hygiene-lv","7":"product_cat-chemi-pharm-lv","8":"product_tag-bacticid-wipes-lv","9":"product_tag-chemi-pharm-lv","10":"desktop-align-left","11":"tablet-align-left","12":"mobile-align-left","14":"first","15":"instock","16":"taxable","17":"shipping-taxable","18":"purchasable","19":"product-type-simple"},"jetpack_sharing_enabled":true,"_links":{"self":[{"href":"https:\/\/tihani.eu\/lv\/wp-json\/wp\/v2\/product\/8889","targetHints":{"allow":["GET"]}}],"collection":[{"href":"https:\/\/tihani.eu\/lv\/wp-json\/wp\/v2\/product"}],"about":[{"href":"https:\/\/tihani.eu\/lv\/wp-json\/wp\/v2\/types\/product"}],"replies":[{"embeddable":true,"href":"https:\/\/tihani.eu\/lv\/wp-json\/wp\/v2\/comments?post=8889"}],"wp:featuredmedia":[{"embeddable":true,"href":"https:\/\/tihani.eu\/lv\/wp-json\/wp\/v2\/media\/8839"}],"wp:attachment":[{"href":"https:\/\/tihani.eu\/lv\/wp-json\/wp\/v2\/media?parent=8889"}],"wp:term":[{"taxonomy":"product_brand","embeddable":true,"href":"https:\/\/tihani.eu\/lv\/wp-json\/wp\/v2\/product_brand?post=8889"},{"taxonomy":"product_cat","embeddable":true,"href":"https:\/\/tihani.eu\/lv\/wp-json\/wp\/v2\/product_cat?post=8889"},{"taxonomy":"product_tag","embeddable":true,"href":"https:\/\/tihani.eu\/lv\/wp-json\/wp\/v2\/product_tag?post=8889"}],"curies":[{"name":"wp","href":"https:\/\/api.w.org\/{rel}","templated":true}]}}