{"id":8851,"date":"2024-05-20T13:17:39","date_gmt":"2024-05-20T11:17:39","guid":{"rendered":"https:\/\/tihani.eu\/?post_type=product&#038;p=8851"},"modified":"2024-05-21T10:18:29","modified_gmt":"2024-05-21T08:18:29","slug":"nitrylex-gloves-m-copy","status":"publish","type":"product","link":"https:\/\/tihani.eu\/lv\/produkts\/nitrylex-gloves-m-copy\/","title":{"rendered":"NITRYLEX BLACK"},"content":{"rendered":"","protected":false},"excerpt":{"rendered":"<p>Nitrila cimdi, nesterili, nep\u016bder\u0113ti, ar sarull\u0113tu aproces malu, ar mikrotekstur\u0113tiem pirkstu galiem.<\/p>\n<p>CE klasifik\u0101cija:<br \/>\nClass I &#8211; (EU) 2017\/745<br \/>\nCategory III &#8211; (EU) 2016\/425<\/p>\n<p>Atbilst:<br \/>\nEN 455-1:2000, EN 455-2:2015, EN 455-3:2015, EN 455-4:2009, EN ISO 15223-1:2016, EN 1041:2008+A1:2013.<br \/>\nEN 420:2003+A1:2009, EN ISO 374-1:2016 (Type B), EN 374-2:2014, EN 16523-1:2015, EN 374-4:2013, EN ISO 374-5:2016.<\/p>\n<p>Kr\u0101sa: melna<br \/>\nIepakojum\u0101 100 gab.<\/p>\n","protected":false},"featured_media":8854,"comment_status":"closed","ping_status":"closed","template":"","meta":{"site-sidebar-layout":"default","site-content-layout":"","ast-site-content-layout":"default","site-content-style":"default","site-sidebar-style":"default","ast-global-header-display":"","ast-banner-title-visibility":"","ast-main-header-display":"","ast-hfb-above-header-display":"","ast-hfb-below-header-display":"","ast-hfb-mobile-header-display":"","site-post-title":"","ast-breadcrumbs-content":"","ast-featured-img":"","footer-sml-layout":"","theme-transparent-header-meta":"default","adv-header-id-meta":"","stick-header-meta":"","header-above-stick-meta":"","header-main-stick-meta":"","header-below-stick-meta":"","astra-migrate-meta-layouts":"set","ast-page-background-enabled":"default","ast-page-background-meta":{"desktop":{"background-color":"","background-image":"","background-repeat":"repeat","background-position":"center center","background-size":"auto","background-attachment":"scroll","background-type":"","background-media":"","overlay-type":"","overlay-color":"","overlay-opacity":"","overlay-gradient":""},"tablet":{"background-color":"","background-image":"","background-repeat":"repeat","background-position":"center center","background-size":"auto","background-attachment":"scroll","background-type":"","background-media":"","overlay-type":"","overlay-color":"","overlay-opacity":"","overlay-gradient":""},"mobile":{"background-color":"","background-image":"","background-repeat":"repeat","background-position":"center center","background-size":"auto","background-attachment":"scroll","background-type":"","background-media":"","overlay-type":"","overlay-color":"","overlay-opacity":"","overlay-gradient":""}},"ast-content-background-meta":{"desktop":{"background-color":"var(--ast-global-color-5)","background-image":"","background-repeat":"repeat","background-position":"center center","background-size":"auto","background-attachment":"scroll","background-type":"","background-media":"","overlay-type":"","overlay-color":"","overlay-opacity":"","overlay-gradient":""},"tablet":{"background-color":"var(--ast-global-color-5)","background-image":"","background-repeat":"repeat","background-position":"center center","background-size":"auto","background-attachment":"scroll","background-type":"","background-media":"","overlay-type":"","overlay-color":"","overlay-opacity":"","overlay-gradient":""},"mobile":{"background-color":"var(--ast-global-color-5)","background-image":"","background-repeat":"repeat","background-position":"center center","background-size":"auto","background-attachment":"scroll","background-type":"","background-media":"","overlay-type":"","overlay-color":"","overlay-opacity":"","overlay-gradient":""}}},"product_brand":[],"product_cat":[2237,2271],"product_tag":[2273,2274,2272,2275],"class_list":{"0":"post-8851","1":"product","2":"type-product","3":"status-publish","4":"has-post-thumbnail","6":"product_cat-hygiene-lv","7":"product_cat-gloves-lv","8":"product_tag-cimdi-lv","9":"product_tag-gloves-lv","10":"product_tag-nitrylex-lv","11":"product_tag--lv","12":"desktop-align-left","13":"tablet-align-left","14":"mobile-align-left","16":"first","17":"instock","18":"taxable","19":"shipping-taxable","20":"purchasable","21":"product-type-variable"},"jetpack_sharing_enabled":true,"_links":{"self":[{"href":"https:\/\/tihani.eu\/lv\/wp-json\/wp\/v2\/product\/8851","targetHints":{"allow":["GET"]}}],"collection":[{"href":"https:\/\/tihani.eu\/lv\/wp-json\/wp\/v2\/product"}],"about":[{"href":"https:\/\/tihani.eu\/lv\/wp-json\/wp\/v2\/types\/product"}],"replies":[{"embeddable":true,"href":"https:\/\/tihani.eu\/lv\/wp-json\/wp\/v2\/comments?post=8851"}],"wp:featuredmedia":[{"embeddable":true,"href":"https:\/\/tihani.eu\/lv\/wp-json\/wp\/v2\/media\/8854"}],"wp:attachment":[{"href":"https:\/\/tihani.eu\/lv\/wp-json\/wp\/v2\/media?parent=8851"}],"wp:term":[{"taxonomy":"product_brand","embeddable":true,"href":"https:\/\/tihani.eu\/lv\/wp-json\/wp\/v2\/product_brand?post=8851"},{"taxonomy":"product_cat","embeddable":true,"href":"https:\/\/tihani.eu\/lv\/wp-json\/wp\/v2\/product_cat?post=8851"},{"taxonomy":"product_tag","embeddable":true,"href":"https:\/\/tihani.eu\/lv\/wp-json\/wp\/v2\/product_tag?post=8851"}],"curies":[{"name":"wp","href":"https:\/\/api.w.org\/{rel}","templated":true}]}}