{"id":8830,"date":"2024-05-20T11:53:36","date_gmt":"2024-05-20T09:53:36","guid":{"rendered":"https:\/\/tihani.eu\/product\/chemisept-vir\/"},"modified":"2024-05-20T12:31:02","modified_gmt":"2024-05-20T10:31:02","slug":"chemisept-vir","status":"publish","type":"product","link":"https:\/\/tihani.eu\/lv\/produkts\/chemisept-vir\/","title":{"rendered":"CHEMISEPT VIR+"},"content":{"rendered":"<h5>INSTRUKCIJAS<\/h5>\n<p>CHEMISEPT VIR+ uz saus\u0101m rok\u0101m uzkl\u0101j neat\u0161\u0137aid\u012btu. Uzkl\u0101\u0161anas laik\u0101 rok\u0101m j\u0101b\u016bt piln\u012bb\u0101 p\u0101rkl\u0101tam ar produktu. \u012apa\u0161u uzman\u012bbu piev\u0113rsiet pirkstu galiem un \u012bk\u0161\u0137iem.<br \/>\n\u2022 Higi\u0113niska roku dezinfekcija saska\u0146\u0101 ar standartu EN 1500:<br \/>\nUz iepriek\u0161 nomazg\u0101t\u0101m un nosusin\u0101t\u0101m rok\u0101m uzkl\u0101jiet 3 ml CHEMISEPT VIR+ un iemas\u0113jiet, l\u012bdz rokas ir sausas. Kontakta laiks ir 20 sekundes.<br \/>\n\u2022 \u0136irur\u0123iska roku dezinfekcija saska\u0146\u0101 ar standartu EN 12791:<br \/>\nDivreiz ieberiet 3-6 ml CHEMISEPT VIR+ uz rok\u0101m un apak\u0161delmiem. (Svar\u012bgi, lai ar \u0161\u0137\u012bdumu tiktu p\u0101rkl\u0101ta visa dezinfic\u0113jam\u0101 vieta). Kontakta laiks ir 1,5 min\u016btes. Abas rokas un apak\u0161delmi j\u0101dezinfic\u0113.<\/p>\n<p>STANDARTI:<br \/>\nEN 1500<br \/>\nEN 12791<br \/>\nEN 13624<br \/>\nEN 13727<br \/>\nEN 14348<br \/>\nEN 14476<\/p>\n","protected":false},"excerpt":{"rendered":"<p><strong>Alkoholu saturo\u0161s roku dezinfekcijas l\u012bdzeklis<\/strong><\/p>\n<p>CHEMISEPT VIR+ ir uz etanola b\u0101zes izstr\u0101d\u0101ts v\u012brusc\u012bds roku dezinfekcijas l\u012bdzeklis ar \u0101tru iedarb\u012bbu higi\u0113niskai un \u0137irur\u0123iskai roku dezinfekcijai. Chemisept VIR+ ir \u012bpa\u0161i izstr\u0101d\u0101ts situ\u0101cij\u0101m ar paaugstin\u0101t\u0101m higi\u0113nas pras\u012bb\u0101m un ir ide\u0101ls produkts, kad nepiecie\u0161ama liel\u0101ka efektivit\u0101te. Tas nesatur kr\u0101svielas un smar\u017evielas.<\/p>\n<p>CHEMISEPT VIR+ ir pla\u0161a fungic\u012bda un bakteric\u012bda iedarb\u012bba, tas sp\u0113j izn\u012bcin\u0101t gramnegat\u012bv\u0101s un grampozit\u012bv\u0101s bakt\u0113rijas (tostarp Mycobacterium terrae) un s\u0113n\u012btes. Deaktiv\u0113 visus apvalkotos v\u012brusus (tostarp HIV, HBV, HCV) un neapvalkotos v\u012brusus (tostarp poliomiel\u012bta, Adeno, Noro). L\u012bdz ar to saska\u0146\u0101 ar EN 14476 30 sekun\u017eu laik\u0101 to var deklar\u0113t k\u0101 l\u012bdzekli ar \u201cviruic\u012bd\u0101m\u201d \u012bpa\u0161\u012bb\u0101m.<\/p>\n","protected":false},"featured_media":8822,"comment_status":"closed","ping_status":"closed","template":"","meta":{"site-sidebar-layout":"default","site-content-layout":"","ast-site-content-layout":"default","site-content-style":"default","site-sidebar-style":"default","ast-global-header-display":"","ast-banner-title-visibility":"","ast-main-header-display":"","ast-hfb-above-header-display":"","ast-hfb-below-header-display":"","ast-hfb-mobile-header-display":"","site-post-title":"","ast-breadcrumbs-content":"","ast-featured-img":"","footer-sml-layout":"","theme-transparent-header-meta":"default","adv-header-id-meta":"","stick-header-meta":"","header-above-stick-meta":"","header-main-stick-meta":"","header-below-stick-meta":"","astra-migrate-meta-layouts":"default","ast-page-background-enabled":"default","ast-page-background-meta":{"desktop":{"background-color":"","background-image":"","background-repeat":"repeat","background-position":"center center","background-size":"auto","background-attachment":"scroll","background-type":"","background-media":"","overlay-type":"","overlay-color":"","overlay-opacity":"","overlay-gradient":""},"tablet":{"background-color":"","background-image":"","background-repeat":"repeat","background-position":"center center","background-size":"auto","background-attachment":"scroll","background-type":"","background-media":"","overlay-type":"","overlay-color":"","overlay-opacity":"","overlay-gradient":""},"mobile":{"background-color":"","background-image":"","background-repeat":"repeat","background-position":"center center","background-size":"auto","background-attachment":"scroll","background-type":"","background-media":"","overlay-type":"","overlay-color":"","overlay-opacity":"","overlay-gradient":""}},"ast-content-background-meta":{"desktop":{"background-color":"var(--ast-global-color-5)","background-image":"","background-repeat":"repeat","background-position":"center center","background-size":"auto","background-attachment":"scroll","background-type":"","background-media":"","overlay-type":"","overlay-color":"","overlay-opacity":"","overlay-gradient":""},"tablet":{"background-color":"var(--ast-global-color-5)","background-image":"","background-repeat":"repeat","background-position":"center center","background-size":"auto","background-attachment":"scroll","background-type":"","background-media":"","overlay-type":"","overlay-color":"","overlay-opacity":"","overlay-gradient":""},"mobile":{"background-color":"var(--ast-global-color-5)","background-image":"","background-repeat":"repeat","background-position":"center center","background-size":"auto","background-attachment":"scroll","background-type":"","background-media":"","overlay-type":"","overlay-color":"","overlay-opacity":"","overlay-gradient":""}}},"product_brand":[],"product_cat":[2237,2238],"product_tag":[2239,2261],"class_list":{"0":"post-8830","1":"product","2":"type-product","3":"status-publish","4":"has-post-thumbnail","6":"product_cat-hygiene-lv","7":"product_cat-chemi-pharm-lv","8":"product_tag-chemi-pharm-lv","9":"product_tag-chemisept-vir-lv","10":"desktop-align-left","11":"tablet-align-left","12":"mobile-align-left","14":"first","15":"instock","16":"taxable","17":"shipping-taxable","18":"purchasable","19":"product-type-variable"},"jetpack_sharing_enabled":true,"_links":{"self":[{"href":"https:\/\/tihani.eu\/lv\/wp-json\/wp\/v2\/product\/8830","targetHints":{"allow":["GET"]}}],"collection":[{"href":"https:\/\/tihani.eu\/lv\/wp-json\/wp\/v2\/product"}],"about":[{"href":"https:\/\/tihani.eu\/lv\/wp-json\/wp\/v2\/types\/product"}],"replies":[{"embeddable":true,"href":"https:\/\/tihani.eu\/lv\/wp-json\/wp\/v2\/comments?post=8830"}],"wp:featuredmedia":[{"embeddable":true,"href":"https:\/\/tihani.eu\/lv\/wp-json\/wp\/v2\/media\/8822"}],"wp:attachment":[{"href":"https:\/\/tihani.eu\/lv\/wp-json\/wp\/v2\/media?parent=8830"}],"wp:term":[{"taxonomy":"product_brand","embeddable":true,"href":"https:\/\/tihani.eu\/lv\/wp-json\/wp\/v2\/product_brand?post=8830"},{"taxonomy":"product_cat","embeddable":true,"href":"https:\/\/tihani.eu\/lv\/wp-json\/wp\/v2\/product_cat?post=8830"},{"taxonomy":"product_tag","embeddable":true,"href":"https:\/\/tihani.eu\/lv\/wp-json\/wp\/v2\/product_tag?post=8830"}],"curies":[{"name":"wp","href":"https:\/\/api.w.org\/{rel}","templated":true}]}}