{"id":8813,"date":"2024-05-20T11:19:17","date_gmt":"2024-05-20T09:19:17","guid":{"rendered":"https:\/\/tihani.eu\/product\/des-insurance\/"},"modified":"2024-05-20T11:19:17","modified_gmt":"2024-05-20T09:19:17","slug":"des-insurance","status":"publish","type":"product","link":"https:\/\/tihani.eu\/lv\/produkts\/des-insurance\/","title":{"rendered":"DES INSURANCE"},"content":{"rendered":"<h5><\/h5>\n<p>PIELIETO\u0160ANAS JOMA:<\/p>\n<p>DES INSURANCE ir piem\u0113rots lieto\u0161anai slimn\u012bc\u0101s, laboratorij\u0101s, zob\u0101rstniec\u012bbas kl\u012bnik\u0101s un cit\u0101s medic\u012bnas iest\u0101d\u0113s. To var izmantot iegremd\u0113\u0161anas vann\u0101s un ultraska\u0146as vann\u0101s.<\/p>\n<p>STANDARTI:<\/p>\n<p>EN 1040<\/p>\n<p>EN 1275<\/p>\n<p>EN 13624<\/p>\n<p>EN 13727<\/p>\n","protected":false},"excerpt":{"rendered":"<p><strong>Medic\u012bnas instrumentu dezinfekcijas un t\u012br\u012b\u0161anas l\u012bdzeklis<\/strong><\/p>\n<p>\u2022 nesatur fenolus, aldeh\u012bdus un fosf\u0101tus<br \/>\n\u2022 lielisks t\u012br\u012b\u0161anas sp\u0113ks<br \/>\n\u2022 augsta materi\u0101lu savietojam\u012bba<\/p>\n<p>DES INSURANCE ir paredz\u0113ts visu termostabilo un termolabilo medic\u012bnas instrumentu, tostarp cieto un lokano endoskopu, manu\u0101lai t\u012br\u012b\u0161anai un dezinfekcijai pirms t\u012br\u012b\u0161anas. Tam piem\u012bt lieliskas t\u012br\u012b\u0161anas \u012bpa\u0161\u012bbas un laba materi\u0101lu sader\u012bba, un to var izmantot visu \u016bdensnecaurlaid\u012bgo medic\u012bnas instrumentu dezinfekcijai pirms karst\u0101s vai \u0137\u012bmisk\u0101s steriliz\u0101cijas. DES INSURANCE efekt\u012bvi no\u0146em asinis, olbaltumvielas, izdal\u012bjumus, taukus, un to var \u0101tri un piln\u012bb\u0101 noskalot. DES INSURANCE piem\u012bt bakteric\u012bda (ieskaitot MRSA) un raugacidiska iedarb\u012bba. Produkts ir akt\u012bvs ar\u012b pret apvalkotiem v\u012brusiem (ieskaitot HBV, HIV, HCV).<\/p>\n","protected":false},"featured_media":8808,"comment_status":"closed","ping_status":"closed","template":"","meta":{"site-sidebar-layout":"default","site-content-layout":"","ast-site-content-layout":"default","site-content-style":"default","site-sidebar-style":"default","ast-global-header-display":"","ast-banner-title-visibility":"","ast-main-header-display":"","ast-hfb-above-header-display":"","ast-hfb-below-header-display":"","ast-hfb-mobile-header-display":"","site-post-title":"","ast-breadcrumbs-content":"","ast-featured-img":"","footer-sml-layout":"","theme-transparent-header-meta":"default","adv-header-id-meta":"","stick-header-meta":"","header-above-stick-meta":"","header-main-stick-meta":"","header-below-stick-meta":"","astra-migrate-meta-layouts":"default","ast-page-background-enabled":"default","ast-page-background-meta":{"desktop":{"background-color":"","background-image":"","background-repeat":"repeat","background-position":"center center","background-size":"auto","background-attachment":"scroll","background-type":"","background-media":"","overlay-type":"","overlay-color":"","overlay-opacity":"","overlay-gradient":""},"tablet":{"background-color":"","background-image":"","background-repeat":"repeat","background-position":"center center","background-size":"auto","background-attachment":"scroll","background-type":"","background-media":"","overlay-type":"","overlay-color":"","overlay-opacity":"","overlay-gradient":""},"mobile":{"background-color":"","background-image":"","background-repeat":"repeat","background-position":"center center","background-size":"auto","background-attachment":"scroll","background-type":"","background-media":"","overlay-type":"","overlay-color":"","overlay-opacity":"","overlay-gradient":""}},"ast-content-background-meta":{"desktop":{"background-color":"var(--ast-global-color-5)","background-image":"","background-repeat":"repeat","background-position":"center center","background-size":"auto","background-attachment":"scroll","background-type":"","background-media":"","overlay-type":"","overlay-color":"","overlay-opacity":"","overlay-gradient":""},"tablet":{"background-color":"var(--ast-global-color-5)","background-image":"","background-repeat":"repeat","background-position":"center center","background-size":"auto","background-attachment":"scroll","background-type":"","background-media":"","overlay-type":"","overlay-color":"","overlay-opacity":"","overlay-gradient":""},"mobile":{"background-color":"var(--ast-global-color-5)","background-image":"","background-repeat":"repeat","background-position":"center center","background-size":"auto","background-attachment":"scroll","background-type":"","background-media":"","overlay-type":"","overlay-color":"","overlay-opacity":"","overlay-gradient":""}}},"product_brand":[],"product_cat":[2237,2238],"product_tag":[2239,2254],"class_list":{"0":"post-8813","1":"product","2":"type-product","3":"status-publish","4":"has-post-thumbnail","6":"product_cat-hygiene-lv","7":"product_cat-chemi-pharm-lv","8":"product_tag-chemi-pharm-lv","9":"product_tag-des-insurance-lv","10":"desktop-align-left","11":"tablet-align-left","12":"mobile-align-left","14":"first","15":"instock","16":"taxable","17":"shipping-taxable","18":"purchasable","19":"product-type-variable"},"jetpack_sharing_enabled":true,"_links":{"self":[{"href":"https:\/\/tihani.eu\/lv\/wp-json\/wp\/v2\/product\/8813","targetHints":{"allow":["GET"]}}],"collection":[{"href":"https:\/\/tihani.eu\/lv\/wp-json\/wp\/v2\/product"}],"about":[{"href":"https:\/\/tihani.eu\/lv\/wp-json\/wp\/v2\/types\/product"}],"replies":[{"embeddable":true,"href":"https:\/\/tihani.eu\/lv\/wp-json\/wp\/v2\/comments?post=8813"}],"wp:featuredmedia":[{"embeddable":true,"href":"https:\/\/tihani.eu\/lv\/wp-json\/wp\/v2\/media\/8808"}],"wp:attachment":[{"href":"https:\/\/tihani.eu\/lv\/wp-json\/wp\/v2\/media?parent=8813"}],"wp:term":[{"taxonomy":"product_brand","embeddable":true,"href":"https:\/\/tihani.eu\/lv\/wp-json\/wp\/v2\/product_brand?post=8813"},{"taxonomy":"product_cat","embeddable":true,"href":"https:\/\/tihani.eu\/lv\/wp-json\/wp\/v2\/product_cat?post=8813"},{"taxonomy":"product_tag","embeddable":true,"href":"https:\/\/tihani.eu\/lv\/wp-json\/wp\/v2\/product_tag?post=8813"}],"curies":[{"name":"wp","href":"https:\/\/api.w.org\/{rel}","templated":true}]}}