{"id":8798,"date":"2024-05-19T18:40:17","date_gmt":"2024-05-19T16:40:17","guid":{"rendered":"https:\/\/tihani.eu\/product\/sterisept-instru-1000ml\/"},"modified":"2024-05-19T18:40:17","modified_gmt":"2024-05-19T16:40:17","slug":"sterisept-instru-1000ml","status":"publish","type":"product","link":"https:\/\/tihani.eu\/lv\/produkts\/sterisept-instru-1000ml\/","title":{"rendered":"STERISEPT INSTRU 1000ml"},"content":{"rendered":"<div class=\"field_of_application smaller_width\">\n<h5>Pamatlieto\u0161anas veids\/-i<\/h5>\n<p>STERISEPT INSTRU Ir piem\u0113rots lieto\u0161anai slimn\u012bc\u0101s, laboratorij\u0101s, zob\u0101rstniec\u012bbas kl\u012bnik\u0101s un cit\u0101s medic\u012bnas iest\u0101d\u0113s. STERISEPT INSTRU ir piem\u0113rots ar\u012b lieto\u0161anai ultraska\u0146as vann\u0101s.<\/p>\n<\/div>\n<div class=\"user_directions smaller_width\">\n<h5>Instrukcijas<\/h5>\n<p>Ieteicam\u0101 deva: 0,25 &#8211; 1 % (2,5 &#8211; 10 ml 1000 ml \u016bdens) atkar\u012bb\u0101 no nepiecie\u0161am\u0101s efektivit\u0101tes.<\/p>\n<p>Dezinfekcija un t\u012br\u012b\u0161ana imersijas vann\u0101: STERISEPT INSTRU ir koncentr\u0113ts. Sagatavojiet darba \u0161\u0137\u012bdumu, at\u0161\u0137aidot vajadz\u012bgo koncentr\u0101ciju \u016bden\u012b (istabas temperat\u016br\u0101). Piem\u0113ram, at\u0161\u0137aidiet 5 ml STERISEPT INSTRU 995 ml kr\u0101na \u016bdens, lai ieg\u016btu 0,5% darba \u0161\u0137\u012bdumu. P\u0113c lieto\u0161anas nekav\u0113joties izjauciet instrumentus, cik vien iesp\u0113jams, un ievietojiet tos STERISEPT INSTRU darba \u0161\u0137\u012bdum\u0101. Ja nepiecie\u0161ams, veiciet meh\u0101nisku t\u012br\u012b\u0161anu. P\u0101rliecinieties, ka visas virsmas ir piln\u012bb\u0101 p\u0101rkl\u0101tas ar \u0161\u0137\u012bdumu, izvairoties no burbu\u013cu veido\u0161an\u0101s. P\u0113c ieteikt\u0101 iedarb\u012bbas laika visus instrumentus r\u016bp\u012bgi noskalojiet zem teko\u0161a \u016bdens ar minim\u0101lo dzeram\u0101 \u016bdens kvalit\u0101ti.<\/p>\n<p>STANDARTI:<br \/>\nEN 13624<br \/>\nEN 13697<br \/>\nEN 13727<br \/>\nEN 14348<br \/>\nEN 14476<br \/>\nEN 14561<br \/>\nEN 14563<\/p>\n<\/div>\n","protected":false},"excerpt":{"rendered":"<div class=\"the_content smaller_width\">\n<p><strong>Bezaldeh\u012bda dezinfekcijas un t\u012br\u012b\u0161anas l\u012bdzeklis medic\u012bnas instrumentiem<\/strong><\/p>\n<p>\u2022 nesatur fenolus, aldeh\u012bdus un fosf\u0101tus<br \/>\n\u2022 pla\u0161s mikrobiolo\u0123isk\u0101s efektivit\u0101tes spektrs<br \/>\n\u2022 laba materi\u0101lu sader\u012bba<br \/>\n\u2022 labas t\u012br\u012b\u0161anas \u012bpa\u0161\u012bbas<\/p>\n<p>STERISEPT INSTRU ir paredz\u0113ts visu termostabilo un termolabilo medic\u012bnas instrumentu manu\u0101lai dezinfekcijai un dezinfekcijas priek\u0161att\u012br\u012b\u0161anai. STERISEPT INSTRU apvieno gan t\u012br\u012b\u0161anu, gan dezinfekciju, t\u0101p\u0113c tas ir ide\u0101li piem\u0113rots medic\u012bnisko ier\u012b\u010du, piem\u0113ram, \u0137irur\u0123isko un zob\u0101rstniec\u012bbas instrumentu un cieto endoskopu, manu\u0101lai iepriek\u0161\u0113jai apstr\u0101dei. STERISEPT INSTRU ir pla\u0161a spektra bakteric\u012bda (ieskaitot MRSA, VRE), mikobakteric\u012bda (ieskaitot Mycobacterium avium un Mycobacterium terrae), fungic\u012bda un raugacidiska darb\u012bba. Produkts ir akt\u012bvs ar\u012b pret v\u012brusiem (tostarp HBV, HIV, HCV, Vaccinia, Noro un Rota) un spor\u0101m (tostarp Clostridium difficile).<\/p>\n<\/div>\n","protected":false},"featured_media":8794,"comment_status":"closed","ping_status":"closed","template":"","meta":{"site-sidebar-layout":"default","site-content-layout":"","ast-site-content-layout":"default","site-content-style":"default","site-sidebar-style":"default","ast-global-header-display":"","ast-banner-title-visibility":"","ast-main-header-display":"","ast-hfb-above-header-display":"","ast-hfb-below-header-display":"","ast-hfb-mobile-header-display":"","site-post-title":"","ast-breadcrumbs-content":"","ast-featured-img":"","footer-sml-layout":"","theme-transparent-header-meta":"default","adv-header-id-meta":"","stick-header-meta":"","header-above-stick-meta":"","header-main-stick-meta":"","header-below-stick-meta":"","astra-migrate-meta-layouts":"default","ast-page-background-enabled":"default","ast-page-background-meta":{"desktop":{"background-color":"","background-image":"","background-repeat":"repeat","background-position":"center center","background-size":"auto","background-attachment":"scroll","background-type":"","background-media":"","overlay-type":"","overlay-color":"","overlay-opacity":"","overlay-gradient":""},"tablet":{"background-color":"","background-image":"","background-repeat":"repeat","background-position":"center center","background-size":"auto","background-attachment":"scroll","background-type":"","background-media":"","overlay-type":"","overlay-color":"","overlay-opacity":"","overlay-gradient":""},"mobile":{"background-color":"","background-image":"","background-repeat":"repeat","background-position":"center center","background-size":"auto","background-attachment":"scroll","background-type":"","background-media":"","overlay-type":"","overlay-color":"","overlay-opacity":"","overlay-gradient":""}},"ast-content-background-meta":{"desktop":{"background-color":"var(--ast-global-color-5)","background-image":"","background-repeat":"repeat","background-position":"center center","background-size":"auto","background-attachment":"scroll","background-type":"","background-media":"","overlay-type":"","overlay-color":"","overlay-opacity":"","overlay-gradient":""},"tablet":{"background-color":"var(--ast-global-color-5)","background-image":"","background-repeat":"repeat","background-position":"center center","background-size":"auto","background-attachment":"scroll","background-type":"","background-media":"","overlay-type":"","overlay-color":"","overlay-opacity":"","overlay-gradient":""},"mobile":{"background-color":"var(--ast-global-color-5)","background-image":"","background-repeat":"repeat","background-position":"center center","background-size":"auto","background-attachment":"scroll","background-type":"","background-media":"","overlay-type":"","overlay-color":"","overlay-opacity":"","overlay-gradient":""}}},"product_brand":[],"product_cat":[2237,2238],"product_tag":[2239,2240,2241,2242],"class_list":{"0":"post-8798","1":"product","2":"type-product","3":"status-publish","4":"has-post-thumbnail","6":"product_cat-hygiene-lv","7":"product_cat-chemi-pharm-lv","8":"product_tag-chemi-pharm-lv","9":"product_tag-dezinfekcija-lv","10":"product_tag-sterilizacija-lv","11":"product_tag-sterisept-instru-lv","12":"desktop-align-left","13":"tablet-align-left","14":"mobile-align-left","16":"first","17":"instock","18":"taxable","19":"shipping-taxable","20":"purchasable","21":"product-type-simple"},"jetpack_sharing_enabled":true,"_links":{"self":[{"href":"https:\/\/tihani.eu\/lv\/wp-json\/wp\/v2\/product\/8798","targetHints":{"allow":["GET"]}}],"collection":[{"href":"https:\/\/tihani.eu\/lv\/wp-json\/wp\/v2\/product"}],"about":[{"href":"https:\/\/tihani.eu\/lv\/wp-json\/wp\/v2\/types\/product"}],"replies":[{"embeddable":true,"href":"https:\/\/tihani.eu\/lv\/wp-json\/wp\/v2\/comments?post=8798"}],"wp:featuredmedia":[{"embeddable":true,"href":"https:\/\/tihani.eu\/lv\/wp-json\/wp\/v2\/media\/8794"}],"wp:attachment":[{"href":"https:\/\/tihani.eu\/lv\/wp-json\/wp\/v2\/media?parent=8798"}],"wp:term":[{"taxonomy":"product_brand","embeddable":true,"href":"https:\/\/tihani.eu\/lv\/wp-json\/wp\/v2\/product_brand?post=8798"},{"taxonomy":"product_cat","embeddable":true,"href":"https:\/\/tihani.eu\/lv\/wp-json\/wp\/v2\/product_cat?post=8798"},{"taxonomy":"product_tag","embeddable":true,"href":"https:\/\/tihani.eu\/lv\/wp-json\/wp\/v2\/product_tag?post=8798"}],"curies":[{"name":"wp","href":"https:\/\/api.w.org\/{rel}","templated":true}]}}