{"id":8745,"date":"2024-05-16T13:16:48","date_gmt":"2024-05-16T11:16:48","guid":{"rendered":"https:\/\/tihani.eu\/product\/flip-it\/"},"modified":"2024-05-16T13:16:48","modified_gmt":"2024-05-16T11:16:48","slug":"flip-it","status":"publish","type":"product","link":"https:\/\/tihani.eu\/lv\/produkts\/flip-it\/","title":{"rendered":"FLIP-IT!"},"content":{"rendered":"<p>LIETO\u0160ANAS INSTRUKCIJA: Nomainiet v\u0101ci\u0146u vai s\u016bkni ar Flip-it!, izmantojot vai nu tikai melnu b\u0101zes v\u0101ci\u0146u, vai kombin\u0101cij\u0101 ar sarkanu, oran\u017eu vai dzeltenu adapteri atkar\u012bb\u0101 no v\u012btnes izm\u0113ra. P\u0101rliecinieties, ka katras deta\u013cas iek\u0161pus\u0113 ir starplika! Novietojiet pudeli otr\u0101di apgrieztu.<\/p>\n<p>Lieto\u0161ana: Izvelciet v\u0101rstu un izspiediet. Aizveriet v\u0101rstu, lai novietotu st\u0101v\u0113\u0161anai. Atst\u0101jiet pudeli apgrieztu otr\u0101di, l\u012bdz esat izlietojis visus produktu. Visas deta\u013cas ir piem\u0113rotas lieto\u0161anai p\u0101rtik\u0101 un var mazg\u0101t trauku mazg\u0101jam\u0101 ma\u0161\u012bn\u0101. Uzgalis tiek no\u0146emts ar vilk\u0161anu un vicin\u0101\u0161anu, lai veiktu r\u016bp\u012bgu t\u012br\u012b\u0161anu.<\/p>\n","protected":false},"excerpt":{"rendered":"<p>FLIP-IT! &#8211; ir pudeles iztuk\u0161o\u0161anas v\u0101ci\u0146\u0161. Vairs nek\u0101du atkritumu! Ietaupiet naudu un laiku un sa\u0146emiet ik pilienu, par ko esat samaks\u0101ju\u0161i! Piem\u0113rots liel\u0101kajai da\u013cai salonu pude\u013cu vis\u0101 pasaul\u0113. Da\u017eos retos gad\u012bjumos ra\u017eot\u0101js izveido unik\u0101lu izm\u0113ru vai stilu, kuram neder\u0113s pamata adapteri.<\/p>\n<p>Flip-It! nav paredz\u0113ts stikla, met\u0101la vai konteineriem, kurus nevar saspiest. Lai uzzin\u0101tu vair\u0101k, apmekl\u0113jiet vietni www.flipitcap.com.<\/p>\n<ul>\n<li>FLIP -IT! da\u013cas ir dro\u0161as p\u0101rtikai, un t\u0101s var izmantot vis\u0101 m\u0101j\u0101!<\/li>\n<li>Uzglab\u0101jiet pudeles apgrieztas otr\u0101di un \u013caujiet gravit\u0101cijai veikt darbu j\u016bsu viet\u0101.<\/li>\n<li>Viegli ieg\u016bstiet \u0161o p\u0113d\u0113jo mazumi\u0146u<\/li>\n<li>Komplekt\u0101 iek\u013cautas starplikas<\/li>\n<li>Flip-it! \u0101tri atmaks\u0101jas ar neizmestajiem produktiem<\/li>\n<\/ul>\n<p>MELNS B\u0101zes v\u0101ci\u0146\u0161: Gallona pudeles, izspie\u017eam\u0101s pudeles<\/p>\n<p>SARKANS adapteris: \u0160amp\u016bns\/kondicionieris, rokas ziepju uzpildes, noteikti citi skaistumkop\u0161anas produkti ar s\u016bk\u0146iem.<\/p>\n<p>ORAN\u017dS adapteris: Liel\u0101k\u0101 da\u013ca \u0161amp\u016bna un kondicioniera pude\u013cu, liel\u0101k\u0101 da\u013ca losjona s\u016bk\u0146u un dozatoru pude\u013cu, \u017eelejas.<\/p>\n<p>DZELTENS adapteris: Liel\u0101k\u0101 da\u013ca maz\u0101ku, augst\u0101k\u0101s klases losjonu, daudzas maz\u0101kas matu kop\u0161anas pudel\u012btes, sejas t\u012br\u012b\u0161anas l\u012bdzek\u013ci.<\/p>\n<p>&nbsp;<\/p>\n","protected":false},"featured_media":8716,"comment_status":"closed","ping_status":"closed","template":"","meta":{"site-sidebar-layout":"default","site-content-layout":"","ast-site-content-layout":"default","site-content-style":"default","site-sidebar-style":"default","ast-global-header-display":"","ast-banner-title-visibility":"","ast-main-header-display":"","ast-hfb-above-header-display":"","ast-hfb-below-header-display":"","ast-hfb-mobile-header-display":"","site-post-title":"","ast-breadcrumbs-content":"","ast-featured-img":"","footer-sml-layout":"","theme-transparent-header-meta":"default","adv-header-id-meta":"","stick-header-meta":"","header-above-stick-meta":"","header-main-stick-meta":"","header-below-stick-meta":"","astra-migrate-meta-layouts":"default","ast-page-background-enabled":"default","ast-page-background-meta":{"desktop":{"background-color":"","background-image":"","background-repeat":"repeat","background-position":"center center","background-size":"auto","background-attachment":"scroll","background-type":"","background-media":"","overlay-type":"","overlay-color":"","overlay-opacity":"","overlay-gradient":""},"tablet":{"background-color":"","background-image":"","background-repeat":"repeat","background-position":"center center","background-size":"auto","background-attachment":"scroll","background-type":"","background-media":"","overlay-type":"","overlay-color":"","overlay-opacity":"","overlay-gradient":""},"mobile":{"background-color":"","background-image":"","background-repeat":"repeat","background-position":"center center","background-size":"auto","background-attachment":"scroll","background-type":"","background-media":"","overlay-type":"","overlay-color":"","overlay-opacity":"","overlay-gradient":""}},"ast-content-background-meta":{"desktop":{"background-color":"var(--ast-global-color-5)","background-image":"","background-repeat":"repeat","background-position":"center center","background-size":"auto","background-attachment":"scroll","background-type":"","background-media":"","overlay-type":"","overlay-color":"","overlay-opacity":"","overlay-gradient":""},"tablet":{"background-color":"var(--ast-global-color-5)","background-image":"","background-repeat":"repeat","background-position":"center center","background-size":"auto","background-attachment":"scroll","background-type":"","background-media":"","overlay-type":"","overlay-color":"","overlay-opacity":"","overlay-gradient":""},"mobile":{"background-color":"var(--ast-global-color-5)","background-image":"","background-repeat":"repeat","background-position":"center center","background-size":"auto","background-attachment":"scroll","background-type":"","background-media":"","overlay-type":"","overlay-color":"","overlay-opacity":"","overlay-gradient":""}}},"product_brand":[],"product_cat":[2100,2464,2468,2182],"product_tag":[2101,2214],"class_list":{"0":"post-8745","1":"product","2":"type-product","3":"status-publish","4":"has-post-thumbnail","6":"product_cat-famous-names-lv","7":"product_cat-cb-dadi-oil-lv","8":"product_cat-dadi-oil-lv","9":"product_cat-famous-releaf-lv","10":"product_tag-famous-names-lv","11":"product_tag-flip-it-lv","12":"desktop-align-left","13":"tablet-align-left","14":"mobile-align-left","16":"first","17":"instock","18":"taxable","19":"shipping-taxable","20":"purchasable","21":"product-type-simple"},"jetpack_sharing_enabled":true,"_links":{"self":[{"href":"https:\/\/tihani.eu\/lv\/wp-json\/wp\/v2\/product\/8745","targetHints":{"allow":["GET"]}}],"collection":[{"href":"https:\/\/tihani.eu\/lv\/wp-json\/wp\/v2\/product"}],"about":[{"href":"https:\/\/tihani.eu\/lv\/wp-json\/wp\/v2\/types\/product"}],"replies":[{"embeddable":true,"href":"https:\/\/tihani.eu\/lv\/wp-json\/wp\/v2\/comments?post=8745"}],"wp:featuredmedia":[{"embeddable":true,"href":"https:\/\/tihani.eu\/lv\/wp-json\/wp\/v2\/media\/8716"}],"wp:attachment":[{"href":"https:\/\/tihani.eu\/lv\/wp-json\/wp\/v2\/media?parent=8745"}],"wp:term":[{"taxonomy":"product_brand","embeddable":true,"href":"https:\/\/tihani.eu\/lv\/wp-json\/wp\/v2\/product_brand?post=8745"},{"taxonomy":"product_cat","embeddable":true,"href":"https:\/\/tihani.eu\/lv\/wp-json\/wp\/v2\/product_cat?post=8745"},{"taxonomy":"product_tag","embeddable":true,"href":"https:\/\/tihani.eu\/lv\/wp-json\/wp\/v2\/product_tag?post=8745"}],"curies":[{"name":"wp","href":"https:\/\/api.w.org\/{rel}","templated":true}]}}