{"id":8712,"date":"2024-05-16T10:56:24","date_gmt":"2024-05-16T08:56:24","guid":{"rendered":"https:\/\/tihani.eu\/product\/lumos-duo-pack\/"},"modified":"2024-05-16T11:41:20","modified_gmt":"2024-05-16T09:41:20","slug":"lumos-duo-pack","status":"publish","type":"product","link":"https:\/\/tihani.eu\/lv\/produkts\/lumos-duo-pack\/","title":{"rendered":"LUMOS DUO PACK"},"content":{"rendered":"<p><strong>Instant Impact BOTTOM Coat:<\/strong><\/p>\n<p>SAST\u0100VDA\u013bAS: Ethyl Acetate, Butyl Acetate, Nitrocellulose Acetyltriethyl Citrate, Isopropyl Alcohol.<\/p>\n<p>LIETO\u0160ANAS INSTRUKCIJA: Uzkl\u0101jiet vienu k\u0101rtu uz t\u012briem, sausiem dab\u012bgiem nagiem. P\u0113c tam uzkl\u0101jiet nagu laku vai Lumos High Speed TOP Coat.<\/p>\n<p>TIKAI PROFESION\u0100LAI LIETO\u0160ANAI.<\/p>\n<p>BR\u012aDIN\u0100JUMS: UZLIESMOJO\u0160S. Izvairieties no karstuma un liesmas. Izvairieties no acu kontakta. Uzglab\u0101t b\u0113rniem nepieejam\u0101 viet\u0101.<\/p>\n<p><strong>\u0100trdarb\u012bgs aug\u0161\u0113jais p\u0101rkl\u0101jums:<\/strong><\/p>\n<p>SAST\u0100VDA\u013bAS: Ethyl Acetate, Butyl Acetate, Cellulose Acetate Butyrate, Isopropyl Alcohol, Acetyltriethyl Citrate, Cyclomethicone.<\/p>\n<p>LIETO\u0160ANAS INSTRUKCIJA: Uzkl\u0101jiet vienu k\u0101rtu uz mitras nagu kr\u0101sas vai uz LUMOS Instant Impact Bottom Coat. Iz\u017e\u016bst 10-12 min\u016bt\u0113s!<\/p>\n<p>TIKAI PROFESION\u0100LAI LIETO\u0160ANAI.<\/p>\n<p>BR\u012aDIN\u0100JUMS: UZLIESMOJO\u0160S. Izvairieties no karstuma un liesmas. Izvairieties no acu kontakta. Uzglab\u0101t b\u0113rniem nepieejam\u0101 viet\u0101.<\/p>\n<p>&nbsp;<\/p>\n<p>&nbsp;<\/p>\n","protected":false},"excerpt":{"rendered":"<p><strong>LUMOS Instant Impact BOTTOM Coat 14,3 ml:<\/strong> Apbalvojumu ieguvu\u0161ais, \u012bpa\u0161i \u0101tri \u017e\u016bsto\u0161ais b\u0101zes p\u0101rkl\u0101jums no IBX autoriem! Iz\u017e\u016bst uzreiz, lai uzlabotu un pa\u0101trin\u0101tu profesion\u0101lo apkalpo\u0161anu. Nodro\u0161ina lielisku sa\u0137eri ar dabisko nagu. \u0136\u012bmiski \u201csaist\u0101s\u201d gan ar naga pl\u0101ksn\u012bti zem t\u0101s, gan ar virs t\u0101s eso\u0161o p\u0101rkl\u0101jumu. T\u0101 ir revol\u016bcija p\u0101rkl\u0101juma notur\u012bbas un n\u0113s\u0101\u0161anas zi\u0146\u0101. P\u0101rdod tikai manikra meistariem. Nedzelt\u0113jo\u0161a formula.<\/p>\n<p><strong>LUMOS High Speed TOP Coat 14,3 ml:<\/strong> Sp\u012bd\u012bgs virs\u0113jais p\u0101rkl\u0101jums no IBX sist\u0113mas rad\u012bt\u0101jiem! Tas ir \u013coti \u0101tri \u017e\u016bsto\u0161s un nedzelt\u0113. Iz\u017e\u016bst 10-12 min\u016bt\u0113s. Paredz\u0113ts profesion\u0101\u013ciem, to var uzreiz uzkl\u0101t uz mitras nagu kr\u0101sas, lai uzlabotu un pa\u0101trin\u0101tu pakalpojumu snieg\u0161anu. Pie\u0161\u0137ir sp\u012bdumu un ilgnotur\u012bgu mirdzumu. Iztur\u012bgs pret sabiez\u0113\u0161anu pudel\u0113.<\/p>\n<p>&nbsp;<\/p>\n","protected":false},"featured_media":8709,"comment_status":"closed","ping_status":"closed","template":"","meta":{"site-sidebar-layout":"default","site-content-layout":"","ast-site-content-layout":"default","site-content-style":"default","site-sidebar-style":"default","ast-global-header-display":"","ast-banner-title-visibility":"","ast-main-header-display":"","ast-hfb-above-header-display":"","ast-hfb-below-header-display":"","ast-hfb-mobile-header-display":"","site-post-title":"","ast-breadcrumbs-content":"","ast-featured-img":"","footer-sml-layout":"","theme-transparent-header-meta":"default","adv-header-id-meta":"","stick-header-meta":"","header-above-stick-meta":"","header-main-stick-meta":"","header-below-stick-meta":"","astra-migrate-meta-layouts":"default","ast-page-background-enabled":"default","ast-page-background-meta":{"desktop":{"background-color":"","background-image":"","background-repeat":"repeat","background-position":"center center","background-size":"auto","background-attachment":"scroll","background-type":"","background-media":"","overlay-type":"","overlay-color":"","overlay-opacity":"","overlay-gradient":""},"tablet":{"background-color":"","background-image":"","background-repeat":"repeat","background-position":"center center","background-size":"auto","background-attachment":"scroll","background-type":"","background-media":"","overlay-type":"","overlay-color":"","overlay-opacity":"","overlay-gradient":""},"mobile":{"background-color":"","background-image":"","background-repeat":"repeat","background-position":"center center","background-size":"auto","background-attachment":"scroll","background-type":"","background-media":"","overlay-type":"","overlay-color":"","overlay-opacity":"","overlay-gradient":""}},"ast-content-background-meta":{"desktop":{"background-color":"var(--ast-global-color-5)","background-image":"","background-repeat":"repeat","background-position":"center center","background-size":"auto","background-attachment":"scroll","background-type":"","background-media":"","overlay-type":"","overlay-color":"","overlay-opacity":"","overlay-gradient":""},"tablet":{"background-color":"var(--ast-global-color-5)","background-image":"","background-repeat":"repeat","background-position":"center center","background-size":"auto","background-attachment":"scroll","background-type":"","background-media":"","overlay-type":"","overlay-color":"","overlay-opacity":"","overlay-gradient":""},"mobile":{"background-color":"var(--ast-global-color-5)","background-image":"","background-repeat":"repeat","background-position":"center center","background-size":"auto","background-attachment":"scroll","background-type":"","background-media":"","overlay-type":"","overlay-color":"","overlay-opacity":"","overlay-gradient":""}}},"product_brand":[],"product_cat":[2100],"product_tag":[2101,2211],"class_list":{"0":"post-8712","1":"product","2":"type-product","3":"status-publish","4":"has-post-thumbnail","6":"product_cat-famous-names-lv","7":"product_tag-famous-names-lv","8":"product_tag-lumos-lv","9":"desktop-align-left","10":"tablet-align-left","11":"mobile-align-left","13":"first","14":"instock","15":"sale","16":"taxable","17":"shipping-taxable","18":"purchasable","19":"product-type-simple"},"jetpack_sharing_enabled":true,"_links":{"self":[{"href":"https:\/\/tihani.eu\/lv\/wp-json\/wp\/v2\/product\/8712","targetHints":{"allow":["GET"]}}],"collection":[{"href":"https:\/\/tihani.eu\/lv\/wp-json\/wp\/v2\/product"}],"about":[{"href":"https:\/\/tihani.eu\/lv\/wp-json\/wp\/v2\/types\/product"}],"replies":[{"embeddable":true,"href":"https:\/\/tihani.eu\/lv\/wp-json\/wp\/v2\/comments?post=8712"}],"wp:featuredmedia":[{"embeddable":true,"href":"https:\/\/tihani.eu\/lv\/wp-json\/wp\/v2\/media\/8709"}],"wp:attachment":[{"href":"https:\/\/tihani.eu\/lv\/wp-json\/wp\/v2\/media?parent=8712"}],"wp:term":[{"taxonomy":"product_brand","embeddable":true,"href":"https:\/\/tihani.eu\/lv\/wp-json\/wp\/v2\/product_brand?post=8712"},{"taxonomy":"product_cat","embeddable":true,"href":"https:\/\/tihani.eu\/lv\/wp-json\/wp\/v2\/product_cat?post=8712"},{"taxonomy":"product_tag","embeddable":true,"href":"https:\/\/tihani.eu\/lv\/wp-json\/wp\/v2\/product_tag?post=8712"}],"curies":[{"name":"wp","href":"https:\/\/api.w.org\/{rel}","templated":true}]}}