{"id":8692,"date":"2024-05-15T16:35:28","date_gmt":"2024-05-15T14:35:28","guid":{"rendered":"https:\/\/tihani.eu\/product\/cinnatize-946ml\/"},"modified":"2024-05-15T16:35:28","modified_gmt":"2024-05-15T14:35:28","slug":"cinnatize-946ml","status":"publish","type":"product","link":"https:\/\/tihani.eu\/lv\/produkts\/cinnatize-946ml\/","title":{"rendered":"CINNATIZE 946ml"},"content":{"rendered":"<p>SAST\u0100VDA\u013bAS: Acetone, Isopropyl Alcohol, Butyl Acetate, Phenethyl Alcohol, Glycerine, Citrus Reticulata Fruit Extract, Citrus Aurantium Amara Fruit Extract, Citrus Sinensis Peel Extract, Ascorbic Acid, Citric Acid, Lactic Acid, Water (Aqua\/EAU), Cinnamomum Zeylancium (Cinnamon) Leaf Oil, C|17200 (Red 33), C|42090 (Blue 1).<\/p>\n<p>LIETO\u0160ANAS INSTRUKCIJA: Pies\u0101tiniet salveti un r\u016bp\u012bgi not\u012briet naga pl\u0101ksn\u012bti un apk\u0101rt\u0113jos m\u012bkstus audus, lai dezinfic\u0113tu un no\u0146emtu net\u012brumus. CINNATIZE ir paredz\u0113ts lieto\u0161anai kop\u0101 ar IBX un citiem nagu p\u0101rkl\u0101jumiem. Darbojas k\u0101 \u013coti efekt\u012bvs nagu lakas no\u0146em\u0161anas l\u012bdzeklis.<\/p>\n<p>BR\u012aDIN\u0100JUMS: B\u012aSTAMI! VIEGLI UZLIESMOJO\u0160S \u0160\u0136IDRUMS UN TVAIKI. IZRAISA NOPIETNU ACU KAIRIN\u0100JUMU. VAR IZRAIS\u012aT MIEGAIN\u012aBU VAI REIBONI. Sarg\u0101t no karstuma, karst\u0101m virsm\u0101m, dzirkstel\u0113m, atkl\u0101tas liesmas un citiem aizdeg\u0161an\u0101s avotiem. Sm\u0113\u0137\u0113t aizliegts. Uzglab\u0101t iepakojumu cie\u0161i aizv\u0113rtu. Lietojiet acu aizsargl\u012bdzek\u013cus. Izvair\u012bties no miglas un tvaiku ieelpo\u0161anas. P\u0113c lieto\u0161anas r\u016bp\u012bgi nomazg\u0101jiet. Lietojiet tikai \u0101r\u0101 vai labi v\u0113din\u0101m\u0101 viet\u0101. JA IEELPO: Izvad\u012bt personu uz svaigu gaisu un nodro\u0161in\u0101t elpo\u0161anas komfortu. Ja j\u016btaties slikti, zvaniet toksikolo\u0123ijas centram\/\u0101rstam. JA IEKL\u016aST AC\u012aS: vair\u0101kas min\u016btes r\u016bp\u012bgi skalot ar \u016bdeni. No\u0146emiet kontaktl\u0113cas, ja t\u0101das ir un to ir viegli izdar\u012bt. Turpiniet skalot. Ja rodas acu kairin\u0101jums, sazinieties ar \u0101rstu\/piev\u0113rsiet medic\u012bnisko pal\u012bdz\u012bbu. JA NORIJ: Nekav\u0113joties mekl\u0113t medic\u012bnisku pal\u012bdz\u012bbu (ja iesp\u0113jams, par\u0101d\u012bt eti\u0137eti). Ugunsgr\u0113ka gad\u012bjum\u0101: Lai nodz\u0113stu ugunsgr\u0113ku, izmantojiet CO2, sauso \u0137\u012bmisko vielu vai putas. Uzglab\u0101t labi v\u0113din\u0101m\u0101 telp\u0101. Uzturiet v\u0113su. Uzglab\u0101t aizsl\u0113gtu. Izvairieties no karstuma un saules gaismas iedarb\u012bbas. Lietojiet tikai k\u0101 nor\u0101d\u012bts. GLAB\u0100T B\u0112RNIEM NEPIEEJAM\u0100 VIET\u0100. Lietojiet tikai atbilsto\u0161i nor\u0101d\u012bjumiem.<\/p>\n","protected":false},"excerpt":{"rendered":"<p>CINNATIZE ir nagu virsmu dezinfic\u0113jo\u0161s, att\u012bro\u0161s un nagu lakas no\u0146em\u0161anas l\u012bdzeklis. Dab\u012bgais kan\u0113\u013ca ekstrakts ir izmantots CINNATIZE sast\u0101v\u0101 ne tikai pat\u012bkamas smar\u017eas d\u0113\u013c: ir zin\u0101ms, ka kan\u0113lis pal\u012bdz izn\u012bcin\u0101t virsmas bakt\u0113rijas! P\u0101rsteidzo\u0161i ir tas, ka CINNATIZE neatst\u0101j nagus ar baltu aplikumu. To var izmantot, lai att\u012br\u012btu dab\u012bgo nagu pirms g\u0113la lakas uzkl\u0101\u0161an\u0101s vai klasisk\u0101 manik\u012bra laik\u0101.<\/p>\n<p>RA\u017dOTS USA<\/p>\n","protected":false},"featured_media":8689,"comment_status":"closed","ping_status":"closed","template":"","meta":{"site-sidebar-layout":"default","site-content-layout":"","ast-site-content-layout":"default","site-content-style":"default","site-sidebar-style":"default","ast-global-header-display":"","ast-banner-title-visibility":"","ast-main-header-display":"","ast-hfb-above-header-display":"","ast-hfb-below-header-display":"","ast-hfb-mobile-header-display":"","site-post-title":"","ast-breadcrumbs-content":"","ast-featured-img":"","footer-sml-layout":"","theme-transparent-header-meta":"default","adv-header-id-meta":"","stick-header-meta":"","header-above-stick-meta":"","header-main-stick-meta":"","header-below-stick-meta":"","astra-migrate-meta-layouts":"default","ast-page-background-enabled":"default","ast-page-background-meta":{"desktop":{"background-color":"","background-image":"","background-repeat":"repeat","background-position":"center center","background-size":"auto","background-attachment":"scroll","background-type":"","background-media":"","overlay-type":"","overlay-color":"","overlay-opacity":"","overlay-gradient":""},"tablet":{"background-color":"","background-image":"","background-repeat":"repeat","background-position":"center center","background-size":"auto","background-attachment":"scroll","background-type":"","background-media":"","overlay-type":"","overlay-color":"","overlay-opacity":"","overlay-gradient":""},"mobile":{"background-color":"","background-image":"","background-repeat":"repeat","background-position":"center center","background-size":"auto","background-attachment":"scroll","background-type":"","background-media":"","overlay-type":"","overlay-color":"","overlay-opacity":"","overlay-gradient":""}},"ast-content-background-meta":{"desktop":{"background-color":"var(--ast-global-color-5)","background-image":"","background-repeat":"repeat","background-position":"center center","background-size":"auto","background-attachment":"scroll","background-type":"","background-media":"","overlay-type":"","overlay-color":"","overlay-opacity":"","overlay-gradient":""},"tablet":{"background-color":"var(--ast-global-color-5)","background-image":"","background-repeat":"repeat","background-position":"center center","background-size":"auto","background-attachment":"scroll","background-type":"","background-media":"","overlay-type":"","overlay-color":"","overlay-opacity":"","overlay-gradient":""},"mobile":{"background-color":"var(--ast-global-color-5)","background-image":"","background-repeat":"repeat","background-position":"center center","background-size":"auto","background-attachment":"scroll","background-type":"","background-media":"","overlay-type":"","overlay-color":"","overlay-opacity":"","overlay-gradient":""}}},"product_brand":[],"product_cat":[2100],"product_tag":[2205,2101],"class_list":{"0":"post-8692","1":"product","2":"type-product","3":"status-publish","4":"has-post-thumbnail","6":"product_cat-famous-names-lv","7":"product_tag-cinnatize-lv","8":"product_tag-famous-names-lv","9":"desktop-align-left","10":"tablet-align-left","11":"mobile-align-left","13":"first","14":"instock","15":"sale","16":"taxable","17":"shipping-taxable","18":"purchasable","19":"product-type-simple"},"jetpack_sharing_enabled":true,"_links":{"self":[{"href":"https:\/\/tihani.eu\/lv\/wp-json\/wp\/v2\/product\/8692","targetHints":{"allow":["GET"]}}],"collection":[{"href":"https:\/\/tihani.eu\/lv\/wp-json\/wp\/v2\/product"}],"about":[{"href":"https:\/\/tihani.eu\/lv\/wp-json\/wp\/v2\/types\/product"}],"replies":[{"embeddable":true,"href":"https:\/\/tihani.eu\/lv\/wp-json\/wp\/v2\/comments?post=8692"}],"wp:featuredmedia":[{"embeddable":true,"href":"https:\/\/tihani.eu\/lv\/wp-json\/wp\/v2\/media\/8689"}],"wp:attachment":[{"href":"https:\/\/tihani.eu\/lv\/wp-json\/wp\/v2\/media?parent=8692"}],"wp:term":[{"taxonomy":"product_brand","embeddable":true,"href":"https:\/\/tihani.eu\/lv\/wp-json\/wp\/v2\/product_brand?post=8692"},{"taxonomy":"product_cat","embeddable":true,"href":"https:\/\/tihani.eu\/lv\/wp-json\/wp\/v2\/product_cat?post=8692"},{"taxonomy":"product_tag","embeddable":true,"href":"https:\/\/tihani.eu\/lv\/wp-json\/wp\/v2\/product_tag?post=8692"}],"curies":[{"name":"wp","href":"https:\/\/api.w.org\/{rel}","templated":true}]}}