{"id":8679,"date":"2024-05-15T13:40:19","date_gmt":"2024-05-15T11:40:19","guid":{"rendered":"https:\/\/tihani.eu\/product\/cbd-elixir\/"},"modified":"2024-05-15T13:40:19","modified_gmt":"2024-05-15T11:40:19","slug":"cbd-elixir","status":"publish","type":"product","link":"https:\/\/tihani.eu\/lv\/produkts\/cbd-elixir\/","title":{"rendered":"CBD ELIXIR"},"content":{"rendered":"<p>SAST\u0100VDA\u013bAS: Cannabis Satvia (Hemp) Seed Oil, Sorbitan Isostearate, Cannabis Satvia Seed Oil (Hemp Crystalline Distillate), Tocopherol (mixed).<\/p>\n<p>LIETO\u0160ANAS INSTRUKCIJA: Iemas\u0113jiet 1-2 pilienus uz p\u0113d\u0101m, k\u0101j\u0101m vai sejas<\/p>\n<p>BR\u012aDIN\u0100JUMS: Tikai \u0101r\u0113jai lieto\u0161anai. Lietojiet tikai k\u0101 nor\u0101d\u012bts. Var izrais\u012bt \u0101das un\/vai acu kairin\u0101jumu. Nelietojiet, ja esat gr\u016btniece vai barojat b\u0113rnu ar kr\u016bti. Uzglab\u0101t b\u0113rniem nepieejam\u0101 viet\u0101.<\/p>\n","protected":false},"excerpt":{"rendered":"<p>CBD ELIXIR ir super mitrino\u0161a \u0101rstniecisk\u0101 e\u013c\u013ca ar CBD, kas paredz\u0113ta p\u0113d\u0101m un sejai. Lietojiet tie\u0161i uz \u0101das vai k\u0101 piedevu m\u0113rc\u0113\u0161anas, skrub\u0113\u0161anas vai mas\u0101\u017eas proced\u016brai. Ar\u012b fantastisks produkts lieto\u0161anai m\u0101j\u0101s.<br \/>\npsst&#8230; Linda Nordstrom izmanto \u0161o 2-3 reizes ned\u0113\u013c\u0101 uz sejas, lai super mitrin\u0101tu un nomierin\u0101tu to!<\/p>\n<p>Galven\u0101s sast\u0101vda\u013cas:<br \/>\nOrganisk\u0101 ka\u0146epju s\u0113klu e\u013c\u013ca<br \/>\n\u2022 Ide\u0101ls CBD nes\u0113js<br \/>\n\u2022 Antibakteri\u0101la un antioksid\u0113jo\u0161a iedarb\u012bba<br \/>\n\u2022 Ilgtsp\u0113j\u012bgi izaudz\u0113ts<\/p>\n<p>CBD destil\u0101ts: Satur 4% jeb 1140 mg\/oz CBD<br \/>\n\u2022 Zin\u0101ms, ka tas labv\u0113l\u012bgi ietekm\u0113 vesel\u012bbu un labsaj\u016btu.<br \/>\n\u2022 Var sniegt atvieglojumu musku\u013ciem un loc\u012btav\u0101m<br \/>\n\u2022 Bag\u0101ts ar antioksidantiem<br \/>\n\u2022 Ar antibakteri\u0101l\u0101m \u012bpa\u0161\u012bb\u0101m<br \/>\n\u2022 Satur A un B vitam\u012bnus<br \/>\n\u2022 Var atvieglot iekaisumu<\/p>\n","protected":false},"featured_media":8673,"comment_status":"closed","ping_status":"closed","template":"","meta":{"site-sidebar-layout":"default","site-content-layout":"","ast-site-content-layout":"default","site-content-style":"default","site-sidebar-style":"default","ast-global-header-display":"","ast-banner-title-visibility":"","ast-main-header-display":"","ast-hfb-above-header-display":"","ast-hfb-below-header-display":"","ast-hfb-mobile-header-display":"","site-post-title":"","ast-breadcrumbs-content":"","ast-featured-img":"","footer-sml-layout":"","theme-transparent-header-meta":"default","adv-header-id-meta":"","stick-header-meta":"","header-above-stick-meta":"","header-main-stick-meta":"","header-below-stick-meta":"","astra-migrate-meta-layouts":"default","ast-page-background-enabled":"default","ast-page-background-meta":{"desktop":{"background-color":"","background-image":"","background-repeat":"repeat","background-position":"center center","background-size":"auto","background-attachment":"scroll","background-type":"","background-media":"","overlay-type":"","overlay-color":"","overlay-opacity":"","overlay-gradient":""},"tablet":{"background-color":"","background-image":"","background-repeat":"repeat","background-position":"center center","background-size":"auto","background-attachment":"scroll","background-type":"","background-media":"","overlay-type":"","overlay-color":"","overlay-opacity":"","overlay-gradient":""},"mobile":{"background-color":"","background-image":"","background-repeat":"repeat","background-position":"center center","background-size":"auto","background-attachment":"scroll","background-type":"","background-media":"","overlay-type":"","overlay-color":"","overlay-opacity":"","overlay-gradient":""}},"ast-content-background-meta":{"desktop":{"background-color":"var(--ast-global-color-5)","background-image":"","background-repeat":"repeat","background-position":"center center","background-size":"auto","background-attachment":"scroll","background-type":"","background-media":"","overlay-type":"","overlay-color":"","overlay-opacity":"","overlay-gradient":""},"tablet":{"background-color":"var(--ast-global-color-5)","background-image":"","background-repeat":"repeat","background-position":"center center","background-size":"auto","background-attachment":"scroll","background-type":"","background-media":"","overlay-type":"","overlay-color":"","overlay-opacity":"","overlay-gradient":""},"mobile":{"background-color":"var(--ast-global-color-5)","background-image":"","background-repeat":"repeat","background-position":"center center","background-size":"auto","background-attachment":"scroll","background-type":"","background-media":"","overlay-type":"","overlay-color":"","overlay-opacity":"","overlay-gradient":""}}},"product_brand":[],"product_cat":[2100,2182],"product_tag":[2202,2101,2143],"class_list":{"0":"post-8679","1":"product","2":"type-product","3":"status-publish","4":"has-post-thumbnail","6":"product_cat-famous-names-lv","7":"product_cat-famous-releaf-lv","8":"product_tag-cbd-elixir-lv","9":"product_tag-famous-names-lv","10":"product_tag-famous-releaf-lv","11":"desktop-align-left","12":"tablet-align-left","13":"mobile-align-left","15":"first","16":"instock","17":"taxable","18":"shipping-taxable","19":"purchasable","20":"product-type-variable"},"jetpack_sharing_enabled":true,"_links":{"self":[{"href":"https:\/\/tihani.eu\/lv\/wp-json\/wp\/v2\/product\/8679","targetHints":{"allow":["GET"]}}],"collection":[{"href":"https:\/\/tihani.eu\/lv\/wp-json\/wp\/v2\/product"}],"about":[{"href":"https:\/\/tihani.eu\/lv\/wp-json\/wp\/v2\/types\/product"}],"replies":[{"embeddable":true,"href":"https:\/\/tihani.eu\/lv\/wp-json\/wp\/v2\/comments?post=8679"}],"wp:featuredmedia":[{"embeddable":true,"href":"https:\/\/tihani.eu\/lv\/wp-json\/wp\/v2\/media\/8673"}],"wp:attachment":[{"href":"https:\/\/tihani.eu\/lv\/wp-json\/wp\/v2\/media?parent=8679"}],"wp:term":[{"taxonomy":"product_brand","embeddable":true,"href":"https:\/\/tihani.eu\/lv\/wp-json\/wp\/v2\/product_brand?post=8679"},{"taxonomy":"product_cat","embeddable":true,"href":"https:\/\/tihani.eu\/lv\/wp-json\/wp\/v2\/product_cat?post=8679"},{"taxonomy":"product_tag","embeddable":true,"href":"https:\/\/tihani.eu\/lv\/wp-json\/wp\/v2\/product_tag?post=8679"}],"curies":[{"name":"wp","href":"https:\/\/api.w.org\/{rel}","templated":true}]}}