{"id":8647,"date":"2024-05-15T11:54:27","date_gmt":"2024-05-15T09:54:27","guid":{"rendered":"https:\/\/tihani.eu\/product\/soak-a-lyptus-250ml\/"},"modified":"2024-05-15T11:54:27","modified_gmt":"2024-05-15T09:54:27","slug":"soak-a-lyptus-250ml","status":"publish","type":"product","link":"https:\/\/tihani.eu\/lv\/produkts\/soak-a-lyptus-250ml\/","title":{"rendered":"SOAK-A-LYPTUS 250ml"},"content":{"rendered":"<p><strong>SAST\u0100VDA\u013bAS:<\/strong> Glycerin, Disodium Laureth Sulfosuccinate (and) Sosium Cocoyl Isethionate (and) Cocamidopropyl Betaine, Camellia Sinensis Seed Extract, Eucalyptol, Phenoxyethanol.<\/p>\n<p><strong>LIETO\u0160ANAS INSTRUKCIJA:<\/strong> Izspiediet produktu 1-2 reizes vanni\u0146\u0101 un m\u0113rc\u0113jiet p\u0113das.<\/p>\n<p> <strong>BR\u012aDIN\u0100JUMS:<\/strong>Tikai \u0101r\u0113jai lieto\u0161anai. Lietojiet tikai atbilsto\u0161i nor\u0101d\u012bjumiem, Izraisa acu kairin\u0101jumu. Uzglab\u0101t b\u0113rniem nepieejam\u0101 viet\u0101.<\/p>\n","protected":false},"excerpt":{"rendered":"<p>Maigs, pat\u012bkams, att\u012bro\u0161s, dezodor\u0113jo\u0161s un mitrino\u0161s l\u012bdzeklis m\u0113rc\u0113\u0161anas vanni\u0146\u0101m.<br \/>\nNesatur \u016bdeni! K\u0101p\u0113c lai maks\u0101tu par \u016bdeni, lai to pievienotu k\u0101ju vann\u0101 eso\u0161ajam \u016bdenim!<\/p>\n<p>Galven\u0101s sast\u0101vda\u013cas:<br \/>\nCamellia Sinensis t\u0113jas s\u0113klu ekstrakts<br \/>\n\u2022 Piln\u012bgi dabiska un organiska sast\u0101vda\u013ca, kas ieg\u016bta no t\u0113jas kokiem 1940. gados.<br \/>\n\u2022 Antioksidants<br \/>\n\u2022 Samazina sebuma sekr\u0113ciju<br \/>\n\u2022 Pretmikrobu aizsardz\u012bba<br \/>\nGlicer\u012bns<br \/>\n\u2022 Palielina mitruma aizturi, padarot \u0101du maig\u0101ku un glud\u0101ku.<br \/>\nBr\u012bni\u0161\u0137\u012bga eikalipta smar\u017ea veicina nomierin\u0101\u0161anos un relaks\u0101ciju.<\/p>\n<p>Porcijas lielums = 1 pumpi\u0146\u0161 vienam klientam<\/p>\n<p>RA\u017dOTS USA<\/p>\n","protected":false},"featured_media":8644,"comment_status":"closed","ping_status":"closed","template":"","meta":{"site-sidebar-layout":"default","site-content-layout":"","ast-site-content-layout":"default","site-content-style":"default","site-sidebar-style":"default","ast-global-header-display":"","ast-banner-title-visibility":"","ast-main-header-display":"","ast-hfb-above-header-display":"","ast-hfb-below-header-display":"","ast-hfb-mobile-header-display":"","site-post-title":"","ast-breadcrumbs-content":"","ast-featured-img":"","footer-sml-layout":"","theme-transparent-header-meta":"default","adv-header-id-meta":"","stick-header-meta":"","header-above-stick-meta":"","header-main-stick-meta":"","header-below-stick-meta":"","astra-migrate-meta-layouts":"default","ast-page-background-enabled":"default","ast-page-background-meta":{"desktop":{"background-color":"","background-image":"","background-repeat":"repeat","background-position":"center center","background-size":"auto","background-attachment":"scroll","background-type":"","background-media":"","overlay-type":"","overlay-color":"","overlay-opacity":"","overlay-gradient":""},"tablet":{"background-color":"","background-image":"","background-repeat":"repeat","background-position":"center center","background-size":"auto","background-attachment":"scroll","background-type":"","background-media":"","overlay-type":"","overlay-color":"","overlay-opacity":"","overlay-gradient":""},"mobile":{"background-color":"","background-image":"","background-repeat":"repeat","background-position":"center center","background-size":"auto","background-attachment":"scroll","background-type":"","background-media":"","overlay-type":"","overlay-color":"","overlay-opacity":"","overlay-gradient":""}},"ast-content-background-meta":{"desktop":{"background-color":"var(--ast-global-color-5)","background-image":"","background-repeat":"repeat","background-position":"center center","background-size":"auto","background-attachment":"scroll","background-type":"","background-media":"","overlay-type":"","overlay-color":"","overlay-opacity":"","overlay-gradient":""},"tablet":{"background-color":"var(--ast-global-color-5)","background-image":"","background-repeat":"repeat","background-position":"center center","background-size":"auto","background-attachment":"scroll","background-type":"","background-media":"","overlay-type":"","overlay-color":"","overlay-opacity":"","overlay-gradient":""},"mobile":{"background-color":"var(--ast-global-color-5)","background-image":"","background-repeat":"repeat","background-position":"center center","background-size":"auto","background-attachment":"scroll","background-type":"","background-media":"","overlay-type":"","overlay-color":"","overlay-opacity":"","overlay-gradient":""}}},"product_brand":[],"product_cat":[2100,2182],"product_tag":[2101,2143,2191],"class_list":{"0":"post-8647","1":"product","2":"type-product","3":"status-publish","4":"has-post-thumbnail","6":"product_cat-famous-names-lv","7":"product_cat-famous-releaf-lv","8":"product_tag-famous-names-lv","9":"product_tag-famous-releaf-lv","10":"product_tag-soak-a-lyptus-lv","11":"desktop-align-left","12":"tablet-align-left","13":"mobile-align-left","15":"first","16":"instock","17":"taxable","18":"shipping-taxable","19":"purchasable","20":"product-type-simple"},"jetpack_sharing_enabled":true,"_links":{"self":[{"href":"https:\/\/tihani.eu\/lv\/wp-json\/wp\/v2\/product\/8647","targetHints":{"allow":["GET"]}}],"collection":[{"href":"https:\/\/tihani.eu\/lv\/wp-json\/wp\/v2\/product"}],"about":[{"href":"https:\/\/tihani.eu\/lv\/wp-json\/wp\/v2\/types\/product"}],"replies":[{"embeddable":true,"href":"https:\/\/tihani.eu\/lv\/wp-json\/wp\/v2\/comments?post=8647"}],"wp:featuredmedia":[{"embeddable":true,"href":"https:\/\/tihani.eu\/lv\/wp-json\/wp\/v2\/media\/8644"}],"wp:attachment":[{"href":"https:\/\/tihani.eu\/lv\/wp-json\/wp\/v2\/media?parent=8647"}],"wp:term":[{"taxonomy":"product_brand","embeddable":true,"href":"https:\/\/tihani.eu\/lv\/wp-json\/wp\/v2\/product_brand?post=8647"},{"taxonomy":"product_cat","embeddable":true,"href":"https:\/\/tihani.eu\/lv\/wp-json\/wp\/v2\/product_cat?post=8647"},{"taxonomy":"product_tag","embeddable":true,"href":"https:\/\/tihani.eu\/lv\/wp-json\/wp\/v2\/product_tag?post=8647"}],"curies":[{"name":"wp","href":"https:\/\/api.w.org\/{rel}","templated":true}]}}