{"id":8636,"date":"2024-05-15T11:25:17","date_gmt":"2024-05-15T09:25:17","guid":{"rendered":"https:\/\/tihani.eu\/product\/cuti-cal\/"},"modified":"2024-05-15T11:43:54","modified_gmt":"2024-05-15T09:43:54","slug":"cuti-cal","status":"publish","type":"product","link":"https:\/\/tihani.eu\/lv\/produkts\/cuti-cal\/","title":{"rendered":"CUTI-CAL"},"content":{"rendered":"<p><strong>SAST\u0100VDA\u013bAS:<\/strong> Water, Polysorbate 20, Allantion, Alphaphellandrene, Glycerin, Panthenol, Phenoxyethanol, Sodium Hydroxide, Urea.<\/p>\n<p><strong>LIETO\u0160ANAS INSTRUKCIJA:<\/strong> Izsmidziniet uz kutikul\u0101m, pap\u0113\u017eiem un tulzn\u0101m, \u013caujiet 2 min\u016btes iedarboties. P\u0113c nepiecie\u0161am\u012bbas atk\u0101rtoti uzkl\u0101t uz tulznas.<\/p>\n<p><strong>BR\u012aDIN\u0100JUMS:<\/strong>Lieto tikai uz p\u0113d\u0101m. Lietojiet tikai k\u0101 nor\u0101d\u012bts. Izraisa acu kairin\u0101jumu. Uzglab\u0101t b\u0113rniem nepieejam\u0101 viet\u0101.<\/p>\n","protected":false},"excerpt":{"rendered":"<p>CUTI-CAL ir \u201cviss vien\u0101\u201d l\u012bdzeklis, nav nepiecie\u0161ams noskalot, m\u012bkstin\u0101 tulznas un no\u0146em kutikulas. \u0100tri un efekt\u012bvi no\u0146em atmiru\u0161\u0101s \u0101das \u0161\u016bnas. Lieliski piem\u0113rots ar\u012b manik\u012bram!<\/p>\n<p><strong>Galven\u0101s sast\u0101vda\u013cas:<\/strong><br \/>\n\u2022 AU komplekss: M\u016bsu sp\u0113c\u012bg\u0101k\u0101 sast\u0101vda\u013ca perfektam pedik\u012bram. Alanto\u012bna un karbam\u012bda kombin\u0101cija.<\/p>\n<p>Vair\u0101k par AU kompleksu:<br \/>\n\u2022 \u0100das aizsargl\u012bdzeklis, kas piesaista un notur mitrumu \u0101d\u0101.<br \/>\n\u2022 Nodro\u0161ina aizsardz\u012bbu pret kairin\u0101jumiem un iekaisumiem.<br \/>\n\u2022 Br\u012bni\u0161\u0137\u012bgs spa tipa arom\u0101ts<\/p>\n<p>RA\u017dOTS USA<\/p>\n","protected":false},"featured_media":8628,"comment_status":"closed","ping_status":"closed","template":"","meta":{"site-sidebar-layout":"default","site-content-layout":"","ast-site-content-layout":"default","site-content-style":"default","site-sidebar-style":"default","ast-global-header-display":"","ast-banner-title-visibility":"","ast-main-header-display":"","ast-hfb-above-header-display":"","ast-hfb-below-header-display":"","ast-hfb-mobile-header-display":"","site-post-title":"","ast-breadcrumbs-content":"","ast-featured-img":"","footer-sml-layout":"","theme-transparent-header-meta":"default","adv-header-id-meta":"","stick-header-meta":"","header-above-stick-meta":"","header-main-stick-meta":"","header-below-stick-meta":"","astra-migrate-meta-layouts":"default","ast-page-background-enabled":"default","ast-page-background-meta":{"desktop":{"background-color":"","background-image":"","background-repeat":"repeat","background-position":"center center","background-size":"auto","background-attachment":"scroll","background-type":"","background-media":"","overlay-type":"","overlay-color":"","overlay-opacity":"","overlay-gradient":""},"tablet":{"background-color":"","background-image":"","background-repeat":"repeat","background-position":"center center","background-size":"auto","background-attachment":"scroll","background-type":"","background-media":"","overlay-type":"","overlay-color":"","overlay-opacity":"","overlay-gradient":""},"mobile":{"background-color":"","background-image":"","background-repeat":"repeat","background-position":"center center","background-size":"auto","background-attachment":"scroll","background-type":"","background-media":"","overlay-type":"","overlay-color":"","overlay-opacity":"","overlay-gradient":""}},"ast-content-background-meta":{"desktop":{"background-color":"var(--ast-global-color-5)","background-image":"","background-repeat":"repeat","background-position":"center center","background-size":"auto","background-attachment":"scroll","background-type":"","background-media":"","overlay-type":"","overlay-color":"","overlay-opacity":"","overlay-gradient":""},"tablet":{"background-color":"var(--ast-global-color-5)","background-image":"","background-repeat":"repeat","background-position":"center center","background-size":"auto","background-attachment":"scroll","background-type":"","background-media":"","overlay-type":"","overlay-color":"","overlay-opacity":"","overlay-gradient":""},"mobile":{"background-color":"var(--ast-global-color-5)","background-image":"","background-repeat":"repeat","background-position":"center center","background-size":"auto","background-attachment":"scroll","background-type":"","background-media":"","overlay-type":"","overlay-color":"","overlay-opacity":"","overlay-gradient":""}}},"product_brand":[],"product_cat":[2100,2182],"product_tag":[2188,2101,2143],"class_list":{"0":"post-8636","1":"product","2":"type-product","3":"status-publish","4":"has-post-thumbnail","6":"product_cat-famous-names-lv","7":"product_cat-famous-releaf-lv","8":"product_tag-cuti-cal-lv","9":"product_tag-famous-names-lv","10":"product_tag-famous-releaf-lv","11":"desktop-align-left","12":"tablet-align-left","13":"mobile-align-left","15":"first","16":"instock","17":"taxable","18":"shipping-taxable","19":"purchasable","20":"product-type-variable"},"jetpack_sharing_enabled":true,"_links":{"self":[{"href":"https:\/\/tihani.eu\/lv\/wp-json\/wp\/v2\/product\/8636","targetHints":{"allow":["GET"]}}],"collection":[{"href":"https:\/\/tihani.eu\/lv\/wp-json\/wp\/v2\/product"}],"about":[{"href":"https:\/\/tihani.eu\/lv\/wp-json\/wp\/v2\/types\/product"}],"replies":[{"embeddable":true,"href":"https:\/\/tihani.eu\/lv\/wp-json\/wp\/v2\/comments?post=8636"}],"wp:featuredmedia":[{"embeddable":true,"href":"https:\/\/tihani.eu\/lv\/wp-json\/wp\/v2\/media\/8628"}],"wp:attachment":[{"href":"https:\/\/tihani.eu\/lv\/wp-json\/wp\/v2\/media?parent=8636"}],"wp:term":[{"taxonomy":"product_brand","embeddable":true,"href":"https:\/\/tihani.eu\/lv\/wp-json\/wp\/v2\/product_brand?post=8636"},{"taxonomy":"product_cat","embeddable":true,"href":"https:\/\/tihani.eu\/lv\/wp-json\/wp\/v2\/product_cat?post=8636"},{"taxonomy":"product_tag","embeddable":true,"href":"https:\/\/tihani.eu\/lv\/wp-json\/wp\/v2\/product_tag?post=8636"}],"curies":[{"name":"wp","href":"https:\/\/api.w.org\/{rel}","templated":true}]}}