{"id":8619,"date":"2024-05-15T10:53:04","date_gmt":"2024-05-15T08:53:04","guid":{"rendered":"https:\/\/tihani.eu\/product\/finish\/"},"modified":"2024-05-15T10:53:04","modified_gmt":"2024-05-15T08:53:04","slug":"finish","status":"publish","type":"product","link":"https:\/\/tihani.eu\/lv\/produkts\/finish\/","title":{"rendered":"FINISH"},"content":{"rendered":"<p>SAST\u0100VDA\u013bAS: Water, Urea, Panthenol, Glycerin, Allantoin, Phenoxyethanol<\/p>\n<p>LIETO\u0160ANAS INSTRUKCIJA: Izsmidziniet uz visas p\u0113das, \u013caujiet no\u017e\u016bt (2-3 min\u016btes) un noslaukiet p\u0101rpalikumu.<\/p>\n<p>BR\u012aDIN\u0100JUMS:Tikai \u0101r\u0113jai lieto\u0161anai. Lietojiet tikai k\u0101 nor\u0101d\u012bts. Izvairieties no acu kontakta. P\u0101rtrauciet lieto\u0161anu, ja rodas \u0101das kairin\u0101jums. Kait\u012bgs, ja norij. Uzglab\u0101t b\u0113rniem nepieejam\u0101 viet\u0101.<\/p>\n","protected":false},"excerpt":{"rendered":"<p>Perfekts perfekta pedik\u012bra fini\u0161s&#8230; Stimul\u0113jo\u0161s un atsvaidzino\u0161s pa\u0161\u017e\u016bsto\u0161s aerosols p\u0113d\u0101m, rok\u0101m un sejai.<\/p>\n<p>Galven\u0101s sast\u0101vda\u013cas:<br \/>\n\u2022 AU komplekss: M\u016bsu svar\u012bg\u0101k\u0101 sast\u0101vda\u013ca perfektam pedik\u012bram. Alanto\u012bna un karbam\u012bda kombin\u0101cija. Vair\u0101k par AU kompleksu:<br \/>\n\u2022 \u0100das aizsargl\u012bdzeklis, kas piesaista un notur mitrumu \u0101d\u0101.<br \/>\n\u2022 Nodro\u0161ina aizsardz\u012bbu pret kairin\u0101jumiem un iekaisumiem.<br \/>\n\u2022 Atv\u0113sina un atsvaidzina \u0101du&#8230; ide\u0101li piem\u0113rots p\u0113c treni\u0146iem!<\/p>\n","protected":false},"featured_media":8614,"comment_status":"closed","ping_status":"closed","template":"","meta":{"site-sidebar-layout":"default","site-content-layout":"","ast-site-content-layout":"default","site-content-style":"default","site-sidebar-style":"default","ast-global-header-display":"","ast-banner-title-visibility":"","ast-main-header-display":"","ast-hfb-above-header-display":"","ast-hfb-below-header-display":"","ast-hfb-mobile-header-display":"","site-post-title":"","ast-breadcrumbs-content":"","ast-featured-img":"","footer-sml-layout":"","theme-transparent-header-meta":"default","adv-header-id-meta":"","stick-header-meta":"","header-above-stick-meta":"","header-main-stick-meta":"","header-below-stick-meta":"","astra-migrate-meta-layouts":"default","ast-page-background-enabled":"default","ast-page-background-meta":{"desktop":{"background-color":"","background-image":"","background-repeat":"repeat","background-position":"center center","background-size":"auto","background-attachment":"scroll","background-type":"","background-media":"","overlay-type":"","overlay-color":"","overlay-opacity":"","overlay-gradient":""},"tablet":{"background-color":"","background-image":"","background-repeat":"repeat","background-position":"center center","background-size":"auto","background-attachment":"scroll","background-type":"","background-media":"","overlay-type":"","overlay-color":"","overlay-opacity":"","overlay-gradient":""},"mobile":{"background-color":"","background-image":"","background-repeat":"repeat","background-position":"center center","background-size":"auto","background-attachment":"scroll","background-type":"","background-media":"","overlay-type":"","overlay-color":"","overlay-opacity":"","overlay-gradient":""}},"ast-content-background-meta":{"desktop":{"background-color":"var(--ast-global-color-5)","background-image":"","background-repeat":"repeat","background-position":"center center","background-size":"auto","background-attachment":"scroll","background-type":"","background-media":"","overlay-type":"","overlay-color":"","overlay-opacity":"","overlay-gradient":""},"tablet":{"background-color":"var(--ast-global-color-5)","background-image":"","background-repeat":"repeat","background-position":"center center","background-size":"auto","background-attachment":"scroll","background-type":"","background-media":"","overlay-type":"","overlay-color":"","overlay-opacity":"","overlay-gradient":""},"mobile":{"background-color":"var(--ast-global-color-5)","background-image":"","background-repeat":"repeat","background-position":"center center","background-size":"auto","background-attachment":"scroll","background-type":"","background-media":"","overlay-type":"","overlay-color":"","overlay-opacity":"","overlay-gradient":""}}},"product_brand":[],"product_cat":[2100,2182],"product_tag":[2101,2183],"class_list":{"0":"post-8619","1":"product","2":"type-product","3":"status-publish","4":"has-post-thumbnail","6":"product_cat-famous-names-lv","7":"product_cat-famous-releaf-lv","8":"product_tag-famous-names-lv","9":"product_tag-finish-lv","10":"desktop-align-left","11":"tablet-align-left","12":"mobile-align-left","14":"first","15":"instock","16":"taxable","17":"shipping-taxable","18":"purchasable","19":"product-type-variable"},"jetpack_sharing_enabled":true,"_links":{"self":[{"href":"https:\/\/tihani.eu\/lv\/wp-json\/wp\/v2\/product\/8619","targetHints":{"allow":["GET"]}}],"collection":[{"href":"https:\/\/tihani.eu\/lv\/wp-json\/wp\/v2\/product"}],"about":[{"href":"https:\/\/tihani.eu\/lv\/wp-json\/wp\/v2\/types\/product"}],"replies":[{"embeddable":true,"href":"https:\/\/tihani.eu\/lv\/wp-json\/wp\/v2\/comments?post=8619"}],"wp:featuredmedia":[{"embeddable":true,"href":"https:\/\/tihani.eu\/lv\/wp-json\/wp\/v2\/media\/8614"}],"wp:attachment":[{"href":"https:\/\/tihani.eu\/lv\/wp-json\/wp\/v2\/media?parent=8619"}],"wp:term":[{"taxonomy":"product_brand","embeddable":true,"href":"https:\/\/tihani.eu\/lv\/wp-json\/wp\/v2\/product_brand?post=8619"},{"taxonomy":"product_cat","embeddable":true,"href":"https:\/\/tihani.eu\/lv\/wp-json\/wp\/v2\/product_cat?post=8619"},{"taxonomy":"product_tag","embeddable":true,"href":"https:\/\/tihani.eu\/lv\/wp-json\/wp\/v2\/product_tag?post=8619"}],"curies":[{"name":"wp","href":"https:\/\/api.w.org\/{rel}","templated":true}]}}