{"id":8610,"date":"2024-05-14T20:45:10","date_gmt":"2024-05-14T18:45:10","guid":{"rendered":"https:\/\/tihani.eu\/product\/famous-releaf-starter-kit\/"},"modified":"2024-05-14T20:45:10","modified_gmt":"2024-05-14T18:45:10","slug":"famous-releaf-starter-kit","status":"publish","type":"product","link":"https:\/\/tihani.eu\/lv\/produkts\/famous-releaf-starter-kit\/","title":{"rendered":"FAMOUS RELEAF STARTER KIT"},"content":{"rendered":"<p>Komplekt\u0101 ietilpst:<\/p>\n<p>1-SOAK-A-LYPTUS 250ml<\/p>\n<p>1-AU DRENCH 91g<\/p>\n<p>1-CUTI-CAL 124ml<\/p>\n<p>1-FINISH 124ml<\/p>\n<p>1- DADI&#8217; SCRUB GOLD 145g<\/p>\n<p>1-DADI&#8217; LOTION GOLD 130g<\/p>\n<p>1-DADI&#8217; OIL 14,3ml<\/p>\n<p>1-LOOSIN&#8217; IT FOOT FILE<\/p>\n<p>1-RELEAF Product Brochure<\/p>\n<p>1-RELEAF Quick Reference Guide<\/p>\n<p>&nbsp;<\/p>\n","protected":false},"excerpt":{"rendered":"<p>\u0160aj\u0101 jaunaj\u0101 pedik\u012bra sist\u0113m\u0101 tiek izmantotas dab\u012bgas sast\u0101vda\u013cas no ilgtsp\u0113j\u012bgiem avotiem, k\u0101 ar\u012b ilgtsp\u0113j\u012bgs iepakojums.<\/p>\n<p>Visi RELEAF sist\u0113mas produkti ir 100% veg\u0101ni un nesatur parab\u0113nus un sulf\u0101tus, t\u0101p\u0113c \u0161\u012b l\u012bnija ir gan lieliski piem\u0113rota p\u0113d\u0101m, gan saudz\u012bga apk\u0101rtejai videi.<\/p>\n<p>RELEAF sist\u0113m\u0101 ietilpst:<\/p>\n<ul>\n<li>Soak-A-Lyptus &#8211; att\u012bro\u0161s, mitrino\u0161s un dezodor\u0113jo\u0161s produkts p\u0113du vanni\u0146ai<\/li>\n<li>AU Drench &#8211; p\u0113du m\u0113rc\u0113\u0161anas papildviela ar 100% AU kompleksu.<\/li>\n<li>Cuti-Cal &#8211; univers\u0101ls, neizskalojams saciet\u0113jumu m\u012bkstin\u0101t\u0101js un kutikulas no\u0146em\u0161anas l\u012bdzeklis.<\/li>\n<li>Loosin&#8217; It &#8211; unik\u0101la ergonomiska p\u0113du v\u012ble<\/li>\n<li>Dadi&#8217; Scrub Gold &#8211; cukura, s\u0101ls un pumeksas skrubis ar AU kompleksu.<\/li>\n<li>Dadi\u2019 Lotion Gold\u2014mitrino\u0161s losjons ar AU kompleksu<\/li>\n<li>Dadi&#8217; Oil \u2014kutikulas e\u013c\u013ca<\/li>\n<li>Finish\u2014atsvaidzino\u0161s sprejs.<\/li>\n<\/ul>\n","protected":false},"featured_media":8579,"comment_status":"closed","ping_status":"closed","template":"","meta":{"site-sidebar-layout":"default","site-content-layout":"","ast-site-content-layout":"default","site-content-style":"default","site-sidebar-style":"default","ast-global-header-display":"","ast-banner-title-visibility":"","ast-main-header-display":"","ast-hfb-above-header-display":"","ast-hfb-below-header-display":"","ast-hfb-mobile-header-display":"","site-post-title":"","ast-breadcrumbs-content":"","ast-featured-img":"","footer-sml-layout":"","theme-transparent-header-meta":"default","adv-header-id-meta":"","stick-header-meta":"","header-above-stick-meta":"","header-main-stick-meta":"","header-below-stick-meta":"","astra-migrate-meta-layouts":"default","ast-page-background-enabled":"default","ast-page-background-meta":{"desktop":{"background-color":"","background-image":"","background-repeat":"repeat","background-position":"center center","background-size":"auto","background-attachment":"scroll","background-type":"","background-media":"","overlay-type":"","overlay-color":"","overlay-opacity":"","overlay-gradient":""},"tablet":{"background-color":"","background-image":"","background-repeat":"repeat","background-position":"center center","background-size":"auto","background-attachment":"scroll","background-type":"","background-media":"","overlay-type":"","overlay-color":"","overlay-opacity":"","overlay-gradient":""},"mobile":{"background-color":"","background-image":"","background-repeat":"repeat","background-position":"center center","background-size":"auto","background-attachment":"scroll","background-type":"","background-media":"","overlay-type":"","overlay-color":"","overlay-opacity":"","overlay-gradient":""}},"ast-content-background-meta":{"desktop":{"background-color":"var(--ast-global-color-5)","background-image":"","background-repeat":"repeat","background-position":"center center","background-size":"auto","background-attachment":"scroll","background-type":"","background-media":"","overlay-type":"","overlay-color":"","overlay-opacity":"","overlay-gradient":""},"tablet":{"background-color":"var(--ast-global-color-5)","background-image":"","background-repeat":"repeat","background-position":"center center","background-size":"auto","background-attachment":"scroll","background-type":"","background-media":"","overlay-type":"","overlay-color":"","overlay-opacity":"","overlay-gradient":""},"mobile":{"background-color":"var(--ast-global-color-5)","background-image":"","background-repeat":"repeat","background-position":"center center","background-size":"auto","background-attachment":"scroll","background-type":"","background-media":"","overlay-type":"","overlay-color":"","overlay-opacity":"","overlay-gradient":""}}},"product_brand":[],"product_cat":[2100,2182],"product_tag":[2101,2143],"class_list":{"0":"post-8610","1":"product","2":"type-product","3":"status-publish","4":"has-post-thumbnail","6":"product_cat-famous-names-lv","7":"product_cat-famous-releaf-lv","8":"product_tag-famous-names-lv","9":"product_tag-famous-releaf-lv","10":"desktop-align-left","11":"tablet-align-left","12":"mobile-align-left","14":"first","15":"instock","16":"taxable","17":"shipping-taxable","18":"purchasable","19":"product-type-simple"},"jetpack_sharing_enabled":true,"_links":{"self":[{"href":"https:\/\/tihani.eu\/lv\/wp-json\/wp\/v2\/product\/8610","targetHints":{"allow":["GET"]}}],"collection":[{"href":"https:\/\/tihani.eu\/lv\/wp-json\/wp\/v2\/product"}],"about":[{"href":"https:\/\/tihani.eu\/lv\/wp-json\/wp\/v2\/types\/product"}],"replies":[{"embeddable":true,"href":"https:\/\/tihani.eu\/lv\/wp-json\/wp\/v2\/comments?post=8610"}],"wp:featuredmedia":[{"embeddable":true,"href":"https:\/\/tihani.eu\/lv\/wp-json\/wp\/v2\/media\/8579"}],"wp:attachment":[{"href":"https:\/\/tihani.eu\/lv\/wp-json\/wp\/v2\/media?parent=8610"}],"wp:term":[{"taxonomy":"product_brand","embeddable":true,"href":"https:\/\/tihani.eu\/lv\/wp-json\/wp\/v2\/product_brand?post=8610"},{"taxonomy":"product_cat","embeddable":true,"href":"https:\/\/tihani.eu\/lv\/wp-json\/wp\/v2\/product_cat?post=8610"},{"taxonomy":"product_tag","embeddable":true,"href":"https:\/\/tihani.eu\/lv\/wp-json\/wp\/v2\/product_tag?post=8610"}],"curies":[{"name":"wp","href":"https:\/\/api.w.org\/{rel}","templated":true}]}}