{"id":8604,"date":"2024-05-15T07:41:26","date_gmt":"2024-05-15T05:41:26","guid":{"rendered":"https:\/\/tihani.eu\/product\/cb-dadi-oil\/"},"modified":"2024-05-15T07:41:26","modified_gmt":"2024-05-15T05:41:26","slug":"cb-dadi-oil","status":"publish","type":"product","link":"https:\/\/tihani.eu\/lv\/produkts\/cb-dadi-oil\/","title":{"rendered":"CB-DADI&#8217; OIL"},"content":{"rendered":"<p><strong>SAST\u0100VS:<\/strong> Olea Europaea (Olive) Fruit Oil, Persea Gratissima (Avokado) Oil, Simmondsia Chinensis (Jojoba) Seed Oil, Tocopherol (Vitamin E), Amrys Balsamifera Bark Oil, Anthemnis Nobilis Flower Oil, Benzyl Alcohol, Cannabis Satvia Seed Oil (Hemp), Citronellol, Citral, Citrus Aurantium Dulcis Peel Oil, Citrus Aurantium Bergamia Fruit Oil, Citrus Aurantifolia Peel, Citrus Limon (Lemon) Peel Oil, Citrus Medica Limonum Peel Oil, Copaifera Officinalis Resin, Eucalyptus Globulus (Eucalyptus), Eugenia Caryophyllus (Clove)Leaf Oil, Eugenol, Geraniol, Illicium Verum (Anise) Fruit Extract, Juniperus Virginaina (Cedar) Wood Oil, Lavendula Hybrida (Lavandin) Oil, d-Limonene, Linalool, Ricinus Communis (Castor) Seed Oil, Rosmarinus Officinalis( Rosemary) Oil, Zingiber Officinale (Ginger) Oil.<\/p>\n<p><strong>LIETO\u0160ANAS INSTRUKCIJA: <\/strong> Uzkl\u0101jiet CB-Dadi&#8217; Oil uz v\u0113lam\u0101s zonas un iemas\u0113jiet. Lietojiet 2-3 reizes dien\u0101, lai pan\u0101ktu maksim\u0101lu iedarb\u012bbu.<\/p>\n<p><strong>BR\u012aDIN\u0100JUMS: <\/strong> Paredz\u0113ts tikai lok\u0101lai lieto\u0161anai. Nelietojiet, ja esat gr\u016btniece vai barojat b\u0113rnu ar kr\u016bti. Izraisa acu kairin\u0101jumu. Uzglab\u0101t b\u0113rniem nepieejam\u0101 viet\u0101.<\/p>\n","protected":false},"excerpt":{"rendered":"<p>CB-DADI&#8217; OIL &#8211; tas pats lielisks Dadi&#8217; Oil produkts ar pievienoto no ka\u0146ep\u0113m ieg\u016bto CBD. CBD saturs ir 100 mg uz 14,3 ml un 480 mg uz 72 ml.<\/p>\n<p>KO TAS DARA<br \/>\nP\u0113t\u012bjumi liecina, ka CBD, kas ir CB-Dadi&#8217; Oil sast\u0101vda\u013ca, var pal\u012bdz\u0113t:<\/p>\n<ul>\n<li>Musku\u013cu un loc\u012btavu s\u0101pju remd\u0113\u0161anai.<\/li>\n<li>Mazina diskomfortu.<\/li>\n<li>M\u012bkstas un elast\u012bgas \u0101das nodro\u0161in\u0101\u0161ana.<\/li>\n<li>Satur sp\u0113c\u012bgus antioksidantus.<\/li>\n<\/ul>\n<p>PRODUKTA \u012aPA\u0160\u012aBAS<\/p>\n<ul>\n<li>CBD ieg\u016bts no ka\u0146ep\u0113m.<\/li>\n<li>Tradicion\u0101li izmanto jau t\u016bksto\u0161iem gadu.<\/li>\n<li>Zin\u0101ms, ka tas labv\u0113l\u012bgi ietekm\u0113 vesel\u012bbu un labsaj\u016btu.<\/li>\n<\/ul>\n","protected":false},"featured_media":8595,"comment_status":"closed","ping_status":"closed","template":"","meta":{"site-sidebar-layout":"default","site-content-layout":"","ast-site-content-layout":"default","site-content-style":"default","site-sidebar-style":"default","ast-global-header-display":"","ast-banner-title-visibility":"","ast-main-header-display":"","ast-hfb-above-header-display":"","ast-hfb-below-header-display":"","ast-hfb-mobile-header-display":"","site-post-title":"","ast-breadcrumbs-content":"","ast-featured-img":"","footer-sml-layout":"","theme-transparent-header-meta":"default","adv-header-id-meta":"","stick-header-meta":"","header-above-stick-meta":"","header-main-stick-meta":"","header-below-stick-meta":"","astra-migrate-meta-layouts":"default","ast-page-background-enabled":"default","ast-page-background-meta":{"desktop":{"background-color":"","background-image":"","background-repeat":"repeat","background-position":"center center","background-size":"auto","background-attachment":"scroll","background-type":"","background-media":"","overlay-type":"","overlay-color":"","overlay-opacity":"","overlay-gradient":""},"tablet":{"background-color":"","background-image":"","background-repeat":"repeat","background-position":"center center","background-size":"auto","background-attachment":"scroll","background-type":"","background-media":"","overlay-type":"","overlay-color":"","overlay-opacity":"","overlay-gradient":""},"mobile":{"background-color":"","background-image":"","background-repeat":"repeat","background-position":"center center","background-size":"auto","background-attachment":"scroll","background-type":"","background-media":"","overlay-type":"","overlay-color":"","overlay-opacity":"","overlay-gradient":""}},"ast-content-background-meta":{"desktop":{"background-color":"var(--ast-global-color-5)","background-image":"","background-repeat":"repeat","background-position":"center center","background-size":"auto","background-attachment":"scroll","background-type":"","background-media":"","overlay-type":"","overlay-color":"","overlay-opacity":"","overlay-gradient":""},"tablet":{"background-color":"var(--ast-global-color-5)","background-image":"","background-repeat":"repeat","background-position":"center center","background-size":"auto","background-attachment":"scroll","background-type":"","background-media":"","overlay-type":"","overlay-color":"","overlay-opacity":"","overlay-gradient":""},"mobile":{"background-color":"var(--ast-global-color-5)","background-image":"","background-repeat":"repeat","background-position":"center center","background-size":"auto","background-attachment":"scroll","background-type":"","background-media":"","overlay-type":"","overlay-color":"","overlay-opacity":"","overlay-gradient":""}}},"product_brand":[],"product_cat":[2100,2464],"product_tag":[2176,2123,2101],"class_list":{"0":"post-8604","1":"product","2":"type-product","3":"status-publish","4":"has-post-thumbnail","6":"product_cat-famous-names-lv","7":"product_cat-cb-dadi-oil-lv","8":"product_tag-cb-dadi-oil-lv","9":"product_tag-dadi-oil-lv","10":"product_tag-famous-names-lv","11":"desktop-align-left","12":"tablet-align-left","13":"mobile-align-left","15":"first","16":"instock","17":"taxable","18":"shipping-taxable","19":"purchasable","20":"product-type-variable"},"jetpack_sharing_enabled":true,"_links":{"self":[{"href":"https:\/\/tihani.eu\/lv\/wp-json\/wp\/v2\/product\/8604","targetHints":{"allow":["GET"]}}],"collection":[{"href":"https:\/\/tihani.eu\/lv\/wp-json\/wp\/v2\/product"}],"about":[{"href":"https:\/\/tihani.eu\/lv\/wp-json\/wp\/v2\/types\/product"}],"replies":[{"embeddable":true,"href":"https:\/\/tihani.eu\/lv\/wp-json\/wp\/v2\/comments?post=8604"}],"wp:featuredmedia":[{"embeddable":true,"href":"https:\/\/tihani.eu\/lv\/wp-json\/wp\/v2\/media\/8595"}],"wp:attachment":[{"href":"https:\/\/tihani.eu\/lv\/wp-json\/wp\/v2\/media?parent=8604"}],"wp:term":[{"taxonomy":"product_brand","embeddable":true,"href":"https:\/\/tihani.eu\/lv\/wp-json\/wp\/v2\/product_brand?post=8604"},{"taxonomy":"product_cat","embeddable":true,"href":"https:\/\/tihani.eu\/lv\/wp-json\/wp\/v2\/product_cat?post=8604"},{"taxonomy":"product_tag","embeddable":true,"href":"https:\/\/tihani.eu\/lv\/wp-json\/wp\/v2\/product_tag?post=8604"}],"curies":[{"name":"wp","href":"https:\/\/api.w.org\/{rel}","templated":true}]}}