{"id":8574,"date":"2024-05-14T15:38:39","date_gmt":"2024-05-14T13:38:39","guid":{"rendered":"https:\/\/tihani.eu\/product\/au-drench-91g\/"},"modified":"2024-05-14T20:19:08","modified_gmt":"2024-05-14T18:19:08","slug":"au-drench-91g","status":"publish","type":"product","link":"https:\/\/tihani.eu\/lv\/produkts\/au-drench-91g\/","title":{"rendered":"AU DRENCH 91g"},"content":{"rendered":"<p><strong>SAST\u0100VDA\u013bAS<\/strong>: Allantoin, Urea<\/p>\n<p><strong>LIETO\u0160ANAS INSTRUKCIJA:<\/strong>Pievienojiet vienu t\u0113jkaroti produkta p\u0113du m\u0113rc\u0113\u0161anas vanni\u0146ai.<\/p>\n<p><strong>BR\u012aDIN\u0100JUMS:<\/strong>Tikai \u0101r\u0113jai lieto\u0161anai. Lietojiet tikai k\u0101 nor\u0101d\u012bts. Izraisa acu kairin\u0101jumu. Kait\u012bgs, ja norij. P\u0101rtrauciet lieto\u0161anu, ja rodas \u0101das kairin\u0101jums. Uzglab\u0101t b\u0113rniem nepieejam\u0101 viet\u0101.<\/p>\n","protected":false},"excerpt":{"rendered":"<p>AU DRENCH &#8211; ir izsmalcin\u0101ts mitruma magn\u0113ts \u0101dai.<\/p>\n<p>M\u0113s nododam alanto\u012bna un ur\u012bnvielas sp\u0113ku J\u016aSU rok\u0101s. J\u016bs nosak\u0101t, cik % ir piem\u0113rots j\u016bsu klientam. Apl\u016bkojiet sast\u0101vda\u013cas&#8230; Alanto\u012bns un karbam\u012bds. AU DRENCH sast\u0101v\u0101 nav \u201cpildvielu\u201d! Izgatavots no 100% AU kompleksa&#8230; \u201cM\u016bsu sp\u0113c\u012bg\u0101 sast\u0101vda\u013ca, kas sniedz \u0101dai t\u012bra mitruma devu\u201d.<\/p>\n<p>Sast\u0101vda\u013cas:<br \/>\nAlantol\u012bns<br \/>\n&#8211; \u0100das aizsargl\u012bdzeklis: kop\u0161 seniem laikiem lietots, lai nomierin\u0101tu, mazin\u0101tu kairin\u0101jumu un uzlabotu dz\u012b\u0161anu.<br \/>\n\u2022 Veicina \u0161\u016bnu re\u0123ener\u0101ciju<br \/>\n\u2022 \u012apa\u0161i mitrino\u0161s l\u012bdzeklis \u0101dai<br \/>\n\u2022 Nomierina \u0101du un ir lielisks pretiekaisuma l\u012bdzeklis.<\/p>\n<p>Karbam\u012bds (ur\u012bnviela)<br \/>\n\u2022 \u0100das mitruma magn\u0113ts<br \/>\n\u2022 Ievelk \u016bdeni \u0101d\u0101 un notur to taj\u0101.<br \/>\n\u2022 Pretmikrobu \u012bpa\u0161\u012bbas<br \/>\n\u2022 Veicina \u0101das atjauno\u0161anos un tam piem\u012bt pretiekaisuma \u012bpa\u0161\u012bbas.<\/p>\n<p>Lietojiet vienu t\u0113jkaroti AU Drench kop\u0101 ar SOAK-A-LYPTUS k\u0101ju vanni\u0146\u0101, lai uzlabotu proced\u016bras rezult\u0101tu.<\/p>\n","protected":false},"featured_media":8571,"comment_status":"closed","ping_status":"closed","template":"","meta":{"site-sidebar-layout":"default","site-content-layout":"","ast-site-content-layout":"default","site-content-style":"default","site-sidebar-style":"default","ast-global-header-display":"","ast-banner-title-visibility":"","ast-main-header-display":"","ast-hfb-above-header-display":"","ast-hfb-below-header-display":"","ast-hfb-mobile-header-display":"","site-post-title":"","ast-breadcrumbs-content":"","ast-featured-img":"","footer-sml-layout":"","theme-transparent-header-meta":"default","adv-header-id-meta":"","stick-header-meta":"","header-above-stick-meta":"","header-main-stick-meta":"","header-below-stick-meta":"","astra-migrate-meta-layouts":"default","ast-page-background-enabled":"default","ast-page-background-meta":{"desktop":{"background-color":"","background-image":"","background-repeat":"repeat","background-position":"center center","background-size":"auto","background-attachment":"scroll","background-type":"","background-media":"","overlay-type":"","overlay-color":"","overlay-opacity":"","overlay-gradient":""},"tablet":{"background-color":"","background-image":"","background-repeat":"repeat","background-position":"center center","background-size":"auto","background-attachment":"scroll","background-type":"","background-media":"","overlay-type":"","overlay-color":"","overlay-opacity":"","overlay-gradient":""},"mobile":{"background-color":"","background-image":"","background-repeat":"repeat","background-position":"center center","background-size":"auto","background-attachment":"scroll","background-type":"","background-media":"","overlay-type":"","overlay-color":"","overlay-opacity":"","overlay-gradient":""}},"ast-content-background-meta":{"desktop":{"background-color":"var(--ast-global-color-5)","background-image":"","background-repeat":"repeat","background-position":"center center","background-size":"auto","background-attachment":"scroll","background-type":"","background-media":"","overlay-type":"","overlay-color":"","overlay-opacity":"","overlay-gradient":""},"tablet":{"background-color":"var(--ast-global-color-5)","background-image":"","background-repeat":"repeat","background-position":"center center","background-size":"auto","background-attachment":"scroll","background-type":"","background-media":"","overlay-type":"","overlay-color":"","overlay-opacity":"","overlay-gradient":""},"mobile":{"background-color":"var(--ast-global-color-5)","background-image":"","background-repeat":"repeat","background-position":"center center","background-size":"auto","background-attachment":"scroll","background-type":"","background-media":"","overlay-type":"","overlay-color":"","overlay-opacity":"","overlay-gradient":""}}},"product_brand":[],"product_cat":[2100,2182],"product_tag":[2173,2101],"class_list":{"0":"post-8574","1":"product","2":"type-product","3":"status-publish","4":"has-post-thumbnail","6":"product_cat-famous-names-lv","7":"product_cat-famous-releaf-lv","8":"product_tag-au-drench-lv","9":"product_tag-famous-names-lv","10":"desktop-align-left","11":"tablet-align-left","12":"mobile-align-left","14":"first","15":"instock","16":"taxable","17":"shipping-taxable","18":"purchasable","19":"product-type-simple"},"jetpack_sharing_enabled":true,"_links":{"self":[{"href":"https:\/\/tihani.eu\/lv\/wp-json\/wp\/v2\/product\/8574","targetHints":{"allow":["GET"]}}],"collection":[{"href":"https:\/\/tihani.eu\/lv\/wp-json\/wp\/v2\/product"}],"about":[{"href":"https:\/\/tihani.eu\/lv\/wp-json\/wp\/v2\/types\/product"}],"replies":[{"embeddable":true,"href":"https:\/\/tihani.eu\/lv\/wp-json\/wp\/v2\/comments?post=8574"}],"wp:featuredmedia":[{"embeddable":true,"href":"https:\/\/tihani.eu\/lv\/wp-json\/wp\/v2\/media\/8571"}],"wp:attachment":[{"href":"https:\/\/tihani.eu\/lv\/wp-json\/wp\/v2\/media?parent=8574"}],"wp:term":[{"taxonomy":"product_brand","embeddable":true,"href":"https:\/\/tihani.eu\/lv\/wp-json\/wp\/v2\/product_brand?post=8574"},{"taxonomy":"product_cat","embeddable":true,"href":"https:\/\/tihani.eu\/lv\/wp-json\/wp\/v2\/product_cat?post=8574"},{"taxonomy":"product_tag","embeddable":true,"href":"https:\/\/tihani.eu\/lv\/wp-json\/wp\/v2\/product_tag?post=8574"}],"curies":[{"name":"wp","href":"https:\/\/api.w.org\/{rel}","templated":true}]}}