{"id":8567,"date":"2024-05-14T13:50:55","date_gmt":"2024-05-14T11:50:55","guid":{"rendered":"https:\/\/tihani.eu\/product\/cb-dadi-lotion-135ml\/"},"modified":"2024-05-14T13:50:55","modified_gmt":"2024-05-14T11:50:55","slug":"cb-dadi-lotion-135ml","status":"publish","type":"product","link":"https:\/\/tihani.eu\/lv\/produkts\/cb-dadi-lotion-135ml\/","title":{"rendered":"CB-DADI&#8217; LOTION 135ml"},"content":{"rendered":"<p><strong>SAST\u0100VS:<\/strong> Deionized Water, Dimethicone, Sodium Acrylate\/Sodium Acryloyl dimethyl Taurate Copolymer, Cetyl Alcohol, Glycol Stearate, Glyceryl Stearate, Caprilic\/Capric Triglycerides, Propanediol, Glycerine, Olea Europaea (Olive) Fruit Oil, Polysorbate-20, Persea Gratissima (Avokado) Oil, Water, Tremella Fuciformis Sporocarp Extract, Betaine, Glycerin, Phenoxyethanol, Ethylhexylglycerin, Amris Balsamifera Bark Oil, Anthemis Nobilis (Roman Chamomile) Oil, Benzyl Benzonate, Cannabis Satvia Seed Oil (Hemp Crystaline Distillate), Citral, Citrus Auantium Bergamia (Bergamot) Fruit Oil, Citrus Auantium Dulcis (Orange) Peel Oil, Citrus Medica Limonum (Lemon) Peel Oil, Copaifera Officinalis (Copaiba) Oil, Eucalyptus Globulus (Eucalyptus), Eugenia Caryphyllus (Clove) Leaf Oil, Geraniol, Hyaluronic Acid, Illicium Versum (Star Anise) Oil, Juniperus Virginaina (Cedar) Wood Oil, Lavendula Hybrida (Lavandin) Oil, Limonene d, Linalool, Panthenol, Rininus Communis (Castor) Seed Oil, Rosmarinus Officinalis (Rosemary) Oil, Simmondsia Chinensis (Jojoba) Seed OIl, Tocopherol, Xanthan Gum, Zingiber Officinale (Ginger) Oil.<\/p>\n<p><strong>LIETO\u0160ANAS INSTRUKCIJA:<\/strong> Uzkl\u0101jiet CB-Dadi&#8217; losjonu uz v\u0113lamo \u0137erme\u0146a zonu un iemas\u0113jiet. Lietojiet 2-3 reizes dien\u0101, lai pan\u0101ktu maksim\u0101lu iedarb\u012bbu.<\/p>\n<p><strong>BR\u012aDIN\u0100JUMS:<\/strong> Paredz\u0113ts tikai lok\u0101lai lieto\u0161anai. Nelietojiet, ja esat gr\u016btniece vai barojat b\u0113rnu ar kr\u016bti. Izraisa acu kairin\u0101jumu. Uzglab\u0101t b\u0113rniem nepieejam\u0101 viet\u0101.<\/p>\n<p>&nbsp;<\/p>\n","protected":false},"excerpt":{"rendered":"<p>CB-DADI&#8217; LOTION &#8211; ir CBD lok\u0101li lietojams losjons \u0101dai, \u0137ermenim un nagiem. Satur 590 mg CBD.<\/p>\n<p>KO TAS DARA<br \/>\nP\u0113t\u012bjumi liecina, ka CBD, kas ir CB-Dadi&#8217; losjona sast\u0101vda\u013ca, var pal\u012bdz\u0113t:<br \/>\n\u2022 Musku\u013cu un loc\u012btavu s\u0101pju remd\u0113\u0161anai.<br \/>\n\u2022 Mazina diskomfortu.<br \/>\n\u2022 M\u012bkstas un elast\u012bgas \u0101das nodro\u0161in\u0101\u0161ana.<br \/>\n\u2022 Satur sp\u0113c\u012bgus antioksidantus.<\/p>\n<p>PRODUKTA \u012aPA\u0160\u012aBAS<br \/>\n\u2022 CBD ieg\u016bts no ka\u0146ep\u0113m.<br \/>\n\u2022 Tradicion\u0101li izmanto jau t\u016bksto\u0161iem gadu.<br \/>\n\u2022 Zin\u0101ms, ka tas labv\u0113l\u012bgi ietekm\u0113 vesel\u012bbu un labsaj\u016btu.<\/p>\n<p>RA\u017dOTS USA<\/p>\n","protected":false},"featured_media":8561,"comment_status":"closed","ping_status":"closed","template":"","meta":{"site-sidebar-layout":"default","site-content-layout":"","ast-site-content-layout":"default","site-content-style":"default","site-sidebar-style":"default","ast-global-header-display":"","ast-banner-title-visibility":"","ast-main-header-display":"","ast-hfb-above-header-display":"","ast-hfb-below-header-display":"","ast-hfb-mobile-header-display":"","site-post-title":"","ast-breadcrumbs-content":"","ast-featured-img":"","footer-sml-layout":"","theme-transparent-header-meta":"default","adv-header-id-meta":"","stick-header-meta":"","header-above-stick-meta":"","header-main-stick-meta":"","header-below-stick-meta":"","astra-migrate-meta-layouts":"default","ast-page-background-enabled":"default","ast-page-background-meta":{"desktop":{"background-color":"","background-image":"","background-repeat":"repeat","background-position":"center center","background-size":"auto","background-attachment":"scroll","background-type":"","background-media":"","overlay-type":"","overlay-color":"","overlay-opacity":"","overlay-gradient":""},"tablet":{"background-color":"","background-image":"","background-repeat":"repeat","background-position":"center center","background-size":"auto","background-attachment":"scroll","background-type":"","background-media":"","overlay-type":"","overlay-color":"","overlay-opacity":"","overlay-gradient":""},"mobile":{"background-color":"","background-image":"","background-repeat":"repeat","background-position":"center center","background-size":"auto","background-attachment":"scroll","background-type":"","background-media":"","overlay-type":"","overlay-color":"","overlay-opacity":"","overlay-gradient":""}},"ast-content-background-meta":{"desktop":{"background-color":"var(--ast-global-color-5)","background-image":"","background-repeat":"repeat","background-position":"center center","background-size":"auto","background-attachment":"scroll","background-type":"","background-media":"","overlay-type":"","overlay-color":"","overlay-opacity":"","overlay-gradient":""},"tablet":{"background-color":"var(--ast-global-color-5)","background-image":"","background-repeat":"repeat","background-position":"center center","background-size":"auto","background-attachment":"scroll","background-type":"","background-media":"","overlay-type":"","overlay-color":"","overlay-opacity":"","overlay-gradient":""},"mobile":{"background-color":"var(--ast-global-color-5)","background-image":"","background-repeat":"repeat","background-position":"center center","background-size":"auto","background-attachment":"scroll","background-type":"","background-media":"","overlay-type":"","overlay-color":"","overlay-opacity":"","overlay-gradient":""}}},"product_brand":[],"product_cat":[2100,2464],"product_tag":[2168,2169,2102],"class_list":{"0":"post-8567","1":"product","2":"type-product","3":"status-publish","4":"has-post-thumbnail","6":"product_cat-famous-names-lv","7":"product_cat-cb-dadi-oil-lv","8":"product_tag-cb-dadi-lotion-lv","9":"product_tag-cbd-lv","10":"product_tag-dadi-lotion-lv","11":"desktop-align-left","12":"tablet-align-left","13":"mobile-align-left","15":"first","16":"instock","17":"taxable","18":"shipping-taxable","19":"purchasable","20":"product-type-simple"},"jetpack_sharing_enabled":true,"_links":{"self":[{"href":"https:\/\/tihani.eu\/lv\/wp-json\/wp\/v2\/product\/8567","targetHints":{"allow":["GET"]}}],"collection":[{"href":"https:\/\/tihani.eu\/lv\/wp-json\/wp\/v2\/product"}],"about":[{"href":"https:\/\/tihani.eu\/lv\/wp-json\/wp\/v2\/types\/product"}],"replies":[{"embeddable":true,"href":"https:\/\/tihani.eu\/lv\/wp-json\/wp\/v2\/comments?post=8567"}],"wp:featuredmedia":[{"embeddable":true,"href":"https:\/\/tihani.eu\/lv\/wp-json\/wp\/v2\/media\/8561"}],"wp:attachment":[{"href":"https:\/\/tihani.eu\/lv\/wp-json\/wp\/v2\/media?parent=8567"}],"wp:term":[{"taxonomy":"product_brand","embeddable":true,"href":"https:\/\/tihani.eu\/lv\/wp-json\/wp\/v2\/product_brand?post=8567"},{"taxonomy":"product_cat","embeddable":true,"href":"https:\/\/tihani.eu\/lv\/wp-json\/wp\/v2\/product_cat?post=8567"},{"taxonomy":"product_tag","embeddable":true,"href":"https:\/\/tihani.eu\/lv\/wp-json\/wp\/v2\/product_tag?post=8567"}],"curies":[{"name":"wp","href":"https:\/\/api.w.org\/{rel}","templated":true}]}}