{"id":8523,"date":"2024-05-13T12:25:17","date_gmt":"2024-05-13T10:25:17","guid":{"rendered":"https:\/\/tihani.eu\/product\/dadi-lotion-gold\/"},"modified":"2024-05-14T09:48:42","modified_gmt":"2024-05-14T07:48:42","slug":"dadi-lotion-gold","status":"publish","type":"product","link":"https:\/\/tihani.eu\/lv\/produkts\/dadi-lotion-gold\/","title":{"rendered":"DADI&#8217; LOTION GOLD"},"content":{"rendered":"<p><strong>SAST\u0100VS:<\/strong> Deionized Water, Dimethicone, Sodium Acrylate\/Sodium Acryloyl Dimethyl Taurate Copolymer, Cetyl Alcohol, Glycol stearate, Glyceryl Stearate, Caprylic\/Capric Triglycerides, Propanediol, Urea, Glycerine, Olea Europaea (Olive) Fruit Oil, Polysorbate-20, Persea Gratissima (Avocado) Oil, Water, Tremella Fuciformis Sporocarp Extract, Betaine Glycerin, Phenoxyethanol, Ethylhexylglycerin, Allantoin, Amyris Balsamifera Bark Oil Anthemis Nobilis (Roman Chamomile) Oil, Benzyl Alcohol, Citral, Citronellol, Citrus Auanium Dulcis (Orange) Peel Oil, Citrus Aurantifolia (Lime) Peel Oil, Citrus Lemon (Lemon) Peel Oil, Citrus Medica Limonum (Lemon) Peel Oil, Copaifera Officinalis (Copaiba) Oil, Eucalyptus Globulus (Eucalyptus), Eugenia Caryophyllus (Clove) Leaf Oil, Eugenol, Geraniol, Hyaluronic Acid, Illicium Versum (Star Anise) Oil, Juniperus Virginaina (Cedar) Wood Oil, Lavendula Hybrida (Lavandin) Oil, Limonene d, Linalool, Panthenol, Rininus Communis (Castor) Seed Oil, Rosmarinus Officinalis (Rosemary) Oil, Simmondsia Chinensis (Jojoba) Seed Oil, Tocopherol, Xantan Gum, Zingiber Officinale (ginger) Oil<\/p>\n<p><strong>LIETO\u0160ANAS INSTRUKCIJA:<\/strong> P\u0113c nepiecie\u0161am\u012bbas uzkl\u0101jiet uz rok\u0101m, \u0137erme\u0146a un k\u0101j\u0101m.<\/p>\n<p><strong>BR\u012aDIN\u0100JUMS:<\/strong>Tikai \u0101r\u0113jai lieto\u0161anai. Izraisa acu kairin\u0101jumu. P\u0101rtrauciet lieto\u0161anu, ja rodas \u0101das kairin\u0101jums. Kait\u012bgs, ja norij. Uzglab\u0101t b\u0113rniem nepieejam\u0101 viet\u0101.<\/p>\n","protected":false},"excerpt":{"rendered":"<p>DADI&#8217; LOTION GOLD &#8211; \u0100das kop\u0161anas l\u012bdzeklis visam \u0137ermenim, kas bag\u0101tin\u0101ts ar alanto\u012bnu un ur\u012bnvielu.<\/p>\n<ul>\n<li>Viegla, \u0101tri uzs\u016bco\u0161a formula<\/li>\n<li>Padara \u0101du maigu un \u012bpa\u0161i mitrin\u0101tu.<\/li>\n<li>Ra\u017eots USA<\/li>\n<\/ul>\n<p>Galven\u0101s sast\u0101vda\u013cas:<\/p>\n<ul>\n<li>Alanto\u012bns jau kop\u0161 seniem laikiem tiek izmantots, lai nomierin\u0101tu, mazin\u0101tu kairin\u0101jumu un veicin\u0101tu dziedin\u0101\u0161anu.<\/li>\n<li>Ur\u012bnviela ir \u0101das mitruma magn\u0113ts, tai piem\u012bt pretmikrobu un pretiekaisuma \u012bpa\u0161\u012bbas.<\/li>\n<li>Hialuronsk\u0101be kr\u0101\u0161\u0146ai \u0101dai<\/li>\n<\/ul>\n","protected":false},"featured_media":8518,"comment_status":"closed","ping_status":"closed","template":"","meta":{"site-sidebar-layout":"default","site-content-layout":"","ast-site-content-layout":"default","site-content-style":"default","site-sidebar-style":"default","ast-global-header-display":"","ast-banner-title-visibility":"","ast-main-header-display":"","ast-hfb-above-header-display":"","ast-hfb-below-header-display":"","ast-hfb-mobile-header-display":"","site-post-title":"","ast-breadcrumbs-content":"","ast-featured-img":"","footer-sml-layout":"","theme-transparent-header-meta":"default","adv-header-id-meta":"","stick-header-meta":"","header-above-stick-meta":"","header-main-stick-meta":"","header-below-stick-meta":"","astra-migrate-meta-layouts":"default","ast-page-background-enabled":"default","ast-page-background-meta":{"desktop":{"background-color":"","background-image":"","background-repeat":"repeat","background-position":"center center","background-size":"auto","background-attachment":"scroll","background-type":"","background-media":"","overlay-type":"","overlay-color":"","overlay-opacity":"","overlay-gradient":""},"tablet":{"background-color":"","background-image":"","background-repeat":"repeat","background-position":"center center","background-size":"auto","background-attachment":"scroll","background-type":"","background-media":"","overlay-type":"","overlay-color":"","overlay-opacity":"","overlay-gradient":""},"mobile":{"background-color":"","background-image":"","background-repeat":"repeat","background-position":"center center","background-size":"auto","background-attachment":"scroll","background-type":"","background-media":"","overlay-type":"","overlay-color":"","overlay-opacity":"","overlay-gradient":""}},"ast-content-background-meta":{"desktop":{"background-color":"var(--ast-global-color-5)","background-image":"","background-repeat":"repeat","background-position":"center center","background-size":"auto","background-attachment":"scroll","background-type":"","background-media":"","overlay-type":"","overlay-color":"","overlay-opacity":"","overlay-gradient":""},"tablet":{"background-color":"var(--ast-global-color-5)","background-image":"","background-repeat":"repeat","background-position":"center center","background-size":"auto","background-attachment":"scroll","background-type":"","background-media":"","overlay-type":"","overlay-color":"","overlay-opacity":"","overlay-gradient":""},"mobile":{"background-color":"var(--ast-global-color-5)","background-image":"","background-repeat":"repeat","background-position":"center center","background-size":"auto","background-attachment":"scroll","background-type":"","background-media":"","overlay-type":"","overlay-color":"","overlay-opacity":"","overlay-gradient":""}}},"product_brand":[],"product_cat":[2100,2182],"product_tag":[2102,2144,2143],"class_list":{"0":"post-8523","1":"product","2":"type-product","3":"status-publish","4":"has-post-thumbnail","6":"product_cat-famous-names-lv","7":"product_cat-famous-releaf-lv","8":"product_tag-dadi-lotion-lv","9":"product_tag-dadi-lotion-gold-lv","10":"product_tag-famous-releaf-lv","11":"desktop-align-left","12":"tablet-align-left","13":"mobile-align-left","15":"first","16":"instock","17":"taxable","18":"shipping-taxable","19":"purchasable","20":"product-type-variable"},"jetpack_sharing_enabled":true,"_links":{"self":[{"href":"https:\/\/tihani.eu\/lv\/wp-json\/wp\/v2\/product\/8523","targetHints":{"allow":["GET"]}}],"collection":[{"href":"https:\/\/tihani.eu\/lv\/wp-json\/wp\/v2\/product"}],"about":[{"href":"https:\/\/tihani.eu\/lv\/wp-json\/wp\/v2\/types\/product"}],"replies":[{"embeddable":true,"href":"https:\/\/tihani.eu\/lv\/wp-json\/wp\/v2\/comments?post=8523"}],"wp:featuredmedia":[{"embeddable":true,"href":"https:\/\/tihani.eu\/lv\/wp-json\/wp\/v2\/media\/8518"}],"wp:attachment":[{"href":"https:\/\/tihani.eu\/lv\/wp-json\/wp\/v2\/media?parent=8523"}],"wp:term":[{"taxonomy":"product_brand","embeddable":true,"href":"https:\/\/tihani.eu\/lv\/wp-json\/wp\/v2\/product_brand?post=8523"},{"taxonomy":"product_cat","embeddable":true,"href":"https:\/\/tihani.eu\/lv\/wp-json\/wp\/v2\/product_cat?post=8523"},{"taxonomy":"product_tag","embeddable":true,"href":"https:\/\/tihani.eu\/lv\/wp-json\/wp\/v2\/product_tag?post=8523"}],"curies":[{"name":"wp","href":"https:\/\/api.w.org\/{rel}","templated":true}]}}