{"id":8498,"date":"2024-05-13T11:27:14","date_gmt":"2024-05-13T09:27:14","guid":{"rendered":"https:\/\/tihani.eu\/product\/dadi-lip-balm\/"},"modified":"2025-12-04T00:43:11","modified_gmt":"2025-12-03T22:43:11","slug":"dadi-lip-balm","status":"publish","type":"product","link":"https:\/\/tihani.eu\/lv\/produkts\/dadi-lip-balm\/","title":{"rendered":"DADI&#8217; LIP BALM"},"content":{"rendered":"<p><strong>SAST\u0100VS:<\/strong> Cera Alba (Beeswax, Cire d&#8217; Abeille), Helianthus Annuus (Sunflower) Seed Oil, Cocos Nucifera (Coconut) Oil, Ricinus Communis (Castor) Seed Oil, Lanolin, Flavor, Tocopherol, Aloe Barbadensis Leaf Extract, Simmondsia Chinensis (Jojoba) Seed Oil, Teobroma Cacao (Cocoa) Seed Butter, Butyrospermum Parkii (Shea Butter), Olea Europaea (Olive) Oil, Persea Gratissima ( Avocado) Oil.<\/p>\n<p><strong>LIETO\u0160ANAS INSTRUKCIJA:<\/strong>Uzkl\u0101jiet uz l\u016bp\u0101m p\u0113c vajadz\u012bbas.<\/p>\n<p><strong>BR\u012aDIN\u0100JUMS:<\/strong> Ja rodas kairin\u0101jums, p\u0101rtrauciet lieto\u0161anu. Tikai \u0101r\u0113jai lieto\u0161anai. Uzglab\u0101t b\u0113rniem nepieejam\u0101 viet\u0101.<\/p>\n","protected":false},"excerpt":{"rendered":"<p>DADI&#8217; LIP BALM &#8211; 100% dab\u012bgs, ilgnotur\u012bgs kondicion\u0113jo\u0161s balzams<span class=\"apple-converted-space\"> <\/span>l\u016bp\u0101m. T\u016bl\u012bt nomierina un mitrina sausas l\u016bpas. Izgatavots no ilgtsp\u0113j\u012bgi ra\u017eota bi\u0161u vaska. Pievienojiet da\u017eas dabisk\u0101s e\u013c\u013cas, un jums ir laim\u012bgu l\u016bpu formula! Ziniet, kas? Pui\u0161iem pat\u012bk \u0161is produkts.<\/p>\n<ul>\n<li>Nesatur sulf\u0101tus un parab\u0113nus<\/li>\n<li>Bez m\u0101ksl\u012bg\u0101m kr\u0101sviel\u0101m<\/li>\n<li>100 % dab\u012bgs<\/li>\n<li>Ra\u017eots USA<\/li>\n<\/ul>\n","protected":false},"featured_media":8490,"comment_status":"closed","ping_status":"closed","template":"","meta":{"site-sidebar-layout":"default","site-content-layout":"","ast-site-content-layout":"default","site-content-style":"default","site-sidebar-style":"default","ast-global-header-display":"","ast-banner-title-visibility":"","ast-main-header-display":"","ast-hfb-above-header-display":"","ast-hfb-below-header-display":"","ast-hfb-mobile-header-display":"","site-post-title":"","ast-breadcrumbs-content":"","ast-featured-img":"","footer-sml-layout":"","theme-transparent-header-meta":"default","adv-header-id-meta":"","stick-header-meta":"","header-above-stick-meta":"","header-main-stick-meta":"","header-below-stick-meta":"","astra-migrate-meta-layouts":"default","ast-page-background-enabled":"default","ast-page-background-meta":{"desktop":{"background-color":"","background-image":"","background-repeat":"repeat","background-position":"center center","background-size":"auto","background-attachment":"scroll","background-type":"","background-media":"","overlay-type":"","overlay-color":"","overlay-opacity":"","overlay-gradient":""},"tablet":{"background-color":"","background-image":"","background-repeat":"repeat","background-position":"center center","background-size":"auto","background-attachment":"scroll","background-type":"","background-media":"","overlay-type":"","overlay-color":"","overlay-opacity":"","overlay-gradient":""},"mobile":{"background-color":"","background-image":"","background-repeat":"repeat","background-position":"center center","background-size":"auto","background-attachment":"scroll","background-type":"","background-media":"","overlay-type":"","overlay-color":"","overlay-opacity":"","overlay-gradient":""}},"ast-content-background-meta":{"desktop":{"background-color":"var(--ast-global-color-5)","background-image":"","background-repeat":"repeat","background-position":"center center","background-size":"auto","background-attachment":"scroll","background-type":"","background-media":"","overlay-type":"","overlay-color":"","overlay-opacity":"","overlay-gradient":""},"tablet":{"background-color":"var(--ast-global-color-5)","background-image":"","background-repeat":"repeat","background-position":"center center","background-size":"auto","background-attachment":"scroll","background-type":"","background-media":"","overlay-type":"","overlay-color":"","overlay-opacity":"","overlay-gradient":""},"mobile":{"background-color":"var(--ast-global-color-5)","background-image":"","background-repeat":"repeat","background-position":"center center","background-size":"auto","background-attachment":"scroll","background-type":"","background-media":"","overlay-type":"","overlay-color":"","overlay-opacity":"","overlay-gradient":""}}},"product_brand":[],"product_cat":[2100,2468],"product_tag":[2135],"class_list":{"0":"post-8498","1":"product","2":"type-product","3":"status-publish","4":"has-post-thumbnail","6":"product_cat-famous-names-lv","7":"product_cat-dadi-oil-lv","8":"product_tag-dadi-lip-balm-lv","9":"desktop-align-left","10":"tablet-align-left","11":"mobile-align-left","13":"first","14":"instock","15":"featured","16":"taxable","17":"shipping-taxable","18":"purchasable","19":"product-type-variable"},"jetpack_sharing_enabled":true,"_links":{"self":[{"href":"https:\/\/tihani.eu\/lv\/wp-json\/wp\/v2\/product\/8498","targetHints":{"allow":["GET"]}}],"collection":[{"href":"https:\/\/tihani.eu\/lv\/wp-json\/wp\/v2\/product"}],"about":[{"href":"https:\/\/tihani.eu\/lv\/wp-json\/wp\/v2\/types\/product"}],"replies":[{"embeddable":true,"href":"https:\/\/tihani.eu\/lv\/wp-json\/wp\/v2\/comments?post=8498"}],"wp:featuredmedia":[{"embeddable":true,"href":"https:\/\/tihani.eu\/lv\/wp-json\/wp\/v2\/media\/8490"}],"wp:attachment":[{"href":"https:\/\/tihani.eu\/lv\/wp-json\/wp\/v2\/media?parent=8498"}],"wp:term":[{"taxonomy":"product_brand","embeddable":true,"href":"https:\/\/tihani.eu\/lv\/wp-json\/wp\/v2\/product_brand?post=8498"},{"taxonomy":"product_cat","embeddable":true,"href":"https:\/\/tihani.eu\/lv\/wp-json\/wp\/v2\/product_cat?post=8498"},{"taxonomy":"product_tag","embeddable":true,"href":"https:\/\/tihani.eu\/lv\/wp-json\/wp\/v2\/product_tag?post=8498"}],"curies":[{"name":"wp","href":"https:\/\/api.w.org\/{rel}","templated":true}]}}