{"id":8473,"date":"2024-05-13T10:36:51","date_gmt":"2024-05-13T08:36:51","guid":{"rendered":"https:\/\/tihani.eu\/product\/dadi-oil\/"},"modified":"2026-02-17T01:24:01","modified_gmt":"2026-02-16T23:24:01","slug":"dadi-oil","status":"publish","type":"product","link":"https:\/\/tihani.eu\/lv\/produkts\/dadi-oil\/","title":{"rendered":"DADI&#8217; OIL"},"content":{"rendered":"<p><strong>SAST\u0100VS:<\/strong><\/p>\n<p>Olea Europaea (Olive) Fruit Oil*, Persea Gratissima (Avocado) Oil, Simmondsia Chinensis (Jojoba) Seed Oil*, Tocopherol (Vitamin E), Amyris Balsamifera Bark Oil, Anthemmis Nobilis Flower Oil, Benzyl Alcohol, Citronellol, Citral, Citrus Auranticum Dulcis Peel Oil, Citrus Aurantium Bergamia Fruit Oil, Citrus Medica Limonum Peel Oil, Copaifera Officinalis Resin, Eucalyptus Globulus (Eucalyptus), Eugenia Caryophyllus (Clove) Leaf Oil, Eugenol, Geraniol, Illicium Verum (Anise) Fruit Extract, Juniperus Virginaina (Cedar) Wood Oil, Lavendula Hybrida (Lavandin) Oil, d-Limonene, Linalool, Ricinus Communis (Castor) Seed Oil, Rosmarinus Officinalis (Rosemary) Oil, Zingiber Officinale (Ginger) Oil.<\/p>\n<p>* <strong>Sertific\u0113ti biolo\u0123iski produkti<\/strong> tiek ra\u017eoti, neizmantojot sint\u0113tiskos pestic\u012bdus vai m\u0113slo\u0161anas l\u012bdzek\u013cus, t\u0101d\u0113j\u0101di samazinot augsnes, \u016bdens un gaisa pies\u0101r\u0146ojumu. \u0160\u012b ilgtsp\u0113j\u012bg\u0101 ra\u017eo\u0161ana nodro\u0161ina izcilu kvalit\u0101ti attiec\u012bb\u0101 uz sast\u0101vda\u013cu \u012bpa\u0161\u012bb\u0101m un kr\u0101su.<\/p>\n<p><strong>LIETO\u0160ANAS INSTRUKCIJA:<\/strong>Uzkl\u0101jiet uz naga aug\u0161\u0113j\u0101s un apak\u0161\u0113j\u0101s da\u013cas un iemas\u0113jiet pl\u0101ksn\u0113 un apk\u0101rt\u0113j\u0101 \u0101d\u0101. Uzkl\u0101jiet uz naga aug\u0161\u0113j\u0101s un apak\u0161\u0113j\u0101s da\u013cas un iemas\u0113jiet pl\u0101ksn\u0113 un apk\u0101rt\u0113j\u0101 \u0101d\u0101. Lietojiet p\u0113c vajadz\u012bbas.<\/p>\n<p><strong>BR\u012aDIN\u0100JUMS:<\/strong>Tikai \u0101r\u0113jai lieto\u0161anai. Uzglab\u0101t b\u0113rniem nepieejam\u0101 viet\u0101.<\/p>\n","protected":false},"excerpt":{"rendered":"<p>DADI&#8217; OIL &#8211; 95% sertific\u0113ta organiska \u0101das un nagu kop\u0161anas e\u013c\u013ca.<\/p>\n<p>M\u016bsu 95 % sertific\u0113tu organisko e\u013c\u013cu mais\u012bjums, kas bag\u0101tin\u0101ts ar dab\u012bgo E vitam\u012bnu, iek\u013c\u016bst \u0101d\u0101, lai nodro\u0161in\u0101tu maksim\u0101lu \u0101das kop\u0161anu un nagu baro\u0161anu. Dadi&#8217; Oil atjauno \u0101du no galvas l\u012bdz p\u0113d\u0101m. Lietojiet zem ac\u012bm p\u0113c dekorat\u012bv\u0101s kosm\u0113tikas no\u0146em\u0161anas vai saspr\u0113g\u0101ju\u0161\u0101m l\u016bp\u0101m un \u0101dai.<\/p>\n<ul>\n<li>Satur dabiskus antioksidantus<\/li>\n<li>\u0100tri iek\u013c\u016bst \u0101d\u0101 un dzi\u013ci ies\u016bcas taj\u0101<\/li>\n<li>Lieliska produkta stabilit\u0101te un ilgs glab\u0101\u0161anas laiks<\/li>\n<li>Nodro\u0161ina \u0101das maigumu un elast\u012bbu, k\u0101 ar\u012b nagu kop\u0161anu un elast\u012bbu.<\/li>\n<li>Ra\u017eots USA<\/li>\n<\/ul>\n","protected":false},"featured_media":8530,"comment_status":"closed","ping_status":"closed","template":"","meta":{"site-sidebar-layout":"default","site-content-layout":"","ast-site-content-layout":"default","site-content-style":"default","site-sidebar-style":"default","ast-global-header-display":"","ast-banner-title-visibility":"","ast-main-header-display":"","ast-hfb-above-header-display":"","ast-hfb-below-header-display":"","ast-hfb-mobile-header-display":"","site-post-title":"","ast-breadcrumbs-content":"","ast-featured-img":"","footer-sml-layout":"","theme-transparent-header-meta":"default","adv-header-id-meta":"","stick-header-meta":"","header-above-stick-meta":"","header-main-stick-meta":"","header-below-stick-meta":"","astra-migrate-meta-layouts":"default","ast-page-background-enabled":"default","ast-page-background-meta":{"desktop":{"background-color":"","background-image":"","background-repeat":"repeat","background-position":"center center","background-size":"auto","background-attachment":"scroll","background-type":"","background-media":"","overlay-type":"","overlay-color":"","overlay-opacity":"","overlay-gradient":""},"tablet":{"background-color":"","background-image":"","background-repeat":"repeat","background-position":"center center","background-size":"auto","background-attachment":"scroll","background-type":"","background-media":"","overlay-type":"","overlay-color":"","overlay-opacity":"","overlay-gradient":""},"mobile":{"background-color":"","background-image":"","background-repeat":"repeat","background-position":"center center","background-size":"auto","background-attachment":"scroll","background-type":"","background-media":"","overlay-type":"","overlay-color":"","overlay-opacity":"","overlay-gradient":""}},"ast-content-background-meta":{"desktop":{"background-color":"var(--ast-global-color-5)","background-image":"","background-repeat":"repeat","background-position":"center center","background-size":"auto","background-attachment":"scroll","background-type":"","background-media":"","overlay-type":"","overlay-color":"","overlay-opacity":"","overlay-gradient":""},"tablet":{"background-color":"var(--ast-global-color-5)","background-image":"","background-repeat":"repeat","background-position":"center center","background-size":"auto","background-attachment":"scroll","background-type":"","background-media":"","overlay-type":"","overlay-color":"","overlay-opacity":"","overlay-gradient":""},"mobile":{"background-color":"var(--ast-global-color-5)","background-image":"","background-repeat":"repeat","background-position":"center center","background-size":"auto","background-attachment":"scroll","background-type":"","background-media":"","overlay-type":"","overlay-color":"","overlay-opacity":"","overlay-gradient":""}}},"product_brand":[],"product_cat":[2100,2468],"product_tag":[2123,2101],"class_list":{"0":"post-8473","1":"product","2":"type-product","3":"status-publish","4":"has-post-thumbnail","6":"product_cat-famous-names-lv","7":"product_cat-dadi-oil-lv","8":"product_tag-dadi-oil-lv","9":"product_tag-famous-names-lv","10":"desktop-align-left","11":"tablet-align-left","12":"mobile-align-left","14":"first","15":"instock","16":"taxable","17":"shipping-taxable","18":"purchasable","19":"product-type-variable"},"jetpack_sharing_enabled":true,"_links":{"self":[{"href":"https:\/\/tihani.eu\/lv\/wp-json\/wp\/v2\/product\/8473","targetHints":{"allow":["GET"]}}],"collection":[{"href":"https:\/\/tihani.eu\/lv\/wp-json\/wp\/v2\/product"}],"about":[{"href":"https:\/\/tihani.eu\/lv\/wp-json\/wp\/v2\/types\/product"}],"replies":[{"embeddable":true,"href":"https:\/\/tihani.eu\/lv\/wp-json\/wp\/v2\/comments?post=8473"}],"wp:featuredmedia":[{"embeddable":true,"href":"https:\/\/tihani.eu\/lv\/wp-json\/wp\/v2\/media\/8530"}],"wp:attachment":[{"href":"https:\/\/tihani.eu\/lv\/wp-json\/wp\/v2\/media?parent=8473"}],"wp:term":[{"taxonomy":"product_brand","embeddable":true,"href":"https:\/\/tihani.eu\/lv\/wp-json\/wp\/v2\/product_brand?post=8473"},{"taxonomy":"product_cat","embeddable":true,"href":"https:\/\/tihani.eu\/lv\/wp-json\/wp\/v2\/product_cat?post=8473"},{"taxonomy":"product_tag","embeddable":true,"href":"https:\/\/tihani.eu\/lv\/wp-json\/wp\/v2\/product_tag?post=8473"}],"curies":[{"name":"wp","href":"https:\/\/api.w.org\/{rel}","templated":true}]}}