{"id":8443,"date":"2024-05-10T15:31:36","date_gmt":"2024-05-10T13:31:36","guid":{"rendered":"https:\/\/tihani.eu\/product\/luxury-dadi-lotion\/"},"modified":"2025-12-04T00:43:12","modified_gmt":"2025-12-03T22:43:12","slug":"luxury-dadi-lotion","status":"publish","type":"product","link":"https:\/\/tihani.eu\/lv\/produkts\/luxury-dadi-lotion\/","title":{"rendered":"LUXURY DADI&#8217; LOTION"},"content":{"rendered":"<p><strong>SAST\u0100VS:<\/strong> Deionized Water, Dimethicone, Sodium Acrylate\/ Sodium Acryloyl Dimethyl Taurate Copolymer, Cetyl Alcohol, Glycol Stearate, Glyceryl Stearate, Caprylic\/ Capric Triglycerides, Propanediol, Glycerine, Olea Europaea (Olive) Fruit Oil, Polysorbate-20, Persea Gratissima (Avokado) Oil, Water, Tremella Fuciformis Sporocarp Extract, Betaine, Glycerin, Phenoxyethanol, Ethylhexylglycerin, Amyris Balsamifera Bark Oil, Anthemis Nobilis (Roman Chamomile) Oil, Benzyl Alcohol, Benzyl Benzonate, Cinnamic Alcohol, Citral, Citronellol, Citrus Auantium Bergamia (Bergamot) Fruit Oil, Citrus Auantium Dulcis (Orange) Peel Oil, Citrus Aurantifolia (Lime) Peel, Citrus Limin (Lemon) Peel Oil, Citrus Medica Limonum (Lemon) Peel Oil, Copaifera Officinalis (Copaiba) Oil, Eucalyptus Globulus (Eucalyptus), Eugenia Caryophyllus (Clove) Leaf Oil, Eugenol, Geraniol, Hyaluronic Acid, Illicium Verum (Star Anise) Oil, Juniperus Virginaina (Cedar) Wood Oil, Lavendula Hybrida (Lavandin) Oil, Limonene d, Linalool, Panthenol, Rininus Communis (Castor) Seed Oil, Rosmarinus Officinalis (Rosemary) Oil, Simmondsia Chinensis (Jojoba) Seed Oil, Tochopherol, Xanthan Gum, Zingiber Officinale (Ginger) Oil.<\/p>\n<p><strong>LIETO\u0160ANAS INSTRUKCIJA:<\/strong> Uzkl\u0101jiet uz rok\u0101m un \u0137erme\u0146a p\u0113c nepiecie\u0161am\u012bbas.<\/p>\n<p><strong>BR\u012aDIN\u0100JUMS:<\/strong> Izraisa acu kairin\u0101jumu. Tikai \u0101r\u0113jai lieto\u0161anai. P\u0101rtrauciet lieto\u0161anu, ja rodas \u0101das kairin\u0101jums. Uzglab\u0101t b\u0113rniem nepieejam\u0101 viet\u0101.<\/p>\n","protected":false},"excerpt":{"rendered":"<p>LUXURY DADI&#8217; LOTION &#8211; mitruma saglab\u0101\u0161anas formula rok\u0101m un \u0137ermenim.<\/p>\n<p>\u0100tri ies\u016bco\u0161s, viegls roku un \u0137erme\u0146a losjons, kas veicina mitruma saglab\u0101\u0161anos \u0101d\u0101 un pal\u012bdz nov\u0113rst \u0101das noveco\u0161anos. Ar br\u012bni\u0161\u0137\u012bgu Dadi&#8217; Oil arom\u0101tu.<\/p>\n<ul>\n<li>Pamatojoties uz apbalvojumu ieguvu\u0161o Dadi&#8217; Oil<\/li>\n<li>Nesatur sulf\u0101tus un parab\u0113nus<\/li>\n<li>Piem\u0113rots veg\u0101niem<\/li>\n<li>P\u0101rbaud\u012bts salon\u0101<\/li>\n<li>Ra\u017eots USA<\/li>\n<\/ul>\n","protected":false},"featured_media":8433,"comment_status":"closed","ping_status":"closed","template":"","meta":{"site-sidebar-layout":"default","site-content-layout":"","ast-site-content-layout":"default","site-content-style":"default","site-sidebar-style":"default","ast-global-header-display":"","ast-banner-title-visibility":"","ast-main-header-display":"","ast-hfb-above-header-display":"","ast-hfb-below-header-display":"","ast-hfb-mobile-header-display":"","site-post-title":"","ast-breadcrumbs-content":"","ast-featured-img":"","footer-sml-layout":"","theme-transparent-header-meta":"default","adv-header-id-meta":"","stick-header-meta":"","header-above-stick-meta":"","header-main-stick-meta":"","header-below-stick-meta":"","astra-migrate-meta-layouts":"default","ast-page-background-enabled":"default","ast-page-background-meta":{"desktop":{"background-color":"","background-image":"","background-repeat":"repeat","background-position":"center center","background-size":"auto","background-attachment":"scroll","background-type":"","background-media":"","overlay-type":"","overlay-color":"","overlay-opacity":"","overlay-gradient":""},"tablet":{"background-color":"","background-image":"","background-repeat":"repeat","background-position":"center center","background-size":"auto","background-attachment":"scroll","background-type":"","background-media":"","overlay-type":"","overlay-color":"","overlay-opacity":"","overlay-gradient":""},"mobile":{"background-color":"","background-image":"","background-repeat":"repeat","background-position":"center center","background-size":"auto","background-attachment":"scroll","background-type":"","background-media":"","overlay-type":"","overlay-color":"","overlay-opacity":"","overlay-gradient":""}},"ast-content-background-meta":{"desktop":{"background-color":"var(--ast-global-color-5)","background-image":"","background-repeat":"repeat","background-position":"center center","background-size":"auto","background-attachment":"scroll","background-type":"","background-media":"","overlay-type":"","overlay-color":"","overlay-opacity":"","overlay-gradient":""},"tablet":{"background-color":"var(--ast-global-color-5)","background-image":"","background-repeat":"repeat","background-position":"center center","background-size":"auto","background-attachment":"scroll","background-type":"","background-media":"","overlay-type":"","overlay-color":"","overlay-opacity":"","overlay-gradient":""},"mobile":{"background-color":"var(--ast-global-color-5)","background-image":"","background-repeat":"repeat","background-position":"center center","background-size":"auto","background-attachment":"scroll","background-type":"","background-media":"","overlay-type":"","overlay-color":"","overlay-opacity":"","overlay-gradient":""}}},"product_brand":[],"product_cat":[2100,2468],"product_tag":[2102,2101,2103],"class_list":{"0":"post-8443","1":"product","2":"type-product","3":"status-publish","4":"has-post-thumbnail","6":"product_cat-famous-names-lv","7":"product_cat-dadi-oil-lv","8":"product_tag-dadi-lotion-lv","9":"product_tag-famous-names-lv","10":"product_tag-luxury-dadi-lotion-lv","11":"desktop-align-left","12":"tablet-align-left","13":"mobile-align-left","15":"first","16":"instock","17":"taxable","18":"shipping-taxable","19":"purchasable","20":"product-type-variable"},"jetpack_sharing_enabled":true,"_links":{"self":[{"href":"https:\/\/tihani.eu\/lv\/wp-json\/wp\/v2\/product\/8443","targetHints":{"allow":["GET"]}}],"collection":[{"href":"https:\/\/tihani.eu\/lv\/wp-json\/wp\/v2\/product"}],"about":[{"href":"https:\/\/tihani.eu\/lv\/wp-json\/wp\/v2\/types\/product"}],"replies":[{"embeddable":true,"href":"https:\/\/tihani.eu\/lv\/wp-json\/wp\/v2\/comments?post=8443"}],"wp:featuredmedia":[{"embeddable":true,"href":"https:\/\/tihani.eu\/lv\/wp-json\/wp\/v2\/media\/8433"}],"wp:attachment":[{"href":"https:\/\/tihani.eu\/lv\/wp-json\/wp\/v2\/media?parent=8443"}],"wp:term":[{"taxonomy":"product_brand","embeddable":true,"href":"https:\/\/tihani.eu\/lv\/wp-json\/wp\/v2\/product_brand?post=8443"},{"taxonomy":"product_cat","embeddable":true,"href":"https:\/\/tihani.eu\/lv\/wp-json\/wp\/v2\/product_cat?post=8443"},{"taxonomy":"product_tag","embeddable":true,"href":"https:\/\/tihani.eu\/lv\/wp-json\/wp\/v2\/product_tag?post=8443"}],"curies":[{"name":"wp","href":"https:\/\/api.w.org\/{rel}","templated":true}]}}