{"id":8428,"date":"2024-05-10T13:20:54","date_gmt":"2024-05-10T11:20:54","guid":{"rendered":"https:\/\/tihani.eu\/product\/cuticle-softener-100ml\/"},"modified":"2025-09-16T21:44:58","modified_gmt":"2025-09-16T19:44:58","slug":"cuticle-softener-100ml","status":"publish","type":"product","link":"https:\/\/tihani.eu\/lv\/produkts\/cuticle-softener-100ml\/","title":{"rendered":"STRADERM CUTICLE SOFTENER STRONG 100ml"},"content":{"rendered":"<p><strong>Sast\u0101vda\u013cas:<\/strong> aqua (water), propylene glycol, sodium hydroxide, ethoxydiglycol, hydroxyetrhylcellulose, Achillea millefolium extract, Calendula officinalis flower extract, panthenol, hydrolized keratin, niancinamide, bisabolol, biotin, glycerin, disodum EDTA.<\/p>\n<p><strong>Lieto\u0161anas instrukcija:<\/strong> uzkl\u0101jiet \u017eeleju uz apstr\u0101d\u0101jam\u0101s zonas, p\u0113c 30 sekund\u0113m ar pu\u0161eru instrumentu pastumjiet kutikulas. P\u0113c vajadz\u012bbas atk\u0101rtojiet proced\u016bru. Nobeigum\u0101 no\u0146emiet atliku\u0161o g\u0113lu ar \u016bdeni vai ar vates tamponu.<\/p>\n<p><strong>Br\u012bdin\u0101jums:<\/strong>Uzglab\u0101t b\u0113rniem nepieejam\u0101 viet\u0101. Izmetiet otrreiz\u0113jai p\u0101rstr\u0101dei paredz\u0113taj\u0101 konteiner\u0101, kad produkts ir piln\u012bb\u0101 iztuk\u0161ots. Tikai \u0101r\u0113jai lieto\u0161anai.<\/p>\n","protected":false},"excerpt":{"rendered":"<p>CUTICLE SOFTENER ir profesion\u0101ls l\u012bdzeklis kutikulas apstr\u0101dei. Pateicoties \u012bpa\u0161ajai formulai un g\u0113la tekst\u016brai, CUTICLE SOFTENER \u013cauj efekt\u012bvi m\u012bkstin\u0101t un no\u0146emt kutikulas. Sast\u0101vs, kura pamat\u0101 ir augu ekstrakti un vitam\u012bni, veicina efekt\u012bvu \u0161\u016bnu vielmai\u0146as regul\u0113\u0161anu, tam piem\u012bt nomierino\u0161as un dezinfic\u0113jo\u0161as \u012bpa\u0161\u012bbas. Piem\u0113rots vis\u0101m manik\u012bra tehnik\u0101m.<\/p>\n<ul>\n<li>Produkts nav test\u0113ts uz dz\u012bvniekiem<\/li>\n<li>Dermatolo\u0123iski p\u0101rbaud\u012bts<\/li>\n<li>Nesatur ni\u0137eli<\/li>\n<li>Bez parab\u0113niem<\/li>\n<li>Ra\u017eots It\u0101lij\u0101<\/li>\n<\/ul>\n","protected":false},"featured_media":11719,"comment_status":"closed","ping_status":"closed","template":"","meta":{"site-sidebar-layout":"default","site-content-layout":"","ast-site-content-layout":"default","site-content-style":"default","site-sidebar-style":"default","ast-global-header-display":"","ast-banner-title-visibility":"","ast-main-header-display":"","ast-hfb-above-header-display":"","ast-hfb-below-header-display":"","ast-hfb-mobile-header-display":"","site-post-title":"","ast-breadcrumbs-content":"","ast-featured-img":"","footer-sml-layout":"","theme-transparent-header-meta":"default","adv-header-id-meta":"","stick-header-meta":"","header-above-stick-meta":"","header-main-stick-meta":"","header-below-stick-meta":"","astra-migrate-meta-layouts":"default","ast-page-background-enabled":"default","ast-page-background-meta":{"desktop":{"background-color":"","background-image":"","background-repeat":"repeat","background-position":"center center","background-size":"auto","background-attachment":"scroll","background-type":"","background-media":"","overlay-type":"","overlay-color":"","overlay-opacity":"","overlay-gradient":""},"tablet":{"background-color":"","background-image":"","background-repeat":"repeat","background-position":"center center","background-size":"auto","background-attachment":"scroll","background-type":"","background-media":"","overlay-type":"","overlay-color":"","overlay-opacity":"","overlay-gradient":""},"mobile":{"background-color":"","background-image":"","background-repeat":"repeat","background-position":"center center","background-size":"auto","background-attachment":"scroll","background-type":"","background-media":"","overlay-type":"","overlay-color":"","overlay-opacity":"","overlay-gradient":""}},"ast-content-background-meta":{"desktop":{"background-color":"var(--ast-global-color-5)","background-image":"","background-repeat":"repeat","background-position":"center center","background-size":"auto","background-attachment":"scroll","background-type":"","background-media":"","overlay-type":"","overlay-color":"","overlay-opacity":"","overlay-gradient":""},"tablet":{"background-color":"var(--ast-global-color-5)","background-image":"","background-repeat":"repeat","background-position":"center center","background-size":"auto","background-attachment":"scroll","background-type":"","background-media":"","overlay-type":"","overlay-color":"","overlay-opacity":"","overlay-gradient":""},"mobile":{"background-color":"var(--ast-global-color-5)","background-image":"","background-repeat":"repeat","background-position":"center center","background-size":"auto","background-attachment":"scroll","background-type":"","background-media":"","overlay-type":"","overlay-color":"","overlay-opacity":"","overlay-gradient":""}}},"product_brand":[],"product_cat":[2039],"product_tag":[2089,2040],"class_list":{"0":"post-8428","1":"product","2":"type-product","3":"status-publish","4":"has-post-thumbnail","6":"product_cat-straderm-lv","7":"product_tag-cuticle-softener-lv","8":"product_tag-straderm-lv","9":"desktop-align-left","10":"tablet-align-left","11":"mobile-align-left","13":"first","14":"instock","15":"taxable","16":"shipping-taxable","17":"purchasable","18":"product-type-simple"},"jetpack_sharing_enabled":true,"_links":{"self":[{"href":"https:\/\/tihani.eu\/lv\/wp-json\/wp\/v2\/product\/8428","targetHints":{"allow":["GET"]}}],"collection":[{"href":"https:\/\/tihani.eu\/lv\/wp-json\/wp\/v2\/product"}],"about":[{"href":"https:\/\/tihani.eu\/lv\/wp-json\/wp\/v2\/types\/product"}],"replies":[{"embeddable":true,"href":"https:\/\/tihani.eu\/lv\/wp-json\/wp\/v2\/comments?post=8428"}],"wp:featuredmedia":[{"embeddable":true,"href":"https:\/\/tihani.eu\/lv\/wp-json\/wp\/v2\/media\/11719"}],"wp:attachment":[{"href":"https:\/\/tihani.eu\/lv\/wp-json\/wp\/v2\/media?parent=8428"}],"wp:term":[{"taxonomy":"product_brand","embeddable":true,"href":"https:\/\/tihani.eu\/lv\/wp-json\/wp\/v2\/product_brand?post=8428"},{"taxonomy":"product_cat","embeddable":true,"href":"https:\/\/tihani.eu\/lv\/wp-json\/wp\/v2\/product_cat?post=8428"},{"taxonomy":"product_tag","embeddable":true,"href":"https:\/\/tihani.eu\/lv\/wp-json\/wp\/v2\/product_tag?post=8428"}],"curies":[{"name":"wp","href":"https:\/\/api.w.org\/{rel}","templated":true}]}}