{"id":8409,"date":"2024-05-10T11:52:34","date_gmt":"2024-05-10T09:52:34","guid":{"rendered":"https:\/\/tihani.eu\/product\/callus-softener-spray\/"},"modified":"2025-09-16T21:58:02","modified_gmt":"2025-09-16T19:58:02","slug":"callus-softener-spray","status":"publish","type":"product","link":"https:\/\/tihani.eu\/lv\/produkts\/callus-softener-spray\/","title":{"rendered":"STRADERM CALLUS SOFTENER SPRAY 200ml"},"content":{"rendered":"<p><strong>Sast\u0101vda\u013cas:<\/strong> Urea, aqua (water), propylene glycol, lactic acid, sodium hydroxide, ethoxydiglycol.<\/p>\n<p><strong>Lieto\u0161anas instrukcija:<\/strong> Izsmidziniet Callus Softener uz sakaltu\u0161aj\u0101m viet\u0101m no aptuveni 10 cm att\u0101luma. \u013baujiet produktam ies\u016bkties aptuveni 5 l\u012bdz 7 min\u016btes. Laiks var at\u0161\u0137irties atkar\u012bb\u0101 no keratiniz\u0101cijas intensit\u0101tes. Kad \u0101da vairs nav mitra, bet joproj\u0101m ir nedaudz lip\u012bga, s\u0101ciet p\u0113du apstr\u0101di. P\u0113c nepiecie\u0161am\u012bbas atk\u0101rtojiet proced\u016bru. Produktu nav nepiecie\u0161ams nomazg\u0101t, jo p\u0113c lieto\u0161anas tas turpina mitrin\u0101t.<\/p>\n<p><strong>Br\u012bdin\u0101jums:<\/strong>Uzglab\u0101t b\u0113rniem nepieejam\u0101 viet\u0101. Izmetiet otrreiz\u0113jai p\u0101rstr\u0101dei paredz\u0113taj\u0101 konteiner\u0101, kad produkts ir piln\u012bb\u0101 iztuk\u0161ots. Tikai \u0101r\u0113jai lieto\u0161anai.<\/p>\n","protected":false},"excerpt":{"rendered":"<p>CALLUS SOFTENER ir aerosols profesion\u0101lai lieto\u0161anai, kas: \u0101tri un nekav\u0113joties m\u012bkstina tulznas; \u0101das sabiez\u0113jumus; \u0101du ar epidermas plais\u0101m; sagatavo virsmu turpm\u0101kaj\u0101m proced\u016br\u0101m un samazina proced\u016bru laiku. Piem\u0113rots vis\u0101m pedik\u012bra tehnik\u0101m. Produkts ar dezinfic\u0113jo\u0161u formulu sast\u0101v no dro\u0161\u0101m un ilgtsp\u0113j\u012bg\u0101m sast\u0101vda\u013c\u0101m un ir piem\u0113rots visiem \u0101das tipiem.<\/p>\n<ul>\n<li>Produkts nav test\u0113ts uz dz\u012bvniekiem<\/li>\n<li>Dermatolo\u0123iski p\u0101rbaud\u012bts<\/li>\n<li>Nesatur ni\u0137eli<\/li>\n<li>Piem\u0113rots veg\u0101niem<\/li>\n<li>Ra\u017eots It\u0101lij\u0101<\/li>\n<\/ul>\n","protected":false},"featured_media":8736,"comment_status":"closed","ping_status":"closed","template":"","meta":{"site-sidebar-layout":"default","site-content-layout":"","ast-site-content-layout":"default","site-content-style":"default","site-sidebar-style":"default","ast-global-header-display":"","ast-banner-title-visibility":"","ast-main-header-display":"","ast-hfb-above-header-display":"","ast-hfb-below-header-display":"","ast-hfb-mobile-header-display":"","site-post-title":"","ast-breadcrumbs-content":"","ast-featured-img":"","footer-sml-layout":"","theme-transparent-header-meta":"default","adv-header-id-meta":"","stick-header-meta":"","header-above-stick-meta":"","header-main-stick-meta":"","header-below-stick-meta":"","astra-migrate-meta-layouts":"default","ast-page-background-enabled":"default","ast-page-background-meta":{"desktop":{"background-color":"","background-image":"","background-repeat":"repeat","background-position":"center center","background-size":"auto","background-attachment":"scroll","background-type":"","background-media":"","overlay-type":"","overlay-color":"","overlay-opacity":"","overlay-gradient":""},"tablet":{"background-color":"","background-image":"","background-repeat":"repeat","background-position":"center center","background-size":"auto","background-attachment":"scroll","background-type":"","background-media":"","overlay-type":"","overlay-color":"","overlay-opacity":"","overlay-gradient":""},"mobile":{"background-color":"","background-image":"","background-repeat":"repeat","background-position":"center center","background-size":"auto","background-attachment":"scroll","background-type":"","background-media":"","overlay-type":"","overlay-color":"","overlay-opacity":"","overlay-gradient":""}},"ast-content-background-meta":{"desktop":{"background-color":"var(--ast-global-color-5)","background-image":"","background-repeat":"repeat","background-position":"center center","background-size":"auto","background-attachment":"scroll","background-type":"","background-media":"","overlay-type":"","overlay-color":"","overlay-opacity":"","overlay-gradient":""},"tablet":{"background-color":"var(--ast-global-color-5)","background-image":"","background-repeat":"repeat","background-position":"center center","background-size":"auto","background-attachment":"scroll","background-type":"","background-media":"","overlay-type":"","overlay-color":"","overlay-opacity":"","overlay-gradient":""},"mobile":{"background-color":"var(--ast-global-color-5)","background-image":"","background-repeat":"repeat","background-position":"center center","background-size":"auto","background-attachment":"scroll","background-type":"","background-media":"","overlay-type":"","overlay-color":"","overlay-opacity":"","overlay-gradient":""}}},"product_brand":[],"product_cat":[2039],"product_tag":[2086,2040],"class_list":{"0":"post-8409","1":"product","2":"type-product","3":"status-publish","4":"has-post-thumbnail","6":"product_cat-straderm-lv","7":"product_tag-callus-softener-spray-lv","8":"product_tag-straderm-lv","9":"desktop-align-left","10":"tablet-align-left","11":"mobile-align-left","13":"first","14":"instock","15":"taxable","16":"shipping-taxable","17":"purchasable","18":"product-type-simple"},"jetpack_sharing_enabled":true,"_links":{"self":[{"href":"https:\/\/tihani.eu\/lv\/wp-json\/wp\/v2\/product\/8409","targetHints":{"allow":["GET"]}}],"collection":[{"href":"https:\/\/tihani.eu\/lv\/wp-json\/wp\/v2\/product"}],"about":[{"href":"https:\/\/tihani.eu\/lv\/wp-json\/wp\/v2\/types\/product"}],"replies":[{"embeddable":true,"href":"https:\/\/tihani.eu\/lv\/wp-json\/wp\/v2\/comments?post=8409"}],"wp:featuredmedia":[{"embeddable":true,"href":"https:\/\/tihani.eu\/lv\/wp-json\/wp\/v2\/media\/8736"}],"wp:attachment":[{"href":"https:\/\/tihani.eu\/lv\/wp-json\/wp\/v2\/media?parent=8409"}],"wp:term":[{"taxonomy":"product_brand","embeddable":true,"href":"https:\/\/tihani.eu\/lv\/wp-json\/wp\/v2\/product_brand?post=8409"},{"taxonomy":"product_cat","embeddable":true,"href":"https:\/\/tihani.eu\/lv\/wp-json\/wp\/v2\/product_cat?post=8409"},{"taxonomy":"product_tag","embeddable":true,"href":"https:\/\/tihani.eu\/lv\/wp-json\/wp\/v2\/product_tag?post=8409"}],"curies":[{"name":"wp","href":"https:\/\/api.w.org\/{rel}","templated":true}]}}