{"id":8388,"date":"2024-05-10T10:54:22","date_gmt":"2024-05-10T08:54:22","guid":{"rendered":"https:\/\/tihani.eu\/product\/treatment-soap\/"},"modified":"2025-09-16T21:48:55","modified_gmt":"2025-09-16T19:48:55","slug":"treatment-soap","status":"publish","type":"product","link":"https:\/\/tihani.eu\/lv\/produkts\/treatment-soap\/","title":{"rendered":"STRADERM TREATMENT SOAP 250ml"},"content":{"rendered":"<p><strong>Sast\u0101vda\u013cas:<\/strong> Aqua (water), sodium laureth sulfate, cocamidopropyl betaine, coco-glucoside, glycerin, parfum (fregnance), sodium chloride, hydrolized oat protein, PEG-7 glyceryl cocoate, PEG-15 cocopolyamine, panthenol, glyceryl oleate, lactic acid, ethylhexyl-glycerin, phytic acid, citric acid, Hamamelis virginiana (Witch-hazel) leaf extract, Ulva lactuca extract, Helichrysum flower extract, climbazole, benzyl alcohol, dehydroacetic acid, C|42051.<\/p>\n<p><strong>Lieto\u0161anas instrukcija:<\/strong> Uzkl\u0101jiet nelielu produkta daudzumu uz mitras \u0101das, labi ieputojiet un noskalojiet ar siltu \u016bdeni.<\/p>\n<p><strong>Br\u012bdin\u0101jums:<\/strong>Uzglab\u0101t b\u0113rniem nepieejam\u0101 viet\u0101. Izmetiet otrreiz\u0113jai p\u0101rstr\u0101dei paredz\u0113taj\u0101 konteiner\u0101, kad produkts ir piln\u012bb\u0101 iztuk\u0161ots. Tikai \u0101r\u0113jai lieto\u0161anai.<\/p>\n","protected":false},"excerpt":{"rendered":"<p>TREATMENT SOAP ir dezinfic\u0113jo\u0161as ziepes, kas dzi\u013ci att\u012bra un mitrina \u0101du, veicinot fiziolo\u0123isku detoksik\u0101ciju. Ziepes nomierina \u0101du un t\u0101m piem\u012bt aizsarg\u0101jo\u0161as \u012bpa\u0161\u012bbas. T\u0101 inovat\u012bv\u0101 pH l\u012bdzsvara formula neitraliz\u0113 smakas un ir ide\u0101li piem\u0113rota profesion\u0101lai lieto\u0161anai.<\/p>\n<ul>\n<li>Produkts nav test\u0113ts uz dz\u012bvniekiem<\/li>\n<li>Dermatolo\u0123iski p\u0101rbaud\u012bts<\/li>\n<li>Nesatur ni\u0137eli<\/li>\n<li>Piem\u0113rots veg\u0101niem<\/li>\n<li>Ra\u017eots It\u0101lij\u0101<\/li>\n<\/ul>\n","protected":false},"featured_media":8733,"comment_status":"closed","ping_status":"closed","template":"","meta":{"site-sidebar-layout":"default","site-content-layout":"","ast-site-content-layout":"default","site-content-style":"default","site-sidebar-style":"default","ast-global-header-display":"","ast-banner-title-visibility":"","ast-main-header-display":"","ast-hfb-above-header-display":"","ast-hfb-below-header-display":"","ast-hfb-mobile-header-display":"","site-post-title":"","ast-breadcrumbs-content":"","ast-featured-img":"","footer-sml-layout":"","theme-transparent-header-meta":"default","adv-header-id-meta":"","stick-header-meta":"","header-above-stick-meta":"","header-main-stick-meta":"","header-below-stick-meta":"","astra-migrate-meta-layouts":"default","ast-page-background-enabled":"default","ast-page-background-meta":{"desktop":{"background-color":"","background-image":"","background-repeat":"repeat","background-position":"center center","background-size":"auto","background-attachment":"scroll","background-type":"","background-media":"","overlay-type":"","overlay-color":"","overlay-opacity":"","overlay-gradient":""},"tablet":{"background-color":"","background-image":"","background-repeat":"repeat","background-position":"center center","background-size":"auto","background-attachment":"scroll","background-type":"","background-media":"","overlay-type":"","overlay-color":"","overlay-opacity":"","overlay-gradient":""},"mobile":{"background-color":"","background-image":"","background-repeat":"repeat","background-position":"center center","background-size":"auto","background-attachment":"scroll","background-type":"","background-media":"","overlay-type":"","overlay-color":"","overlay-opacity":"","overlay-gradient":""}},"ast-content-background-meta":{"desktop":{"background-color":"var(--ast-global-color-5)","background-image":"","background-repeat":"repeat","background-position":"center center","background-size":"auto","background-attachment":"scroll","background-type":"","background-media":"","overlay-type":"","overlay-color":"","overlay-opacity":"","overlay-gradient":""},"tablet":{"background-color":"var(--ast-global-color-5)","background-image":"","background-repeat":"repeat","background-position":"center center","background-size":"auto","background-attachment":"scroll","background-type":"","background-media":"","overlay-type":"","overlay-color":"","overlay-opacity":"","overlay-gradient":""},"mobile":{"background-color":"var(--ast-global-color-5)","background-image":"","background-repeat":"repeat","background-position":"center center","background-size":"auto","background-attachment":"scroll","background-type":"","background-media":"","overlay-type":"","overlay-color":"","overlay-opacity":"","overlay-gradient":""}}},"product_brand":[],"product_cat":[2039],"product_tag":[2040,2081],"class_list":{"0":"post-8388","1":"product","2":"type-product","3":"status-publish","4":"has-post-thumbnail","6":"product_cat-straderm-lv","7":"product_tag-straderm-lv","8":"product_tag-treatment-soap-lv","9":"desktop-align-left","10":"tablet-align-left","11":"mobile-align-left","13":"first","14":"instock","15":"taxable","16":"shipping-taxable","17":"purchasable","18":"product-type-simple"},"jetpack_sharing_enabled":true,"_links":{"self":[{"href":"https:\/\/tihani.eu\/lv\/wp-json\/wp\/v2\/product\/8388","targetHints":{"allow":["GET"]}}],"collection":[{"href":"https:\/\/tihani.eu\/lv\/wp-json\/wp\/v2\/product"}],"about":[{"href":"https:\/\/tihani.eu\/lv\/wp-json\/wp\/v2\/types\/product"}],"replies":[{"embeddable":true,"href":"https:\/\/tihani.eu\/lv\/wp-json\/wp\/v2\/comments?post=8388"}],"wp:featuredmedia":[{"embeddable":true,"href":"https:\/\/tihani.eu\/lv\/wp-json\/wp\/v2\/media\/8733"}],"wp:attachment":[{"href":"https:\/\/tihani.eu\/lv\/wp-json\/wp\/v2\/media?parent=8388"}],"wp:term":[{"taxonomy":"product_brand","embeddable":true,"href":"https:\/\/tihani.eu\/lv\/wp-json\/wp\/v2\/product_brand?post=8388"},{"taxonomy":"product_cat","embeddable":true,"href":"https:\/\/tihani.eu\/lv\/wp-json\/wp\/v2\/product_cat?post=8388"},{"taxonomy":"product_tag","embeddable":true,"href":"https:\/\/tihani.eu\/lv\/wp-json\/wp\/v2\/product_tag?post=8388"}],"curies":[{"name":"wp","href":"https:\/\/api.w.org\/{rel}","templated":true}]}}