{"id":8370,"date":"2024-05-10T10:15:26","date_gmt":"2024-05-10T08:15:26","guid":{"rendered":"https:\/\/tihani.eu\/product\/nail-and-cuticle-treatment-10ml\/"},"modified":"2025-09-16T21:54:31","modified_gmt":"2025-09-16T19:54:31","slug":"nail-and-cuticle-treatment-10ml","status":"publish","type":"product","link":"https:\/\/tihani.eu\/lv\/produkts\/nail-and-cuticle-treatment-10ml\/","title":{"rendered":"STRADERM NAIL AND CUTICLE TREATMENT 10ml"},"content":{"rendered":"<p><strong>Sast\u0101vda\u013cas:<\/strong> caprylic\/capric triglyceride, olus oil, Butyrospermum parkii (Shea) butter, Prunus amygdalus dulcis (Sweet Almond) oil, Macadamia ternifolia seed oil, hydrogenated castor oil, cera alba (beeswax), tocopherol acetate, Chamomilla recutica (Matricaria) flower extract, hydrolyzed keratin, biotin, niancinamide, leicithin, tocopherol, ascorbyl palmitate, citric acid, parfum (fregnance).<\/p>\n<p><strong> Lieto\u0161anas instrukcija:<\/strong>Uzkl\u0101jiet nelielu daudzumu un iemas\u0113jiet nagu pamatn\u0113.<\/p>\n<p><strong>Br\u012bdin\u0101jums:<\/strong>Uzglab\u0101t b\u0113rniem nepieejam\u0101 viet\u0101. Izmetiet otrreiz\u0113jai p\u0101rstr\u0101dei paredz\u0113taj\u0101 konteiner\u0101, kad produkts ir piln\u012bb\u0101 iztuk\u0161ots. Tikai \u0101r\u0113jai lieto\u0161anai.<\/p>\n","protected":false},"excerpt":{"rendered":"<p>NAIL AND CUTICLE TREATMENT ir balz\u0101ms, kas intens\u012bvi kopj kutikulas un nagus. Balz\u0101ms ar pretiekaisuma \u012bpa\u0161\u012bb\u0101m baro, mitrina un atjauno hidrolip\u012bdu barjeru, m\u012bkstina un re\u0123ener\u0113 \u0101du un kutikulu. Pateicoties akt\u012bvaj\u0101m sast\u0101vda\u013c\u0101m un vitam\u012bniem, tas stiprina trauslus nagus un veicina to aug\u0161anu.<\/p>\n<ul>\n<li>Produkts nav test\u0113ts uz dz\u012bvniekiem<\/li>\n<li>Dermatolo\u0123iski p\u0101rbaud\u012bts<\/li>\n<li>Nesatur ni\u0137eli<\/li>\n<li>Ra\u017eots It\u0101lij\u0101<\/li>\n<\/ul>\n","protected":false},"featured_media":8740,"comment_status":"closed","ping_status":"closed","template":"","meta":{"site-sidebar-layout":"default","site-content-layout":"","ast-site-content-layout":"default","site-content-style":"default","site-sidebar-style":"default","ast-global-header-display":"","ast-banner-title-visibility":"","ast-main-header-display":"","ast-hfb-above-header-display":"","ast-hfb-below-header-display":"","ast-hfb-mobile-header-display":"","site-post-title":"","ast-breadcrumbs-content":"","ast-featured-img":"","footer-sml-layout":"","theme-transparent-header-meta":"default","adv-header-id-meta":"","stick-header-meta":"","header-above-stick-meta":"","header-main-stick-meta":"","header-below-stick-meta":"","astra-migrate-meta-layouts":"default","ast-page-background-enabled":"default","ast-page-background-meta":{"desktop":{"background-color":"","background-image":"","background-repeat":"repeat","background-position":"center center","background-size":"auto","background-attachment":"scroll","background-type":"","background-media":"","overlay-type":"","overlay-color":"","overlay-opacity":"","overlay-gradient":""},"tablet":{"background-color":"","background-image":"","background-repeat":"repeat","background-position":"center center","background-size":"auto","background-attachment":"scroll","background-type":"","background-media":"","overlay-type":"","overlay-color":"","overlay-opacity":"","overlay-gradient":""},"mobile":{"background-color":"","background-image":"","background-repeat":"repeat","background-position":"center center","background-size":"auto","background-attachment":"scroll","background-type":"","background-media":"","overlay-type":"","overlay-color":"","overlay-opacity":"","overlay-gradient":""}},"ast-content-background-meta":{"desktop":{"background-color":"var(--ast-global-color-5)","background-image":"","background-repeat":"repeat","background-position":"center center","background-size":"auto","background-attachment":"scroll","background-type":"","background-media":"","overlay-type":"","overlay-color":"","overlay-opacity":"","overlay-gradient":""},"tablet":{"background-color":"var(--ast-global-color-5)","background-image":"","background-repeat":"repeat","background-position":"center center","background-size":"auto","background-attachment":"scroll","background-type":"","background-media":"","overlay-type":"","overlay-color":"","overlay-opacity":"","overlay-gradient":""},"mobile":{"background-color":"var(--ast-global-color-5)","background-image":"","background-repeat":"repeat","background-position":"center center","background-size":"auto","background-attachment":"scroll","background-type":"","background-media":"","overlay-type":"","overlay-color":"","overlay-opacity":"","overlay-gradient":""}}},"product_brand":[],"product_cat":[2039],"product_tag":[2073,2040],"class_list":{"0":"post-8370","1":"product","2":"type-product","3":"status-publish","4":"has-post-thumbnail","6":"product_cat-straderm-lv","7":"product_tag-nail-and-cuticle-treatment-lv","8":"product_tag-straderm-lv","9":"desktop-align-left","10":"tablet-align-left","11":"mobile-align-left","13":"first","14":"instock","15":"taxable","16":"shipping-taxable","17":"purchasable","18":"product-type-simple"},"jetpack_sharing_enabled":true,"_links":{"self":[{"href":"https:\/\/tihani.eu\/lv\/wp-json\/wp\/v2\/product\/8370","targetHints":{"allow":["GET"]}}],"collection":[{"href":"https:\/\/tihani.eu\/lv\/wp-json\/wp\/v2\/product"}],"about":[{"href":"https:\/\/tihani.eu\/lv\/wp-json\/wp\/v2\/types\/product"}],"replies":[{"embeddable":true,"href":"https:\/\/tihani.eu\/lv\/wp-json\/wp\/v2\/comments?post=8370"}],"wp:featuredmedia":[{"embeddable":true,"href":"https:\/\/tihani.eu\/lv\/wp-json\/wp\/v2\/media\/8740"}],"wp:attachment":[{"href":"https:\/\/tihani.eu\/lv\/wp-json\/wp\/v2\/media?parent=8370"}],"wp:term":[{"taxonomy":"product_brand","embeddable":true,"href":"https:\/\/tihani.eu\/lv\/wp-json\/wp\/v2\/product_brand?post=8370"},{"taxonomy":"product_cat","embeddable":true,"href":"https:\/\/tihani.eu\/lv\/wp-json\/wp\/v2\/product_cat?post=8370"},{"taxonomy":"product_tag","embeddable":true,"href":"https:\/\/tihani.eu\/lv\/wp-json\/wp\/v2\/product_tag?post=8370"}],"curies":[{"name":"wp","href":"https:\/\/api.w.org\/{rel}","templated":true}]}}