{"id":8329,"date":"2024-05-09T15:12:23","date_gmt":"2024-05-09T13:12:23","guid":{"rendered":"https:\/\/tihani.eu\/product\/active-care-solution-50ml\/"},"modified":"2025-09-16T21:55:50","modified_gmt":"2025-09-16T19:55:50","slug":"active-care-solution-50ml","status":"publish","type":"product","link":"https:\/\/tihani.eu\/lv\/produkts\/active-care-solution-50ml\/","title":{"rendered":"STRADERM ACTIVE CARE SOLUTION 30ml"},"content":{"rendered":"<p><strong>Sast\u0101vda\u013cas:<\/strong> aqua (water), pentylene glycol, Eucalyptus globulus leaf oil, Macadamia ternifolia seed oil, Prunus amygdalus dulcis oil, panthenol, tocopheryl acetate, 4-terpineol, hydrolyzed hyaluronic acid, biotin, niancinamide, bisabolol, hydrogen peroxide, coceth-7, PPG-1-PEG-9 lauryl glycol ether, PEG-40 hydrogenated castor oil, citric acid, limonene.<\/p>\n<p><strong>Lieto\u0161anas instrukcija:<\/strong> Uzpiliniet da\u017eus pilienus uz t\u012briem nagiem un\/vai skart\u0101s \u0101das divas reizes dien\u0101, turpiniet lieto\u0161anu l\u012bdz probl\u0113ma ir piln\u012bb\u0101 atrisin\u0101ta. Profilaksei lietojiet divas reizes ned\u0113\u013c\u0101.<\/p>\n<p><strong>Br\u012bdin\u0101jums:<\/strong>Uzglab\u0101t b\u0113rniem nepieejam\u0101 viet\u0101. Izmetiet otrreiz\u0113jai p\u0101rstr\u0101dei paredz\u0113taj\u0101 konteiner\u0101, kad produkts ir piln\u012bb\u0101 iztuk\u0161ots. Tikai \u0101r\u0113jai lieto\u0161anai.<\/p>\n","protected":false},"excerpt":{"rendered":"<p>ACTIVE CARE SOLUTION formula sast\u0101v no \u0113teriskaj\u0101m e\u013c\u013c\u0101m, vitam\u012bniem un \u0101rstniec\u012bbas augu ekstraktiem. Tas ir bag\u0101tin\u0101ts ar akt\u012bvo sk\u0101bekli un hialuronsk\u0101bi. ACTIVE CARE SOLUTION efekt\u012bvi risina un nov\u0113r\u0161 lok\u0101las nagu un \u0101das probl\u0113mas. Tas veicina fiziolo\u0123iskos atjauno\u0161an\u0101s procesus, remd\u0113 un nomierina \u0101du. \u0160\u0137\u012bdums ar dezinfic\u0113jo\u0161u formulu veicina \u0161\u016bnu re\u0123ener\u0101ciju p\u0113c manik\u012bra vai pedik\u012bra proced\u016bras.<\/p>\n<ul>\n<li>Produkts nav test\u0113ts uz dz\u012bvniekiem<\/li>\n<li>Dermatolo\u0123iski p\u0101rbaud\u012bts<\/li>\n<li>Nesatur ni\u0137eli<\/li>\n<li>Piem\u0113rots veg\u0101niem<\/li>\n<li>Ra\u017eots It\u0101lij\u0101<\/li>\n<\/ul>\n","protected":false},"featured_media":15221,"comment_status":"closed","ping_status":"closed","template":"","meta":{"site-sidebar-layout":"default","site-content-layout":"","ast-site-content-layout":"default","site-content-style":"default","site-sidebar-style":"default","ast-global-header-display":"","ast-banner-title-visibility":"","ast-main-header-display":"","ast-hfb-above-header-display":"","ast-hfb-below-header-display":"","ast-hfb-mobile-header-display":"","site-post-title":"","ast-breadcrumbs-content":"","ast-featured-img":"","footer-sml-layout":"","theme-transparent-header-meta":"default","adv-header-id-meta":"","stick-header-meta":"","header-above-stick-meta":"","header-main-stick-meta":"","header-below-stick-meta":"","astra-migrate-meta-layouts":"default","ast-page-background-enabled":"default","ast-page-background-meta":{"desktop":{"background-color":"","background-image":"","background-repeat":"repeat","background-position":"center center","background-size":"auto","background-attachment":"scroll","background-type":"","background-media":"","overlay-type":"","overlay-color":"","overlay-opacity":"","overlay-gradient":""},"tablet":{"background-color":"","background-image":"","background-repeat":"repeat","background-position":"center center","background-size":"auto","background-attachment":"scroll","background-type":"","background-media":"","overlay-type":"","overlay-color":"","overlay-opacity":"","overlay-gradient":""},"mobile":{"background-color":"","background-image":"","background-repeat":"repeat","background-position":"center center","background-size":"auto","background-attachment":"scroll","background-type":"","background-media":"","overlay-type":"","overlay-color":"","overlay-opacity":"","overlay-gradient":""}},"ast-content-background-meta":{"desktop":{"background-color":"var(--ast-global-color-5)","background-image":"","background-repeat":"repeat","background-position":"center center","background-size":"auto","background-attachment":"scroll","background-type":"","background-media":"","overlay-type":"","overlay-color":"","overlay-opacity":"","overlay-gradient":""},"tablet":{"background-color":"var(--ast-global-color-5)","background-image":"","background-repeat":"repeat","background-position":"center center","background-size":"auto","background-attachment":"scroll","background-type":"","background-media":"","overlay-type":"","overlay-color":"","overlay-opacity":"","overlay-gradient":""},"mobile":{"background-color":"var(--ast-global-color-5)","background-image":"","background-repeat":"repeat","background-position":"center center","background-size":"auto","background-attachment":"scroll","background-type":"","background-media":"","overlay-type":"","overlay-color":"","overlay-opacity":"","overlay-gradient":""}}},"product_brand":[],"product_cat":[2039],"product_tag":[2069,2040],"class_list":{"0":"post-8329","1":"product","2":"type-product","3":"status-publish","4":"has-post-thumbnail","6":"product_cat-straderm-lv","7":"product_tag-active-care-solution-lv","8":"product_tag-straderm-lv","9":"desktop-align-left","10":"tablet-align-left","11":"mobile-align-left","13":"first","14":"instock","15":"taxable","16":"shipping-taxable","17":"purchasable","18":"product-type-simple"},"jetpack_sharing_enabled":true,"_links":{"self":[{"href":"https:\/\/tihani.eu\/lv\/wp-json\/wp\/v2\/product\/8329","targetHints":{"allow":["GET"]}}],"collection":[{"href":"https:\/\/tihani.eu\/lv\/wp-json\/wp\/v2\/product"}],"about":[{"href":"https:\/\/tihani.eu\/lv\/wp-json\/wp\/v2\/types\/product"}],"replies":[{"embeddable":true,"href":"https:\/\/tihani.eu\/lv\/wp-json\/wp\/v2\/comments?post=8329"}],"wp:featuredmedia":[{"embeddable":true,"href":"https:\/\/tihani.eu\/lv\/wp-json\/wp\/v2\/media\/15221"}],"wp:attachment":[{"href":"https:\/\/tihani.eu\/lv\/wp-json\/wp\/v2\/media?parent=8329"}],"wp:term":[{"taxonomy":"product_brand","embeddable":true,"href":"https:\/\/tihani.eu\/lv\/wp-json\/wp\/v2\/product_brand?post=8329"},{"taxonomy":"product_cat","embeddable":true,"href":"https:\/\/tihani.eu\/lv\/wp-json\/wp\/v2\/product_cat?post=8329"},{"taxonomy":"product_tag","embeddable":true,"href":"https:\/\/tihani.eu\/lv\/wp-json\/wp\/v2\/product_tag?post=8329"}],"curies":[{"name":"wp","href":"https:\/\/api.w.org\/{rel}","templated":true}]}}