{"id":8307,"date":"2024-05-09T13:42:43","date_gmt":"2024-05-09T11:42:43","guid":{"rendered":"https:\/\/tihani.eu\/product\/ultra-moisturizing-repair-cream\/"},"modified":"2025-12-04T00:43:13","modified_gmt":"2025-12-03T22:43:13","slug":"ultra-moisturizing-repair-cream","status":"publish","type":"product","link":"https:\/\/tihani.eu\/lv\/produkts\/ultra-moisturizing-repair-cream\/","title":{"rendered":"STRADERM ULTRA MOISTURIZING REPAIR CREAM"},"content":{"rendered":"<p><strong>Sast\u0101vda\u013cas:<\/strong> aqua, C12-20 acid PEG-8 ester, urea, olus oil, ethylhexyl palmitate, glycerin, polyperfluoromethylisopropyl ether, lactic acid, Prunus amygdalus dulcis oil, cetearyl alcohol, tocopheryl acetate, glyceryl stearate, polyperfluoroethoxymethoxy PEG phosphate, sodium hydroxide, panthenol, biotin, niancinamide, sodium hyaluronate, ceramide NP, ceramide AP, ceramide EOP, phytosphingosine, cholesterol, sodium lauroyl lactylate, carbomer, xantan gum, lecithin, tocopherol, ascorbyl palmitate, citric acid, benzyl alcohol, dehydroacetic acid, dimethicone, sodium phytate.<\/p>\n<p><strong>Lieto\u0161anas instrukcija:<\/strong>Uzkl\u0101jiet kr\u0113mu uz t\u012bras un sausas \u0101das un mas\u0113jiet, l\u012bdz ies\u016bcas. Ieteicams lietot da\u017eas reizes dien\u0101, lai \u0101tri atjaunotu sausu, aps\u0101rt\u0113ju\u0161u vai saplais\u0101ju\u0161u \u0101du vai kait\u012bgu \u0101r\u0113jo faktoru iedarb\u012bbas laik\u0101.<\/p>\n<p><strong>Br\u012bdin\u0101jums:<\/strong>Uzglab\u0101t b\u0113rniem nepieejam\u0101 viet\u0101. Izmetiet otrreiz\u0113jai p\u0101rstr\u0101dei paredz\u0113taj\u0101 konteiner\u0101, kad produkts ir piln\u012bb\u0101 iztuk\u0161ots. Tikai \u0101r\u0113jai lieto\u0161anai.<\/p>\n","protected":false},"excerpt":{"rendered":"<p>Daudzfunkcion\u0101ls lok\u0101li lietojams roku un k\u0101ju kr\u0113ms, kur\u0101 apvienota dab\u012bga augu e\u013c\u013ca ar E vitam\u012bnu, karbam\u012bdu, provitam\u012bnu B5 un keram\u012bdiem. Aizsarg\u0101 \u0101du, neaizsprostojot poras. Inovat\u012bv\u0101 formula pal\u012bdz atjaunot \u0101du un pie\u0161\u0137ir tai ilgsto\u0161u mitrumu. Efekt\u012bvi nomierina sakairin\u0101tu \u0101du, vienlaikus nov\u0113r\u0161ot aps\u0101rtumu un iekaisumu, kserozi un sausu, saplais\u0101ju\u0161u \u0101du.<\/p>\n","protected":false},"featured_media":8881,"comment_status":"closed","ping_status":"closed","template":"","meta":{"site-sidebar-layout":"default","site-content-layout":"","ast-site-content-layout":"default","site-content-style":"default","site-sidebar-style":"default","ast-global-header-display":"","ast-banner-title-visibility":"","ast-main-header-display":"","ast-hfb-above-header-display":"","ast-hfb-below-header-display":"","ast-hfb-mobile-header-display":"","site-post-title":"","ast-breadcrumbs-content":"","ast-featured-img":"","footer-sml-layout":"","theme-transparent-header-meta":"default","adv-header-id-meta":"","stick-header-meta":"","header-above-stick-meta":"","header-main-stick-meta":"","header-below-stick-meta":"","astra-migrate-meta-layouts":"default","ast-page-background-enabled":"default","ast-page-background-meta":{"desktop":{"background-color":"","background-image":"","background-repeat":"repeat","background-position":"center center","background-size":"auto","background-attachment":"scroll","background-type":"","background-media":"","overlay-type":"","overlay-color":"","overlay-opacity":"","overlay-gradient":""},"tablet":{"background-color":"","background-image":"","background-repeat":"repeat","background-position":"center center","background-size":"auto","background-attachment":"scroll","background-type":"","background-media":"","overlay-type":"","overlay-color":"","overlay-opacity":"","overlay-gradient":""},"mobile":{"background-color":"","background-image":"","background-repeat":"repeat","background-position":"center center","background-size":"auto","background-attachment":"scroll","background-type":"","background-media":"","overlay-type":"","overlay-color":"","overlay-opacity":"","overlay-gradient":""}},"ast-content-background-meta":{"desktop":{"background-color":"var(--ast-global-color-5)","background-image":"","background-repeat":"repeat","background-position":"center center","background-size":"auto","background-attachment":"scroll","background-type":"","background-media":"","overlay-type":"","overlay-color":"","overlay-opacity":"","overlay-gradient":""},"tablet":{"background-color":"var(--ast-global-color-5)","background-image":"","background-repeat":"repeat","background-position":"center center","background-size":"auto","background-attachment":"scroll","background-type":"","background-media":"","overlay-type":"","overlay-color":"","overlay-opacity":"","overlay-gradient":""},"mobile":{"background-color":"var(--ast-global-color-5)","background-image":"","background-repeat":"repeat","background-position":"center center","background-size":"auto","background-attachment":"scroll","background-type":"","background-media":"","overlay-type":"","overlay-color":"","overlay-opacity":"","overlay-gradient":""}}},"product_brand":[],"product_cat":[2039],"product_tag":[2040,2054],"class_list":{"0":"post-8307","1":"product","2":"type-product","3":"status-publish","4":"has-post-thumbnail","6":"product_cat-straderm-lv","7":"product_tag-straderm-lv","8":"product_tag-ultra-moisturizing-repair-cream-lv","9":"desktop-align-left","10":"tablet-align-left","11":"mobile-align-left","13":"first","14":"instock","15":"taxable","16":"shipping-taxable","17":"purchasable","18":"product-type-variable"},"jetpack_sharing_enabled":true,"_links":{"self":[{"href":"https:\/\/tihani.eu\/lv\/wp-json\/wp\/v2\/product\/8307","targetHints":{"allow":["GET"]}}],"collection":[{"href":"https:\/\/tihani.eu\/lv\/wp-json\/wp\/v2\/product"}],"about":[{"href":"https:\/\/tihani.eu\/lv\/wp-json\/wp\/v2\/types\/product"}],"replies":[{"embeddable":true,"href":"https:\/\/tihani.eu\/lv\/wp-json\/wp\/v2\/comments?post=8307"}],"wp:featuredmedia":[{"embeddable":true,"href":"https:\/\/tihani.eu\/lv\/wp-json\/wp\/v2\/media\/8881"}],"wp:attachment":[{"href":"https:\/\/tihani.eu\/lv\/wp-json\/wp\/v2\/media?parent=8307"}],"wp:term":[{"taxonomy":"product_brand","embeddable":true,"href":"https:\/\/tihani.eu\/lv\/wp-json\/wp\/v2\/product_brand?post=8307"},{"taxonomy":"product_cat","embeddable":true,"href":"https:\/\/tihani.eu\/lv\/wp-json\/wp\/v2\/product_cat?post=8307"},{"taxonomy":"product_tag","embeddable":true,"href":"https:\/\/tihani.eu\/lv\/wp-json\/wp\/v2\/product_tag?post=8307"}],"curies":[{"name":"wp","href":"https:\/\/api.w.org\/{rel}","templated":true}]}}