{"id":8264,"date":"2024-05-09T11:01:00","date_gmt":"2024-05-09T09:01:00","guid":{"rendered":"https:\/\/tihani.eu\/product\/balancing-care-gel\/"},"modified":"2025-12-04T00:43:13","modified_gmt":"2025-12-03T22:43:13","slug":"balancing-care-gel","status":"publish","type":"product","link":"https:\/\/tihani.eu\/lv\/produkts\/balancing-care-gel\/","title":{"rendered":"STRADERM BALANCING CARE GEL"},"content":{"rendered":"<p><strong>Sast\u0101vda\u013cas:<\/strong> aqua, alcohol denat., Hamamelis virginiana leaf water, glycerin, menthyl lactate, bis-PEG-18 methyl ether dimethyl silane, menthol, triethanolamine, parfum, sodium polyacrylate, carbomer, propylene glycol, escin, disodium EDTA, Ruscus aculeatus root extract, Vaccinium myrtillus fruit extract, xantan gum, C| 42090, phenoxyethanol, ethylhexylglycerin.<\/p>\n<p><strong>Lieto\u0161anas instrukcija:<\/strong> Uzkl\u0101jiet g\u0113lu uz t\u012bras un sausas \u0101das un mas\u0113jiet, l\u012bdz ies\u016bcas.<\/p>\n<p><strong>Br\u012bdin\u0101jums:<\/strong>Uzglab\u0101t b\u0113rniem nepieejam\u0101 viet\u0101. Izmetiet otrreiz\u0113jai p\u0101rstr\u0101dei paredz\u0113taj\u0101 konteiner\u0101, kad produkts ir piln\u012bb\u0101 iztuk\u0161ots. Tikai \u0101r\u0113jai lieto\u0161anai.<\/p>\n","protected":false},"excerpt":{"rendered":"<p>BALANCING CARE GEL organisko augu ekstraktu b\u0101zes kr\u0113ms sv\u012bsto\u0161\u0101m k\u0101j\u0101m un p\u0113d\u0101m. Nomierina un toniz\u0113, rada sp\u0113c\u012bgu atv\u0113sino\u0161u efektu un ilgsto\u0161u svaiguma saj\u016btu. Nov\u0113r\u0161 p\u0113du nogurumu un atdz\u012bvina p\u0113das un pot\u012btes, ja ir tendence uz t\u016bsku. Darbojas k\u0101 savelko\u0161s un dezinfic\u0113jo\u0161s l\u012bdzeklis, kas pal\u012bdz samazin\u0101t sv\u012b\u0161anu.<\/p>\n<ul>\n<li>Produkts nav test\u0113ts uz dz\u012bvniekiem<\/li>\n<li>Dermatolo\u0123iski p\u0101rbaud\u012bts<\/li>\n<li>Nesatur ni\u0137eli<\/li>\n<li>Bez parab\u0113niem<\/li>\n<li>Ra\u017eots It\u0101lij\u0101<\/li>\n<\/ul>\n<p>&nbsp;<\/p>\n","protected":false},"featured_media":8887,"comment_status":"closed","ping_status":"closed","template":"","meta":{"site-sidebar-layout":"default","site-content-layout":"","ast-site-content-layout":"default","site-content-style":"default","site-sidebar-style":"default","ast-global-header-display":"","ast-banner-title-visibility":"","ast-main-header-display":"","ast-hfb-above-header-display":"","ast-hfb-below-header-display":"","ast-hfb-mobile-header-display":"","site-post-title":"","ast-breadcrumbs-content":"","ast-featured-img":"","footer-sml-layout":"","theme-transparent-header-meta":"default","adv-header-id-meta":"","stick-header-meta":"","header-above-stick-meta":"","header-main-stick-meta":"","header-below-stick-meta":"","astra-migrate-meta-layouts":"default","ast-page-background-enabled":"default","ast-page-background-meta":{"desktop":{"background-color":"","background-image":"","background-repeat":"repeat","background-position":"center center","background-size":"auto","background-attachment":"scroll","background-type":"","background-media":"","overlay-type":"","overlay-color":"","overlay-opacity":"","overlay-gradient":""},"tablet":{"background-color":"","background-image":"","background-repeat":"repeat","background-position":"center center","background-size":"auto","background-attachment":"scroll","background-type":"","background-media":"","overlay-type":"","overlay-color":"","overlay-opacity":"","overlay-gradient":""},"mobile":{"background-color":"","background-image":"","background-repeat":"repeat","background-position":"center center","background-size":"auto","background-attachment":"scroll","background-type":"","background-media":"","overlay-type":"","overlay-color":"","overlay-opacity":"","overlay-gradient":""}},"ast-content-background-meta":{"desktop":{"background-color":"var(--ast-global-color-5)","background-image":"","background-repeat":"repeat","background-position":"center center","background-size":"auto","background-attachment":"scroll","background-type":"","background-media":"","overlay-type":"","overlay-color":"","overlay-opacity":"","overlay-gradient":""},"tablet":{"background-color":"var(--ast-global-color-5)","background-image":"","background-repeat":"repeat","background-position":"center center","background-size":"auto","background-attachment":"scroll","background-type":"","background-media":"","overlay-type":"","overlay-color":"","overlay-opacity":"","overlay-gradient":""},"mobile":{"background-color":"var(--ast-global-color-5)","background-image":"","background-repeat":"repeat","background-position":"center center","background-size":"auto","background-attachment":"scroll","background-type":"","background-media":"","overlay-type":"","overlay-color":"","overlay-opacity":"","overlay-gradient":""}}},"product_brand":[],"product_cat":[2039],"product_tag":[2041,2040],"class_list":{"0":"post-8264","1":"product","2":"type-product","3":"status-publish","4":"has-post-thumbnail","6":"product_cat-straderm-lv","7":"product_tag-balancing-care-gel-lv","8":"product_tag-straderm-lv","9":"desktop-align-left","10":"tablet-align-left","11":"mobile-align-left","13":"first","14":"instock","15":"taxable","16":"shipping-taxable","17":"purchasable","18":"product-type-variable"},"jetpack_sharing_enabled":true,"_links":{"self":[{"href":"https:\/\/tihani.eu\/lv\/wp-json\/wp\/v2\/product\/8264","targetHints":{"allow":["GET"]}}],"collection":[{"href":"https:\/\/tihani.eu\/lv\/wp-json\/wp\/v2\/product"}],"about":[{"href":"https:\/\/tihani.eu\/lv\/wp-json\/wp\/v2\/types\/product"}],"replies":[{"embeddable":true,"href":"https:\/\/tihani.eu\/lv\/wp-json\/wp\/v2\/comments?post=8264"}],"wp:featuredmedia":[{"embeddable":true,"href":"https:\/\/tihani.eu\/lv\/wp-json\/wp\/v2\/media\/8887"}],"wp:attachment":[{"href":"https:\/\/tihani.eu\/lv\/wp-json\/wp\/v2\/media?parent=8264"}],"wp:term":[{"taxonomy":"product_brand","embeddable":true,"href":"https:\/\/tihani.eu\/lv\/wp-json\/wp\/v2\/product_brand?post=8264"},{"taxonomy":"product_cat","embeddable":true,"href":"https:\/\/tihani.eu\/lv\/wp-json\/wp\/v2\/product_cat?post=8264"},{"taxonomy":"product_tag","embeddable":true,"href":"https:\/\/tihani.eu\/lv\/wp-json\/wp\/v2\/product_tag?post=8264"}],"curies":[{"name":"wp","href":"https:\/\/api.w.org\/{rel}","templated":true}]}}