{"id":7058,"date":"2024-05-02T14:44:23","date_gmt":"2024-05-02T12:44:23","guid":{"rendered":"https:\/\/tihani.eu\/?post_type=product&#038;p=7058"},"modified":"2026-02-03T17:57:19","modified_gmt":"2026-02-03T15:57:19","slug":"oval-108-copy","status":"publish","type":"product","link":"https:\/\/tihani.eu\/lv\/produkts\/oval-108-copy\/","title":{"rendered":"AKZENTZ OVAL #111 OV\u0100LA KOLONOKA SABU\u013bA OTA"},"content":{"rendered":"<p>Dab\u012bgais sars: KOLINSKY, 11 mm.<\/p>\n<p>Kolonoka sabulis, agr\u0101kais zin\u0101ms k\u0101 Sib\u012brijas \u016bdeles nosaukums (<i>Mustela sibirica<\/i>) , ir suga, kas dz\u012bvo Krievijas zieme\u013cu da\u013c\u0101 un \u0136\u012bn\u0101. T\u0101 sari ir p\u0101rsteidzo\u0161i m\u012bksti, bezsvara, elast\u012bgi un iztur\u012bgi. \u0160\u012b zeltaini sarkan\u0101 \u0161\u0137iedra ir ide\u0101li piem\u0113rota prec\u012bzu un smalku l\u012bniju veido\u0161anai. \u0160\u012bs \u012bpa\u0161\u012bbas padara kolinsky otas dizainam un nagu pieaudz\u0113\u0161anai patie\u0161\u0101m b\u016btiskas.<\/p>\n","protected":false},"excerpt":{"rendered":"<p><strong>AKZENTZ OVAL #111 KOLONOKA SABU\u013bA OTA<\/strong> ir ide\u0101li piem\u0113rota g\u0113la uzkl\u0101\u0161anai.<\/p>\n<p>Dab\u012bgo saru birste ar ov\u0101lu formu. Nodro\u0161ina stingru, bet elast\u012bgu kontroli. 11mm ota. Komplekt\u0101 iek\u013cauts v\u0101ci\u0146\u0161.<\/p>\n","protected":false},"featured_media":7061,"comment_status":"closed","ping_status":"closed","template":"","meta":{"site-sidebar-layout":"default","site-content-layout":"","ast-site-content-layout":"default","site-content-style":"default","site-sidebar-style":"default","ast-global-header-display":"","ast-banner-title-visibility":"","ast-main-header-display":"","ast-hfb-above-header-display":"","ast-hfb-below-header-display":"","ast-hfb-mobile-header-display":"","site-post-title":"","ast-breadcrumbs-content":"","ast-featured-img":"","footer-sml-layout":"","theme-transparent-header-meta":"default","adv-header-id-meta":"","stick-header-meta":"","header-above-stick-meta":"","header-main-stick-meta":"","header-below-stick-meta":"","astra-migrate-meta-layouts":"set","ast-page-background-enabled":"default","ast-page-background-meta":{"desktop":{"background-color":"","background-image":"","background-repeat":"repeat","background-position":"center center","background-size":"auto","background-attachment":"scroll","background-type":"","background-media":"","overlay-type":"","overlay-color":"","overlay-opacity":"","overlay-gradient":""},"tablet":{"background-color":"","background-image":"","background-repeat":"repeat","background-position":"center center","background-size":"auto","background-attachment":"scroll","background-type":"","background-media":"","overlay-type":"","overlay-color":"","overlay-opacity":"","overlay-gradient":""},"mobile":{"background-color":"","background-image":"","background-repeat":"repeat","background-position":"center center","background-size":"auto","background-attachment":"scroll","background-type":"","background-media":"","overlay-type":"","overlay-color":"","overlay-opacity":"","overlay-gradient":""}},"ast-content-background-meta":{"desktop":{"background-color":"var(--ast-global-color-5)","background-image":"","background-repeat":"repeat","background-position":"center center","background-size":"auto","background-attachment":"scroll","background-type":"","background-media":"","overlay-type":"","overlay-color":"","overlay-opacity":"","overlay-gradient":""},"tablet":{"background-color":"var(--ast-global-color-5)","background-image":"","background-repeat":"repeat","background-position":"center center","background-size":"auto","background-attachment":"scroll","background-type":"","background-media":"","overlay-type":"","overlay-color":"","overlay-opacity":"","overlay-gradient":""},"mobile":{"background-color":"var(--ast-global-color-5)","background-image":"","background-repeat":"repeat","background-position":"center center","background-size":"auto","background-attachment":"scroll","background-type":"","background-media":"","overlay-type":"","overlay-color":"","overlay-opacity":"","overlay-gradient":""}}},"product_brand":[],"product_cat":[64,1905],"product_tag":[1906,1498,1907,1910,1909,1908],"class_list":{"0":"post-7058","1":"product","2":"type-product","3":"status-publish","4":"has-post-thumbnail","6":"product_cat-akzentz-lv","7":"product_cat-accessories-lv","8":"product_tag-brush-lv","9":"product_tag-natural-lv","10":"product_tag-ota-lv","11":"product_tag-otina-lv","12":"product_tag--lv","14":"desktop-align-left","15":"tablet-align-left","16":"mobile-align-left","18":"first","19":"instock","20":"taxable","21":"shipping-taxable","22":"purchasable","23":"product-type-simple"},"jetpack_sharing_enabled":true,"_links":{"self":[{"href":"https:\/\/tihani.eu\/lv\/wp-json\/wp\/v2\/product\/7058","targetHints":{"allow":["GET"]}}],"collection":[{"href":"https:\/\/tihani.eu\/lv\/wp-json\/wp\/v2\/product"}],"about":[{"href":"https:\/\/tihani.eu\/lv\/wp-json\/wp\/v2\/types\/product"}],"replies":[{"embeddable":true,"href":"https:\/\/tihani.eu\/lv\/wp-json\/wp\/v2\/comments?post=7058"}],"wp:featuredmedia":[{"embeddable":true,"href":"https:\/\/tihani.eu\/lv\/wp-json\/wp\/v2\/media\/7061"}],"wp:attachment":[{"href":"https:\/\/tihani.eu\/lv\/wp-json\/wp\/v2\/media?parent=7058"}],"wp:term":[{"taxonomy":"product_brand","embeddable":true,"href":"https:\/\/tihani.eu\/lv\/wp-json\/wp\/v2\/product_brand?post=7058"},{"taxonomy":"product_cat","embeddable":true,"href":"https:\/\/tihani.eu\/lv\/wp-json\/wp\/v2\/product_cat?post=7058"},{"taxonomy":"product_tag","embeddable":true,"href":"https:\/\/tihani.eu\/lv\/wp-json\/wp\/v2\/product_tag?post=7058"}],"curies":[{"name":"wp","href":"https:\/\/api.w.org\/{rel}","templated":true}]}}