{"id":7032,"date":"2024-05-02T13:59:59","date_gmt":"2024-05-02T11:59:59","guid":{"rendered":"https:\/\/tihani.eu\/?post_type=product&#038;p=7032"},"modified":"2024-05-02T14:16:21","modified_gmt":"2024-05-02T12:16:21","slug":"gel-play-paint-line-it-rose-4g-copy-2","status":"publish","type":"product","link":"https:\/\/tihani.eu\/lv\/produkts\/gel-play-paint-line-it-rose-4g-copy-2\/","title":{"rendered":"GEL PLAY BLING ON 4g"},"content":{"rendered":"<p>Sast\u0101vda\u013cas: Di-HEMA Trimethylhexyl Dicarbamate, HEMA, Hydroxypropyl Methacrylate, Silica, Trimethylbenzoyl Diphenylphosphine Oxide, Methyl Pyrrolidone, P-Hydroxyanisole<\/p>\n","protected":false},"excerpt":{"rendered":"<p>GEL PLAY BLING ON ir biezas konsistences g\u0113ls, kas netek un ir \u012bpa\u0161i stiprs, lai notur\u0113tu krist\u0101lus un citus rot\u0101jumus. Ide\u0101li piem\u0113rots lieliem krist\u0101liem un d\u0101rgakme\u0146iem.<br \/>\nIeteicams izmantot nedaudz Akzentz Shine On ja nepiecie\u0161ams sp\u012bdums.<\/p>\n<p>GEL PLAY ir 100% g\u0113la l\u012bnija, kas ir speci\u0101li izstr\u0101d\u0101ta nagu m\u0101kslai un dizainam.<\/p>\n<ul>\n<li>Neteko\u0161\u0101 konsistence.<\/li>\n<li>Klasiskais g\u0113la trauka form\u0101ts.<\/li>\n<li>100% g\u0113ls bez \u0161\u0137\u012bdin\u0101t\u0101jiem.<\/li>\n<li>Ra\u017eots Kan\u0101d\u0101, izmantojot tikai Zieme\u013camerikas un Eiropas sast\u0101vda\u013cas<\/li>\n<\/ul>\n","protected":false},"featured_media":7035,"comment_status":"closed","ping_status":"closed","template":"","meta":{"site-sidebar-layout":"default","site-content-layout":"","ast-site-content-layout":"default","site-content-style":"default","site-sidebar-style":"default","ast-global-header-display":"","ast-banner-title-visibility":"","ast-main-header-display":"","ast-hfb-above-header-display":"","ast-hfb-below-header-display":"","ast-hfb-mobile-header-display":"","site-post-title":"","ast-breadcrumbs-content":"","ast-featured-img":"","footer-sml-layout":"","theme-transparent-header-meta":"default","adv-header-id-meta":"","stick-header-meta":"","header-above-stick-meta":"","header-main-stick-meta":"","header-below-stick-meta":"","astra-migrate-meta-layouts":"set","ast-page-background-enabled":"default","ast-page-background-meta":{"desktop":{"background-color":"","background-image":"","background-repeat":"repeat","background-position":"center center","background-size":"auto","background-attachment":"scroll","background-type":"","background-media":"","overlay-type":"","overlay-color":"","overlay-opacity":"","overlay-gradient":""},"tablet":{"background-color":"","background-image":"","background-repeat":"repeat","background-position":"center center","background-size":"auto","background-attachment":"scroll","background-type":"","background-media":"","overlay-type":"","overlay-color":"","overlay-opacity":"","overlay-gradient":""},"mobile":{"background-color":"","background-image":"","background-repeat":"repeat","background-position":"center center","background-size":"auto","background-attachment":"scroll","background-type":"","background-media":"","overlay-type":"","overlay-color":"","overlay-opacity":"","overlay-gradient":""}},"ast-content-background-meta":{"desktop":{"background-color":"var(--ast-global-color-5)","background-image":"","background-repeat":"repeat","background-position":"center center","background-size":"auto","background-attachment":"scroll","background-type":"","background-media":"","overlay-type":"","overlay-color":"","overlay-opacity":"","overlay-gradient":""},"tablet":{"background-color":"var(--ast-global-color-5)","background-image":"","background-repeat":"repeat","background-position":"center center","background-size":"auto","background-attachment":"scroll","background-type":"","background-media":"","overlay-type":"","overlay-color":"","overlay-opacity":"","overlay-gradient":""},"mobile":{"background-color":"var(--ast-global-color-5)","background-image":"","background-repeat":"repeat","background-position":"center center","background-size":"auto","background-attachment":"scroll","background-type":"","background-media":"","overlay-type":"","overlay-color":"","overlay-opacity":"","overlay-gradient":""}}},"product_brand":[],"product_cat":[64,1656],"product_tag":[1897,1657],"class_list":{"0":"post-7032","1":"product","2":"type-product","3":"status-publish","4":"has-post-thumbnail","6":"product_cat-akzentz-lv","7":"product_cat-gel-play-lv","8":"product_tag-bling-on-lv","9":"product_tag-gel-play-lv","10":"desktop-align-left","11":"tablet-align-left","12":"mobile-align-left","14":"first","15":"outofstock","16":"taxable","17":"shipping-taxable","18":"purchasable","19":"product-type-simple"},"jetpack_sharing_enabled":true,"_links":{"self":[{"href":"https:\/\/tihani.eu\/lv\/wp-json\/wp\/v2\/product\/7032","targetHints":{"allow":["GET"]}}],"collection":[{"href":"https:\/\/tihani.eu\/lv\/wp-json\/wp\/v2\/product"}],"about":[{"href":"https:\/\/tihani.eu\/lv\/wp-json\/wp\/v2\/types\/product"}],"replies":[{"embeddable":true,"href":"https:\/\/tihani.eu\/lv\/wp-json\/wp\/v2\/comments?post=7032"}],"wp:featuredmedia":[{"embeddable":true,"href":"https:\/\/tihani.eu\/lv\/wp-json\/wp\/v2\/media\/7035"}],"wp:attachment":[{"href":"https:\/\/tihani.eu\/lv\/wp-json\/wp\/v2\/media?parent=7032"}],"wp:term":[{"taxonomy":"product_brand","embeddable":true,"href":"https:\/\/tihani.eu\/lv\/wp-json\/wp\/v2\/product_brand?post=7032"},{"taxonomy":"product_cat","embeddable":true,"href":"https:\/\/tihani.eu\/lv\/wp-json\/wp\/v2\/product_cat?post=7032"},{"taxonomy":"product_tag","embeddable":true,"href":"https:\/\/tihani.eu\/lv\/wp-json\/wp\/v2\/product_tag?post=7032"}],"curies":[{"name":"wp","href":"https:\/\/api.w.org\/{rel}","templated":true}]}}