{"id":6761,"date":"2024-04-30T20:32:05","date_gmt":"2024-04-30T18:32:05","guid":{"rendered":"https:\/\/tihani.eu\/?post_type=product&#038;p=6761"},"modified":"2024-04-30T20:54:23","modified_gmt":"2024-04-30T18:54:23","slug":"options-aurora-onyx-4g-copy","status":"publish","type":"product","link":"https:\/\/tihani.eu\/lv\/produkts\/options-aurora-onyx-4g-copy\/","title":{"rendered":"OPTIONS AURORA ONYX 4g (Copy)"},"content":{"rendered":"<p>Sast\u0101vda\u013cas: Di-HEMA Trimethylhexyl Dicarbamate, Polyethylene Terephtalate, HEMA, Hydroxypropyl Methacrylate, Hydroxycyclohexyl Phenyl Ketone, Trimethylbenzoyl Diphenylphosphine Oxide, P-Hydroxyanisole, Polyurethane-11, Silica Silylate [+\/-: C| 15850, C|19140, C|77000, C|77266, C|77491, C|77510, C|77742]<\/p>\n","protected":false},"excerpt":{"rendered":"<p>BEZ SMAR\u017dAS, \u0112RTI UZKL\u0100T<\/p>\n<p>Options UV\/LED Soak Off Geli ir ra\u017eoti, izmantojot augst\u0101k\u0101s kvalit\u0101tes izejvielas. M\u016bsu Options UV\/LED g\u0113lu l\u012bnija ir piln\u012bgi bez smar\u017eas, bez kait\u012bg\u0101m sast\u0101vda\u013c\u0101m, un tos var viegli no\u0146emt ar Akzentz Soak Off \u0161\u0137idrumu, saglab\u0101jot dab\u012bgo nagu vesel\u012bbu.<\/p>\n<p>OPTIONS COLOUR SIST\u0112MA<\/p>\n<p>Atkl\u0101jiet &#8211; kr\u0113m\u012bgie, bag\u0101t\u012bie, izcilie to\u0146i. Options UV\/LED kr\u0101su g\u0113li izveido stingru un elast\u012bgu aizsargsl\u0101ni uz dabisk\u0101 naga, kas saglab\u0101jas ned\u0113\u013c\u0101m ilgi. Unik\u0101la alternat\u012bva tradicion\u0101laj\u0101m g\u0113lu sist\u0113m\u0101m &#8211; Options ir elast\u012bgas, elpojo\u0161as un nesatur sausino\u0161us \u0161\u0137\u012bdin\u0101t\u0101jus.<\/p>\n","protected":false},"featured_media":6767,"comment_status":"closed","ping_status":"closed","template":"","meta":{"site-sidebar-layout":"default","site-content-layout":"","ast-site-content-layout":"default","site-content-style":"default","site-sidebar-style":"default","ast-global-header-display":"","ast-banner-title-visibility":"","ast-main-header-display":"","ast-hfb-above-header-display":"","ast-hfb-below-header-display":"","ast-hfb-mobile-header-display":"","site-post-title":"","ast-breadcrumbs-content":"","ast-featured-img":"","footer-sml-layout":"","theme-transparent-header-meta":"default","adv-header-id-meta":"","stick-header-meta":"","header-above-stick-meta":"","header-main-stick-meta":"","header-below-stick-meta":"","astra-migrate-meta-layouts":"set","ast-page-background-enabled":"default","ast-page-background-meta":{"desktop":{"background-color":"","background-image":"","background-repeat":"repeat","background-position":"center center","background-size":"auto","background-attachment":"scroll","background-type":"","background-media":"","overlay-type":"","overlay-color":"","overlay-opacity":"","overlay-gradient":""},"tablet":{"background-color":"","background-image":"","background-repeat":"repeat","background-position":"center center","background-size":"auto","background-attachment":"scroll","background-type":"","background-media":"","overlay-type":"","overlay-color":"","overlay-opacity":"","overlay-gradient":""},"mobile":{"background-color":"","background-image":"","background-repeat":"repeat","background-position":"center center","background-size":"auto","background-attachment":"scroll","background-type":"","background-media":"","overlay-type":"","overlay-color":"","overlay-opacity":"","overlay-gradient":""}},"ast-content-background-meta":{"desktop":{"background-color":"var(--ast-global-color-5)","background-image":"","background-repeat":"repeat","background-position":"center center","background-size":"auto","background-attachment":"scroll","background-type":"","background-media":"","overlay-type":"","overlay-color":"","overlay-opacity":"","overlay-gradient":""},"tablet":{"background-color":"var(--ast-global-color-5)","background-image":"","background-repeat":"repeat","background-position":"center center","background-size":"auto","background-attachment":"scroll","background-type":"","background-media":"","overlay-type":"","overlay-color":"","overlay-opacity":"","overlay-gradient":""},"mobile":{"background-color":"var(--ast-global-color-5)","background-image":"","background-repeat":"repeat","background-position":"center center","background-size":"auto","background-attachment":"scroll","background-type":"","background-media":"","overlay-type":"","overlay-color":"","overlay-opacity":"","overlay-gradient":""}}},"product_brand":[],"product_cat":[64],"product_tag":[1796,1794],"class_list":{"0":"post-6761","1":"product","2":"type-product","3":"status-publish","4":"has-post-thumbnail","6":"product_cat-akzentz-lv","7":"product_tag-aurora-lv","8":"product_tag-options-lv","9":"desktop-align-left","10":"tablet-align-left","11":"mobile-align-left","13":"first","14":"outofstock","15":"taxable","16":"shipping-taxable","17":"purchasable","18":"product-type-simple"},"jetpack_sharing_enabled":true,"_links":{"self":[{"href":"https:\/\/tihani.eu\/lv\/wp-json\/wp\/v2\/product\/6761","targetHints":{"allow":["GET"]}}],"collection":[{"href":"https:\/\/tihani.eu\/lv\/wp-json\/wp\/v2\/product"}],"about":[{"href":"https:\/\/tihani.eu\/lv\/wp-json\/wp\/v2\/types\/product"}],"replies":[{"embeddable":true,"href":"https:\/\/tihani.eu\/lv\/wp-json\/wp\/v2\/comments?post=6761"}],"wp:featuredmedia":[{"embeddable":true,"href":"https:\/\/tihani.eu\/lv\/wp-json\/wp\/v2\/media\/6767"}],"wp:attachment":[{"href":"https:\/\/tihani.eu\/lv\/wp-json\/wp\/v2\/media?parent=6761"}],"wp:term":[{"taxonomy":"product_brand","embeddable":true,"href":"https:\/\/tihani.eu\/lv\/wp-json\/wp\/v2\/product_brand?post=6761"},{"taxonomy":"product_cat","embeddable":true,"href":"https:\/\/tihani.eu\/lv\/wp-json\/wp\/v2\/product_cat?post=6761"},{"taxonomy":"product_tag","embeddable":true,"href":"https:\/\/tihani.eu\/lv\/wp-json\/wp\/v2\/product_tag?post=6761"}],"curies":[{"name":"wp","href":"https:\/\/api.w.org\/{rel}","templated":true}]}}