{"id":5400,"date":"2024-04-26T14:52:24","date_gmt":"2024-04-26T12:52:24","guid":{"rendered":"https:\/\/tihani.eu\/?post_type=product&#038;p=5400"},"modified":"2024-04-26T15:01:35","modified_gmt":"2024-04-26T13:01:35","slug":"gel-play-sapphire-dazzle-4g-copy","status":"publish","type":"product","link":"https:\/\/tihani.eu\/lv\/produkts\/gel-play-sapphire-dazzle-4g-copy\/","title":{"rendered":"GEL PLAY HALO DAZZLE 4g"},"content":{"rendered":"<p>Sast\u0101vda\u013cas: BIS-HEA SMDI\/PPG-7 COPOLYMER, BIS-HYDROXYETHYL ACRYLATE POLY(NEOPENTYL GLYCOL ADIPATE)\/IPDI COPOLYMER, HYDROXYPROPYL METHACRYLATE, POLYETHYLENE TEREPHTALATE, ACRYLATES COPOLYMER, ETHYLENE\/VA COPOLYMER, SILICA, TRIMETHYLBENZOYL DIPHENYLPHOSPHINE OXIDE, P-HYDROXYANISOLE, POLYETHYLENE TEREPHTALATE, POLYURETHANE-33 [+\/-: C|16035<\/p>\n","protected":false},"excerpt":{"rendered":"<p>GEL PLAY ir 100% g\u0113la l\u012bnija, kas ir speci\u0101li izstr\u0101d\u0101ta nagu m\u0101kslai un dizainam. GEL PLAY s\u0113rija sast\u0101v no da\u017e\u0101d\u0101m augsti pigment\u0113tiem g\u0113liem un gliteru kolekcij\u0101m. Visi GEL PLAY g\u0113li ir viegli iz\u0161\u0137\u012bdin\u0101mi un no\u0146emami ar Akzentz Soak Off \u0161\u0137idrumu.<\/p>\n<ul>\n<li>Neteko\u0161\u0101 konsistence.<\/li>\n<li>Klasiskais g\u0113la trauka form\u0101ts.<\/li>\n<li>100% g\u0113ls bez \u0161\u0137\u012bdin\u0101t\u0101jiem.<\/li>\n<li>Ra\u017eots Kan\u0101d\u0101, izmantojot tikai Zieme\u013camerikas un Eiropas sast\u0101vda\u013cas<\/li>\n<\/ul>\n","protected":false},"featured_media":5409,"comment_status":"closed","ping_status":"closed","template":"","meta":{"site-sidebar-layout":"default","site-content-layout":"","ast-site-content-layout":"default","site-content-style":"default","site-sidebar-style":"default","ast-global-header-display":"","ast-banner-title-visibility":"","ast-main-header-display":"","ast-hfb-above-header-display":"","ast-hfb-below-header-display":"","ast-hfb-mobile-header-display":"","site-post-title":"","ast-breadcrumbs-content":"","ast-featured-img":"","footer-sml-layout":"","theme-transparent-header-meta":"default","adv-header-id-meta":"","stick-header-meta":"","header-above-stick-meta":"","header-main-stick-meta":"","header-below-stick-meta":"","astra-migrate-meta-layouts":"set","ast-page-background-enabled":"default","ast-page-background-meta":{"desktop":{"background-color":"","background-image":"","background-repeat":"repeat","background-position":"center center","background-size":"auto","background-attachment":"scroll","background-type":"","background-media":"","overlay-type":"","overlay-color":"","overlay-opacity":"","overlay-gradient":""},"tablet":{"background-color":"","background-image":"","background-repeat":"repeat","background-position":"center center","background-size":"auto","background-attachment":"scroll","background-type":"","background-media":"","overlay-type":"","overlay-color":"","overlay-opacity":"","overlay-gradient":""},"mobile":{"background-color":"","background-image":"","background-repeat":"repeat","background-position":"center center","background-size":"auto","background-attachment":"scroll","background-type":"","background-media":"","overlay-type":"","overlay-color":"","overlay-opacity":"","overlay-gradient":""}},"ast-content-background-meta":{"desktop":{"background-color":"var(--ast-global-color-5)","background-image":"","background-repeat":"repeat","background-position":"center center","background-size":"auto","background-attachment":"scroll","background-type":"","background-media":"","overlay-type":"","overlay-color":"","overlay-opacity":"","overlay-gradient":""},"tablet":{"background-color":"var(--ast-global-color-5)","background-image":"","background-repeat":"repeat","background-position":"center center","background-size":"auto","background-attachment":"scroll","background-type":"","background-media":"","overlay-type":"","overlay-color":"","overlay-opacity":"","overlay-gradient":""},"mobile":{"background-color":"var(--ast-global-color-5)","background-image":"","background-repeat":"repeat","background-position":"center center","background-size":"auto","background-attachment":"scroll","background-type":"","background-media":"","overlay-type":"","overlay-color":"","overlay-opacity":"","overlay-gradient":""}}},"product_brand":[],"product_cat":[2446,64,1656],"product_tag":[366,1657,1695,1392],"class_list":{"0":"post-5400","1":"product","2":"type-product","3":"status-publish","4":"has-post-thumbnail","6":"product_cat-newin-lv","7":"product_cat-akzentz-lv","8":"product_cat-gel-play-lv","9":"product_tag-dazzle-lv","10":"product_tag-gel-play-lv","11":"product_tag-gel-play-halo-dazzle-lv","12":"product_tag-glitter-lv","13":"desktop-align-left","14":"tablet-align-left","15":"mobile-align-left","17":"first","18":"outofstock","19":"taxable","20":"shipping-taxable","21":"purchasable","22":"product-type-simple"},"jetpack_sharing_enabled":true,"_links":{"self":[{"href":"https:\/\/tihani.eu\/lv\/wp-json\/wp\/v2\/product\/5400","targetHints":{"allow":["GET"]}}],"collection":[{"href":"https:\/\/tihani.eu\/lv\/wp-json\/wp\/v2\/product"}],"about":[{"href":"https:\/\/tihani.eu\/lv\/wp-json\/wp\/v2\/types\/product"}],"replies":[{"embeddable":true,"href":"https:\/\/tihani.eu\/lv\/wp-json\/wp\/v2\/comments?post=5400"}],"wp:featuredmedia":[{"embeddable":true,"href":"https:\/\/tihani.eu\/lv\/wp-json\/wp\/v2\/media\/5409"}],"wp:attachment":[{"href":"https:\/\/tihani.eu\/lv\/wp-json\/wp\/v2\/media?parent=5400"}],"wp:term":[{"taxonomy":"product_brand","embeddable":true,"href":"https:\/\/tihani.eu\/lv\/wp-json\/wp\/v2\/product_brand?post=5400"},{"taxonomy":"product_cat","embeddable":true,"href":"https:\/\/tihani.eu\/lv\/wp-json\/wp\/v2\/product_cat?post=5400"},{"taxonomy":"product_tag","embeddable":true,"href":"https:\/\/tihani.eu\/lv\/wp-json\/wp\/v2\/product_tag?post=5400"}],"curies":[{"name":"wp","href":"https:\/\/api.w.org\/{rel}","templated":true}]}}