{"id":4957,"date":"2024-04-25T14:27:00","date_gmt":"2024-04-25T12:27:00","guid":{"rendered":"https:\/\/tihani.eu\/product\/adhere-7g\/"},"modified":"2025-10-16T21:37:45","modified_gmt":"2025-10-16T19:37:45","slug":"adhere-7g","status":"publish","type":"product","link":"https:\/\/tihani.eu\/lv\/produkts\/adhere-7g\/","title":{"rendered":"ADHERE 7g"},"content":{"rendered":"<p><b>SAST\u0100VS<\/b>: BIS-HYDROXYETHYL ACRYLATE POLY(NEOPENTYL GLYCOL ADIPATE)\/IPDI COPOLYMER, ISOBORNYL ACRYLATE, BIS-HEMA PPG-7\/SMDI COPOLYMER, BIS(GLYCERYL DIMETHACRYLATE) PYROMELLITATE, GLYCERYL DIMETHACRYLATE, MALEIC ANHYDRIDE, ETHYL TRIMETHYLBENZOYL PHENYLPHOSPHINATE, HYDROXYCYCLOHEXYL PHENYL KETONE, P-HYDROXYANISOLE, [+\/-: C|60725]<\/p>\n<p><strong>SVAR\u012aGA PIEZ\u012aME<\/strong><\/p>\n<p>Pirms lieto\u0161anas r\u016bp\u012bgi samais\u012bt!<\/p>\n<p><strong>K\u0100 LIETOT?<\/strong><\/p>\n<p>Uzkl\u0101jiet pl\u0101nu, kontrol\u0113tu k\u0101rtu uz dab\u012bgajiem nagiem p\u0113c nagu sagatavo\u0161anas un p\u0113c praimera(ja nepiecie\u0161ams). Polimeriz\u0113t 30 sekundes Akzentz LED lamp\u0101.<\/p>\n<p><strong>Tikai profesion\u0101lai lieto\u0161anai. <\/strong><\/p>\n<p><strong>7g \/ 0,25oz<\/strong><\/p>\n","protected":false},"excerpt":{"rendered":"<p><strong>Ciet\u0101 g\u0113la b\u0101zes k\u0101rta<\/strong><\/p>\n<p><em>Adhere<\/em> ir revolucion\u0101rs saistes g\u0113ls \u2014 t\u0101 ir ciet\u0101 g\u0113la formula, ko var uzkl\u0101t \u012bpa\u0161i pl\u0101n\u0101 sl\u0101n\u012b, radot skaistus un smalkus nagu p\u0101rkl\u0101jumus. <em>Adhere<\/em> nodro\u0161ina izcilu sa\u0137eri darb\u0101 ar citiem cietajiem g\u0113liem un veido ide\u0101li gludu virsmu jebkura <em>Pro-Formance\u2122<\/em> b\u016bvg\u0113la uzkl\u0101\u0161anai. <em>Adhere<\/em> ir ieteicam\u0101 b\u0101zes k\u0101rta darbam ar <em>Pro-Formance\u2122<\/em> s\u0113rijas g\u0113liem.<\/p>\n<p><strong>PRODUKTA PRIEK\u0160ROC\u012aBAS<\/strong><\/p>\n<ul>\n<li>\u013boti iztur\u012bgs<\/li>\n<li>Ciet\u0101 g\u0113la formula \u2014 nav paredz\u0113ta no\u0146em\u0161anai ar \u0161\u0137\u012bdin\u0101t\u0101jiem<\/li>\n<li>Viegli kontrol\u0113jama uzkl\u0101\u0161ana<\/li>\n<li>Sp\u0113c\u012bga sa\u0137ere<\/li>\n<li>Speci\u0101li izstr\u0101d\u0101ts lieto\u0161anai ar <em>Pro-Formance\u2122<\/em> g\u0113liem<\/li>\n<li>Iztur\u012bgs pret \u0161\u0137\u012bdin\u0101t\u0101jiem<\/li>\n<li>Bez TPO, bez HEMA, 10-Free, bez \u0161\u0137\u012bdin\u0101t\u0101jiem, bez smar\u017eas<\/li>\n<\/ul>\n","protected":false},"featured_media":4952,"comment_status":"closed","ping_status":"closed","template":"","meta":{"site-sidebar-layout":"default","site-content-layout":"","ast-site-content-layout":"default","site-content-style":"default","site-sidebar-style":"default","ast-global-header-display":"","ast-banner-title-visibility":"","ast-main-header-display":"","ast-hfb-above-header-display":"","ast-hfb-below-header-display":"","ast-hfb-mobile-header-display":"","site-post-title":"","ast-breadcrumbs-content":"","ast-featured-img":"","footer-sml-layout":"","theme-transparent-header-meta":"default","adv-header-id-meta":"","stick-header-meta":"","header-above-stick-meta":"","header-main-stick-meta":"","header-below-stick-meta":"","astra-migrate-meta-layouts":"default","ast-page-background-enabled":"default","ast-page-background-meta":{"desktop":{"background-color":"","background-image":"","background-repeat":"repeat","background-position":"center center","background-size":"auto","background-attachment":"scroll","background-type":"","background-media":"","overlay-type":"","overlay-color":"","overlay-opacity":"","overlay-gradient":""},"tablet":{"background-color":"","background-image":"","background-repeat":"repeat","background-position":"center center","background-size":"auto","background-attachment":"scroll","background-type":"","background-media":"","overlay-type":"","overlay-color":"","overlay-opacity":"","overlay-gradient":""},"mobile":{"background-color":"","background-image":"","background-repeat":"repeat","background-position":"center center","background-size":"auto","background-attachment":"scroll","background-type":"","background-media":"","overlay-type":"","overlay-color":"","overlay-opacity":"","overlay-gradient":""}},"ast-content-background-meta":{"desktop":{"background-color":"var(--ast-global-color-5)","background-image":"","background-repeat":"repeat","background-position":"center center","background-size":"auto","background-attachment":"scroll","background-type":"","background-media":"","overlay-type":"","overlay-color":"","overlay-opacity":"","overlay-gradient":""},"tablet":{"background-color":"var(--ast-global-color-5)","background-image":"","background-repeat":"repeat","background-position":"center center","background-size":"auto","background-attachment":"scroll","background-type":"","background-media":"","overlay-type":"","overlay-color":"","overlay-opacity":"","overlay-gradient":""},"mobile":{"background-color":"var(--ast-global-color-5)","background-image":"","background-repeat":"repeat","background-position":"center center","background-size":"auto","background-attachment":"scroll","background-type":"","background-media":"","overlay-type":"","overlay-color":"","overlay-opacity":"","overlay-gradient":""}}},"product_brand":[],"product_cat":[64,1476,1587],"product_tag":[1636,1477,1589],"class_list":{"0":"post-4957","1":"product","2":"type-product","3":"status-publish","4":"has-post-thumbnail","6":"product_cat-akzentz-lv","7":"product_cat-base-lv","8":"product_cat-pro-formance-lv","9":"product_tag-adhere-lv","10":"product_tag-baze","11":"product_tag-pro-formance-lv","12":"desktop-align-left","13":"tablet-align-left","14":"mobile-align-left","16":"first","17":"instock","18":"taxable","19":"shipping-taxable","20":"purchasable","21":"product-type-simple"},"jetpack_sharing_enabled":true,"_links":{"self":[{"href":"https:\/\/tihani.eu\/lv\/wp-json\/wp\/v2\/product\/4957","targetHints":{"allow":["GET"]}}],"collection":[{"href":"https:\/\/tihani.eu\/lv\/wp-json\/wp\/v2\/product"}],"about":[{"href":"https:\/\/tihani.eu\/lv\/wp-json\/wp\/v2\/types\/product"}],"replies":[{"embeddable":true,"href":"https:\/\/tihani.eu\/lv\/wp-json\/wp\/v2\/comments?post=4957"}],"wp:featuredmedia":[{"embeddable":true,"href":"https:\/\/tihani.eu\/lv\/wp-json\/wp\/v2\/media\/4952"}],"wp:attachment":[{"href":"https:\/\/tihani.eu\/lv\/wp-json\/wp\/v2\/media?parent=4957"}],"wp:term":[{"taxonomy":"product_brand","embeddable":true,"href":"https:\/\/tihani.eu\/lv\/wp-json\/wp\/v2\/product_brand?post=4957"},{"taxonomy":"product_cat","embeddable":true,"href":"https:\/\/tihani.eu\/lv\/wp-json\/wp\/v2\/product_cat?post=4957"},{"taxonomy":"product_tag","embeddable":true,"href":"https:\/\/tihani.eu\/lv\/wp-json\/wp\/v2\/product_tag?post=4957"}],"curies":[{"name":"wp","href":"https:\/\/api.w.org\/{rel}","templated":true}]}}