{"id":4931,"date":"2024-04-25T13:56:30","date_gmt":"2024-04-25T11:56:30","guid":{"rendered":"https:\/\/tihani.eu\/?post_type=product&#038;p=4931"},"modified":"2025-09-16T21:20:26","modified_gmt":"2025-09-16T19:20:26","slug":"ultra-gloss-copy","status":"publish","type":"product","link":"https:\/\/tihani.eu\/lv\/produkts\/ultra-gloss-copy\/","title":{"rendered":"STRUCTURE (TPO-FREE)"},"content":{"rendered":"<p>Tikai profesion\u0101lai lieto\u0161anai.<\/p>\n<p>Polimeriz\u0113: 30 sekundes LED\/ 2 min\u016btes UV<\/p>\n","protected":false},"excerpt":{"rendered":"<p>STRUCTURE ir iztur\u012bgs konstru\u0113jo\u0161s g\u0113ls ar augstu viskozit\u0101ti, viegli lietojams. G\u0113ls ir viegli kontrol\u0113jams. Tekst\u016bra l\u012bdz\u012bga akrig\u0113lam.<\/p>\n<ul>\n<li>Cietais g\u0113ls (neporains).<\/li>\n<li>\u013boti iztur\u012bgs.<\/li>\n<li>Eksklus\u012bva &#8220;Diamond Strength&#8221; Tehnolo\u0123ija.<\/li>\n<li>Klasiskais g\u0113la trauka form\u0101ts.<\/li>\n<li>100% g\u0113ls bez \u0161\u0137\u012bdin\u0101t\u0101jiem.<\/li>\n<li> Ra\u017eots Kan\u0101d\u0101, izmantojot tikai Zieme\u013camerikas un Eiropas sast\u0101vda\u013cas.<\/li>\n<li>Tikai profesion\u0101lai lieto\u0161anai.<\/li>\n<\/ul>\n","protected":false},"featured_media":4938,"comment_status":"closed","ping_status":"closed","template":"","meta":{"site-sidebar-layout":"default","site-content-layout":"","ast-site-content-layout":"default","site-content-style":"default","site-sidebar-style":"default","ast-global-header-display":"","ast-banner-title-visibility":"","ast-main-header-display":"","ast-hfb-above-header-display":"","ast-hfb-below-header-display":"","ast-hfb-mobile-header-display":"","site-post-title":"","ast-breadcrumbs-content":"","ast-featured-img":"","footer-sml-layout":"","theme-transparent-header-meta":"default","adv-header-id-meta":"","stick-header-meta":"","header-above-stick-meta":"","header-main-stick-meta":"","header-below-stick-meta":"","astra-migrate-meta-layouts":"set","ast-page-background-enabled":"default","ast-page-background-meta":{"desktop":{"background-color":"","background-image":"","background-repeat":"repeat","background-position":"center center","background-size":"auto","background-attachment":"scroll","background-type":"","background-media":"","overlay-type":"","overlay-color":"","overlay-opacity":"","overlay-gradient":""},"tablet":{"background-color":"","background-image":"","background-repeat":"repeat","background-position":"center center","background-size":"auto","background-attachment":"scroll","background-type":"","background-media":"","overlay-type":"","overlay-color":"","overlay-opacity":"","overlay-gradient":""},"mobile":{"background-color":"","background-image":"","background-repeat":"repeat","background-position":"center center","background-size":"auto","background-attachment":"scroll","background-type":"","background-media":"","overlay-type":"","overlay-color":"","overlay-opacity":"","overlay-gradient":""}},"ast-content-background-meta":{"desktop":{"background-color":"var(--ast-global-color-5)","background-image":"","background-repeat":"repeat","background-position":"center center","background-size":"auto","background-attachment":"scroll","background-type":"","background-media":"","overlay-type":"","overlay-color":"","overlay-opacity":"","overlay-gradient":""},"tablet":{"background-color":"var(--ast-global-color-5)","background-image":"","background-repeat":"repeat","background-position":"center center","background-size":"auto","background-attachment":"scroll","background-type":"","background-media":"","overlay-type":"","overlay-color":"","overlay-opacity":"","overlay-gradient":""},"mobile":{"background-color":"var(--ast-global-color-5)","background-image":"","background-repeat":"repeat","background-position":"center center","background-size":"auto","background-attachment":"scroll","background-type":"","background-media":"","overlay-type":"","overlay-color":"","overlay-opacity":"","overlay-gradient":""}}},"product_brand":[],"product_cat":[64,1587],"product_tag":[1590,1592,1589,1632],"class_list":{"0":"post-4931","1":"product","2":"type-product","3":"status-publish","4":"has-post-thumbnail","6":"product_cat-akzentz-lv","7":"product_cat-pro-formance-lv","8":"product_tag-gel-lv","9":"product_tag-hard-gel-lv","10":"product_tag-pro-formance-lv","11":"product_tag-structure-lv","12":"desktop-align-left","13":"tablet-align-left","14":"mobile-align-left","16":"first","17":"outofstock","18":"taxable","19":"shipping-taxable","20":"purchasable","21":"product-type-variable"},"jetpack_sharing_enabled":true,"_links":{"self":[{"href":"https:\/\/tihani.eu\/lv\/wp-json\/wp\/v2\/product\/4931","targetHints":{"allow":["GET"]}}],"collection":[{"href":"https:\/\/tihani.eu\/lv\/wp-json\/wp\/v2\/product"}],"about":[{"href":"https:\/\/tihani.eu\/lv\/wp-json\/wp\/v2\/types\/product"}],"replies":[{"embeddable":true,"href":"https:\/\/tihani.eu\/lv\/wp-json\/wp\/v2\/comments?post=4931"}],"wp:featuredmedia":[{"embeddable":true,"href":"https:\/\/tihani.eu\/lv\/wp-json\/wp\/v2\/media\/4938"}],"wp:attachment":[{"href":"https:\/\/tihani.eu\/lv\/wp-json\/wp\/v2\/media?parent=4931"}],"wp:term":[{"taxonomy":"product_brand","embeddable":true,"href":"https:\/\/tihani.eu\/lv\/wp-json\/wp\/v2\/product_brand?post=4931"},{"taxonomy":"product_cat","embeddable":true,"href":"https:\/\/tihani.eu\/lv\/wp-json\/wp\/v2\/product_cat?post=4931"},{"taxonomy":"product_tag","embeddable":true,"href":"https:\/\/tihani.eu\/lv\/wp-json\/wp\/v2\/product_tag?post=4931"}],"curies":[{"name":"wp","href":"https:\/\/api.w.org\/{rel}","templated":true}]}}