{"id":4750,"date":"2024-04-25T10:30:33","date_gmt":"2024-04-25T08:30:33","guid":{"rendered":"https:\/\/tihani.eu\/product\/non-acid-primer-affixit-15ml\/"},"modified":"2024-04-25T10:50:20","modified_gmt":"2024-04-25T08:50:20","slug":"non-acid-primer-affixit-15ml","status":"publish","type":"product","link":"https:\/\/tihani.eu\/lv\/produkts\/non-acid-primer-affixit-15ml\/","title":{"rendered":"NON-ACID PRIMER AFFIXIT 15ml"},"content":{"rendered":"<p>Sast\u0101vda\u013cas: Ethyl Acetate, Isopropylidenediphenyl Bisoxyhydroxypropyl Methacrylate, HEMA, P-Hydroxyanisole<\/p>\n","protected":false},"excerpt":{"rendered":"<p>Sk\u0101bju nesaturo\u0161s, maigs, bet \u013coti efekt\u012bvs l\u012bdzeklis dab\u012bgo nagu sagatavo\u0161anai, lai nodro\u0161in\u0101tu maksim\u0101lu produktu sa\u0137eri.<\/p>\n<ul>\n<li>Nesatur sk\u0101bes<\/li>\n<li>Atst\u0101j lip\u012bgu virsmu uz naga pl\u0101ksnes<\/li>\n<li>\u0100tri iz\u017e\u016bst gais\u0101<\/li>\n<li>Tikai profesion\u0101lai lieto\u0161anai<\/li>\n<li>Ra\u017eots Kan\u0101d\u0101<\/li>\n<\/ul>\n<p>Lieto\u0161anas instrukcija:<br \/>\nAr oti\u0146u pl\u0101n\u0101 k\u0101rta uzkl\u0101jiet tie\u0161i uz naga pl\u0101ksnes. Ne\u013caujiet primeram iepl\u016bst apk\u0101rt\u0113j\u0101 \u0101d\u0101 vai uz kutikulas. Uzkl\u0101jiet primeru ne vair\u0101k ka vien\u0101 k\u0101rt\u0101.<\/p>\n","protected":false},"featured_media":4748,"comment_status":"closed","ping_status":"closed","template":"","meta":{"site-sidebar-layout":"default","site-content-layout":"","ast-site-content-layout":"default","site-content-style":"default","site-sidebar-style":"default","ast-global-header-display":"","ast-banner-title-visibility":"","ast-main-header-display":"","ast-hfb-above-header-display":"","ast-hfb-below-header-display":"","ast-hfb-mobile-header-display":"","site-post-title":"","ast-breadcrumbs-content":"","ast-featured-img":"","footer-sml-layout":"","theme-transparent-header-meta":"default","adv-header-id-meta":"","stick-header-meta":"","header-above-stick-meta":"","header-main-stick-meta":"","header-below-stick-meta":"","astra-migrate-meta-layouts":"default","ast-page-background-enabled":"default","ast-page-background-meta":{"desktop":{"background-color":"","background-image":"","background-repeat":"repeat","background-position":"center center","background-size":"auto","background-attachment":"scroll","background-type":"","background-media":"","overlay-type":"","overlay-color":"","overlay-opacity":"","overlay-gradient":""},"tablet":{"background-color":"","background-image":"","background-repeat":"repeat","background-position":"center center","background-size":"auto","background-attachment":"scroll","background-type":"","background-media":"","overlay-type":"","overlay-color":"","overlay-opacity":"","overlay-gradient":""},"mobile":{"background-color":"","background-image":"","background-repeat":"repeat","background-position":"center center","background-size":"auto","background-attachment":"scroll","background-type":"","background-media":"","overlay-type":"","overlay-color":"","overlay-opacity":"","overlay-gradient":""}},"ast-content-background-meta":{"desktop":{"background-color":"var(--ast-global-color-5)","background-image":"","background-repeat":"repeat","background-position":"center center","background-size":"auto","background-attachment":"scroll","background-type":"","background-media":"","overlay-type":"","overlay-color":"","overlay-opacity":"","overlay-gradient":""},"tablet":{"background-color":"var(--ast-global-color-5)","background-image":"","background-repeat":"repeat","background-position":"center center","background-size":"auto","background-attachment":"scroll","background-type":"","background-media":"","overlay-type":"","overlay-color":"","overlay-opacity":"","overlay-gradient":""},"mobile":{"background-color":"var(--ast-global-color-5)","background-image":"","background-repeat":"repeat","background-position":"center center","background-size":"auto","background-attachment":"scroll","background-type":"","background-media":"","overlay-type":"","overlay-color":"","overlay-opacity":"","overlay-gradient":""}}},"product_brand":[],"product_cat":[64,548],"product_tag":[1568,1569],"class_list":{"0":"post-4750","1":"product","2":"type-product","3":"status-publish","4":"has-post-thumbnail","6":"product_cat-akzentz-lv","7":"product_cat-skidrumi","8":"product_tag-affixit-lv","9":"product_tag-primer-lv","10":"desktop-align-left","11":"tablet-align-left","12":"mobile-align-left","14":"first","15":"instock","16":"taxable","17":"shipping-taxable","18":"purchasable","19":"product-type-simple"},"jetpack_sharing_enabled":true,"_links":{"self":[{"href":"https:\/\/tihani.eu\/lv\/wp-json\/wp\/v2\/product\/4750","targetHints":{"allow":["GET"]}}],"collection":[{"href":"https:\/\/tihani.eu\/lv\/wp-json\/wp\/v2\/product"}],"about":[{"href":"https:\/\/tihani.eu\/lv\/wp-json\/wp\/v2\/types\/product"}],"replies":[{"embeddable":true,"href":"https:\/\/tihani.eu\/lv\/wp-json\/wp\/v2\/comments?post=4750"}],"wp:featuredmedia":[{"embeddable":true,"href":"https:\/\/tihani.eu\/lv\/wp-json\/wp\/v2\/media\/4748"}],"wp:attachment":[{"href":"https:\/\/tihani.eu\/lv\/wp-json\/wp\/v2\/media?parent=4750"}],"wp:term":[{"taxonomy":"product_brand","embeddable":true,"href":"https:\/\/tihani.eu\/lv\/wp-json\/wp\/v2\/product_brand?post=4750"},{"taxonomy":"product_cat","embeddable":true,"href":"https:\/\/tihani.eu\/lv\/wp-json\/wp\/v2\/product_cat?post=4750"},{"taxonomy":"product_tag","embeddable":true,"href":"https:\/\/tihani.eu\/lv\/wp-json\/wp\/v2\/product_tag?post=4750"}],"curies":[{"name":"wp","href":"https:\/\/api.w.org\/{rel}","templated":true}]}}