{"id":4556,"date":"2024-04-22T16:56:26","date_gmt":"2024-04-22T14:56:26","guid":{"rendered":"https:\/\/tihani.eu\/?post_type=product&#038;p=4556"},"modified":"2024-04-22T16:59:56","modified_gmt":"2024-04-22T14:59:56","slug":"luxio-garnet-15ml-copy","status":"publish","type":"product","link":"https:\/\/tihani.eu\/lv\/produkts\/luxio-garnet-15ml-copy\/","title":{"rendered":"LUXIO MIRAGE 15ml"},"content":{"rendered":"<p>Sast\u0101vda\u013cas: Di-HEMA Trimethylhexyl Dicarbamate, Hydroxypropyl Methacrylate, Polyethylene Terephthalate, HEMA, P Hydroxycyclohexyl Phenyl Ketone, Trimethyl Benzoyl Diphenylphosphine Oxide; P-Hydroxyanisole, Polyurethane-33, Silica, Silica Silicate, [+\/-: C|77000, C|77510, C|15850, C|15880, C|19140, C|77266]<\/p>\n<p><span style=\"font-size: 16px;\">Polimeriz\u0113: 30 sekundes LED\/ 2 min\u016btes UV<\/span><\/p>\n<p>&nbsp;<\/p>\n","protected":false},"excerpt":{"rendered":"<p>Luxio ir 100% g\u0113ls bez smar\u017eas, nesatur \u0161\u0137\u012bdin\u0101t\u0101jus. Izstr\u0101d\u0101ts, lai aizsarg\u0101tu dab\u012bgo nagu. Luxio nodro\u0161ina vieglu uzkl\u0101\u0161anu un maksim\u0101lu kontroli. Luxio ir ide\u0101la izv\u0113le ilgnotur\u012bgam g\u0113la manik\u012bram vai pedik\u012bram.<\/p>\n<p>\u2022 Bez smar\u017eas<br \/>\n\u2022 100% g\u0113ls<br \/>\n\u2022 Nesatur \u0161\u0137\u012bdin\u0101t\u0101jus<br \/>\n\u2022 Tikai profesion\u0101lai lieto\u0161anai<br \/>\n\u2022 Dro\u0161s un viegli lietojams<br \/>\n\u2022 Bag\u0101t\u012bgas, \u012bpa\u0161i pigment\u0113tas kr\u0101sas<br \/>\n\u2022 Kr\u0113m\u012bga konsistence, kas nodro\u0161ina perfektu kontroli<br \/>\n\u2022 Ra\u017eots Kan\u0101d\u0101, izmantojot tikai Zieme\u013camerikas un Eiropas sast\u0101vda\u013cas<\/p>\n","protected":false},"featured_media":7146,"comment_status":"closed","ping_status":"closed","template":"","meta":{"site-sidebar-layout":"default","site-content-layout":"","ast-site-content-layout":"default","site-content-style":"default","site-sidebar-style":"default","ast-global-header-display":"","ast-banner-title-visibility":"","ast-main-header-display":"","ast-hfb-above-header-display":"","ast-hfb-below-header-display":"","ast-hfb-mobile-header-display":"","site-post-title":"","ast-breadcrumbs-content":"","ast-featured-img":"","footer-sml-layout":"","theme-transparent-header-meta":"default","adv-header-id-meta":"","stick-header-meta":"","header-above-stick-meta":"","header-main-stick-meta":"","header-below-stick-meta":"","astra-migrate-meta-layouts":"set","ast-page-background-enabled":"default","ast-page-background-meta":{"desktop":{"background-color":"","background-image":"","background-repeat":"repeat","background-position":"center center","background-size":"auto","background-attachment":"scroll","background-type":"","background-media":"","overlay-type":"","overlay-color":"","overlay-opacity":"","overlay-gradient":""},"tablet":{"background-color":"","background-image":"","background-repeat":"repeat","background-position":"center center","background-size":"auto","background-attachment":"scroll","background-type":"","background-media":"","overlay-type":"","overlay-color":"","overlay-opacity":"","overlay-gradient":""},"mobile":{"background-color":"","background-image":"","background-repeat":"repeat","background-position":"center center","background-size":"auto","background-attachment":"scroll","background-type":"","background-media":"","overlay-type":"","overlay-color":"","overlay-opacity":"","overlay-gradient":""}},"ast-content-background-meta":{"desktop":{"background-color":"var(--ast-global-color-5)","background-image":"","background-repeat":"repeat","background-position":"center center","background-size":"auto","background-attachment":"scroll","background-type":"","background-media":"","overlay-type":"","overlay-color":"","overlay-opacity":"","overlay-gradient":""},"tablet":{"background-color":"var(--ast-global-color-5)","background-image":"","background-repeat":"repeat","background-position":"center center","background-size":"auto","background-attachment":"scroll","background-type":"","background-media":"","overlay-type":"","overlay-color":"","overlay-opacity":"","overlay-gradient":""},"mobile":{"background-color":"var(--ast-global-color-5)","background-image":"","background-repeat":"repeat","background-position":"center center","background-size":"auto","background-attachment":"scroll","background-type":"","background-media":"","overlay-type":"","overlay-color":"","overlay-opacity":"","overlay-gradient":""}}},"product_brand":[],"product_cat":[64,79],"product_tag":[1392,92,93,1400,1399],"class_list":{"0":"post-4556","1":"product","2":"type-product","3":"status-publish","4":"has-post-thumbnail","6":"product_cat-akzentz-lv","7":"product_cat-luxio-gel-lv","8":"product_tag-glitter-lv","9":"product_tag-luxio-color-lv","10":"product_tag-luxio-colour-lv","11":"product_tag-luxio-mirage-lv","12":"product_tag-mirage-lv","13":"desktop-align-left","14":"tablet-align-left","15":"mobile-align-left","17":"first","18":"outofstock","19":"taxable","20":"shipping-taxable","21":"purchasable","22":"product-type-simple"},"jetpack_sharing_enabled":true,"_links":{"self":[{"href":"https:\/\/tihani.eu\/lv\/wp-json\/wp\/v2\/product\/4556","targetHints":{"allow":["GET"]}}],"collection":[{"href":"https:\/\/tihani.eu\/lv\/wp-json\/wp\/v2\/product"}],"about":[{"href":"https:\/\/tihani.eu\/lv\/wp-json\/wp\/v2\/types\/product"}],"replies":[{"embeddable":true,"href":"https:\/\/tihani.eu\/lv\/wp-json\/wp\/v2\/comments?post=4556"}],"wp:featuredmedia":[{"embeddable":true,"href":"https:\/\/tihani.eu\/lv\/wp-json\/wp\/v2\/media\/7146"}],"wp:attachment":[{"href":"https:\/\/tihani.eu\/lv\/wp-json\/wp\/v2\/media?parent=4556"}],"wp:term":[{"taxonomy":"product_brand","embeddable":true,"href":"https:\/\/tihani.eu\/lv\/wp-json\/wp\/v2\/product_brand?post=4556"},{"taxonomy":"product_cat","embeddable":true,"href":"https:\/\/tihani.eu\/lv\/wp-json\/wp\/v2\/product_cat?post=4556"},{"taxonomy":"product_tag","embeddable":true,"href":"https:\/\/tihani.eu\/lv\/wp-json\/wp\/v2\/product_tag?post=4556"}],"curies":[{"name":"wp","href":"https:\/\/api.w.org\/{rel}","templated":true}]}}